{"id":249,"date":"2025-01-14T14:40:29","date_gmt":"2025-01-14T14:40:29","guid":{"rendered":"https:\/\/dummy.xtemos.com\/woodmart2\/marketplace2-elementor\/?post_type=product&#038;p=249"},"modified":"2025-11-11T09:44:44","modified_gmt":"2025-11-11T09:44:44","slug":"playstation-4-slim","status":"publish","type":"product","link":"https:\/\/yallafid.com\/?product=playstation-4-slim","title":{"rendered":"Masseur de cuir chevelu \u00e9lectrique"},"content":{"rendered":"<h2 style=\"text-align: center;\"><strong>Masseur \u00e9lectrique pour cuir chevelu avec 4 t\u00eates de massage et 96 n\u0153uds de massage, portable, pour la croissance des cheveux, le stress<\/strong><\/h2>\n<p>&nbsp;<\/p>\n<ul>\n<li>Le masseur de t\u00eate sans fil avec 4 t\u00eates de massage en silicone<\/li>\n<li>96 n\u0153uds de p\u00e9trissage doux peuvent fournir une relaxation apaisante de la t\u00eate pour aider \u00e0 stimuler la croissance des cheveux<\/li>\n<li>Un nettoyage en profondeur, d\u00e9tendre le stress et aider \u00e0 am\u00e9liorer la circulation sanguine (s\u2019\u00e9teint automatiquement apr\u00e8s 20 minutes).<\/li>\n<\/ul>\n<p><img loading=\"lazy\" decoding=\"async\" class=\"aligncenter wp-image-2440 size-full\" src=\"https:\/\/yallafid.com\/wp-content\/uploads\/2025\/01\/brosse-de-massage-cheveux-tunisie-vente-en-ligne-promotion-yallafid-femme-soin-gafsa-sfax-JERBA-binzerte.jpg\" alt=\"\" width=\"782\" height=\"782\" srcset=\"https:\/\/yallafid.com\/wp-content\/uploads\/2025\/01\/brosse-de-massage-cheveux-tunisie-vente-en-ligne-promotion-yallafid-femme-soin-gafsa-sfax-JERBA-binzerte.jpg 782w, https:\/\/yallafid.com\/wp-content\/uploads\/2025\/01\/brosse-de-massage-cheveux-tunisie-vente-en-ligne-promotion-yallafid-femme-soin-gafsa-sfax-JERBA-binzerte-300x300.jpg 300w, https:\/\/yallafid.com\/wp-content\/uploads\/2025\/01\/brosse-de-massage-cheveux-tunisie-vente-en-ligne-promotion-yallafid-femme-soin-gafsa-sfax-JERBA-binzerte-150x150.jpg 150w, https:\/\/yallafid.com\/wp-content\/uploads\/2025\/01\/brosse-de-massage-cheveux-tunisie-vente-en-ligne-promotion-yallafid-femme-soin-gafsa-sfax-JERBA-binzerte-768x768.jpg 768w, https:\/\/yallafid.com\/wp-content\/uploads\/2025\/01\/brosse-de-massage-cheveux-tunisie-vente-en-ligne-promotion-yallafid-femme-soin-gafsa-sfax-JERBA-binzerte-600x600.jpg 600w\" sizes=\"auto, (max-width: 782px) 100vw, 782px\" \/><\/p>\n<ul>\n<li><strong>Imperm\u00e9able et anti-enchev\u00eatrement<\/strong>\u00a0: fabriqu\u00e9 avec un mat\u00e9riau \u00e9tanche IPX7 pour profiter de massages de t\u00eate sous la douche. Il a un filetage antid\u00e9rapant unique, augmente la friction afin que vous puissiez mieux le tenir lors de l\u2019utilisation, l\u2019emp\u00eacher de glisser.<\/li>\n<li>Le masseur de cheveux portable rechargeable est pratique \u00e0 emporter n\u2019importe o\u00f9, ce qui vous permet de profiter des massages de t\u00eate \u00e0 tout moment. Le chargement USB est facile avec votre batterie externe, ordinateur ou connecteur.<\/li>\n<li>Le design compact, sans fil et portable vous permet de soulager la tension au bureau, \u00e0 la maison ou dans la voiture.<\/li>\n<\/ul>\n<p><img loading=\"lazy\" decoding=\"async\" class=\"aligncenter wp-image-2437 size-full\" src=\"https:\/\/yallafid.com\/wp-content\/uploads\/2025\/01\/brosse-de-massage-cheveux-tunisie-vente-en-ligne-promotion-yallafid-femme-soin-gafsa.jpg\" alt=\"\" width=\"843\" height=\"843\" srcset=\"https:\/\/yallafid.com\/wp-content\/uploads\/2025\/01\/brosse-de-massage-cheveux-tunisie-vente-en-ligne-promotion-yallafid-femme-soin-gafsa.jpg 843w, https:\/\/yallafid.com\/wp-content\/uploads\/2025\/01\/brosse-de-massage-cheveux-tunisie-vente-en-ligne-promotion-yallafid-femme-soin-gafsa-300x300.jpg 300w, https:\/\/yallafid.com\/wp-content\/uploads\/2025\/01\/brosse-de-massage-cheveux-tunisie-vente-en-ligne-promotion-yallafid-femme-soin-gafsa-150x150.jpg 150w, https:\/\/yallafid.com\/wp-content\/uploads\/2025\/01\/brosse-de-massage-cheveux-tunisie-vente-en-ligne-promotion-yallafid-femme-soin-gafsa-768x768.jpg 768w, https:\/\/yallafid.com\/wp-content\/uploads\/2025\/01\/brosse-de-massage-cheveux-tunisie-vente-en-ligne-promotion-yallafid-femme-soin-gafsa-600x600.jpg 600w\" sizes=\"auto, (max-width: 843px) 100vw, 843px\" \/><\/p>\n<p>&nbsp;<\/p>\n<p>&nbsp;<\/p>\n<h5>Sp\u00e9cifications Techniques<\/h5>\n<ul>\n<li><strong>Mat\u00e9riaux<\/strong>\u00a0: ABS + PC<\/li>\n<li><strong>Dimensions<\/strong>\u00a0: 12 x 7 x 9 cm ; Poids : 218 g<\/li>\n<li><strong>Batterie<\/strong>\u00a0: 1100 mAh (recharge USB)<\/li>\n<li><strong>Puissance<\/strong>\u00a0: 5 W, Charge : 5V, 1A<\/li>\n<li><strong>\u00c9tanch\u00e9it\u00e9<\/strong>\u00a0: IPX7<\/li>\n<\/ul>\n<p>&nbsp;<\/p>\n<h4 class=\"info-box-title title box-title-style-default wd-fontsize-m\" data-elementor-setting-key=\"title\"><\/h4>\n<p>&nbsp;<\/p>\n<p>&nbsp;<\/p>\n","protected":false},"excerpt":{"rendered":"<ul>\n<li><strong>Type de produit :<\/strong> masseur portable pour les cheveux<\/li>\n<li><strong>Polyvalent<\/strong> : Massages adapt\u00e9s \u00e0 plusieurs zones : t\u00eate, \u00e9paules, dos, jambes, et m\u00eame pour vos animaux<\/li>\n<li><strong>Techniques de Massage<\/strong>\u00a0: 6 techniques avec 3 niveaux de puissance pour un soulagement cibl\u00e9 et relaxant.<\/li>\n<li><strong>Vibration Haute Fr\u00e9quence<\/strong>\u00a0: Une intensit\u00e9 ajust\u00e9e pour lib\u00e9rer les tensions musculaires.<\/li>\n<li><strong>\u00c9tanche (IPX7)<\/strong>\u00a0: Parfait pour une utilisation sous la douche ou pendant un bain relaxant.<\/li>\n<li><strong>T\u00eate de Massage 3D en Silicone<\/strong>\u00a0: Douce, agr\u00e9able pour la peau, hypoallerg\u00e9nique et ergonomique.<\/li>\n<li><strong>Rechargeable et Autonome<\/strong>\u00a0: Une batterie longue dur\u00e9e de 1100 mAh offrant jusqu\u2019\u00e0 24 jours d\u2019utilisation quotidienne apr\u00e8s une charge compl\u00e8te.<\/li>\n<li><\/li>\n<\/ul>\n","protected":false},"featured_media":2438,"comment_status":"open","ping_status":"closed","template":"","meta":[],"product_brand":[],"product_cat":[42,43,188],"product_tag":[],"class_list":{"0":"post-249","1":"product","2":"type-product","3":"status-publish","4":"has-post-thumbnail","6":"product_cat-appareils-massage","7":"product_cat-soins-beaute-femme","8":"product_cat-soins-cheveux","9":"product_shipping_class-livraison-7-tnd-fix","11":"first","12":"instock","13":"sale","14":"taxable","15":"shipping-taxable","16":"purchasable","17":"product-type-simple"},"jetpack_sharing_enabled":true,"_links":{"self":[{"href":"https:\/\/yallafid.com\/index.php?rest_route=\/wp\/v2\/product\/249","targetHints":{"allow":["GET"]}}],"collection":[{"href":"https:\/\/yallafid.com\/index.php?rest_route=\/wp\/v2\/product"}],"about":[{"href":"https:\/\/yallafid.com\/index.php?rest_route=\/wp\/v2\/types\/product"}],"replies":[{"embeddable":true,"href":"https:\/\/yallafid.com\/index.php?rest_route=%2Fwp%2Fv2%2Fcomments&post=249"}],"version-history":[{"count":5,"href":"https:\/\/yallafid.com\/index.php?rest_route=\/wp\/v2\/product\/249\/revisions"}],"predecessor-version":[{"id":3286,"href":"https:\/\/yallafid.com\/index.php?rest_route=\/wp\/v2\/product\/249\/revisions\/3286"}],"wp:featuredmedia":[{"embeddable":true,"href":"https:\/\/yallafid.com\/index.php?rest_route=\/wp\/v2\/media\/2438"}],"wp:attachment":[{"href":"https:\/\/yallafid.com\/index.php?rest_route=%2Fwp%2Fv2%2Fmedia&parent=249"}],"wp:term":[{"taxonomy":"product_brand","embeddable":true,"href":"https:\/\/yallafid.com\/index.php?rest_route=%2Fwp%2Fv2%2Fproduct_brand&post=249"},{"taxonomy":"product_cat","embeddable":true,"href":"https:\/\/yallafid.com\/index.php?rest_route=%2Fwp%2Fv2%2Fproduct_cat&post=249"},{"taxonomy":"product_tag","embeddable":true,"href":"https:\/\/yallafid.com\/index.php?rest_route=%2Fwp%2Fv2%2Fproduct_tag&post=249"}],"curies":[{"name":"wp","href":"https:\/\/api.w.org\/{rel}","templated":true}]}}