{"id":251,"date":"2025-01-14T14:40:29","date_gmt":"2025-01-14T14:40:29","guid":{"rendered":"https:\/\/dummy.xtemos.com\/woodmart2\/marketplace2-elementor\/?post_type=product&#038;p=251"},"modified":"2026-01-13T12:40:23","modified_gmt":"2026-01-13T12:40:23","slug":"mafia-definitive-edition","status":"publish","type":"product","link":"https:\/\/yallafid.com\/?product=mafia-definitive-edition","title":{"rendered":"Ensemble de 3 bandes de fitness Body Sculpture"},"content":{"rendered":"<p><img loading=\"lazy\" decoding=\"async\" class=\"aligncenter wp-image-2529 size-full\" src=\"https:\/\/yallafid.com\/wp-content\/uploads\/2025\/01\/Bandes-Fitnes-3-Pieces-Resistance-bands-sport-femme-yallafid-tunisie-3.jpg\" alt=\"\" width=\"680\" height=\"680\" srcset=\"https:\/\/yallafid.com\/wp-content\/uploads\/2025\/01\/Bandes-Fitnes-3-Pieces-Resistance-bands-sport-femme-yallafid-tunisie-3.jpg 680w, https:\/\/yallafid.com\/wp-content\/uploads\/2025\/01\/Bandes-Fitnes-3-Pieces-Resistance-bands-sport-femme-yallafid-tunisie-3-300x300.jpg 300w, https:\/\/yallafid.com\/wp-content\/uploads\/2025\/01\/Bandes-Fitnes-3-Pieces-Resistance-bands-sport-femme-yallafid-tunisie-3-150x150.jpg 150w, https:\/\/yallafid.com\/wp-content\/uploads\/2025\/01\/Bandes-Fitnes-3-Pieces-Resistance-bands-sport-femme-yallafid-tunisie-3-600x600.jpg 600w\" sizes=\"auto, (max-width: 680px) 100vw, 680px\" \/><\/p>\n<p>&nbsp;<\/p>\n<p><img loading=\"lazy\" decoding=\"async\" class=\"aligncenter wp-image-2528 size-full\" src=\"https:\/\/yallafid.com\/wp-content\/uploads\/2025\/01\/Bandes-Fitnes-3-Pieces-Resistance-bands-sport-femme-yallafid-tunisie-4.jpg\" alt=\"\" width=\"680\" height=\"680\" srcset=\"https:\/\/yallafid.com\/wp-content\/uploads\/2025\/01\/Bandes-Fitnes-3-Pieces-Resistance-bands-sport-femme-yallafid-tunisie-4.jpg 680w, https:\/\/yallafid.com\/wp-content\/uploads\/2025\/01\/Bandes-Fitnes-3-Pieces-Resistance-bands-sport-femme-yallafid-tunisie-4-300x300.jpg 300w, https:\/\/yallafid.com\/wp-content\/uploads\/2025\/01\/Bandes-Fitnes-3-Pieces-Resistance-bands-sport-femme-yallafid-tunisie-4-150x150.jpg 150w, https:\/\/yallafid.com\/wp-content\/uploads\/2025\/01\/Bandes-Fitnes-3-Pieces-Resistance-bands-sport-femme-yallafid-tunisie-4-600x600.jpg 600w\" sizes=\"auto, (max-width: 680px) 100vw, 680px\" \/><\/p>\n","protected":false},"excerpt":{"rendered":"<ul>\n<li>Le kit contient 3 bandes \u00e9lastiques de diff\u00e9rentes r\u00e9sistances.<\/li>\n<li>Les r\u00e9sistances sont l\u00e9g\u00e8re, moyenne et forte, identifiables par les couleurs rose, verte et bleue.<\/li>\n<li>Ces bandes sont utilis\u00e9es pour le renforcement musculaire et le fitness.<\/li>\n<li>\u00a0<strong>Taille<\/strong> : T:0.35 mm rose<br \/>\nT:0.65 mm vert<br \/>\nT:0.95 mm bleu<\/li>\n<\/ul>\n","protected":false},"featured_media":2526,"comment_status":"open","ping_status":"closed","template":"","meta":[],"product_brand":[75],"product_cat":[176,86],"product_tag":[],"class_list":{"0":"post-251","1":"product","2":"type-product","3":"status-publish","4":"has-post-thumbnail","6":"product_brand-viewsonic","7":"product_cat-bandes-latex","8":"product_cat-sport","9":"product_shipping_class-livraison-7-tnd-fix","11":"first","12":"instock","13":"sale","14":"taxable","15":"shipping-taxable","16":"purchasable","17":"product-type-simple"},"jetpack_sharing_enabled":true,"_links":{"self":[{"href":"https:\/\/yallafid.com\/index.php?rest_route=\/wp\/v2\/product\/251","targetHints":{"allow":["GET"]}}],"collection":[{"href":"https:\/\/yallafid.com\/index.php?rest_route=\/wp\/v2\/product"}],"about":[{"href":"https:\/\/yallafid.com\/index.php?rest_route=\/wp\/v2\/types\/product"}],"replies":[{"embeddable":true,"href":"https:\/\/yallafid.com\/index.php?rest_route=%2Fwp%2Fv2%2Fcomments&post=251"}],"version-history":[{"count":2,"href":"https:\/\/yallafid.com\/index.php?rest_route=\/wp\/v2\/product\/251\/revisions"}],"predecessor-version":[{"id":2524,"href":"https:\/\/yallafid.com\/index.php?rest_route=\/wp\/v2\/product\/251\/revisions\/2524"}],"wp:featuredmedia":[{"embeddable":true,"href":"https:\/\/yallafid.com\/index.php?rest_route=\/wp\/v2\/media\/2526"}],"wp:attachment":[{"href":"https:\/\/yallafid.com\/index.php?rest_route=%2Fwp%2Fv2%2Fmedia&parent=251"}],"wp:term":[{"taxonomy":"product_brand","embeddable":true,"href":"https:\/\/yallafid.com\/index.php?rest_route=%2Fwp%2Fv2%2Fproduct_brand&post=251"},{"taxonomy":"product_cat","embeddable":true,"href":"https:\/\/yallafid.com\/index.php?rest_route=%2Fwp%2Fv2%2Fproduct_cat&post=251"},{"taxonomy":"product_tag","embeddable":true,"href":"https:\/\/yallafid.com\/index.php?rest_route=%2Fwp%2Fv2%2Fproduct_tag&post=251"}],"curies":[{"name":"wp","href":"https:\/\/api.w.org\/{rel}","templated":true}]}}