{"id":252,"date":"2025-01-14T14:40:29","date_gmt":"2025-01-14T14:40:29","guid":{"rendered":"https:\/\/dummy.xtemos.com\/woodmart2\/marketplace2-elementor\/?post_type=product&#038;p=252"},"modified":"2025-10-28T16:16:08","modified_gmt":"2025-10-28T16:16:08","slug":"horizon-zero-dawn","status":"publish","type":"product","link":"https:\/\/yallafid.com\/?product=horizon-zero-dawn","title":{"rendered":"Tondeuse \u00e0 cheveux professionnelle Daling DL-1169"},"content":{"rendered":"<h3 style=\"text-align: center;\"><strong>Tondeuse sans fil con\u00e7ue pour la coupe de cheveux et l&rsquo;entretien de la barbe<\/strong><\/h3>\n<ul>\n<li style=\"text-align: left;\">Elle est dot\u00e9e d&rsquo;un \u00e9cran LCD qui affiche le niveau de batterie restant.<\/li>\n<li style=\"text-align: left;\">Livr\u00e9e avec plusieurs sabots de diff\u00e9rentes tailles, une brosse de nettoyage et une petite fiole d&rsquo;huile.<\/li>\n<li style=\"text-align: left;\">La tondeuse est rechargeable via USB et a une autonomie d&rsquo;environ 3 heures.<\/li>\n<li style=\"text-align: left;\">Elle est \u00e9quip\u00e9e de lames en acier inoxydable pour une coupe pr\u00e9cise.<\/li>\n<\/ul>\n<p>&nbsp;<\/p>\n<h4><\/h4>\n<p>&nbsp;<\/p>\n<p>&nbsp;<\/p>\n<p>&nbsp;<\/p>\n<p>&nbsp;<\/p>\n<p>&nbsp;<\/p>\n<p>&nbsp;<\/p>\n<p>&nbsp;<\/p>\n<p>&nbsp;<\/p>\n<p>&nbsp;<\/p>\n<p>&nbsp;<\/p>\n<p>&nbsp;<\/p>\n<h4 class=\"info-box-title title box-title-style-default wd-fontsize-m\" data-elementor-setting-key=\"title\"><\/h4>\n","protected":false},"excerpt":{"rendered":"<ul>\n<li><strong>Accessoires inclus<\/strong> : huile lubrifiante, peigne et brosse de nettoyage.<\/li>\n<li>Batterie rechargeable<\/li>\n<li>Lames r\u00e9glables en acier inoxydable.<\/li>\n<li>Indicateur de charge et d\u2019alimentation.<\/li>\n<li>8 peignes de coupe interchangeables.<\/li>\n<li>Batterie au lithium 1500 mAh.<\/li>\n<li>Temps de charge : 2 heures.<\/li>\n<li>Autonomie : 3 heures.<\/li>\n<li>Puissance : 5 W.<\/li>\n<\/ul>\n","protected":false},"featured_media":2348,"comment_status":"open","ping_status":"closed","template":"","meta":[],"product_brand":[],"product_cat":[34,44,191],"product_tag":[],"class_list":{"0":"post-252","1":"product","2":"type-product","3":"status-publish","4":"has-post-thumbnail","6":"product_cat-beaute-soins","7":"product_cat-soins-beaute-homme","8":"product_cat-tondeuses-rasoirs","9":"product_shipping_class-livraison-7-tnd-fix","11":"first","12":"instock","13":"sale","14":"featured","15":"taxable","16":"shipping-taxable","17":"purchasable","18":"product-type-simple"},"jetpack_sharing_enabled":true,"_links":{"self":[{"href":"https:\/\/yallafid.com\/index.php?rest_route=\/wp\/v2\/product\/252","targetHints":{"allow":["GET"]}}],"collection":[{"href":"https:\/\/yallafid.com\/index.php?rest_route=\/wp\/v2\/product"}],"about":[{"href":"https:\/\/yallafid.com\/index.php?rest_route=\/wp\/v2\/types\/product"}],"replies":[{"embeddable":true,"href":"https:\/\/yallafid.com\/index.php?rest_route=%2Fwp%2Fv2%2Fcomments&post=252"}],"version-history":[{"count":2,"href":"https:\/\/yallafid.com\/index.php?rest_route=\/wp\/v2\/product\/252\/revisions"}],"predecessor-version":[{"id":2346,"href":"https:\/\/yallafid.com\/index.php?rest_route=\/wp\/v2\/product\/252\/revisions\/2346"}],"wp:featuredmedia":[{"embeddable":true,"href":"https:\/\/yallafid.com\/index.php?rest_route=\/wp\/v2\/media\/2348"}],"wp:attachment":[{"href":"https:\/\/yallafid.com\/index.php?rest_route=%2Fwp%2Fv2%2Fmedia&parent=252"}],"wp:term":[{"taxonomy":"product_brand","embeddable":true,"href":"https:\/\/yallafid.com\/index.php?rest_route=%2Fwp%2Fv2%2Fproduct_brand&post=252"},{"taxonomy":"product_cat","embeddable":true,"href":"https:\/\/yallafid.com\/index.php?rest_route=%2Fwp%2Fv2%2Fproduct_cat&post=252"},{"taxonomy":"product_tag","embeddable":true,"href":"https:\/\/yallafid.com\/index.php?rest_route=%2Fwp%2Fv2%2Fproduct_tag&post=252"}],"curies":[{"name":"wp","href":"https:\/\/api.w.org\/{rel}","templated":true}]}}