{"id":254,"date":"2025-01-14T14:40:29","date_gmt":"2025-01-14T14:40:29","guid":{"rendered":"https:\/\/dummy.xtemos.com\/woodmart2\/marketplace2-elementor\/?post_type=product&#038;p=254"},"modified":"2025-10-29T09:50:22","modified_gmt":"2025-10-29T09:50:22","slug":"oculus-quest-2","status":"publish","type":"product","link":"https:\/\/yallafid.com\/?product=oculus-quest-2","title":{"rendered":"Tondeuse \u00e0 cheveux professionnelle VGR 906"},"content":{"rendered":"<ul>\n<li><strong><span dir=\"auto\" style=\"vertical-align: inherit;\"><span dir=\"auto\" style=\"vertical-align: inherit;\">LAMES DLC EN ACIER AU CARBONE<\/span><\/span><\/strong><span dir=\"auto\" style=\"vertical-align: inherit;\"><span dir=\"auto\" style=\"vertical-align: inherit;\"> : La tondeuse \u00e0 cheveux VGR est dot\u00e9e d&rsquo;un design T-Blade et d&rsquo;un mat\u00e9riau en acier au carbone DLC pour des coupes de 0 mm sans tirer les cheveux. La lame reste fra\u00eeche m\u00eame apr\u00e8s une utilisation prolong\u00e9e, et le chanfrein en forme de R vous permet de sculpter des coiffures avec pr\u00e9cision sans endommager la peau.<\/span><\/span><\/li>\n<\/ul>\n<p><img loading=\"lazy\" decoding=\"async\" class=\"aligncenter wp-image-2363 size-full\" src=\"https:\/\/yallafid.com\/wp-content\/uploads\/2025\/01\/Tondeuse-cheveux-professionnelle-Fresh-VGR-906-tunisie-yallafid-tabarka.jpg\" alt=\"\" width=\"822\" height=\"822\" srcset=\"https:\/\/yallafid.com\/wp-content\/uploads\/2025\/01\/Tondeuse-cheveux-professionnelle-Fresh-VGR-906-tunisie-yallafid-tabarka.jpg 822w, https:\/\/yallafid.com\/wp-content\/uploads\/2025\/01\/Tondeuse-cheveux-professionnelle-Fresh-VGR-906-tunisie-yallafid-tabarka-300x300.jpg 300w, https:\/\/yallafid.com\/wp-content\/uploads\/2025\/01\/Tondeuse-cheveux-professionnelle-Fresh-VGR-906-tunisie-yallafid-tabarka-150x150.jpg 150w, https:\/\/yallafid.com\/wp-content\/uploads\/2025\/01\/Tondeuse-cheveux-professionnelle-Fresh-VGR-906-tunisie-yallafid-tabarka-768x768.jpg 768w, https:\/\/yallafid.com\/wp-content\/uploads\/2025\/01\/Tondeuse-cheveux-professionnelle-Fresh-VGR-906-tunisie-yallafid-tabarka-600x600.jpg 600w\" sizes=\"auto, (max-width: 822px) 100vw, 822px\" \/><\/p>\n<ul>\n<li><strong><span dir=\"auto\" style=\"vertical-align: inherit;\"><span dir=\"auto\" style=\"vertical-align: inherit;\">MOTEURS PRO 9000 tr\/min<\/span><\/span><\/strong><span dir=\"auto\" style=\"vertical-align: inherit;\"><span dir=\"auto\" style=\"vertical-align: inherit;\"> : Notre tondeuse barbier, fonctionnant \u00e0 un impressionnant 9000 tr\/min, ajuste la puissance en fonction de la r\u00e9sistance de la lame et coupe \u00e0 vitesse constante. S&rsquo;adresse sans effort \u00e0 tous les types de cheveux, y compris la t\u00eate, la barbe, le corps et la moustache, garantissant ainsi un toilettage polyvalent et efficace.<\/span><\/span><\/li>\n<\/ul>\n<p><img loading=\"lazy\" decoding=\"async\" class=\"aligncenter wp-image-2365 size-full\" src=\"https:\/\/yallafid.com\/wp-content\/uploads\/2025\/01\/Tondeuse-cheveux-professionnelle-Fresh-VGR-906-tunisie-yallafid-tabarka-sousse-jerba-hammamet6.jpg\" alt=\"\" width=\"733\" height=\"733\" srcset=\"https:\/\/yallafid.com\/wp-content\/uploads\/2025\/01\/Tondeuse-cheveux-professionnelle-Fresh-VGR-906-tunisie-yallafid-tabarka-sousse-jerba-hammamet6.jpg 733w, https:\/\/yallafid.com\/wp-content\/uploads\/2025\/01\/Tondeuse-cheveux-professionnelle-Fresh-VGR-906-tunisie-yallafid-tabarka-sousse-jerba-hammamet6-300x300.jpg 300w, https:\/\/yallafid.com\/wp-content\/uploads\/2025\/01\/Tondeuse-cheveux-professionnelle-Fresh-VGR-906-tunisie-yallafid-tabarka-sousse-jerba-hammamet6-150x150.jpg 150w, https:\/\/yallafid.com\/wp-content\/uploads\/2025\/01\/Tondeuse-cheveux-professionnelle-Fresh-VGR-906-tunisie-yallafid-tabarka-sousse-jerba-hammamet6-600x600.jpg 600w\" sizes=\"auto, (max-width: 733px) 100vw, 733px\" \/><\/p>\n<p>&nbsp;<\/p>\n<ul>\n<li><strong><span dir=\"auto\" style=\"vertical-align: inherit;\"><span dir=\"auto\" style=\"vertical-align: inherit;\">LONGUE DUR\u00c9E DE VIE RECHARGEABLE :<\/span><\/span><\/strong><span dir=\"auto\" style=\"vertical-align: inherit;\"><span dir=\"auto\" style=\"vertical-align: inherit;\"> batterie rechargeable lithium-ion de 2000 mAh pour une utilisation continue allant jusqu&rsquo;\u00e0 240 minutes, port de charge de type C et \u00e9cran d&rsquo;alimentation num\u00e9rique pour une utilisation quotidienne pratique. Compatible avec la tension globale de 110 V \u00e0 240 V<\/span><\/span><\/li>\n<\/ul>\n<p><img loading=\"lazy\" decoding=\"async\" class=\"alignnone size-medium wp-image-2360\" src=\"https:\/\/yallafid.com\/wp-content\/uploads\/2025\/01\/Tondeuse-cheveux-professionnelle-Fresh-VGR-906-tunisie-yallafid-tabarka-sousse-jerba-hammamet-300x300.jpg\" alt=\"\" width=\"300\" height=\"300\" srcset=\"https:\/\/yallafid.com\/wp-content\/uploads\/2025\/01\/Tondeuse-cheveux-professionnelle-Fresh-VGR-906-tunisie-yallafid-tabarka-sousse-jerba-hammamet-300x300.jpg 300w, https:\/\/yallafid.com\/wp-content\/uploads\/2025\/01\/Tondeuse-cheveux-professionnelle-Fresh-VGR-906-tunisie-yallafid-tabarka-sousse-jerba-hammamet-150x150.jpg 150w, https:\/\/yallafid.com\/wp-content\/uploads\/2025\/01\/Tondeuse-cheveux-professionnelle-Fresh-VGR-906-tunisie-yallafid-tabarka-sousse-jerba-hammamet-600x600.jpg 600w, https:\/\/yallafid.com\/wp-content\/uploads\/2025\/01\/Tondeuse-cheveux-professionnelle-Fresh-VGR-906-tunisie-yallafid-tabarka-sousse-jerba-hammamet.jpg 767w\" sizes=\"auto, (max-width: 300px) 100vw, 300px\" \/><img loading=\"lazy\" decoding=\"async\" class=\"alignnone size-medium wp-image-2361\" src=\"https:\/\/yallafid.com\/wp-content\/uploads\/2025\/01\/Tondeuse-cheveux-professionnelle-Fresh-VGR-906-tunisie-yallafid-tabarka-sousse-jerba-300x300.jpg\" alt=\"\" width=\"300\" height=\"300\" srcset=\"https:\/\/yallafid.com\/wp-content\/uploads\/2025\/01\/Tondeuse-cheveux-professionnelle-Fresh-VGR-906-tunisie-yallafid-tabarka-sousse-jerba-300x300.jpg 300w, https:\/\/yallafid.com\/wp-content\/uploads\/2025\/01\/Tondeuse-cheveux-professionnelle-Fresh-VGR-906-tunisie-yallafid-tabarka-sousse-jerba-150x150.jpg 150w, https:\/\/yallafid.com\/wp-content\/uploads\/2025\/01\/Tondeuse-cheveux-professionnelle-Fresh-VGR-906-tunisie-yallafid-tabarka-sousse-jerba-768x768.jpg 768w, https:\/\/yallafid.com\/wp-content\/uploads\/2025\/01\/Tondeuse-cheveux-professionnelle-Fresh-VGR-906-tunisie-yallafid-tabarka-sousse-jerba-600x600.jpg 600w, https:\/\/yallafid.com\/wp-content\/uploads\/2025\/01\/Tondeuse-cheveux-professionnelle-Fresh-VGR-906-tunisie-yallafid-tabarka-sousse-jerba.jpg 833w\" sizes=\"auto, (max-width: 300px) 100vw, 300px\" \/><\/p>\n<ul>\n<li><strong><span dir=\"auto\" style=\"vertical-align: inherit;\"><span dir=\"auto\" style=\"vertical-align: inherit;\">LE KIT TRIMMER COMPREND<\/span><\/span><\/strong><span dir=\"auto\" style=\"vertical-align: inherit;\"><span dir=\"auto\" style=\"vertical-align: inherit;\"> : La bo\u00eete de coupe-cheveux VGR comprend 1 tondeuse, 1 huile, 1 brosse, 3 peignes de guidage (1\/2\/3 mm), 1 c\u00e2ble de chargement et 1 prot\u00e8ge-lame. Cette tondeuse \u00e0 cheveux est le choix parfait pour un proche pendant les vacances ou \u00e0 tout moment de l&rsquo;ann\u00e9e<\/span><\/span><\/li>\n<\/ul>\n<p><img loading=\"lazy\" decoding=\"async\" class=\"aligncenter wp-image-2364 size-full\" src=\"https:\/\/yallafid.com\/wp-content\/uploads\/2025\/01\/Tondeuse-cheveux-professionnelle-Fresh-VGR-906-tunisie-yallafid.jpg\" alt=\"\" width=\"825\" height=\"825\" srcset=\"https:\/\/yallafid.com\/wp-content\/uploads\/2025\/01\/Tondeuse-cheveux-professionnelle-Fresh-VGR-906-tunisie-yallafid.jpg 825w, https:\/\/yallafid.com\/wp-content\/uploads\/2025\/01\/Tondeuse-cheveux-professionnelle-Fresh-VGR-906-tunisie-yallafid-300x300.jpg 300w, https:\/\/yallafid.com\/wp-content\/uploads\/2025\/01\/Tondeuse-cheveux-professionnelle-Fresh-VGR-906-tunisie-yallafid-150x150.jpg 150w, https:\/\/yallafid.com\/wp-content\/uploads\/2025\/01\/Tondeuse-cheveux-professionnelle-Fresh-VGR-906-tunisie-yallafid-768x768.jpg 768w, https:\/\/yallafid.com\/wp-content\/uploads\/2025\/01\/Tondeuse-cheveux-professionnelle-Fresh-VGR-906-tunisie-yallafid-600x600.jpg 600w\" sizes=\"auto, (max-width: 825px) 100vw, 825px\" \/><\/p>\n<ul>\n<li><strong><span dir=\"auto\" style=\"vertical-align: inherit;\"><span dir=\"auto\" style=\"vertical-align: inherit;\">Un cadeau qu&rsquo;il utilisera vraiment<\/span><\/span><\/strong><span dir=\"auto\" style=\"vertical-align: inherit;\"><span dir=\"auto\" style=\"vertical-align: inherit;\"> : pratique, \u00e9l\u00e9gant et facile \u00e0 utiliser\u2014 cet ensemble de toilette est un cadeau significatif pour la f\u00eate des p\u00e8res, les anniversaires, le Nouvel An. Montrez votre amour et votre appr\u00e9ciation \u00e0 votre p\u00e8re, mari, fr\u00e8re ou ami avec un outil qu&rsquo;il utilisera tous les jours.<\/span><\/span><\/li>\n<\/ul>\n<h4><\/h4>\n<h4><\/h4>\n<p>&nbsp;<\/p>\n<p>&nbsp;<\/p>\n<p>&nbsp;<\/p>\n<p>&nbsp;<\/p>\n<p>&nbsp;<\/p>\n<p>&nbsp;<\/p>\n<p>&nbsp;<\/p>\n<p>&nbsp;<\/p>\n<p>&nbsp;<\/p>\n<p>&nbsp;<\/p>\n<p>&nbsp;<\/p>\n<h4><\/h4>\n<p>&nbsp;<\/p>\n<p>&nbsp;<\/p>\n","protected":false},"excerpt":{"rendered":"<ul>\n<li><strong><span dir=\"auto\" style=\"vertical-align: inherit;\"><span dir=\"auto\" style=\"vertical-align: inherit;\">Marque<\/span><\/span><\/strong><span dir=\"auto\" style=\"vertical-align: inherit;\"><span dir=\"auto\" style=\"vertical-align: inherit;\"> : VGR<\/span><\/span><\/li>\n<li><strong><span dir=\"auto\" style=\"vertical-align: inherit;\"><span dir=\"auto\" style=\"vertical-align: inherit;\">Mod\u00e8le<\/span><\/span><\/strong><span dir=\"auto\" style=\"vertical-align: inherit;\"><span dir=\"auto\" style=\"vertical-align: inherit;\"> : 906<\/span><\/span><\/li>\n<li><strong><span dir=\"auto\" style=\"vertical-align: inherit;\"><span dir=\"auto\" style=\"vertical-align: inherit;\">Moteur<\/span><\/span><\/strong><span dir=\"auto\" style=\"vertical-align: inherit;\"><span dir=\"auto\" style=\"vertical-align: inherit;\"> : 9000 tr\/min<\/span><\/span><\/li>\n<li><strong>Autonomie<\/strong> : 250 minutes<\/li>\n<li><strong><span dir=\"auto\" style=\"vertical-align: inherit;\"><span dir=\"auto\" style=\"vertical-align: inherit;\">Utilisation<\/span><\/span><\/strong><span dir=\"auto\" style=\"vertical-align: inherit;\"><span dir=\"auto\" style=\"vertical-align: inherit;\"> : barbe-moustache-cheveux<\/span><\/span><\/li>\n<li><strong><span dir=\"auto\" style=\"vertical-align: inherit;\"><span dir=\"auto\" style=\"vertical-align: inherit;\">Rechargeable<\/span><\/span><\/strong><span dir=\"auto\" style=\"vertical-align: inherit;\"><span dir=\"auto\" style=\"vertical-align: inherit;\"> : aliment\u00e9e par batterie<\/span><\/span><\/li>\n<li><strong><span dir=\"auto\" style=\"vertical-align: inherit;\"><span dir=\"auto\" style=\"vertical-align: inherit;\">Mat\u00e9riau :<\/span><\/span><\/strong><span dir=\"auto\" style=\"vertical-align: inherit;\"><span dir=\"auto\" style=\"vertical-align: inherit;\"> Acier alli\u00e9, Acier inoxydable, Plastique<\/span><\/span><\/li>\n<\/ul>\n","protected":false},"featured_media":2364,"comment_status":"open","ping_status":"closed","template":"","meta":[],"product_brand":[],"product_cat":[44,191],"product_tag":[],"class_list":{"0":"post-254","1":"product","2":"type-product","3":"status-publish","4":"has-post-thumbnail","6":"product_cat-soins-beaute-homme","7":"product_cat-tondeuses-rasoirs","8":"product_shipping_class-livraison-7-tnd-fix","10":"first","11":"instock","12":"sale","13":"taxable","14":"shipping-taxable","15":"purchasable","16":"product-type-simple"},"jetpack_sharing_enabled":true,"_links":{"self":[{"href":"https:\/\/yallafid.com\/index.php?rest_route=\/wp\/v2\/product\/254","targetHints":{"allow":["GET"]}}],"collection":[{"href":"https:\/\/yallafid.com\/index.php?rest_route=\/wp\/v2\/product"}],"about":[{"href":"https:\/\/yallafid.com\/index.php?rest_route=\/wp\/v2\/types\/product"}],"replies":[{"embeddable":true,"href":"https:\/\/yallafid.com\/index.php?rest_route=%2Fwp%2Fv2%2Fcomments&post=254"}],"version-history":[{"count":3,"href":"https:\/\/yallafid.com\/index.php?rest_route=\/wp\/v2\/product\/254\/revisions"}],"predecessor-version":[{"id":2368,"href":"https:\/\/yallafid.com\/index.php?rest_route=\/wp\/v2\/product\/254\/revisions\/2368"}],"wp:featuredmedia":[{"embeddable":true,"href":"https:\/\/yallafid.com\/index.php?rest_route=\/wp\/v2\/media\/2364"}],"wp:attachment":[{"href":"https:\/\/yallafid.com\/index.php?rest_route=%2Fwp%2Fv2%2Fmedia&parent=254"}],"wp:term":[{"taxonomy":"product_brand","embeddable":true,"href":"https:\/\/yallafid.com\/index.php?rest_route=%2Fwp%2Fv2%2Fproduct_brand&post=254"},{"taxonomy":"product_cat","embeddable":true,"href":"https:\/\/yallafid.com\/index.php?rest_route=%2Fwp%2Fv2%2Fproduct_cat&post=254"},{"taxonomy":"product_tag","embeddable":true,"href":"https:\/\/yallafid.com\/index.php?rest_route=%2Fwp%2Fv2%2Fproduct_tag&post=254"}],"curies":[{"name":"wp","href":"https:\/\/api.w.org\/{rel}","templated":true}]}}