{"id":256,"date":"2025-01-14T14:40:29","date_gmt":"2025-01-14T14:40:29","guid":{"rendered":"https:\/\/dummy.xtemos.com\/woodmart2\/marketplace2-elementor\/?post_type=product&#038;p=256"},"modified":"2026-01-13T13:58:39","modified_gmt":"2026-01-13T13:58:39","slug":"oculus-rift-s","status":"publish","type":"product","link":"https:\/\/yallafid.com\/?product=oculus-rift-s","title":{"rendered":"Appareil de musculation-Hand grip avec compteur"},"content":{"rendered":"<h1 style=\"text-align: center;\"><strong>Hand grip r\u00e9glable 5-60Kg avec compteur gris<\/strong><\/h1>\n<ul>\n<li>Appareil permet de renforcer la force de pr\u00e9hension ainsi que les muscles des mains, des poignets et des avant-bras.<\/li>\n<li>La r\u00e9sistance est r\u00e9glable, g\u00e9n\u00e9ralement de 5 kg \u00e0 60 kg, en tournant le bouton situ\u00e9 sur le c\u00f4t\u00e9.<\/li>\n<li>Il est \u00e9quip\u00e9 d&rsquo;un compteur int\u00e9gr\u00e9 pour suivre le nombre de r\u00e9p\u00e9titions effectu\u00e9es.<\/li>\n<li>C&rsquo;est un outil compact et portable, utilisable n&rsquo;importe o\u00f9 et n&rsquo;importe quand.<\/li>\n<\/ul>\n<p><img loading=\"lazy\" decoding=\"async\" class=\"aligncenter wp-image-2547 size-full\" src=\"https:\/\/yallafid.com\/wp-content\/uploads\/2025\/01\/Hand-Grip-Poignee-reglable-60kg-exercices-fitness-sport-musculation-yallafid-tunisie-facebook-sousse-tunnipromo-AVEC-compteur-e.jpg\" alt=\"\" width=\"950\" height=\"950\" srcset=\"https:\/\/yallafid.com\/wp-content\/uploads\/2025\/01\/Hand-Grip-Poignee-reglable-60kg-exercices-fitness-sport-musculation-yallafid-tunisie-facebook-sousse-tunnipromo-AVEC-compteur-e.jpg 950w, https:\/\/yallafid.com\/wp-content\/uploads\/2025\/01\/Hand-Grip-Poignee-reglable-60kg-exercices-fitness-sport-musculation-yallafid-tunisie-facebook-sousse-tunnipromo-AVEC-compteur-e-300x300.jpg 300w, https:\/\/yallafid.com\/wp-content\/uploads\/2025\/01\/Hand-Grip-Poignee-reglable-60kg-exercices-fitness-sport-musculation-yallafid-tunisie-facebook-sousse-tunnipromo-AVEC-compteur-e-150x150.jpg 150w, https:\/\/yallafid.com\/wp-content\/uploads\/2025\/01\/Hand-Grip-Poignee-reglable-60kg-exercices-fitness-sport-musculation-yallafid-tunisie-facebook-sousse-tunnipromo-AVEC-compteur-e-768x768.jpg 768w, https:\/\/yallafid.com\/wp-content\/uploads\/2025\/01\/Hand-Grip-Poignee-reglable-60kg-exercices-fitness-sport-musculation-yallafid-tunisie-facebook-sousse-tunnipromo-AVEC-compteur-e-600x600.jpg 600w\" sizes=\"auto, (max-width: 950px) 100vw, 950px\" \/> <img loading=\"lazy\" decoding=\"async\" class=\"aligncenter wp-image-2548 size-full\" src=\"https:\/\/yallafid.com\/wp-content\/uploads\/2025\/01\/Hand-Grip-Poignee-reglable-60kg-exercices-fitness-sport-musculation-yallafid-tunisie-facebook-sousse-tunnipromo-AVEC-compteur-a.jpg\" alt=\"\" width=\"916\" height=\"916\" srcset=\"https:\/\/yallafid.com\/wp-content\/uploads\/2025\/01\/Hand-Grip-Poignee-reglable-60kg-exercices-fitness-sport-musculation-yallafid-tunisie-facebook-sousse-tunnipromo-AVEC-compteur-a.jpg 916w, https:\/\/yallafid.com\/wp-content\/uploads\/2025\/01\/Hand-Grip-Poignee-reglable-60kg-exercices-fitness-sport-musculation-yallafid-tunisie-facebook-sousse-tunnipromo-AVEC-compteur-a-300x300.jpg 300w, https:\/\/yallafid.com\/wp-content\/uploads\/2025\/01\/Hand-Grip-Poignee-reglable-60kg-exercices-fitness-sport-musculation-yallafid-tunisie-facebook-sousse-tunnipromo-AVEC-compteur-a-150x150.jpg 150w, https:\/\/yallafid.com\/wp-content\/uploads\/2025\/01\/Hand-Grip-Poignee-reglable-60kg-exercices-fitness-sport-musculation-yallafid-tunisie-facebook-sousse-tunnipromo-AVEC-compteur-a-768x768.jpg 768w, https:\/\/yallafid.com\/wp-content\/uploads\/2025\/01\/Hand-Grip-Poignee-reglable-60kg-exercices-fitness-sport-musculation-yallafid-tunisie-facebook-sousse-tunnipromo-AVEC-compteur-a-600x600.jpg 600w\" sizes=\"auto, (max-width: 916px) 100vw, 916px\" \/><\/p>\n<h4><\/h4>\n<p>&nbsp;<\/p>\n","protected":false},"excerpt":{"rendered":"<ul>\n<li>Poign\u00e9e r\u00e9glable de type R<\/li>\n<li><strong>R\u00e9sistance<\/strong>: 5-60kg r\u00e9glable<\/li>\n<li>Pour poignet et doigt<\/li>\n<li>Portable<\/li>\n<li>\u00c9quipement de fitness<\/li>\n<li>Renforcement de la prise en main de la gym<\/li>\n<\/ul>\n","protected":false},"featured_media":2545,"comment_status":"open","ping_status":"closed","template":"","meta":[],"product_brand":[],"product_cat":[101,86],"product_tag":[],"class_list":{"0":"post-256","1":"product","2":"type-product","3":"status-publish","4":"has-post-thumbnail","6":"product_cat-renforcement-musculaire","7":"product_cat-sport","8":"product_shipping_class-livraison-7-tnd-fix","10":"first","11":"instock","12":"sale","13":"taxable","14":"shipping-taxable","15":"purchasable","16":"product-type-simple"},"jetpack_sharing_enabled":true,"_links":{"self":[{"href":"https:\/\/yallafid.com\/index.php?rest_route=\/wp\/v2\/product\/256","targetHints":{"allow":["GET"]}}],"collection":[{"href":"https:\/\/yallafid.com\/index.php?rest_route=\/wp\/v2\/product"}],"about":[{"href":"https:\/\/yallafid.com\/index.php?rest_route=\/wp\/v2\/types\/product"}],"replies":[{"embeddable":true,"href":"https:\/\/yallafid.com\/index.php?rest_route=%2Fwp%2Fv2%2Fcomments&post=256"}],"version-history":[{"count":2,"href":"https:\/\/yallafid.com\/index.php?rest_route=\/wp\/v2\/product\/256\/revisions"}],"predecessor-version":[{"id":2543,"href":"https:\/\/yallafid.com\/index.php?rest_route=\/wp\/v2\/product\/256\/revisions\/2543"}],"wp:featuredmedia":[{"embeddable":true,"href":"https:\/\/yallafid.com\/index.php?rest_route=\/wp\/v2\/media\/2545"}],"wp:attachment":[{"href":"https:\/\/yallafid.com\/index.php?rest_route=%2Fwp%2Fv2%2Fmedia&parent=256"}],"wp:term":[{"taxonomy":"product_brand","embeddable":true,"href":"https:\/\/yallafid.com\/index.php?rest_route=%2Fwp%2Fv2%2Fproduct_brand&post=256"},{"taxonomy":"product_cat","embeddable":true,"href":"https:\/\/yallafid.com\/index.php?rest_route=%2Fwp%2Fv2%2Fproduct_cat&post=256"},{"taxonomy":"product_tag","embeddable":true,"href":"https:\/\/yallafid.com\/index.php?rest_route=%2Fwp%2Fv2%2Fproduct_tag&post=256"}],"curies":[{"name":"wp","href":"https:\/\/api.w.org\/{rel}","templated":true}]}}