{"id":2594,"date":"2026-01-13T19:44:59","date_gmt":"2026-01-13T19:44:59","guid":{"rendered":"https:\/\/yallafid.com\/?post_type=product&#038;p=2594"},"modified":"2026-01-13T19:44:59","modified_gmt":"2026-01-13T19:44:59","slug":"spray-lubrifiant-au-silicone-toorx-lubetech-200-ml","status":"publish","type":"product","link":"https:\/\/yallafid.com\/?product=spray-lubrifiant-au-silicone-toorx-lubetech-200-ml","title":{"rendered":"Spray lubrifiant au silicone Toorx Lubetech 200 ml"},"content":{"rendered":"<p>&nbsp;<\/p>\n<ul>\n<li>Ce produit est un spray lubrifiant au silicone Toorx Lubetech de 200 ml, con\u00e7u sp\u00e9cifiquement pour l&rsquo;entretien des tapis de course et autres appareils de fitness.<\/li>\n<li>\u00a0Il convient tr\u00e8s bien comme lubrifiant pour la maintenance des pi\u00e8ces mobiles des appareils de fitness et des appareils \u00e9lectriques.\n<p>&nbsp;<\/li>\n<\/ul>\n","protected":false},"excerpt":{"rendered":"<ul>\n<li><strong>Type de lubrifiant<\/strong> : Huile de silicone pure.<\/li>\n<li><strong>Fonction<\/strong> : Lubrifie la surface de course pour r\u00e9duire l&rsquo;usure, le bruit et la friction.<\/li>\n<li><strong>Contenance :<\/strong> 200 ml.<\/li>\n<li><strong>Caract\u00e9ristiques suppl\u00e9mentaires :<\/strong> Inodore, incolore et r\u00e9sistant \u00e0 l&rsquo;humidit\u00e9.<\/li>\n<\/ul>\n","protected":false},"featured_media":2595,"comment_status":"open","ping_status":"closed","template":"","meta":[],"product_brand":[],"product_cat":[96,86],"product_tag":[],"class_list":{"0":"post-2594","1":"product","2":"type-product","3":"status-publish","4":"has-post-thumbnail","6":"product_cat-accessoires-sport","7":"product_cat-sport","8":"product_shipping_class-livraison-7-tnd-fix","10":"first","11":"instock","12":"sale","13":"taxable","14":"shipping-taxable","15":"purchasable","16":"product-type-simple"},"jetpack_sharing_enabled":true,"_links":{"self":[{"href":"https:\/\/yallafid.com\/index.php?rest_route=\/wp\/v2\/product\/2594","targetHints":{"allow":["GET"]}}],"collection":[{"href":"https:\/\/yallafid.com\/index.php?rest_route=\/wp\/v2\/product"}],"about":[{"href":"https:\/\/yallafid.com\/index.php?rest_route=\/wp\/v2\/types\/product"}],"replies":[{"embeddable":true,"href":"https:\/\/yallafid.com\/index.php?rest_route=%2Fwp%2Fv2%2Fcomments&post=2594"}],"version-history":[{"count":2,"href":"https:\/\/yallafid.com\/index.php?rest_route=\/wp\/v2\/product\/2594\/revisions"}],"predecessor-version":[{"id":2597,"href":"https:\/\/yallafid.com\/index.php?rest_route=\/wp\/v2\/product\/2594\/revisions\/2597"}],"wp:featuredmedia":[{"embeddable":true,"href":"https:\/\/yallafid.com\/index.php?rest_route=\/wp\/v2\/media\/2595"}],"wp:attachment":[{"href":"https:\/\/yallafid.com\/index.php?rest_route=%2Fwp%2Fv2%2Fmedia&parent=2594"}],"wp:term":[{"taxonomy":"product_brand","embeddable":true,"href":"https:\/\/yallafid.com\/index.php?rest_route=%2Fwp%2Fv2%2Fproduct_brand&post=2594"},{"taxonomy":"product_cat","embeddable":true,"href":"https:\/\/yallafid.com\/index.php?rest_route=%2Fwp%2Fv2%2Fproduct_cat&post=2594"},{"taxonomy":"product_tag","embeddable":true,"href":"https:\/\/yallafid.com\/index.php?rest_route=%2Fwp%2Fv2%2Fproduct_tag&post=2594"}],"curies":[{"name":"wp","href":"https:\/\/api.w.org\/{rel}","templated":true}]}}