{"id":2598,"date":"2026-01-14T09:05:56","date_gmt":"2026-01-14T09:05:56","guid":{"rendered":"https:\/\/yallafid.com\/?post_type=product&#038;p=2598"},"modified":"2026-01-14T09:26:32","modified_gmt":"2026-01-14T09:26:32","slug":"kit-de-5-bandes-latex-dexercice","status":"publish","type":"product","link":"https:\/\/yallafid.com\/?product=kit-de-5-bandes-latex-dexercice","title":{"rendered":"Kit de 5 Bandes latex d\u2019exercice"},"content":{"rendered":"<p style=\"text-align: center;\"><strong>Lot de 5 bandes de r\u00e9sistance de base pour l&rsquo;exercice, bandes de r\u00e9sistance avec 5 forces pour l&rsquo;exercice et la r\u00e9\u00e9ducation, bandes \u00e9lastiques pour entra\u00eenement \u00e0 la maison<\/strong><\/p>\n<ul>\n<li><strong>Lot de 5 bandes de r\u00e9sistance 5 couleurs<\/strong> : qualit\u00e9 sup\u00e9rieure sont disponibles en cinq niveaux de r\u00e9sistance \u00e0 code couleur, de extra l\u00e9ger \u00e0 extra lourd, ce qui permet de choisir facilement la bonne intensit\u00e9 pour votre niveau de fitness. Les d\u00e9butants peuvent commencer avec des bandes plus l\u00e9g\u00e8res, tandis que les utilisateurs avanc\u00e9s peuvent se mettre au d\u00e9fi avec une r\u00e9sistance plus lourde, parfaits pour la musculation, la tonification musculaire, la r\u00e9\u00e9ducation et les entra\u00eenements complets du corps.<\/li>\n<\/ul>\n<p><img loading=\"lazy\" decoding=\"async\" class=\"aligncenter wp-image-2605 size-full\" src=\"https:\/\/yallafid.com\/wp-content\/uploads\/2026\/01\/Kit-Sport-Pack-5-Bandes-latex-dexercice-sport-femme-promotion-tunnipromo-yallafid.jpg\" alt=\"\" width=\"800\" height=\"800\" srcset=\"https:\/\/yallafid.com\/wp-content\/uploads\/2026\/01\/Kit-Sport-Pack-5-Bandes-latex-dexercice-sport-femme-promotion-tunnipromo-yallafid.jpg 800w, https:\/\/yallafid.com\/wp-content\/uploads\/2026\/01\/Kit-Sport-Pack-5-Bandes-latex-dexercice-sport-femme-promotion-tunnipromo-yallafid-300x300.jpg 300w, https:\/\/yallafid.com\/wp-content\/uploads\/2026\/01\/Kit-Sport-Pack-5-Bandes-latex-dexercice-sport-femme-promotion-tunnipromo-yallafid-150x150.jpg 150w, https:\/\/yallafid.com\/wp-content\/uploads\/2026\/01\/Kit-Sport-Pack-5-Bandes-latex-dexercice-sport-femme-promotion-tunnipromo-yallafid-768x768.jpg 768w, https:\/\/yallafid.com\/wp-content\/uploads\/2026\/01\/Kit-Sport-Pack-5-Bandes-latex-dexercice-sport-femme-promotion-tunnipromo-yallafid-600x600.jpg 600w\" sizes=\"auto, (max-width: 800px) 100vw, 800px\" \/><\/p>\n<ul>\n<li><strong>Mat\u00e9riau en latex naturel antid\u00e9rapant<\/strong> : fabriqu\u00e9 \u00e0 partir de latex naturel de haute qualit\u00e9, ces bandes sont douces pour la peau, durables et non toxiques. La surface textur\u00e9e assure une prise en main s\u00fbre pendant les exercices, tandis que le mat\u00e9riau conserve une excellente \u00e9lasticit\u00e9 et un rebond rapide. R\u00e9sistants aux fissures et aux d\u00e9formations, ils offrent une performance durable m\u00eame en cas d&rsquo;\u00e9tirement intense.<\/li>\n<\/ul>\n<p>&nbsp;<\/p>\n<p>&nbsp;<\/p>\n<p><img loading=\"lazy\" decoding=\"async\" class=\"aligncenter wp-image-2604 size-full\" src=\"https:\/\/yallafid.com\/wp-content\/uploads\/2026\/01\/Kit-Sport-Pack-5-Bandes-latex-dexercice-sport-femme-promotion-tunnipromo-yallafid-vente.jpg\" alt=\"\" width=\"800\" height=\"800\" srcset=\"https:\/\/yallafid.com\/wp-content\/uploads\/2026\/01\/Kit-Sport-Pack-5-Bandes-latex-dexercice-sport-femme-promotion-tunnipromo-yallafid-vente.jpg 800w, https:\/\/yallafid.com\/wp-content\/uploads\/2026\/01\/Kit-Sport-Pack-5-Bandes-latex-dexercice-sport-femme-promotion-tunnipromo-yallafid-vente-300x300.jpg 300w, https:\/\/yallafid.com\/wp-content\/uploads\/2026\/01\/Kit-Sport-Pack-5-Bandes-latex-dexercice-sport-femme-promotion-tunnipromo-yallafid-vente-150x150.jpg 150w, https:\/\/yallafid.com\/wp-content\/uploads\/2026\/01\/Kit-Sport-Pack-5-Bandes-latex-dexercice-sport-femme-promotion-tunnipromo-yallafid-vente-768x768.jpg 768w, https:\/\/yallafid.com\/wp-content\/uploads\/2026\/01\/Kit-Sport-Pack-5-Bandes-latex-dexercice-sport-femme-promotion-tunnipromo-yallafid-vente-600x600.jpg 600w\" sizes=\"auto, (max-width: 800px) 100vw, 800px\" \/><\/p>\n<p>&nbsp;<\/p>\n<ul>\n<li><strong>Excellent pour les entra\u00eenements de gym \u00e0 domicile<\/strong> : cet ensemble de bandes de r\u00e9sistance compl\u00e8te toute routine de fitness, que ce soit pour l&rsquo;exercice g\u00e9n\u00e9ral, les \u00e9tirements cibl\u00e9s, le renforcement de la force ou l&rsquo;entra\u00eenement de puissance. Ils engagent efficacement les principaux groupes musculaires tels que les bras, les jambes, les fessiers, le dos et le tronc, ce qui les rend parfaits pour le conditionnement complet du corps, le pilates, le yoga et les exercices de r\u00e9\u00e9ducation \u00e0 la maison ou \u00e0 la salle de sport.<\/li>\n<li><strong>Compagnon d&rsquo;entra\u00eenement complet du corps<\/strong> : mesurant 300 mm x 50 mm avec une circonf\u00e9rence de 600 mm, ces bandes offrent une gamme compl\u00e8te de mouvements pour divers exercices. Convient pour le Pilates, le yoga, la musculation, la physioth\u00e9rapie, la r\u00e9cup\u00e9ration post-partum et le CrossFit, ils aident \u00e0 la r\u00e9\u00e9ducation des blessures tout en am\u00e9liorant la flexibilit\u00e9 et la mobilit\u00e9.<br \/>\n<img loading=\"lazy\" decoding=\"async\" class=\"aligncenter wp-image-2601 size-full\" src=\"https:\/\/yallafid.com\/wp-content\/uploads\/2026\/01\/Kit-Sport-Pack-5-Bandes-latex-dexercice-sport-femme-promotion-tunnipromo-yallafid-vente-en-ligne-cosmos.jpg\" alt=\"\" width=\"800\" height=\"800\" srcset=\"https:\/\/yallafid.com\/wp-content\/uploads\/2026\/01\/Kit-Sport-Pack-5-Bandes-latex-dexercice-sport-femme-promotion-tunnipromo-yallafid-vente-en-ligne-cosmos.jpg 800w, https:\/\/yallafid.com\/wp-content\/uploads\/2026\/01\/Kit-Sport-Pack-5-Bandes-latex-dexercice-sport-femme-promotion-tunnipromo-yallafid-vente-en-ligne-cosmos-300x300.jpg 300w, https:\/\/yallafid.com\/wp-content\/uploads\/2026\/01\/Kit-Sport-Pack-5-Bandes-latex-dexercice-sport-femme-promotion-tunnipromo-yallafid-vente-en-ligne-cosmos-150x150.jpg 150w, https:\/\/yallafid.com\/wp-content\/uploads\/2026\/01\/Kit-Sport-Pack-5-Bandes-latex-dexercice-sport-femme-promotion-tunnipromo-yallafid-vente-en-ligne-cosmos-768x768.jpg 768w, https:\/\/yallafid.com\/wp-content\/uploads\/2026\/01\/Kit-Sport-Pack-5-Bandes-latex-dexercice-sport-femme-promotion-tunnipromo-yallafid-vente-en-ligne-cosmos-600x600.jpg 600w\" sizes=\"auto, (max-width: 800px) 100vw, 800px\" \/><\/li>\n<\/ul>\n<p>&nbsp;<\/p>\n","protected":false},"excerpt":{"rendered":"<ul>\n<li><strong>Type de produit<\/strong> :5 Bandes d\u2019exercice<\/li>\n<li>Offrent 5 niveaux de r\u00e9sistance pour un entra\u00eenement complet du corps<\/li>\n<li>Fabriqu\u00e9s en latex durable<\/li>\n<li>Les bandes \u00e0 code couleur offrent diff\u00e9rents degr\u00e9s de tension<\/li>\n<\/ul>\n","protected":false},"featured_media":2600,"comment_status":"open","ping_status":"closed","template":"","meta":[],"product_brand":[],"product_cat":[176,86],"product_tag":[],"class_list":{"0":"post-2598","1":"product","2":"type-product","3":"status-publish","4":"has-post-thumbnail","6":"product_cat-bandes-latex","7":"product_cat-sport","8":"product_shipping_class-livraison-7-tnd-fix","10":"first","11":"instock","12":"sale","13":"taxable","14":"shipping-taxable","15":"purchasable","16":"product-type-simple"},"jetpack_sharing_enabled":true,"_links":{"self":[{"href":"https:\/\/yallafid.com\/index.php?rest_route=\/wp\/v2\/product\/2598","targetHints":{"allow":["GET"]}}],"collection":[{"href":"https:\/\/yallafid.com\/index.php?rest_route=\/wp\/v2\/product"}],"about":[{"href":"https:\/\/yallafid.com\/index.php?rest_route=\/wp\/v2\/types\/product"}],"replies":[{"embeddable":true,"href":"https:\/\/yallafid.com\/index.php?rest_route=%2Fwp%2Fv2%2Fcomments&post=2598"}],"version-history":[{"count":3,"href":"https:\/\/yallafid.com\/index.php?rest_route=\/wp\/v2\/product\/2598\/revisions"}],"predecessor-version":[{"id":2606,"href":"https:\/\/yallafid.com\/index.php?rest_route=\/wp\/v2\/product\/2598\/revisions\/2606"}],"wp:featuredmedia":[{"embeddable":true,"href":"https:\/\/yallafid.com\/index.php?rest_route=\/wp\/v2\/media\/2600"}],"wp:attachment":[{"href":"https:\/\/yallafid.com\/index.php?rest_route=%2Fwp%2Fv2%2Fmedia&parent=2598"}],"wp:term":[{"taxonomy":"product_brand","embeddable":true,"href":"https:\/\/yallafid.com\/index.php?rest_route=%2Fwp%2Fv2%2Fproduct_brand&post=2598"},{"taxonomy":"product_cat","embeddable":true,"href":"https:\/\/yallafid.com\/index.php?rest_route=%2Fwp%2Fv2%2Fproduct_cat&post=2598"},{"taxonomy":"product_tag","embeddable":true,"href":"https:\/\/yallafid.com\/index.php?rest_route=%2Fwp%2Fv2%2Fproduct_tag&post=2598"}],"curies":[{"name":"wp","href":"https:\/\/api.w.org\/{rel}","templated":true}]}}