{"id":260,"date":"2025-01-14T14:40:29","date_gmt":"2025-01-14T14:40:29","guid":{"rendered":"https:\/\/dummy.xtemos.com\/woodmart2\/marketplace2-elementor\/?post_type=product&#038;p=260"},"modified":"2025-10-23T13:54:36","modified_gmt":"2025-10-23T13:54:36","slug":"pure-volume-mascara","status":"publish","type":"product","link":"https:\/\/yallafid.com\/?product=pure-volume-mascara","title":{"rendered":"Montre connect\u00e9e pour enfant avec GPS"},"content":{"rendered":"<h1 style=\"text-align: center;\"><strong>Enfants Smart Watch IP67 \u00c9tanche &#8211; Montre Intelligente avec Localisateur -Montres Appareil Photo Num\u00e9rique Mobile T\u00e9l\u00e9phone Montre Cadeau Enfants pour Filles Gar\u00e7ons <\/strong><strong>(<\/strong><\/h1>\n<p>&nbsp;<\/p>\n<p>\u231a<strong><span dir=\"auto\" style=\"vertical-align: inherit;\"><span dir=\"auto\" style=\"vertical-align: inherit;\">MONTRE ETANCHE POUR ENFANTS:<\/span><\/span><\/strong><span dir=\"auto\" style=\"vertical-align: inherit;\"><span dir=\"auto\" style=\"vertical-align: inherit;\"> Le t\u00e9l\u00e9phone intelligent de montre d&rsquo;enfants adopte la norme internationale IP67 imperm\u00e9able. Montres intelligentes imperm\u00e9ables pour les gar\u00e7ons et les filles de 3 \u00e0 14 ans.<\/span><\/span><\/p>\n<p><img loading=\"lazy\" decoding=\"async\" class=\"aligncenter wp-image-1992 size-full\" src=\"https:\/\/yallafid.com\/wp-content\/uploads\/2025\/01\/Smartwatch-IP67-Etanche-Montre-Intelligente-enfnat-fille-garcon-gps-yallafid-tunisie-tabarka-nabel-kef-jerba-sousse.jpg\" alt=\"\" width=\"993\" height=\"993\" srcset=\"https:\/\/yallafid.com\/wp-content\/uploads\/2025\/01\/Smartwatch-IP67-Etanche-Montre-Intelligente-enfnat-fille-garcon-gps-yallafid-tunisie-tabarka-nabel-kef-jerba-sousse.jpg 993w, https:\/\/yallafid.com\/wp-content\/uploads\/2025\/01\/Smartwatch-IP67-Etanche-Montre-Intelligente-enfnat-fille-garcon-gps-yallafid-tunisie-tabarka-nabel-kef-jerba-sousse-300x300.jpg 300w, https:\/\/yallafid.com\/wp-content\/uploads\/2025\/01\/Smartwatch-IP67-Etanche-Montre-Intelligente-enfnat-fille-garcon-gps-yallafid-tunisie-tabarka-nabel-kef-jerba-sousse-150x150.jpg 150w, https:\/\/yallafid.com\/wp-content\/uploads\/2025\/01\/Smartwatch-IP67-Etanche-Montre-Intelligente-enfnat-fille-garcon-gps-yallafid-tunisie-tabarka-nabel-kef-jerba-sousse-768x768.jpg 768w, https:\/\/yallafid.com\/wp-content\/uploads\/2025\/01\/Smartwatch-IP67-Etanche-Montre-Intelligente-enfnat-fille-garcon-gps-yallafid-tunisie-tabarka-nabel-kef-jerba-sousse-600x600.jpg 600w\" sizes=\"auto, (max-width: 993px) 100vw, 993px\" \/><br \/>\n\u231a<strong><span dir=\"auto\" style=\"vertical-align: inherit;\"><span dir=\"auto\" style=\"vertical-align: inherit;\">Montre T\u00e9l\u00e9phone enfant<\/span><\/span><\/strong><span dir=\"auto\" style=\"vertical-align: inherit;\"><span dir=\"auto\" style=\"vertical-align: inherit;\"> : La montre LBS Tracker pour enfants est facile \u00e0 utiliser et tr\u00e8s intuitive. Livr\u00e9 avec un c\u00e2ble de charge USB court et un manuel d&rsquo;utilisation.<\/span><\/span><\/p>\n<p>&nbsp;<\/p>\n<p><img loading=\"lazy\" decoding=\"async\" class=\"aligncenter wp-image-1995 size-full\" src=\"https:\/\/yallafid.com\/wp-content\/uploads\/2025\/01\/Smartwatch-IP67-Etanche-Montre-Intelligente-enfnat-fille-garcon-gps-yallafid-tunisie-tabarka.jpg\" alt=\"\" width=\"769\" height=\"770\" srcset=\"https:\/\/yallafid.com\/wp-content\/uploads\/2025\/01\/Smartwatch-IP67-Etanche-Montre-Intelligente-enfnat-fille-garcon-gps-yallafid-tunisie-tabarka.jpg 769w, https:\/\/yallafid.com\/wp-content\/uploads\/2025\/01\/Smartwatch-IP67-Etanche-Montre-Intelligente-enfnat-fille-garcon-gps-yallafid-tunisie-tabarka-300x300.jpg 300w, https:\/\/yallafid.com\/wp-content\/uploads\/2025\/01\/Smartwatch-IP67-Etanche-Montre-Intelligente-enfnat-fille-garcon-gps-yallafid-tunisie-tabarka-150x150.jpg 150w, https:\/\/yallafid.com\/wp-content\/uploads\/2025\/01\/Smartwatch-IP67-Etanche-Montre-Intelligente-enfnat-fille-garcon-gps-yallafid-tunisie-tabarka-600x600.jpg 600w\" sizes=\"auto, (max-width: 769px) 100vw, 769px\" \/><\/p>\n<p>\u231a<strong><span dir=\"auto\" style=\"vertical-align: inherit;\"><span dir=\"auto\" style=\"vertical-align: inherit;\">Conseils<\/span><\/span><\/strong><span dir=\"auto\" style=\"vertical-align: inherit;\"><span dir=\"auto\" style=\"vertical-align: inherit;\"> : Nous fournissons uniquement la montre intelligente, pas de carte SIM, veuillez acheter une carte SIM suppl\u00e9mentaire pour le r\u00e9seau GSM, la fonction GPRS et la fonction d&rsquo;identification de l&rsquo;appelant doivent \u00eatre activ\u00e9es. Elles doivent \u00eatre compatibles avec un trafic de donn\u00e9es de 2G.<\/span><\/span><\/p>\n<p>&nbsp;<\/p>\n<p><img loading=\"lazy\" decoding=\"async\" class=\"aligncenter wp-image-1993 size-full\" src=\"https:\/\/yallafid.com\/wp-content\/uploads\/2025\/01\/Smartwatch-IP67-Etanche-Montre-Intelligente-enfnat-fille-garcon-gps-yallafid-tunisie-tabarka-nabel-kef-jerba.jpg\" alt=\"\" width=\"967\" height=\"968\" srcset=\"https:\/\/yallafid.com\/wp-content\/uploads\/2025\/01\/Smartwatch-IP67-Etanche-Montre-Intelligente-enfnat-fille-garcon-gps-yallafid-tunisie-tabarka-nabel-kef-jerba.jpg 967w, https:\/\/yallafid.com\/wp-content\/uploads\/2025\/01\/Smartwatch-IP67-Etanche-Montre-Intelligente-enfnat-fille-garcon-gps-yallafid-tunisie-tabarka-nabel-kef-jerba-300x300.jpg 300w, https:\/\/yallafid.com\/wp-content\/uploads\/2025\/01\/Smartwatch-IP67-Etanche-Montre-Intelligente-enfnat-fille-garcon-gps-yallafid-tunisie-tabarka-nabel-kef-jerba-150x150.jpg 150w, https:\/\/yallafid.com\/wp-content\/uploads\/2025\/01\/Smartwatch-IP67-Etanche-Montre-Intelligente-enfnat-fille-garcon-gps-yallafid-tunisie-tabarka-nabel-kef-jerba-768x769.jpg 768w, https:\/\/yallafid.com\/wp-content\/uploads\/2025\/01\/Smartwatch-IP67-Etanche-Montre-Intelligente-enfnat-fille-garcon-gps-yallafid-tunisie-tabarka-nabel-kef-jerba-600x600.jpg 600w\" sizes=\"auto, (max-width: 967px) 100vw, 967px\" \/><br \/>\n\u231a<strong><span dir=\"auto\" style=\"vertical-align: inherit;\"><span dir=\"auto\" style=\"vertical-align: inherit;\">FACILE \u00c0 UTILISER<\/span><\/span><\/strong><span dir=\"auto\" style=\"vertical-align: inherit;\"><span dir=\"auto\" style=\"vertical-align: inherit;\"> : La montre LBS Tracker pour enfants est facile \u00e0 utiliser et tr\u00e8s intuitive. Livr\u00e9 avec un c\u00e2ble de charge USB court et un manuel d&rsquo;utilisation.<\/span><\/span><\/p>\n<p>\u231a<strong><span dir=\"auto\" style=\"vertical-align: inherit;\"><span dir=\"auto\" style=\"vertical-align: inherit;\">PROT\u00c9GEZ LA S\u00c9CURIT\u00c9 DE VOTRE ENFANT :<\/span><\/span><\/strong><span dir=\"auto\" style=\"vertical-align: inherit;\"><span dir=\"auto\" style=\"vertical-align: inherit;\"> \u00a0La montre intelligente LBS Tracker pour enfants \u00e9quip\u00e9e de LBS et de syst\u00e8me de g\u00e9olocalisation est synonyme de double s\u00e9curit\u00e9 pour les enfants. Lorsque les enfants sont \u00e0 l&rsquo;ext\u00e9rieur, les parents peuvent suivre leur position en temps r\u00e9el gr\u00e2ce \u00e0 l&rsquo;application \u00ab\u00a0Setracker 2\u00a0\u00bb. Mais lorsque les enfants sont \u00e0 l&rsquo;int\u00e9rieur ou \u00e0 un endroit o\u00f9 le signal LBS est faible, le positionnement comporte des erreurs. En cas de d\u00e9tresse, les enfants peuvent appuyer sur l<\/span><\/span><\/p>\n<p>&nbsp;<\/p>\n<p>&nbsp;<\/p>\n<p><img loading=\"lazy\" decoding=\"async\" class=\"aligncenter wp-image-1991 size-full\" src=\"https:\/\/yallafid.com\/wp-content\/uploads\/2025\/01\/Smartwatch-IP67-Etanche-Montre-Intelligente-enfnat-fille-garcon-gps-yallafid-tunisie-tabarka-nabel-kef-jerba-sousse-hammamaet.jpg\" alt=\"\" width=\"935\" height=\"935\" srcset=\"https:\/\/yallafid.com\/wp-content\/uploads\/2025\/01\/Smartwatch-IP67-Etanche-Montre-Intelligente-enfnat-fille-garcon-gps-yallafid-tunisie-tabarka-nabel-kef-jerba-sousse-hammamaet.jpg 935w, https:\/\/yallafid.com\/wp-content\/uploads\/2025\/01\/Smartwatch-IP67-Etanche-Montre-Intelligente-enfnat-fille-garcon-gps-yallafid-tunisie-tabarka-nabel-kef-jerba-sousse-hammamaet-300x300.jpg 300w, https:\/\/yallafid.com\/wp-content\/uploads\/2025\/01\/Smartwatch-IP67-Etanche-Montre-Intelligente-enfnat-fille-garcon-gps-yallafid-tunisie-tabarka-nabel-kef-jerba-sousse-hammamaet-150x150.jpg 150w, https:\/\/yallafid.com\/wp-content\/uploads\/2025\/01\/Smartwatch-IP67-Etanche-Montre-Intelligente-enfnat-fille-garcon-gps-yallafid-tunisie-tabarka-nabel-kef-jerba-sousse-hammamaet-768x768.jpg 768w, https:\/\/yallafid.com\/wp-content\/uploads\/2025\/01\/Smartwatch-IP67-Etanche-Montre-Intelligente-enfnat-fille-garcon-gps-yallafid-tunisie-tabarka-nabel-kef-jerba-sousse-hammamaet-600x600.jpg 600w\" sizes=\"auto, (max-width: 935px) 100vw, 935px\" \/><\/p>\n<p>&nbsp;<\/p>\n<p>&nbsp;<\/p>\n<h4><\/h4>\n<p>&nbsp;<\/p>\n<p>&nbsp;<\/p>\n","protected":false},"excerpt":{"rendered":"<ul>\n<li><strong><span dir=\"auto\" style=\"vertical-align: inherit;\"><span dir=\"auto\" style=\"vertical-align: inherit;\">Couleur<\/span><\/span><\/strong><span dir=\"auto\" style=\"vertical-align: inherit;\"><span dir=\"auto\" style=\"vertical-align: inherit;\"> : rose-bleu<\/span><\/span><\/li>\n<li><span dir=\"auto\" style=\"vertical-align: inherit;\"><span dir=\"auto\" style=\"vertical-align: inherit;\">IP67 affiche Montre intelligente t\u00e9l\u00e9phone<\/span><\/span><\/li>\n<li><span dir=\"auto\" style=\"vertical-align: inherit;\"><span dir=\"auto\" style=\"vertical-align: inherit;\">Talkie-walkie<\/span><\/span><\/li>\n<li><span dir=\"auto\" style=\"vertical-align: inherit;\"><span dir=\"auto\" style=\"vertical-align: inherit;\">Surveillance \u00e0 distance<\/span><\/span><\/li>\n<li><span dir=\"auto\" style=\"vertical-align: inherit;\"><span dir=\"auto\" style=\"vertical-align: inherit;\">Cam\u00e9ra int\u00e9gr\u00e9e<\/span><\/span><\/li>\n<li><span dir=\"auto\" style=\"vertical-align: inherit;\"><span dir=\"auto\" style=\"vertical-align: inherit;\">R\u00e9pondre et raccrocher<\/span><\/span><\/li>\n<li><span dir=\"auto\" style=\"vertical-align: inherit;\"><span dir=\"auto\" style=\"vertical-align: inherit;\">Zone de s\u00e9curit\u00e9<\/span><\/span><\/li>\n<li><span dir=\"auto\" style=\"vertical-align: inherit;\"><span dir=\"auto\" style=\"vertical-align: inherit;\">P\u00e9riode non perturb\u00e9e<\/span><\/span><\/li>\n<li><span dir=\"auto\" style=\"vertical-align: inherit;\"><span dir=\"auto\" style=\"vertical-align: inherit;\">Rappel de r\u00e9veil<\/span><\/span><\/li>\n<li><span dir=\"auto\" style=\"vertical-align: inherit;\"><span dir=\"auto\" style=\"vertical-align: inherit;\">Fonction Flash Veilleuse<\/span><\/span><\/li>\n<li><span dir=\"auto\" style=\"vertical-align: inherit;\"><span dir=\"auto\" style=\"vertical-align: inherit;\">Alerte SMS<\/span><\/span><\/li>\n<\/ul>\n","protected":false},"featured_media":1997,"comment_status":"open","ping_status":"closed","template":"","meta":[],"product_brand":[],"product_cat":[33,108],"product_tag":[],"class_list":{"0":"post-260","1":"product","2":"type-product","3":"status-publish","4":"has-post-thumbnail","6":"product_cat-bebes-enfants","7":"product_cat-jouets","9":"first","10":"instock","11":"sale","12":"taxable","13":"shipping-taxable","14":"purchasable","15":"product-type-variable"},"jetpack_sharing_enabled":true,"_links":{"self":[{"href":"https:\/\/yallafid.com\/index.php?rest_route=\/wp\/v2\/product\/260","targetHints":{"allow":["GET"]}}],"collection":[{"href":"https:\/\/yallafid.com\/index.php?rest_route=\/wp\/v2\/product"}],"about":[{"href":"https:\/\/yallafid.com\/index.php?rest_route=\/wp\/v2\/types\/product"}],"replies":[{"embeddable":true,"href":"https:\/\/yallafid.com\/index.php?rest_route=%2Fwp%2Fv2%2Fcomments&post=260"}],"version-history":[{"count":3,"href":"https:\/\/yallafid.com\/index.php?rest_route=\/wp\/v2\/product\/260\/revisions"}],"predecessor-version":[{"id":1989,"href":"https:\/\/yallafid.com\/index.php?rest_route=\/wp\/v2\/product\/260\/revisions\/1989"}],"wp:featuredmedia":[{"embeddable":true,"href":"https:\/\/yallafid.com\/index.php?rest_route=\/wp\/v2\/media\/1997"}],"wp:attachment":[{"href":"https:\/\/yallafid.com\/index.php?rest_route=%2Fwp%2Fv2%2Fmedia&parent=260"}],"wp:term":[{"taxonomy":"product_brand","embeddable":true,"href":"https:\/\/yallafid.com\/index.php?rest_route=%2Fwp%2Fv2%2Fproduct_brand&post=260"},{"taxonomy":"product_cat","embeddable":true,"href":"https:\/\/yallafid.com\/index.php?rest_route=%2Fwp%2Fv2%2Fproduct_cat&post=260"},{"taxonomy":"product_tag","embeddable":true,"href":"https:\/\/yallafid.com\/index.php?rest_route=%2Fwp%2Fv2%2Fproduct_tag&post=260"}],"curies":[{"name":"wp","href":"https:\/\/api.w.org\/{rel}","templated":true}]}}