{"id":2608,"date":"2026-01-14T09:36:30","date_gmt":"2026-01-14T09:36:30","guid":{"rendered":"https:\/\/yallafid.com\/?post_type=product&#038;p=2608"},"modified":"2026-01-14T09:36:30","modified_gmt":"2026-01-14T09:36:30","slug":"correcteur-de-posture-electronique-intelligent-a-vibrations","status":"publish","type":"product","link":"https:\/\/yallafid.com\/?product=correcteur-de-posture-electronique-intelligent-a-vibrations","title":{"rendered":"Correcteur de posture \u00e9lectronique intelligent \u00e0 vibrations"},"content":{"rendered":"<h1 style=\"text-align: center;\"><strong>Correcteur de posture \u00e9lectronique intelligent \u00e0 vibrations unisexe avec \u00e9cran LCD gris<\/strong><\/h1>\n<ul>\n<li><strong>Correcteur de posture intelligent \u00e0 induction r\u00e9glable<\/strong> : gr\u00e2ce \u00e0 lui, vous pourrez redresser votre dos. Si vous vous penchez de plus de 25\u00b0 en \u00e9tant assis devant un ordinateur, en regardant la t\u00e9l\u00e9vision ou simplement en marchant, le correcteur se mettra imm\u00e9diatement \u00e0 vibrer.\n<p>&nbsp;<\/li>\n<li>Vous pourrez ainsi am\u00e9liorer votre posture, mais aussi renforcer et tonifier vos muscles pour un alignement correct de la colonne vert\u00e9brale.<\/li>\n<li><strong> Fonctionne sur batterie: <\/strong>Rechargeable via n&rsquo;importe quelle source USB.<\/li>\n<li><strong> Temps de charge<\/strong> : jusqu&rsquo;\u00e0 3 heures.<\/li>\n<li><strong>Autonomie<\/strong> : 150 heures apr\u00e8s une charge compl\u00e8te.<\/li>\n<\/ul>\n","protected":false},"excerpt":{"rendered":"<ul>\n<li>Port\u00e9 confortablement sous ou sur les v\u00eatements<\/li>\n<li>Contribue \u00e0 am\u00e9liorer la posture<\/li>\n<li>\u00a0Dot\u00e9 d&rsquo;une technologie moderne<\/li>\n<li>Peut \u00eatre port\u00e9 toute la journ\u00e9e<\/li>\n<li>Convient aux personnes de tous \u00e2ges<\/li>\n<li>Contribue \u00e0 am\u00e9liorer la circulation sanguine et \u00e0 r\u00e9duire la tension.<\/li>\n<\/ul>\n","protected":false},"featured_media":2611,"comment_status":"open","ping_status":"closed","template":"","meta":[],"product_brand":[],"product_cat":[96,86],"product_tag":[],"class_list":{"0":"post-2608","1":"product","2":"type-product","3":"status-publish","4":"has-post-thumbnail","6":"product_cat-accessoires-sport","7":"product_cat-sport","8":"product_shipping_class-livraison-7-tnd-fix","10":"first","11":"instock","12":"sale","13":"taxable","14":"shipping-taxable","15":"purchasable","16":"product-type-simple"},"jetpack_sharing_enabled":true,"_links":{"self":[{"href":"https:\/\/yallafid.com\/index.php?rest_route=\/wp\/v2\/product\/2608","targetHints":{"allow":["GET"]}}],"collection":[{"href":"https:\/\/yallafid.com\/index.php?rest_route=\/wp\/v2\/product"}],"about":[{"href":"https:\/\/yallafid.com\/index.php?rest_route=\/wp\/v2\/types\/product"}],"replies":[{"embeddable":true,"href":"https:\/\/yallafid.com\/index.php?rest_route=%2Fwp%2Fv2%2Fcomments&post=2608"}],"version-history":[{"count":2,"href":"https:\/\/yallafid.com\/index.php?rest_route=\/wp\/v2\/product\/2608\/revisions"}],"predecessor-version":[{"id":2614,"href":"https:\/\/yallafid.com\/index.php?rest_route=\/wp\/v2\/product\/2608\/revisions\/2614"}],"wp:featuredmedia":[{"embeddable":true,"href":"https:\/\/yallafid.com\/index.php?rest_route=\/wp\/v2\/media\/2611"}],"wp:attachment":[{"href":"https:\/\/yallafid.com\/index.php?rest_route=%2Fwp%2Fv2%2Fmedia&parent=2608"}],"wp:term":[{"taxonomy":"product_brand","embeddable":true,"href":"https:\/\/yallafid.com\/index.php?rest_route=%2Fwp%2Fv2%2Fproduct_brand&post=2608"},{"taxonomy":"product_cat","embeddable":true,"href":"https:\/\/yallafid.com\/index.php?rest_route=%2Fwp%2Fv2%2Fproduct_cat&post=2608"},{"taxonomy":"product_tag","embeddable":true,"href":"https:\/\/yallafid.com\/index.php?rest_route=%2Fwp%2Fv2%2Fproduct_tag&post=2608"}],"curies":[{"name":"wp","href":"https:\/\/api.w.org\/{rel}","templated":true}]}}