{"id":261,"date":"2025-01-14T14:40:29","date_gmt":"2025-01-14T14:40:29","guid":{"rendered":"https:\/\/dummy.xtemos.com\/woodmart2\/marketplace2-elementor\/?post_type=product&#038;p=261"},"modified":"2025-10-23T13:34:55","modified_gmt":"2025-10-23T13:34:55","slug":"hansa-zwm556bh","status":"publish","type":"product","link":"https:\/\/yallafid.com\/?product=hansa-zwm556bh","title":{"rendered":"Tondeuse 12 pi\u00e8ces pour chat et chien"},"content":{"rendered":"<h4><\/h4>\n<h1 style=\"text-align: center;\"><strong><span dir=\"auto\" style=\"vertical-align: inherit;\"><span dir=\"auto\" style=\"vertical-align: inherit;\">\u00a0Pack de tondeuse -Accessoires de toilettage pour chats -Kit de toilettage moderne &#8211; Construction en plastique durable- fournitures de toilettage pour chats<\/span><\/span><\/strong><\/h1>\n<ul>\n<li><span dir=\"auto\" style=\"vertical-align: inherit;\"><span dir=\"auto\" style=\"vertical-align: inherit;\">Kit de toilette pour animaux de compagnie pour chats et chiens<\/span><\/span><\/li>\n<li><span dir=\"auto\" style=\"vertical-align: inherit;\"><span dir=\"auto\" style=\"vertical-align: inherit;\">Aliment\u00e9 par USB\/batterie<\/span><\/span><\/li>\n<li><span dir=\"auto\" style=\"vertical-align: inherit;\"><span dir=\"auto\" style=\"vertical-align: inherit;\">Comprend des ciseaux, des peignes, des brosses et des coupe-ongles<\/span><\/span><\/li>\n<li><span dir=\"auto\" style=\"vertical-align: inherit;\"><span dir=\"auto\" style=\"vertical-align: inherit;\">Id\u00e9al pour toutes les courses et tailles<\/span><\/span><\/li>\n<\/ul>\n<p><img loading=\"lazy\" decoding=\"async\" class=\"aligncenter wp-image-1986 size-full\" src=\"https:\/\/yallafid.com\/wp-content\/uploads\/2025\/01\/tondeuse-animal-chat-chien-pack-soin-vente-en-ligne-tunisie-yallafid-tabarka-Nabel-veterinaire-animalerie-jerba.jpg\" alt=\"\" width=\"957\" height=\"957\" srcset=\"https:\/\/yallafid.com\/wp-content\/uploads\/2025\/01\/tondeuse-animal-chat-chien-pack-soin-vente-en-ligne-tunisie-yallafid-tabarka-Nabel-veterinaire-animalerie-jerba.jpg 957w, https:\/\/yallafid.com\/wp-content\/uploads\/2025\/01\/tondeuse-animal-chat-chien-pack-soin-vente-en-ligne-tunisie-yallafid-tabarka-Nabel-veterinaire-animalerie-jerba-300x300.jpg 300w, https:\/\/yallafid.com\/wp-content\/uploads\/2025\/01\/tondeuse-animal-chat-chien-pack-soin-vente-en-ligne-tunisie-yallafid-tabarka-Nabel-veterinaire-animalerie-jerba-150x150.jpg 150w, https:\/\/yallafid.com\/wp-content\/uploads\/2025\/01\/tondeuse-animal-chat-chien-pack-soin-vente-en-ligne-tunisie-yallafid-tabarka-Nabel-veterinaire-animalerie-jerba-768x768.jpg 768w, https:\/\/yallafid.com\/wp-content\/uploads\/2025\/01\/tondeuse-animal-chat-chien-pack-soin-vente-en-ligne-tunisie-yallafid-tabarka-Nabel-veterinaire-animalerie-jerba-600x600.jpg 600w\" sizes=\"auto, (max-width: 957px) 100vw, 957px\" \/><\/p>\n<p>&nbsp;<\/p>\n<p>&nbsp;<\/p>\n<p>&nbsp;<\/p>\n<p>&nbsp;<\/p>\n<ul>\n<li><strong><span dir=\"auto\" style=\"vertical-align: inherit;\"><span dir=\"auto\" style=\"vertical-align: inherit;\">Liste des colis :<\/span><\/span><\/strong><span dir=\"auto\" style=\"vertical-align: inherit;\"><span dir=\"auto\" style=\"vertical-align: inherit;\">1 x rasoir \u00e9lectrique <\/span><\/span><br \/>\n<span dir=\"auto\" style=\"vertical-align: inherit;\"><span dir=\"auto\" style=\"vertical-align: inherit;\">1 x coupe-ongles pour animaux de compagnie <\/span><\/span><br \/>\n<span dir=\"auto\" style=\"vertical-align: inherit;\"><span dir=\"auto\" style=\"vertical-align: inherit;\">1 x ciseaux <\/span><\/span><br \/>\n<span dir=\"auto\" style=\"vertical-align: inherit;\"><span dir=\"auto\" style=\"vertical-align: inherit;\">4 x peigne de guidage <\/span><\/span><br \/>\n<span dir=\"auto\" style=\"vertical-align: inherit;\"><span dir=\"auto\" style=\"vertical-align: inherit;\">1 x brosse de nettoyage <\/span><\/span><br \/>\n<span dir=\"auto\" style=\"vertical-align: inherit;\"><span dir=\"auto\" style=\"vertical-align: inherit;\">1 x c\u00e2ble de chargement USB <\/span><\/span><br \/>\n<span dir=\"auto\" style=\"vertical-align: inherit;\"><span dir=\"auto\" style=\"vertical-align: inherit;\">1 x manuel en anglais<\/span><\/span><\/li>\n<\/ul>\n<h4><\/h4>\n<p><img loading=\"lazy\" decoding=\"async\" class=\"aligncenter wp-image-1986 size-full\" src=\"https:\/\/yallafid.com\/wp-content\/uploads\/2025\/01\/tondeuse-animal-chat-chien-pack-soin-vente-en-ligne-tunisie-yallafid-tabarka-Nabel-veterinaire-animalerie-jerba.jpg\" alt=\"\" width=\"957\" height=\"957\" srcset=\"https:\/\/yallafid.com\/wp-content\/uploads\/2025\/01\/tondeuse-animal-chat-chien-pack-soin-vente-en-ligne-tunisie-yallafid-tabarka-Nabel-veterinaire-animalerie-jerba.jpg 957w, https:\/\/yallafid.com\/wp-content\/uploads\/2025\/01\/tondeuse-animal-chat-chien-pack-soin-vente-en-ligne-tunisie-yallafid-tabarka-Nabel-veterinaire-animalerie-jerba-300x300.jpg 300w, https:\/\/yallafid.com\/wp-content\/uploads\/2025\/01\/tondeuse-animal-chat-chien-pack-soin-vente-en-ligne-tunisie-yallafid-tabarka-Nabel-veterinaire-animalerie-jerba-150x150.jpg 150w, https:\/\/yallafid.com\/wp-content\/uploads\/2025\/01\/tondeuse-animal-chat-chien-pack-soin-vente-en-ligne-tunisie-yallafid-tabarka-Nabel-veterinaire-animalerie-jerba-768x768.jpg 768w, https:\/\/yallafid.com\/wp-content\/uploads\/2025\/01\/tondeuse-animal-chat-chien-pack-soin-vente-en-ligne-tunisie-yallafid-tabarka-Nabel-veterinaire-animalerie-jerba-600x600.jpg 600w\" sizes=\"auto, (max-width: 957px) 100vw, 957px\" \/><\/p>\n<p>&nbsp;<\/p>\n<p>&nbsp;<\/p>\n<h4><\/h4>\n<p>&nbsp;<\/p>\n<p>&nbsp;<\/p>\n<p>&nbsp;<\/p>\n","protected":false},"excerpt":{"rendered":"<ul>\n<li><strong><span dir=\"auto\" style=\"vertical-align: inherit;\"><span dir=\"auto\" style=\"vertical-align: inherit;\">Dimensions de la tondeuse<\/span><\/span><\/strong><span dir=\"auto\" style=\"vertical-align: inherit;\"><span dir=\"auto\" style=\"vertical-align: inherit;\"> \u00a0 : 18,4 cm<\/span><\/span><\/li>\n<li><strong><span dir=\"auto\" style=\"vertical-align: inherit;\"><span dir=\"auto\" style=\"vertical-align: inherit;\">Dimensions Coupe-ongles<\/span><\/span><\/strong><span dir=\"auto\" style=\"vertical-align: inherit;\"><span dir=\"auto\" style=\"vertical-align: inherit;\"> :11,7 x 4,3 cm<\/span><\/span><\/li>\n<li><strong><span dir=\"auto\" style=\"vertical-align: inherit;\"><span dir=\"auto\" style=\"vertical-align: inherit;\">\u00a0Dimensions Ciseaux<\/span><\/span><\/strong><span dir=\"auto\" style=\"vertical-align: inherit;\"><span dir=\"auto\" style=\"vertical-align: inherit;\"> : . 16,8 x 5,3 cm<\/span><\/span><\/li>\n<li><strong><span dir=\"auto\" style=\"vertical-align: inherit;\"><span dir=\"auto\" style=\"vertical-align: inherit;\">Puissance<\/span><\/span><\/strong><span dir=\"auto\" style=\"vertical-align: inherit;\"><span dir=\"auto\" style=\"vertical-align: inherit;\"> : 3 W<\/span><\/span><\/li>\n<li><strong><span dir=\"auto\" style=\"vertical-align: inherit;\"><span dir=\"auto\" style=\"vertical-align: inherit;\">Tension<\/span><\/span><\/strong><span dir=\"auto\" style=\"vertical-align: inherit;\"><span dir=\"auto\" style=\"vertical-align: inherit;\"> : 3,7 V<\/span><\/span><\/li>\n<li><strong><span dir=\"auto\" style=\"vertical-align: inherit;\"><span dir=\"auto\" style=\"vertical-align: inherit;\">Temps de charge :<\/span><\/span><\/strong><span dir=\"auto\" style=\"vertical-align: inherit;\"><span dir=\"auto\" style=\"vertical-align: inherit;\"> \u00a0 3 h<\/span><\/span><\/li>\n<li><strong><span dir=\"auto\" style=\"vertical-align: inherit;\"><span dir=\"auto\" style=\"vertical-align: inherit;\">Dur\u00e9e de fonctionnement<\/span><\/span><\/strong><span dir=\"auto\" style=\"vertical-align: inherit;\"><span dir=\"auto\" style=\"vertical-align: inherit;\"> : 120 min<\/span><\/span><\/li>\n<li><strong><span dir=\"auto\" style=\"vertical-align: inherit;\"><span dir=\"auto\" style=\"vertical-align: inherit;\">Capacit\u00e9 de la batterie<\/span><\/span><\/strong><span dir=\"auto\" style=\"vertical-align: inherit;\"><span dir=\"auto\" style=\"vertical-align: inherit;\"> : 1500 mAh<\/span><\/span><\/li>\n<li><strong><span dir=\"auto\" style=\"vertical-align: inherit;\"><span dir=\"auto\" style=\"vertical-align: inherit;\">Type de batterie :<\/span><\/span><\/strong><span dir=\"auto\" style=\"vertical-align: inherit;\"><span dir=\"auto\" style=\"vertical-align: inherit;\"> batterie au lithium (livr\u00e9e avec batterie int\u00e9gr\u00e9e)<\/span><\/span><\/li>\n<\/ul>\n","protected":false},"featured_media":1985,"comment_status":"open","ping_status":"closed","template":"","meta":[],"product_brand":[],"product_cat":[139,88],"product_tag":[],"class_list":{"0":"post-261","1":"product","2":"type-product","3":"status-publish","4":"has-post-thumbnail","6":"product_cat-animalerie","7":"product_cat-jardin","8":"product_shipping_class-livraison-7-tnd-fix","10":"first","11":"instock","12":"sale","13":"taxable","14":"shipping-taxable","15":"purchasable","16":"product-type-simple"},"jetpack_sharing_enabled":true,"_links":{"self":[{"href":"https:\/\/yallafid.com\/index.php?rest_route=\/wp\/v2\/product\/261","targetHints":{"allow":["GET"]}}],"collection":[{"href":"https:\/\/yallafid.com\/index.php?rest_route=\/wp\/v2\/product"}],"about":[{"href":"https:\/\/yallafid.com\/index.php?rest_route=\/wp\/v2\/types\/product"}],"replies":[{"embeddable":true,"href":"https:\/\/yallafid.com\/index.php?rest_route=%2Fwp%2Fv2%2Fcomments&post=261"}],"version-history":[{"count":3,"href":"https:\/\/yallafid.com\/index.php?rest_route=\/wp\/v2\/product\/261\/revisions"}],"predecessor-version":[{"id":1988,"href":"https:\/\/yallafid.com\/index.php?rest_route=\/wp\/v2\/product\/261\/revisions\/1988"}],"wp:featuredmedia":[{"embeddable":true,"href":"https:\/\/yallafid.com\/index.php?rest_route=\/wp\/v2\/media\/1985"}],"wp:attachment":[{"href":"https:\/\/yallafid.com\/index.php?rest_route=%2Fwp%2Fv2%2Fmedia&parent=261"}],"wp:term":[{"taxonomy":"product_brand","embeddable":true,"href":"https:\/\/yallafid.com\/index.php?rest_route=%2Fwp%2Fv2%2Fproduct_brand&post=261"},{"taxonomy":"product_cat","embeddable":true,"href":"https:\/\/yallafid.com\/index.php?rest_route=%2Fwp%2Fv2%2Fproduct_cat&post=261"},{"taxonomy":"product_tag","embeddable":true,"href":"https:\/\/yallafid.com\/index.php?rest_route=%2Fwp%2Fv2%2Fproduct_tag&post=261"}],"curies":[{"name":"wp","href":"https:\/\/api.w.org\/{rel}","templated":true}]}}