{"id":2615,"date":"2026-01-14T09:46:59","date_gmt":"2026-01-14T09:46:59","guid":{"rendered":"https:\/\/yallafid.com\/?post_type=product&#038;p=2615"},"modified":"2026-01-14T09:46:59","modified_gmt":"2026-01-14T09:46:59","slug":"tapis-de-yoga-sveltus","status":"publish","type":"product","link":"https:\/\/yallafid.com\/?product=tapis-de-yoga-sveltus","title":{"rendered":"Tapis de yoga Sveltus"},"content":{"rendered":"<h2 style=\"text-align: center;\"><strong>Sveltus Tapis d\u2019exercice avec \u0153illets \u2013 Yoga \u2013 Rose<\/strong><\/h2>\n<p>&nbsp;<\/p>\n<ul>\n<li>Tapis d\u2019exercice Sveltus\u00a0 Yoga offre un amorti mod\u00e9r\u00e9 et un confort suppl\u00e9mentaire pour tout entra\u00eenement au sol.<\/li>\n<li>Facile \u00e0 nettoyer et ranger apr\u00e8s chaque entra\u00eenement, il est peu encombrant et tient dans votre sac de sport.<\/li>\n<li>Confortable et doux, il est id\u00e9al pour tous vos exercices d\u2019a\u00e9robic, yoga, etc.<\/li>\n<\/ul>\n<p><img loading=\"lazy\" decoding=\"async\" class=\"alignnone size-medium wp-image-2618\" src=\"https:\/\/yallafid.com\/wp-content\/uploads\/2026\/01\/Tapis-sport-yoga-femme-rose-promotion-yallafid-tunnipromo-tunisie-3-300x300.jpg\" alt=\"\" width=\"300\" height=\"300\" srcset=\"https:\/\/yallafid.com\/wp-content\/uploads\/2026\/01\/Tapis-sport-yoga-femme-rose-promotion-yallafid-tunnipromo-tunisie-3-300x300.jpg 300w, https:\/\/yallafid.com\/wp-content\/uploads\/2026\/01\/Tapis-sport-yoga-femme-rose-promotion-yallafid-tunnipromo-tunisie-3-150x150.jpg 150w, https:\/\/yallafid.com\/wp-content\/uploads\/2026\/01\/Tapis-sport-yoga-femme-rose-promotion-yallafid-tunnipromo-tunisie-3-768x768.jpg 768w, https:\/\/yallafid.com\/wp-content\/uploads\/2026\/01\/Tapis-sport-yoga-femme-rose-promotion-yallafid-tunnipromo-tunisie-3-600x600.jpg 600w, https:\/\/yallafid.com\/wp-content\/uploads\/2026\/01\/Tapis-sport-yoga-femme-rose-promotion-yallafid-tunnipromo-tunisie-3.jpg 772w\" sizes=\"auto, (max-width: 300px) 100vw, 300px\" \/><img decoding=\"async\" src=\"https:\/\/physiosupplies.ie\/cdn\/shop\/products\/tapigyms-with-eyelets-pink_1_1000x1000.jpg?v=1616340835\" \/>sp<img decoding=\"async\" src=\"https:\/\/physiosupplies.ie\/cdn\/shop\/products\/tapigyms-with-eyelets-pink_1_1000x1000.jpg?v=1616340835\" \/><\/p>\n","protected":false},"excerpt":{"rendered":"<ul>\n<li><strong>Dimensions<\/strong> :\u00a0 170 *60 * 0.5 cm<\/li>\n<li>Confortable et doux<\/li>\n<li>Facile \u00e0 nettoyer<\/li>\n<li>Alv\u00e9oles antid\u00e9rapantes pour un confort garanti<\/li>\n<li>\u0152illets m\u00e9talliques espac\u00e9s de 50 cm.<\/li>\n<li><strong>Couleur:<\/strong> rose<\/li>\n<\/ul>\n","protected":false},"featured_media":2618,"comment_status":"open","ping_status":"closed","template":"","meta":[],"product_brand":[],"product_cat":[96,86],"product_tag":[],"class_list":{"0":"post-2615","1":"product","2":"type-product","3":"status-publish","4":"has-post-thumbnail","6":"product_cat-accessoires-sport","7":"product_cat-sport","8":"product_shipping_class-livraison-7-tnd-fix","10":"first","11":"instock","12":"sale","13":"taxable","14":"shipping-taxable","15":"purchasable","16":"product-type-simple"},"jetpack_sharing_enabled":true,"_links":{"self":[{"href":"https:\/\/yallafid.com\/index.php?rest_route=\/wp\/v2\/product\/2615","targetHints":{"allow":["GET"]}}],"collection":[{"href":"https:\/\/yallafid.com\/index.php?rest_route=\/wp\/v2\/product"}],"about":[{"href":"https:\/\/yallafid.com\/index.php?rest_route=\/wp\/v2\/types\/product"}],"replies":[{"embeddable":true,"href":"https:\/\/yallafid.com\/index.php?rest_route=%2Fwp%2Fv2%2Fcomments&post=2615"}],"version-history":[{"count":2,"href":"https:\/\/yallafid.com\/index.php?rest_route=\/wp\/v2\/product\/2615\/revisions"}],"predecessor-version":[{"id":2621,"href":"https:\/\/yallafid.com\/index.php?rest_route=\/wp\/v2\/product\/2615\/revisions\/2621"}],"wp:featuredmedia":[{"embeddable":true,"href":"https:\/\/yallafid.com\/index.php?rest_route=\/wp\/v2\/media\/2618"}],"wp:attachment":[{"href":"https:\/\/yallafid.com\/index.php?rest_route=%2Fwp%2Fv2%2Fmedia&parent=2615"}],"wp:term":[{"taxonomy":"product_brand","embeddable":true,"href":"https:\/\/yallafid.com\/index.php?rest_route=%2Fwp%2Fv2%2Fproduct_brand&post=2615"},{"taxonomy":"product_cat","embeddable":true,"href":"https:\/\/yallafid.com\/index.php?rest_route=%2Fwp%2Fv2%2Fproduct_cat&post=2615"},{"taxonomy":"product_tag","embeddable":true,"href":"https:\/\/yallafid.com\/index.php?rest_route=%2Fwp%2Fv2%2Fproduct_tag&post=2615"}],"curies":[{"name":"wp","href":"https:\/\/api.w.org\/{rel}","templated":true}]}}