{"id":262,"date":"2025-01-14T14:40:29","date_gmt":"2025-01-14T14:40:29","guid":{"rendered":"https:\/\/dummy.xtemos.com\/woodmart2\/marketplace2-elementor\/?post_type=product&#038;p=262"},"modified":"2025-10-23T10:57:14","modified_gmt":"2025-10-23T10:57:14","slug":"hansa-zwm-536-wh","status":"publish","type":"product","link":"https:\/\/yallafid.com\/?product=hansa-zwm-536-wh","title":{"rendered":"Couette Uni 2 places 220\u00d7240 bleu canard et beige"},"content":{"rendered":"<h1 style=\"text-align: center;\"><strong><span dir=\"auto\" style=\"vertical-align: inherit;\"><span dir=\"auto\" style=\"vertical-align: inherit;\">Linge de lit-couette-Maison-Yallafid<\/span><\/span><\/strong><\/h1>\n<h1 style=\"text-align: center;\"><span style=\"font-size: 18px;\"><span dir=\"auto\" style=\"vertical-align: inherit;\"><span dir=\"auto\" style=\"vertical-align: inherit;\">Pour choisir la taille de sa couette, il est important de prendre en compte les dimensions de son lit et de pr\u00e9voir un d\u00e9bord d&rsquo;environ 30 cm de chaque c\u00f4t\u00e9 pour \u00e9viter l&rsquo;entr\u00e9e d&rsquo;air froid sous la couette pendant le sommeil.<\/span><\/span><\/span><\/h1>\n<p>&nbsp;<\/p>\n<p><img loading=\"lazy\" decoding=\"async\" class=\"aligncenter wp-image-1977 size-full\" src=\"https:\/\/yallafid.com\/wp-content\/uploads\/2025\/01\/couette-lit-maison-decoration-hiver-vente-en-ligne-yallafid-tunisie-tabarka.jpg\" alt=\"\" width=\"679\" height=\"679\" srcset=\"https:\/\/yallafid.com\/wp-content\/uploads\/2025\/01\/couette-lit-maison-decoration-hiver-vente-en-ligne-yallafid-tunisie-tabarka.jpg 679w, https:\/\/yallafid.com\/wp-content\/uploads\/2025\/01\/couette-lit-maison-decoration-hiver-vente-en-ligne-yallafid-tunisie-tabarka-300x300.jpg 300w, https:\/\/yallafid.com\/wp-content\/uploads\/2025\/01\/couette-lit-maison-decoration-hiver-vente-en-ligne-yallafid-tunisie-tabarka-150x150.jpg 150w, https:\/\/yallafid.com\/wp-content\/uploads\/2025\/01\/couette-lit-maison-decoration-hiver-vente-en-ligne-yallafid-tunisie-tabarka-600x600.jpg 600w\" sizes=\"auto, (max-width: 679px) 100vw, 679px\" \/><\/p>\n<p>&nbsp;<\/p>\n<h4><\/h4>\n<p>&nbsp;<\/p>\n<p>&nbsp;<\/p>\n<p>&nbsp;<\/p>\n","protected":false},"excerpt":{"rendered":"<ul>\n<li><strong><span dir=\"auto\" style=\"vertical-align: inherit;\"><span dir=\"auto\" style=\"vertical-align: inherit;\">Inclus :<\/span><\/span><\/strong><span dir=\"auto\" style=\"vertical-align: inherit;\"><span dir=\"auto\" style=\"vertical-align: inherit;\"> Couette 220 x 240+ 2 taies d&rsquo;oreiller 50\u00d770<\/span><\/span><\/li>\n<li><strong><span dir=\"auto\" style=\"vertical-align: inherit;\"><span dir=\"auto\" style=\"vertical-align: inherit;\">Grammage<\/span><\/span><\/strong><span dir=\"auto\" style=\"vertical-align: inherit;\"><span dir=\"auto\" style=\"vertical-align: inherit;\"> : 300 g\/m\u00b2<\/span><\/span><\/li>\n<li><strong><span dir=\"auto\" style=\"vertical-align: inherit;\"><span dir=\"auto\" style=\"vertical-align: inherit;\">Couleur<\/span><\/span><\/strong><span dir=\"auto\" style=\"vertical-align: inherit;\"><span dir=\"auto\" style=\"vertical-align: inherit;\"> :bleu canard et beige<\/span><\/span><\/li>\n<li><strong><span dir=\"auto\" style=\"vertical-align: inherit;\"><span dir=\"auto\" style=\"vertical-align: inherit;\">Tissu<\/span><\/span><\/strong><span dir=\"auto\" style=\"vertical-align: inherit;\"><span dir=\"auto\" style=\"vertical-align: inherit;\"> :Majoritairement Coton<\/span><\/span><\/li>\n<li><strong><span dir=\"auto\" style=\"vertical-align: inherit;\"><span dir=\"auto\" style=\"vertical-align: inherit;\">Dimensions<\/span><\/span><\/strong><span dir=\"auto\" style=\"vertical-align: inherit;\"><span dir=\"auto\" style=\"vertical-align: inherit;\"> (cm) : 220 x 240<\/span><\/span><\/li>\n<li><strong><span dir=\"auto\" style=\"vertical-align: inherit;\"><span dir=\"auto\" style=\"vertical-align: inherit;\">Lavable en machine:<\/span><\/span><\/strong><span dir=\"auto\" style=\"vertical-align: inherit;\"><span dir=\"auto\" style=\"vertical-align: inherit;\"> oui 40\u00b0<\/span><\/span><\/li>\n<li><strong><span dir=\"auto\" style=\"vertical-align: inherit;\"><span dir=\"auto\" style=\"vertical-align: inherit;\">Piquage<\/span><\/span><\/strong><span dir=\"auto\" style=\"vertical-align: inherit;\"><span dir=\"auto\" style=\"vertical-align: inherit;\"> : Carr\u00e9<\/span><\/span><\/li>\n<\/ul>\n","protected":false},"featured_media":1978,"comment_status":"open","ping_status":"closed","template":"","meta":[],"product_brand":[75],"product_cat":[200,136,45],"product_tag":[],"class_list":{"0":"post-262","1":"product","2":"type-product","3":"status-publish","4":"has-post-thumbnail","6":"product_brand-viewsonic","7":"product_cat-couettes","8":"product_cat-linge-lit","9":"product_cat-maison-deco","10":"product_shipping_class-livraison-7-tnd-fix","12":"first","13":"instock","14":"sale","15":"taxable","16":"shipping-taxable","17":"purchasable","18":"product-type-simple"},"jetpack_sharing_enabled":true,"_links":{"self":[{"href":"https:\/\/yallafid.com\/index.php?rest_route=\/wp\/v2\/product\/262","targetHints":{"allow":["GET"]}}],"collection":[{"href":"https:\/\/yallafid.com\/index.php?rest_route=\/wp\/v2\/product"}],"about":[{"href":"https:\/\/yallafid.com\/index.php?rest_route=\/wp\/v2\/types\/product"}],"replies":[{"embeddable":true,"href":"https:\/\/yallafid.com\/index.php?rest_route=%2Fwp%2Fv2%2Fcomments&post=262"}],"version-history":[{"count":3,"href":"https:\/\/yallafid.com\/index.php?rest_route=\/wp\/v2\/product\/262\/revisions"}],"predecessor-version":[{"id":1976,"href":"https:\/\/yallafid.com\/index.php?rest_route=\/wp\/v2\/product\/262\/revisions\/1976"}],"wp:featuredmedia":[{"embeddable":true,"href":"https:\/\/yallafid.com\/index.php?rest_route=\/wp\/v2\/media\/1978"}],"wp:attachment":[{"href":"https:\/\/yallafid.com\/index.php?rest_route=%2Fwp%2Fv2%2Fmedia&parent=262"}],"wp:term":[{"taxonomy":"product_brand","embeddable":true,"href":"https:\/\/yallafid.com\/index.php?rest_route=%2Fwp%2Fv2%2Fproduct_brand&post=262"},{"taxonomy":"product_cat","embeddable":true,"href":"https:\/\/yallafid.com\/index.php?rest_route=%2Fwp%2Fv2%2Fproduct_cat&post=262"},{"taxonomy":"product_tag","embeddable":true,"href":"https:\/\/yallafid.com\/index.php?rest_route=%2Fwp%2Fv2%2Fproduct_tag&post=262"}],"curies":[{"name":"wp","href":"https:\/\/api.w.org\/{rel}","templated":true}]}}