{"id":263,"date":"2025-01-14T14:40:29","date_gmt":"2025-01-14T14:40:29","guid":{"rendered":"https:\/\/dummy.xtemos.com\/woodmart2\/marketplace2-elementor\/?post_type=product&#038;p=263"},"modified":"2025-10-29T10:05:21","modified_gmt":"2025-10-29T10:05:21","slug":"gorenje-gv-561-d10","status":"publish","type":"product","link":"https:\/\/yallafid.com\/?product=gorenje-gv-561-d10","title":{"rendered":"Tondeuse \u00e0 cheveux professionnelle Kemei KM-2273"},"content":{"rendered":"<h2 style=\"text-align: center;\"><strong>Tondeuse \u00e0 cheveux professionnelle Kemei KM-2273- cadeau pour homme\u00a0<\/strong><\/h2>\n<ul>\n<li>Sans fil dot\u00e9e d&rsquo;une lame en T pour une coupe pr\u00e9cise.<\/li>\n<li>Equip\u00e9e d&rsquo;une batterie au lithium de 1800 mAh, offrant une autonomie de 270 minutes apr\u00e8s une charge de 2,5 heures.<\/li>\n<\/ul>\n<p><img loading=\"lazy\" decoding=\"async\" class=\"aligncenter wp-image-2373 size-full\" src=\"https:\/\/yallafid.com\/wp-content\/uploads\/2025\/01\/Ttondeuse-kemei-homme-rechargeable-tunisie-yallafid-vente-en-ligne-sousse.jpg\" alt=\"\" width=\"802\" height=\"802\" srcset=\"https:\/\/yallafid.com\/wp-content\/uploads\/2025\/01\/Ttondeuse-kemei-homme-rechargeable-tunisie-yallafid-vente-en-ligne-sousse.jpg 802w, https:\/\/yallafid.com\/wp-content\/uploads\/2025\/01\/Ttondeuse-kemei-homme-rechargeable-tunisie-yallafid-vente-en-ligne-sousse-300x300.jpg 300w, https:\/\/yallafid.com\/wp-content\/uploads\/2025\/01\/Ttondeuse-kemei-homme-rechargeable-tunisie-yallafid-vente-en-ligne-sousse-150x150.jpg 150w, https:\/\/yallafid.com\/wp-content\/uploads\/2025\/01\/Ttondeuse-kemei-homme-rechargeable-tunisie-yallafid-vente-en-ligne-sousse-768x768.jpg 768w, https:\/\/yallafid.com\/wp-content\/uploads\/2025\/01\/Ttondeuse-kemei-homme-rechargeable-tunisie-yallafid-vente-en-ligne-sousse-600x600.jpg 600w\" sizes=\"auto, (max-width: 802px) 100vw, 802px\" \/><\/p>\n<ul>\n<li>Dispose d&rsquo;un \u00e9cran LCD affichant la puissance restante et la vitesse de rotation (6500 tr\/min).<\/li>\n<li>Le kit comprend trois sabots de coupe de 1 mm, 2 mm et 3 mm, ainsi qu&rsquo;une brosse de nettoyage et un c\u00e2ble de chargement USB.<\/li>\n<\/ul>\n<p><img loading=\"lazy\" decoding=\"async\" class=\"aligncenter wp-image-2372 size-full\" src=\"https:\/\/yallafid.com\/wp-content\/uploads\/2025\/01\/Ttondeuse-kemei-homme-rechargeable-tunisie-yallafid-vente-en-ligne-sousse-jerba.jpg\" alt=\"\" width=\"833\" height=\"833\" srcset=\"https:\/\/yallafid.com\/wp-content\/uploads\/2025\/01\/Ttondeuse-kemei-homme-rechargeable-tunisie-yallafid-vente-en-ligne-sousse-jerba.jpg 833w, https:\/\/yallafid.com\/wp-content\/uploads\/2025\/01\/Ttondeuse-kemei-homme-rechargeable-tunisie-yallafid-vente-en-ligne-sousse-jerba-300x300.jpg 300w, https:\/\/yallafid.com\/wp-content\/uploads\/2025\/01\/Ttondeuse-kemei-homme-rechargeable-tunisie-yallafid-vente-en-ligne-sousse-jerba-150x150.jpg 150w, https:\/\/yallafid.com\/wp-content\/uploads\/2025\/01\/Ttondeuse-kemei-homme-rechargeable-tunisie-yallafid-vente-en-ligne-sousse-jerba-768x768.jpg 768w, https:\/\/yallafid.com\/wp-content\/uploads\/2025\/01\/Ttondeuse-kemei-homme-rechargeable-tunisie-yallafid-vente-en-ligne-sousse-jerba-600x600.jpg 600w\" sizes=\"auto, (max-width: 833px) 100vw, 833px\" \/><\/p>\n<ul>\n<li>La tondeuse est con\u00e7ue pour les hommes et peut \u00eatre utilis\u00e9e pour la coupe de cheveux et l&rsquo;entretien de la barbe.<\/li>\n<\/ul>\n<p><img loading=\"lazy\" decoding=\"async\" class=\"aligncenter wp-image-2370 size-full\" src=\"https:\/\/yallafid.com\/wp-content\/uploads\/2025\/01\/Ttondeuse-kemei-homme-rechargeable-tunisie-yallafid-vente-en-ligne-sousse-jerba-binzaret-EL-KEF.jpg\" alt=\"\" width=\"925\" height=\"925\" srcset=\"https:\/\/yallafid.com\/wp-content\/uploads\/2025\/01\/Ttondeuse-kemei-homme-rechargeable-tunisie-yallafid-vente-en-ligne-sousse-jerba-binzaret-EL-KEF.jpg 925w, https:\/\/yallafid.com\/wp-content\/uploads\/2025\/01\/Ttondeuse-kemei-homme-rechargeable-tunisie-yallafid-vente-en-ligne-sousse-jerba-binzaret-EL-KEF-300x300.jpg 300w, https:\/\/yallafid.com\/wp-content\/uploads\/2025\/01\/Ttondeuse-kemei-homme-rechargeable-tunisie-yallafid-vente-en-ligne-sousse-jerba-binzaret-EL-KEF-150x150.jpg 150w, https:\/\/yallafid.com\/wp-content\/uploads\/2025\/01\/Ttondeuse-kemei-homme-rechargeable-tunisie-yallafid-vente-en-ligne-sousse-jerba-binzaret-EL-KEF-768x768.jpg 768w, https:\/\/yallafid.com\/wp-content\/uploads\/2025\/01\/Ttondeuse-kemei-homme-rechargeable-tunisie-yallafid-vente-en-ligne-sousse-jerba-binzaret-EL-KEF-600x600.jpg 600w\" sizes=\"auto, (max-width: 925px) 100vw, 925px\" \/><\/p>\n<h4><\/h4>\n<p>&nbsp;<\/p>\n<p>&nbsp;<\/p>\n<p>&nbsp;<\/p>\n","protected":false},"excerpt":{"rendered":"<ul>\n<li><strong>\u00a0Marque:<\/strong> Kemei KM-2273<\/li>\n<li><strong>Temps de charge<\/strong> : 2,5 heures<\/li>\n<li><strong>Autonomie<\/strong>\u00a0 : 270 minutes<\/li>\n<li><strong>Capacit\u00e9 de la batterie <\/strong>: batterie au lithium \u00e9cologique de 1800 mAh<\/li>\n<li><strong>Batterie rechargeable<\/strong> : batterie au lithium s\u00e9rie 18650<\/li>\n<\/ul>\n","protected":false},"featured_media":2374,"comment_status":"open","ping_status":"closed","template":"","meta":[],"product_brand":[],"product_cat":[34,44,191],"product_tag":[],"class_list":{"0":"post-263","1":"product","2":"type-product","3":"status-publish","4":"has-post-thumbnail","6":"product_cat-beaute-soins","7":"product_cat-soins-beaute-homme","8":"product_cat-tondeuses-rasoirs","9":"product_shipping_class-livraison-7-tnd-fix","11":"first","12":"instock","13":"sale","14":"taxable","15":"shipping-taxable","16":"purchasable","17":"product-type-simple"},"jetpack_sharing_enabled":true,"_links":{"self":[{"href":"https:\/\/yallafid.com\/index.php?rest_route=\/wp\/v2\/product\/263","targetHints":{"allow":["GET"]}}],"collection":[{"href":"https:\/\/yallafid.com\/index.php?rest_route=\/wp\/v2\/product"}],"about":[{"href":"https:\/\/yallafid.com\/index.php?rest_route=\/wp\/v2\/types\/product"}],"replies":[{"embeddable":true,"href":"https:\/\/yallafid.com\/index.php?rest_route=%2Fwp%2Fv2%2Fcomments&post=263"}],"version-history":[{"count":2,"href":"https:\/\/yallafid.com\/index.php?rest_route=\/wp\/v2\/product\/263\/revisions"}],"predecessor-version":[{"id":2367,"href":"https:\/\/yallafid.com\/index.php?rest_route=\/wp\/v2\/product\/263\/revisions\/2367"}],"wp:featuredmedia":[{"embeddable":true,"href":"https:\/\/yallafid.com\/index.php?rest_route=\/wp\/v2\/media\/2374"}],"wp:attachment":[{"href":"https:\/\/yallafid.com\/index.php?rest_route=%2Fwp%2Fv2%2Fmedia&parent=263"}],"wp:term":[{"taxonomy":"product_brand","embeddable":true,"href":"https:\/\/yallafid.com\/index.php?rest_route=%2Fwp%2Fv2%2Fproduct_brand&post=263"},{"taxonomy":"product_cat","embeddable":true,"href":"https:\/\/yallafid.com\/index.php?rest_route=%2Fwp%2Fv2%2Fproduct_cat&post=263"},{"taxonomy":"product_tag","embeddable":true,"href":"https:\/\/yallafid.com\/index.php?rest_route=%2Fwp%2Fv2%2Fproduct_tag&post=263"}],"curies":[{"name":"wp","href":"https:\/\/api.w.org\/{rel}","templated":true}]}}