{"id":2632,"date":"2026-01-14T10:40:32","date_gmt":"2026-01-14T10:40:32","guid":{"rendered":"https:\/\/yallafid.com\/?post_type=product&#038;p=2632"},"modified":"2026-01-14T10:42:16","modified_gmt":"2026-01-14T10:42:16","slug":"bande-de-pilates-body-sculpture-bleue-avec-poignees","status":"publish","type":"product","link":"https:\/\/yallafid.com\/?product=bande-de-pilates-body-sculpture-bleue-avec-poignees","title":{"rendered":"Bande de Pilates Body Sculpture bleue avec poign\u00e9es."},"content":{"rendered":"<h2 style=\"text-align: center;\"><strong>Pilates Band \u2013 Bleu-sport \u00e0 domicile-Bande de Pilates Body Sculpture bleue avec poign\u00e9es.\u00a0<\/strong><\/h2>\n<ul>\n<li><strong>Polyvalence<\/strong> : Con\u00e7ue pour enrichir les s\u00e9ances de Pilates et augmenter la difficult\u00e9 des \u00e9tirements et des fentes.<br \/>\nObjectifs : Aide \u00e0 tonifier les muscles, \u00e0 br\u00fbler les graisses et \u00e0 affiner la silhouette (ventre, fesses, hanches, bras et dos).<\/li>\n<li><strong>Caract\u00e9ristiques<\/strong> : Comprend des poign\u00e9es ergonomiques et des sangles pour les pieds\/mains pour un maintien en place et une utilisation simple.<\/li>\n<li><strong>Guide d&rsquo;exercices<\/strong> : Des illustrations d&rsquo;exercices sont imprim\u00e9es directement sur la bande pour varier la routine.<\/li>\n<li><strong>Portabilit\u00e9 :<\/strong> Sa conception l\u00e9g\u00e8re et compacte la rend facile \u00e0 transporter<\/li>\n<\/ul>\n<p><img loading=\"lazy\" decoding=\"async\" class=\"aligncenter wp-image-2635 size-full\" src=\"https:\/\/yallafid.com\/wp-content\/uploads\/2026\/01\/Bandes-resistance-pilate-bleur-yallafid-tunnipromo-tunisie-cosmos-sousse-1-2.jpg\" alt=\"\" width=\"847\" height=\"847\" srcset=\"https:\/\/yallafid.com\/wp-content\/uploads\/2026\/01\/Bandes-resistance-pilate-bleur-yallafid-tunnipromo-tunisie-cosmos-sousse-1-2.jpg 847w, https:\/\/yallafid.com\/wp-content\/uploads\/2026\/01\/Bandes-resistance-pilate-bleur-yallafid-tunnipromo-tunisie-cosmos-sousse-1-2-300x300.jpg 300w, https:\/\/yallafid.com\/wp-content\/uploads\/2026\/01\/Bandes-resistance-pilate-bleur-yallafid-tunnipromo-tunisie-cosmos-sousse-1-2-150x150.jpg 150w, https:\/\/yallafid.com\/wp-content\/uploads\/2026\/01\/Bandes-resistance-pilate-bleur-yallafid-tunnipromo-tunisie-cosmos-sousse-1-2-768x768.jpg 768w, https:\/\/yallafid.com\/wp-content\/uploads\/2026\/01\/Bandes-resistance-pilate-bleur-yallafid-tunnipromo-tunisie-cosmos-sousse-1-2-600x600.jpg 600w\" sizes=\"auto, (max-width: 847px) 100vw, 847px\" \/><\/p>\n<p><img loading=\"lazy\" decoding=\"async\" class=\"aligncenter wp-image-2636 size-full\" src=\"https:\/\/yallafid.com\/wp-content\/uploads\/2026\/01\/Bandes-resistance-pilate-bleur-yallafid-tunnipromo-tunisie-cosmos-sousse-5.jpg\" alt=\"\" width=\"689\" height=\"690\" srcset=\"https:\/\/yallafid.com\/wp-content\/uploads\/2026\/01\/Bandes-resistance-pilate-bleur-yallafid-tunnipromo-tunisie-cosmos-sousse-5.jpg 689w, https:\/\/yallafid.com\/wp-content\/uploads\/2026\/01\/Bandes-resistance-pilate-bleur-yallafid-tunnipromo-tunisie-cosmos-sousse-5-300x300.jpg 300w, https:\/\/yallafid.com\/wp-content\/uploads\/2026\/01\/Bandes-resistance-pilate-bleur-yallafid-tunnipromo-tunisie-cosmos-sousse-5-150x150.jpg 150w, https:\/\/yallafid.com\/wp-content\/uploads\/2026\/01\/Bandes-resistance-pilate-bleur-yallafid-tunnipromo-tunisie-cosmos-sousse-5-600x600.jpg 600w\" sizes=\"auto, (max-width: 689px) 100vw, 689px\" \/><\/p>\n","protected":false},"excerpt":{"rendered":"<ul>\n<li>Permet d\u2019effectuer une grande vari\u00e9t\u00e9 d\u2019exercices pour tout le corps<\/li>\n<li>Renforcement musculaire et br\u00fblage de graisses<\/li>\n<li>Facile \u00e0 transporter et \u00e0 ranger, parfait pour les s\u00e9ances \u00e0 domicile ou \u00e0 la salle.<\/li>\n<li>Poign\u00e9es ergonomiques &amp; sangle de s\u00e9curit<\/li>\n<\/ul>\n","protected":false},"featured_media":2633,"comment_status":"open","ping_status":"closed","template":"","meta":[],"product_brand":[],"product_cat":[173,86],"product_tag":[],"class_list":{"0":"post-2632","1":"product","2":"type-product","3":"status-publish","4":"has-post-thumbnail","6":"product_cat-pilate-bandes","7":"product_cat-sport","8":"product_shipping_class-livraison-7-tnd-fix","10":"first","11":"instock","12":"sale","13":"taxable","14":"shipping-taxable","15":"purchasable","16":"product-type-simple"},"jetpack_sharing_enabled":true,"_links":{"self":[{"href":"https:\/\/yallafid.com\/index.php?rest_route=\/wp\/v2\/product\/2632","targetHints":{"allow":["GET"]}}],"collection":[{"href":"https:\/\/yallafid.com\/index.php?rest_route=\/wp\/v2\/product"}],"about":[{"href":"https:\/\/yallafid.com\/index.php?rest_route=\/wp\/v2\/types\/product"}],"replies":[{"embeddable":true,"href":"https:\/\/yallafid.com\/index.php?rest_route=%2Fwp%2Fv2%2Fcomments&post=2632"}],"version-history":[{"count":3,"href":"https:\/\/yallafid.com\/index.php?rest_route=\/wp\/v2\/product\/2632\/revisions"}],"predecessor-version":[{"id":2638,"href":"https:\/\/yallafid.com\/index.php?rest_route=\/wp\/v2\/product\/2632\/revisions\/2638"}],"wp:featuredmedia":[{"embeddable":true,"href":"https:\/\/yallafid.com\/index.php?rest_route=\/wp\/v2\/media\/2633"}],"wp:attachment":[{"href":"https:\/\/yallafid.com\/index.php?rest_route=%2Fwp%2Fv2%2Fmedia&parent=2632"}],"wp:term":[{"taxonomy":"product_brand","embeddable":true,"href":"https:\/\/yallafid.com\/index.php?rest_route=%2Fwp%2Fv2%2Fproduct_brand&post=2632"},{"taxonomy":"product_cat","embeddable":true,"href":"https:\/\/yallafid.com\/index.php?rest_route=%2Fwp%2Fv2%2Fproduct_cat&post=2632"},{"taxonomy":"product_tag","embeddable":true,"href":"https:\/\/yallafid.com\/index.php?rest_route=%2Fwp%2Fv2%2Fproduct_tag&post=2632"}],"curies":[{"name":"wp","href":"https:\/\/api.w.org\/{rel}","templated":true}]}}