{"id":2639,"date":"2026-01-14T11:02:46","date_gmt":"2026-01-14T11:02:46","guid":{"rendered":"https:\/\/yallafid.com\/?post_type=product&#038;p=2639"},"modified":"2026-01-14T11:13:06","modified_gmt":"2026-01-14T11:13:06","slug":"alarme-sans-fil-avec-deux-telecommandes","status":"publish","type":"product","link":"https:\/\/yallafid.com\/?product=alarme-sans-fil-avec-deux-telecommandes","title":{"rendered":"Alarme sans fil avec deux t\u00e9l\u00e9commandes"},"content":{"rendered":"<h2 style=\"text-align: center;\"><strong>Syst\u00e8me d&rsquo;alarme de d\u00e9tecteur de mouvement sans fil avec deux t\u00e9l\u00e9commandes<\/strong><\/h2>\n<ul>\n<li>Id\u00e9al pour prot\u00e9ger les biens contre les intrus.<\/li>\n<li>Peut couvrir les portes avant, arri\u00e8re, garages, hangars, d\u00e9pendances, etc.<\/li>\n<li>Convient \u00e9galement pour une utilisation dans les caravanes et camping-cars.<\/li>\n<li>Le d\u00e9tecteur infrarouge mesure le rayonnement ambiant et d\u00e9clenche le syst\u00e8me d&rsquo;alarme lorsqu&rsquo;un corps humain en mouvement entre dans son champ de vision.<\/li>\n<\/ul>\n<p><img loading=\"lazy\" decoding=\"async\" class=\"aligncenter wp-image-2645 size-full\" src=\"https:\/\/yallafid.com\/wp-content\/uploads\/2026\/01\/Systeme-alarme-sans-fils-yallafid-detecteur-de-mouvment-promotion-tunnipromo-tunisie-4.jpg\" alt=\"\" width=\"753\" height=\"753\" srcset=\"https:\/\/yallafid.com\/wp-content\/uploads\/2026\/01\/Systeme-alarme-sans-fils-yallafid-detecteur-de-mouvment-promotion-tunnipromo-tunisie-4.jpg 753w, https:\/\/yallafid.com\/wp-content\/uploads\/2026\/01\/Systeme-alarme-sans-fils-yallafid-detecteur-de-mouvment-promotion-tunnipromo-tunisie-4-300x300.jpg 300w, https:\/\/yallafid.com\/wp-content\/uploads\/2026\/01\/Systeme-alarme-sans-fils-yallafid-detecteur-de-mouvment-promotion-tunnipromo-tunisie-4-150x150.jpg 150w, https:\/\/yallafid.com\/wp-content\/uploads\/2026\/01\/Systeme-alarme-sans-fils-yallafid-detecteur-de-mouvment-promotion-tunnipromo-tunisie-4-600x600.jpg 600w\" sizes=\"auto, (max-width: 753px) 100vw, 753px\" \/><\/p>\n<p><img loading=\"lazy\" decoding=\"async\" class=\"aligncenter wp-image-2648 size-full\" src=\"https:\/\/yallafid.com\/wp-content\/uploads\/2026\/01\/Systeme-alarme-sans-fils-yallafid-detecteur-de-mouvment-promotion-tunnipromo-tunisie-1.jpg\" alt=\"\" width=\"753\" height=\"753\" srcset=\"https:\/\/yallafid.com\/wp-content\/uploads\/2026\/01\/Systeme-alarme-sans-fils-yallafid-detecteur-de-mouvment-promotion-tunnipromo-tunisie-1.jpg 753w, https:\/\/yallafid.com\/wp-content\/uploads\/2026\/01\/Systeme-alarme-sans-fils-yallafid-detecteur-de-mouvment-promotion-tunnipromo-tunisie-1-300x300.jpg 300w, https:\/\/yallafid.com\/wp-content\/uploads\/2026\/01\/Systeme-alarme-sans-fils-yallafid-detecteur-de-mouvment-promotion-tunnipromo-tunisie-1-150x150.jpg 150w, https:\/\/yallafid.com\/wp-content\/uploads\/2026\/01\/Systeme-alarme-sans-fils-yallafid-detecteur-de-mouvment-promotion-tunnipromo-tunisie-1-600x600.jpg 600w\" sizes=\"auto, (max-width: 753px) 100vw, 753px\" \/><\/p>\n","protected":false},"excerpt":{"rendered":"<ul>\n<li>Le kit comprend un d\u00e9tecteur de mouvement et deux t\u00e9l\u00e9commandes.<\/li>\n<li>Le d\u00e9tecteur utilise un capteur infrarouge passif (PIR) pour d\u00e9tecter les mouvements.<\/li>\n<li>Une sir\u00e8ne int\u00e9gr\u00e9e se d\u00e9clenche en cas de d\u00e9tection de mouvement.<\/li>\n<li>Le d\u00e9tecteur de mouvements est aliment\u00e9 par 4 piles AA (non incluses)<\/li>\n<\/ul>\n","protected":false},"featured_media":2644,"comment_status":"open","ping_status":"closed","template":"","meta":[],"product_brand":[],"product_cat":[146,89],"product_tag":[],"class_list":{"0":"post-2639","1":"product","2":"type-product","3":"status-publish","4":"has-post-thumbnail","6":"product_cat-alarme","7":"product_cat-securite","8":"product_shipping_class-livraison-7-tnd-fix","10":"first","11":"instock","12":"sale","13":"taxable","14":"shipping-taxable","15":"purchasable","16":"product-type-simple"},"jetpack_sharing_enabled":true,"_links":{"self":[{"href":"https:\/\/yallafid.com\/index.php?rest_route=\/wp\/v2\/product\/2639","targetHints":{"allow":["GET"]}}],"collection":[{"href":"https:\/\/yallafid.com\/index.php?rest_route=\/wp\/v2\/product"}],"about":[{"href":"https:\/\/yallafid.com\/index.php?rest_route=\/wp\/v2\/types\/product"}],"replies":[{"embeddable":true,"href":"https:\/\/yallafid.com\/index.php?rest_route=%2Fwp%2Fv2%2Fcomments&post=2639"}],"version-history":[{"count":3,"href":"https:\/\/yallafid.com\/index.php?rest_route=\/wp\/v2\/product\/2639\/revisions"}],"predecessor-version":[{"id":2652,"href":"https:\/\/yallafid.com\/index.php?rest_route=\/wp\/v2\/product\/2639\/revisions\/2652"}],"wp:featuredmedia":[{"embeddable":true,"href":"https:\/\/yallafid.com\/index.php?rest_route=\/wp\/v2\/media\/2644"}],"wp:attachment":[{"href":"https:\/\/yallafid.com\/index.php?rest_route=%2Fwp%2Fv2%2Fmedia&parent=2639"}],"wp:term":[{"taxonomy":"product_brand","embeddable":true,"href":"https:\/\/yallafid.com\/index.php?rest_route=%2Fwp%2Fv2%2Fproduct_brand&post=2639"},{"taxonomy":"product_cat","embeddable":true,"href":"https:\/\/yallafid.com\/index.php?rest_route=%2Fwp%2Fv2%2Fproduct_cat&post=2639"},{"taxonomy":"product_tag","embeddable":true,"href":"https:\/\/yallafid.com\/index.php?rest_route=%2Fwp%2Fv2%2Fproduct_tag&post=2639"}],"curies":[{"name":"wp","href":"https:\/\/api.w.org\/{rel}","templated":true}]}}