{"id":2680,"date":"2026-01-14T12:08:24","date_gmt":"2026-01-14T12:08:24","guid":{"rendered":"https:\/\/yallafid.com\/?post_type=product&#038;p=2680"},"modified":"2026-01-14T12:53:28","modified_gmt":"2026-01-14T12:53:28","slug":"traceur-bluetooth-localisateur-dobjets-gps","status":"publish","type":"product","link":"https:\/\/yallafid.com\/?product=traceur-bluetooth-localisateur-dobjets-gps","title":{"rendered":"Traceur Bluetooth Localisateur d\u2019objets  GPS"},"content":{"rendered":"<h2 style=\"text-align: center;\"><strong>Traceur Bluetooth, \u00e9tiquette, compatible avec Localiser (iOS uniquement), suivi GPS pour cl\u00e9s, portefeuille, bagages, sac \u00e0 dos, enfants, animaux et colliers, avec pile rempla\u00e7able (couleurs assorties).<\/strong><\/h2>\n<p><img loading=\"lazy\" decoding=\"async\" class=\"aligncenter wp-image-2688 size-full\" src=\"https:\/\/yallafid.com\/wp-content\/uploads\/2026\/01\/traceur-gps-localisation-object-enfnat-animal-vente-en-ligne-yallafid-tunisie.jpg\" alt=\"\" width=\"905\" height=\"906\" srcset=\"https:\/\/yallafid.com\/wp-content\/uploads\/2026\/01\/traceur-gps-localisation-object-enfnat-animal-vente-en-ligne-yallafid-tunisie.jpg 905w, https:\/\/yallafid.com\/wp-content\/uploads\/2026\/01\/traceur-gps-localisation-object-enfnat-animal-vente-en-ligne-yallafid-tunisie-300x300.jpg 300w, https:\/\/yallafid.com\/wp-content\/uploads\/2026\/01\/traceur-gps-localisation-object-enfnat-animal-vente-en-ligne-yallafid-tunisie-150x150.jpg 150w, https:\/\/yallafid.com\/wp-content\/uploads\/2026\/01\/traceur-gps-localisation-object-enfnat-animal-vente-en-ligne-yallafid-tunisie-768x769.jpg 768w, https:\/\/yallafid.com\/wp-content\/uploads\/2026\/01\/traceur-gps-localisation-object-enfnat-animal-vente-en-ligne-yallafid-tunisie-600x600.jpg 600w\" sizes=\"auto, (max-width: 905px) 100vw, 905px\" \/><\/p>\n<ul>\n<li><strong>Ne perdez plus jamais rien<\/strong> : Connectez ce petit traceur Bluetooth \u00e0 vos cl\u00e9s, sacs, bagages, appareils, animaux, enfants et bien plus encore. En cas de perte ou d&rsquo;\u00e9garement, l&rsquo;application \u00ab Localiser \u00bb vous aidera \u00e0 retrouver vos objets dans un rayon de 75 m\u00e8tres.<\/li>\n<li><strong>Positionnement pr\u00e9cis:<\/strong> Utilisez le haut-parleur int\u00e9gr\u00e9 pour \u00e9mettre un bip sonore puissant lorsque l&rsquo;objet est \u00e0 port\u00e9e, ou v\u00e9rifiez son emplacement pr\u00e9cis sur la carte dans l&rsquo;application pour le r\u00e9cup\u00e9rer facilement.<\/li>\n<\/ul>\n<p><img loading=\"lazy\" decoding=\"async\" class=\"aligncenter wp-image-2683 size-full\" src=\"https:\/\/yallafid.com\/wp-content\/uploads\/2026\/01\/traceur-gps-localisation-object-enfnat-animal-adultes-vente-en-ligne-yallafid-tunisie.jpg\" alt=\"\" width=\"951\" height=\"951\" srcset=\"https:\/\/yallafid.com\/wp-content\/uploads\/2026\/01\/traceur-gps-localisation-object-enfnat-animal-adultes-vente-en-ligne-yallafid-tunisie.jpg 951w, https:\/\/yallafid.com\/wp-content\/uploads\/2026\/01\/traceur-gps-localisation-object-enfnat-animal-adultes-vente-en-ligne-yallafid-tunisie-300x300.jpg 300w, https:\/\/yallafid.com\/wp-content\/uploads\/2026\/01\/traceur-gps-localisation-object-enfnat-animal-adultes-vente-en-ligne-yallafid-tunisie-150x150.jpg 150w, https:\/\/yallafid.com\/wp-content\/uploads\/2026\/01\/traceur-gps-localisation-object-enfnat-animal-adultes-vente-en-ligne-yallafid-tunisie-768x768.jpg 768w, https:\/\/yallafid.com\/wp-content\/uploads\/2026\/01\/traceur-gps-localisation-object-enfnat-animal-adultes-vente-en-ligne-yallafid-tunisie-600x600.jpg 600w\" sizes=\"auto, (max-width: 951px) 100vw, 951px\" \/><\/p>\n<ul>\n<li><strong>Traqueur intelligent Bluetooth ultra-mince:<\/strong> Un mini traceur GPS ne pesant que 0,25 once, adapt\u00e9 aux portefeuilles, sacs \u00e0 dos, valises, voitures, cl\u00e9s, bagages et \u00e0 tout autre objet pour lequel vous souhaitez conna\u00eetre votre position.<\/li>\n<li>\u00a0Notre service client est \u00e0 votre disposition. Pour toute question, n&rsquo;h\u00e9sitez pas \u00e0 nous contacter @YALLAFID<\/li>\n<\/ul>\n<p><img loading=\"lazy\" decoding=\"async\" class=\"aligncenter wp-image-2690 size-full\" src=\"https:\/\/yallafid.com\/wp-content\/uploads\/2026\/01\/traceur-gps-localisation-object-enfnat-animal-adultes-yallafid-tunisie-promotion.jpg\" alt=\"\" width=\"877\" height=\"877\" srcset=\"https:\/\/yallafid.com\/wp-content\/uploads\/2026\/01\/traceur-gps-localisation-object-enfnat-animal-adultes-yallafid-tunisie-promotion.jpg 877w, https:\/\/yallafid.com\/wp-content\/uploads\/2026\/01\/traceur-gps-localisation-object-enfnat-animal-adultes-yallafid-tunisie-promotion-300x300.jpg 300w, https:\/\/yallafid.com\/wp-content\/uploads\/2026\/01\/traceur-gps-localisation-object-enfnat-animal-adultes-yallafid-tunisie-promotion-150x150.jpg 150w, https:\/\/yallafid.com\/wp-content\/uploads\/2026\/01\/traceur-gps-localisation-object-enfnat-animal-adultes-yallafid-tunisie-promotion-768x768.jpg 768w, https:\/\/yallafid.com\/wp-content\/uploads\/2026\/01\/traceur-gps-localisation-object-enfnat-animal-adultes-yallafid-tunisie-promotion-600x600.jpg 600w\" sizes=\"auto, (max-width: 877px) 100vw, 877px\" \/><\/p>\n","protected":false},"excerpt":{"rendered":"<ul>\n<li><strong>Type de produit<\/strong> : traceur -Gps<\/li>\n<li><strong>Connectivit\u00e9<\/strong> : Bluetooth<\/li>\n<li><strong>Mati\u00e8re<\/strong> :Plastique<\/li>\n<li><strong>Couleur<\/strong> : vert<\/li>\n<li>Etanche<\/li>\n<li><strong>Convient<\/strong> :pour la course de nuit en plein air, les enfants- les animaux -localisation des objets<\/li>\n<\/ul>\n","protected":false},"featured_media":2684,"comment_status":"open","ping_status":"closed","template":"","meta":[],"product_brand":[],"product_cat":[89],"product_tag":[],"class_list":{"0":"post-2680","1":"product","2":"type-product","3":"status-publish","4":"has-post-thumbnail","6":"product_cat-securite","7":"product_shipping_class-livraison-7-tnd-fix","9":"first","10":"instock","11":"sale","12":"taxable","13":"shipping-taxable","14":"purchasable","15":"product-type-simple"},"jetpack_sharing_enabled":true,"_links":{"self":[{"href":"https:\/\/yallafid.com\/index.php?rest_route=\/wp\/v2\/product\/2680","targetHints":{"allow":["GET"]}}],"collection":[{"href":"https:\/\/yallafid.com\/index.php?rest_route=\/wp\/v2\/product"}],"about":[{"href":"https:\/\/yallafid.com\/index.php?rest_route=\/wp\/v2\/types\/product"}],"replies":[{"embeddable":true,"href":"https:\/\/yallafid.com\/index.php?rest_route=%2Fwp%2Fv2%2Fcomments&post=2680"}],"version-history":[{"count":3,"href":"https:\/\/yallafid.com\/index.php?rest_route=\/wp\/v2\/product\/2680\/revisions"}],"predecessor-version":[{"id":2693,"href":"https:\/\/yallafid.com\/index.php?rest_route=\/wp\/v2\/product\/2680\/revisions\/2693"}],"wp:featuredmedia":[{"embeddable":true,"href":"https:\/\/yallafid.com\/index.php?rest_route=\/wp\/v2\/media\/2684"}],"wp:attachment":[{"href":"https:\/\/yallafid.com\/index.php?rest_route=%2Fwp%2Fv2%2Fmedia&parent=2680"}],"wp:term":[{"taxonomy":"product_brand","embeddable":true,"href":"https:\/\/yallafid.com\/index.php?rest_route=%2Fwp%2Fv2%2Fproduct_brand&post=2680"},{"taxonomy":"product_cat","embeddable":true,"href":"https:\/\/yallafid.com\/index.php?rest_route=%2Fwp%2Fv2%2Fproduct_cat&post=2680"},{"taxonomy":"product_tag","embeddable":true,"href":"https:\/\/yallafid.com\/index.php?rest_route=%2Fwp%2Fv2%2Fproduct_tag&post=2680"}],"curies":[{"name":"wp","href":"https:\/\/api.w.org\/{rel}","templated":true}]}}