{"id":2701,"date":"2026-01-14T13:25:18","date_gmt":"2026-01-14T13:25:18","guid":{"rendered":"https:\/\/yallafid.com\/?post_type=product&#038;p=2701"},"modified":"2026-01-14T13:25:18","modified_gmt":"2026-01-14T13:25:18","slug":"mini-camera-wi-fi-sans-fil-hd-1080p","status":"publish","type":"product","link":"https:\/\/yallafid.com\/?product=mini-camera-wi-fi-sans-fil-hd-1080p","title":{"rendered":"Mini cam\u00e9ra Wi-Fi sans fil HD 1080P"},"content":{"rendered":"<h1 style=\"text-align: center;\"><strong>Mini cam\u00e9raWIFI- sans fils-petite-s\u00e9curit\u00e9-YALLAFID<\/strong><\/h1>\n<ul>\n<li><strong>Connectivit\u00e9 sans fil<\/strong><br \/>\nProfitez d&rsquo;un acc\u00e8s sans fil transparent gr\u00e2ce \u00e0 la connectivit\u00e9 WiFi, ce qui facilite la surveillance des activit\u00e9s \u00e0 distance via une application d\u00e9di\u00e9e, parfaite pour la s\u00e9curit\u00e9 domestique.<\/li>\n<li><strong>Vid\u00e9o Haute D\u00e9finition<\/strong><br \/>\nCapturez des images nettes et claires avec une r\u00e9solution HD 1080 P, garantissant des enregistrements d\u00e9taill\u00e9s qui vous permettent de garder un \u0153il sur vos proches ou vos biens avec clart\u00e9.<\/li>\n<li><strong>Conception compacte<\/strong><br \/>\nLa petite taille permet un placement discret n&rsquo;importe o\u00f9, ce qui fait de cet appareil photo un choix id\u00e9al pour la surveillance cach\u00e9e tout en conservant la fonctionnalit\u00e9 sans attirer l&rsquo;attention.<\/li>\n<\/ul>\n<p><img loading=\"lazy\" decoding=\"async\" class=\"aligncenter wp-image-2702 size-full\" src=\"https:\/\/yallafid.com\/wp-content\/uploads\/2026\/01\/mini-camera-wifi-promotiontunisie-yallafid-vente-sans-fils-vente-en-ligne-cosmos-sousse-nabeul-kef.jpg\" alt=\"\" width=\"800\" height=\"800\" srcset=\"https:\/\/yallafid.com\/wp-content\/uploads\/2026\/01\/mini-camera-wifi-promotiontunisie-yallafid-vente-sans-fils-vente-en-ligne-cosmos-sousse-nabeul-kef.jpg 800w, https:\/\/yallafid.com\/wp-content\/uploads\/2026\/01\/mini-camera-wifi-promotiontunisie-yallafid-vente-sans-fils-vente-en-ligne-cosmos-sousse-nabeul-kef-300x300.jpg 300w, https:\/\/yallafid.com\/wp-content\/uploads\/2026\/01\/mini-camera-wifi-promotiontunisie-yallafid-vente-sans-fils-vente-en-ligne-cosmos-sousse-nabeul-kef-150x150.jpg 150w, https:\/\/yallafid.com\/wp-content\/uploads\/2026\/01\/mini-camera-wifi-promotiontunisie-yallafid-vente-sans-fils-vente-en-ligne-cosmos-sousse-nabeul-kef-768x768.jpg 768w, https:\/\/yallafid.com\/wp-content\/uploads\/2026\/01\/mini-camera-wifi-promotiontunisie-yallafid-vente-sans-fils-vente-en-ligne-cosmos-sousse-nabeul-kef-600x600.jpg 600w\" sizes=\"auto, (max-width: 800px) 100vw, 800px\" \/><\/p>\n<p><strong>Comment puis-je connecter la Mini\u00a0 Camera au WiFi ?<\/strong><\/p>\n<p>Connecter la mini cam\u00e9ra espion au WiFi est simple. Tout d&rsquo;abord, t\u00e9l\u00e9chargez l&rsquo;application associ\u00e9e sur votre smartphone. Ensuite, mettez la cam\u00e9ra sous tension et utilisez l&rsquo;application pour rechercher le signal WiFi de la cam\u00e9ra. Suivez les instructions \u00e0 l&rsquo;\u00e9cran pour connecter la cam\u00e9ra \u00e0 votre r\u00e9seau domestique. Cette capacit\u00e9 sans fil permet la diffusion en direct et la visualisation \u00e0 distance, ce qui la rend pratique pour surveiller votre espace depuis n&rsquo;importe o\u00f9.<\/p>\n<p>&nbsp;<\/p>\n<p><img loading=\"lazy\" decoding=\"async\" class=\"aligncenter wp-image-2703 size-full\" src=\"https:\/\/yallafid.com\/wp-content\/uploads\/2026\/01\/mini-camera-wifi-promotiontunisie-yallafid-vente-sans-fils-vente-en-ligne-cosmos-sousse-nabeul.jpg\" alt=\"\" width=\"800\" height=\"800\" srcset=\"https:\/\/yallafid.com\/wp-content\/uploads\/2026\/01\/mini-camera-wifi-promotiontunisie-yallafid-vente-sans-fils-vente-en-ligne-cosmos-sousse-nabeul.jpg 800w, https:\/\/yallafid.com\/wp-content\/uploads\/2026\/01\/mini-camera-wifi-promotiontunisie-yallafid-vente-sans-fils-vente-en-ligne-cosmos-sousse-nabeul-300x300.jpg 300w, https:\/\/yallafid.com\/wp-content\/uploads\/2026\/01\/mini-camera-wifi-promotiontunisie-yallafid-vente-sans-fils-vente-en-ligne-cosmos-sousse-nabeul-150x150.jpg 150w, https:\/\/yallafid.com\/wp-content\/uploads\/2026\/01\/mini-camera-wifi-promotiontunisie-yallafid-vente-sans-fils-vente-en-ligne-cosmos-sousse-nabeul-768x768.jpg 768w, https:\/\/yallafid.com\/wp-content\/uploads\/2026\/01\/mini-camera-wifi-promotiontunisie-yallafid-vente-sans-fils-vente-en-ligne-cosmos-sousse-nabeul-600x600.jpg 600w\" sizes=\"auto, (max-width: 800px) 100vw, 800px\" \/><\/p>\n","protected":false},"excerpt":{"rendered":"<ul>\n<li><strong>Technologie de connectivit\u00e9<\/strong>: Sans fil<\/li>\n<li><strong>Appareils compatibles:<\/strong>\u00a0Smartphone<\/li>\n<li><strong>R\u00e9solution d\u2019enregistrement vid\u00e9o<\/strong>: 1080p<\/li>\n<li><strong>Dimensions :<\/strong>\u00a043*35*25 mm<\/li>\n<li>Equip\u00e9e d\u2019un aimant int\u00e9gr\u00e9 qui vous permet de la placer n\u2019importe o\u00f9.<\/li>\n<li>Rechargeable avec une batterie longue dur\u00e9e<\/li>\n<\/ul>\n","protected":false},"featured_media":2705,"comment_status":"open","ping_status":"closed","template":"","meta":[],"product_brand":[],"product_cat":[149,89],"product_tag":[],"class_list":{"0":"post-2701","1":"product","2":"type-product","3":"status-publish","4":"has-post-thumbnail","6":"product_cat-camera-surveillance","7":"product_cat-securite","8":"product_shipping_class-livraison-7-tnd-fix","10":"first","11":"instock","12":"sale","13":"taxable","14":"shipping-taxable","15":"purchasable","16":"product-type-simple"},"jetpack_sharing_enabled":true,"_links":{"self":[{"href":"https:\/\/yallafid.com\/index.php?rest_route=\/wp\/v2\/product\/2701","targetHints":{"allow":["GET"]}}],"collection":[{"href":"https:\/\/yallafid.com\/index.php?rest_route=\/wp\/v2\/product"}],"about":[{"href":"https:\/\/yallafid.com\/index.php?rest_route=\/wp\/v2\/types\/product"}],"replies":[{"embeddable":true,"href":"https:\/\/yallafid.com\/index.php?rest_route=%2Fwp%2Fv2%2Fcomments&post=2701"}],"version-history":[{"count":2,"href":"https:\/\/yallafid.com\/index.php?rest_route=\/wp\/v2\/product\/2701\/revisions"}],"predecessor-version":[{"id":2709,"href":"https:\/\/yallafid.com\/index.php?rest_route=\/wp\/v2\/product\/2701\/revisions\/2709"}],"wp:featuredmedia":[{"embeddable":true,"href":"https:\/\/yallafid.com\/index.php?rest_route=\/wp\/v2\/media\/2705"}],"wp:attachment":[{"href":"https:\/\/yallafid.com\/index.php?rest_route=%2Fwp%2Fv2%2Fmedia&parent=2701"}],"wp:term":[{"taxonomy":"product_brand","embeddable":true,"href":"https:\/\/yallafid.com\/index.php?rest_route=%2Fwp%2Fv2%2Fproduct_brand&post=2701"},{"taxonomy":"product_cat","embeddable":true,"href":"https:\/\/yallafid.com\/index.php?rest_route=%2Fwp%2Fv2%2Fproduct_cat&post=2701"},{"taxonomy":"product_tag","embeddable":true,"href":"https:\/\/yallafid.com\/index.php?rest_route=%2Fwp%2Fv2%2Fproduct_tag&post=2701"}],"curies":[{"name":"wp","href":"https:\/\/api.w.org\/{rel}","templated":true}]}}