{"id":2710,"date":"2026-01-14T13:41:14","date_gmt":"2026-01-14T13:41:14","guid":{"rendered":"https:\/\/yallafid.com\/?post_type=product&#038;p=2710"},"modified":"2026-01-14T14:12:05","modified_gmt":"2026-01-14T14:12:05","slug":"camera-de-securite-interieure-ip-wi-fi-3mp","status":"publish","type":"product","link":"https:\/\/yallafid.com\/?product=camera-de-securite-interieure-ip-wi-fi-3mp","title":{"rendered":"Cam\u00e9ra de s\u00e9curit\u00e9 int\u00e9rieure IP Wi-Fi 3MP"},"content":{"rendered":"<p style=\"text-align: center;\"><strong>Cam\u00e9ra\u00a0 R\u00e9solution 360\u00b0 omni directionnelle de votre maison, surveillance continue 24h\/24, 7j\/7, \u00e9quip\u00e9e de cam\u00e9ras am\u00e9lior\u00e9es pour enregistrer des vid\u00e9os et des images claires m\u00eame la nuit<\/strong><\/p>\n<ul>\n<li><strong>Cam\u00e9ra audio et vid\u00e9o bidirectionnelle<\/strong> : la cam\u00e9ra est requise avec un \u00e9cran IPS HD de 2,4&Prime;, qui vous permet de passer des appels vid\u00e9o vers l&rsquo;application mobile en cliquant sur le bouton de la cam\u00e9ra. Convient aux enfants\/personnes \u00e2g\u00e9es ou aux personnes \u00e0 mobilit\u00e9 r\u00e9duite<\/li>\n<\/ul>\n<p><img loading=\"lazy\" decoding=\"async\" class=\"aligncenter wp-image-2717 size-full\" src=\"https:\/\/yallafid.com\/wp-content\/uploads\/2026\/01\/camera-promotion-tunisie-vente-en-ligne-rotatif-detecteur-mouvment-wifi-securite-cosmos-.jpg\" alt=\"\" width=\"787\" height=\"787\" srcset=\"https:\/\/yallafid.com\/wp-content\/uploads\/2026\/01\/camera-promotion-tunisie-vente-en-ligne-rotatif-detecteur-mouvment-wifi-securite-cosmos-.jpg 787w, https:\/\/yallafid.com\/wp-content\/uploads\/2026\/01\/camera-promotion-tunisie-vente-en-ligne-rotatif-detecteur-mouvment-wifi-securite-cosmos--300x300.jpg 300w, https:\/\/yallafid.com\/wp-content\/uploads\/2026\/01\/camera-promotion-tunisie-vente-en-ligne-rotatif-detecteur-mouvment-wifi-securite-cosmos--150x150.jpg 150w, https:\/\/yallafid.com\/wp-content\/uploads\/2026\/01\/camera-promotion-tunisie-vente-en-ligne-rotatif-detecteur-mouvment-wifi-securite-cosmos--768x768.jpg 768w, https:\/\/yallafid.com\/wp-content\/uploads\/2026\/01\/camera-promotion-tunisie-vente-en-ligne-rotatif-detecteur-mouvment-wifi-securite-cosmos--600x600.jpg 600w\" sizes=\"auto, (max-width: 787px) 100vw, 787px\" \/><\/p>\n<ul>\n<li><strong>D\u00e9tection de mouvement intelligente et sir\u00e8ne instantan\u00e9e :<\/strong> la cam\u00e9ra d\u00e9tecte intelligemment les personnes, les mouvements, les animaux et les sons inhabituels et envoie un avertissement \u00e0 votre t\u00e9l\u00e9phone et enregistre la vid\u00e9o d&rsquo;alarme dans le cloud<\/li>\n<\/ul>\n<p><img loading=\"lazy\" decoding=\"async\" class=\"aligncenter wp-image-2716 size-full\" src=\"https:\/\/yallafid.com\/wp-content\/uploads\/2026\/01\/camera-promotion-tunisie-vente-en-ligne-rotatif-detecteur-mouvment-wifi-securite-cosmos-sousse-.jpg\" alt=\"\" width=\"787\" height=\"787\" srcset=\"https:\/\/yallafid.com\/wp-content\/uploads\/2026\/01\/camera-promotion-tunisie-vente-en-ligne-rotatif-detecteur-mouvment-wifi-securite-cosmos-sousse-.jpg 787w, https:\/\/yallafid.com\/wp-content\/uploads\/2026\/01\/camera-promotion-tunisie-vente-en-ligne-rotatif-detecteur-mouvment-wifi-securite-cosmos-sousse--300x300.jpg 300w, https:\/\/yallafid.com\/wp-content\/uploads\/2026\/01\/camera-promotion-tunisie-vente-en-ligne-rotatif-detecteur-mouvment-wifi-securite-cosmos-sousse--150x150.jpg 150w, https:\/\/yallafid.com\/wp-content\/uploads\/2026\/01\/camera-promotion-tunisie-vente-en-ligne-rotatif-detecteur-mouvment-wifi-securite-cosmos-sousse--768x768.jpg 768w, https:\/\/yallafid.com\/wp-content\/uploads\/2026\/01\/camera-promotion-tunisie-vente-en-ligne-rotatif-detecteur-mouvment-wifi-securite-cosmos-sousse--600x600.jpg 600w\" sizes=\"auto, (max-width: 787px) 100vw, 787px\" \/><\/p>\n<ul>\n<li><strong>Application de t\u00e9l\u00e9phone am\u00e9lior\u00e9e<\/strong> : prise en charge pour regarder jusqu&rsquo;\u00e0 quatre cam\u00e9ras simultan\u00e9ment dans l&rsquo;application, partager avec votre famille et vos amis \u00e0 tout moment et n&rsquo;importe o\u00f9, les cam\u00e9ras ne peuvent \u00eatre connect\u00e9es qu&rsquo;avec le WiFi 2,4 GHz<\/li>\n<\/ul>\n<p><img loading=\"lazy\" decoding=\"async\" class=\"aligncenter wp-image-2713 size-full\" src=\"https:\/\/yallafid.com\/wp-content\/uploads\/2026\/01\/camera-promotion-tunisie-vente-en-ligne-rotatif-detecteur-mouvment-wifi-securite-cosmos-sousse-nabeul-.jpg\" alt=\"\" width=\"800\" height=\"800\" srcset=\"https:\/\/yallafid.com\/wp-content\/uploads\/2026\/01\/camera-promotion-tunisie-vente-en-ligne-rotatif-detecteur-mouvment-wifi-securite-cosmos-sousse-nabeul-.jpg 800w, https:\/\/yallafid.com\/wp-content\/uploads\/2026\/01\/camera-promotion-tunisie-vente-en-ligne-rotatif-detecteur-mouvment-wifi-securite-cosmos-sousse-nabeul--300x300.jpg 300w, https:\/\/yallafid.com\/wp-content\/uploads\/2026\/01\/camera-promotion-tunisie-vente-en-ligne-rotatif-detecteur-mouvment-wifi-securite-cosmos-sousse-nabeul--150x150.jpg 150w, https:\/\/yallafid.com\/wp-content\/uploads\/2026\/01\/camera-promotion-tunisie-vente-en-ligne-rotatif-detecteur-mouvment-wifi-securite-cosmos-sousse-nabeul--768x768.jpg 768w, https:\/\/yallafid.com\/wp-content\/uploads\/2026\/01\/camera-promotion-tunisie-vente-en-ligne-rotatif-detecteur-mouvment-wifi-securite-cosmos-sousse-nabeul--600x600.jpg 600w\" sizes=\"auto, (max-width: 800px) 100vw, 800px\" \/><\/p>\n<ul>\n<li><strong>Stockage cloud et local en option<\/strong> : le CVR 24\/7 permet aux cam\u00e9ras de maintenir des enregistrements ininterrompus dans le cloud, \u00e9vitant ainsi le risque de perte de clips vid\u00e9o de la carte SD et permettant des recherches rapides en fonction de l&rsquo;heure, du type d&rsquo;\u00e9v\u00e9nement ou du nom de la cam\u00e9ra. Prend en charge une carte SD jusqu&rsquo;\u00e0 128 Go (vendue s\u00e9par\u00e9ment)<\/li>\n<\/ul>\n","protected":false},"excerpt":{"rendered":"<ul>\n<li><span data-huuid=\"13838391635681472124\"><strong>R\u00e9solution :<\/strong>\u00a03MP<\/span><\/li>\n<li><span data-huuid=\"13838391635681471066\"><strong>Connectivit\u00e9 :<\/strong>\u00a0Wi-Fi<\/span><\/li>\n<li><span data-huuid=\"13838391635681470008\"><strong>Audio :<\/strong>\u00a0Bidirectionnel, permettant de parler et d&rsquo;\u00e9couter<\/span><\/li>\n<li><span data-huuid=\"13838391635681468950\"><strong>Fonctionnalit\u00e9s :<\/strong>\u00a0Vision nocturne, d\u00e9tection de mouvement et suivi automatique<\/span><\/li>\n<li><span data-huuid=\"13838391635681471988\"><strong>\u00c9cran :<\/strong>\u00a0Dispose d&rsquo;un \u00e9cran d&rsquo;affichage int\u00e9gr\u00e9 de 2,8 pouces<\/span><\/li>\n<li><strong>Application compatible<\/strong> : ICSee (iOS et Android)<\/li>\n<li><strong>Contenu du colis :<\/strong><br \/>\n1 x Cam\u00e9ra de s\u00e9curit\u00e9 panoramique intelligente V1-301 x support d\u2019installation1 x c\u00e2ble d\u2019alimentation USB<\/li>\n<\/ul>\n","protected":false},"featured_media":2718,"comment_status":"open","ping_status":"closed","template":"","meta":[],"product_brand":[],"product_cat":[149,89],"product_tag":[],"class_list":{"0":"post-2710","1":"product","2":"type-product","3":"status-publish","4":"has-post-thumbnail","6":"product_cat-camera-surveillance","7":"product_cat-securite","8":"product_shipping_class-livraison-7-tnd-fix","10":"first","11":"instock","12":"sale","13":"taxable","14":"shipping-taxable","15":"purchasable","16":"product-type-simple"},"jetpack_sharing_enabled":true,"_links":{"self":[{"href":"https:\/\/yallafid.com\/index.php?rest_route=\/wp\/v2\/product\/2710","targetHints":{"allow":["GET"]}}],"collection":[{"href":"https:\/\/yallafid.com\/index.php?rest_route=\/wp\/v2\/product"}],"about":[{"href":"https:\/\/yallafid.com\/index.php?rest_route=\/wp\/v2\/types\/product"}],"replies":[{"embeddable":true,"href":"https:\/\/yallafid.com\/index.php?rest_route=%2Fwp%2Fv2%2Fcomments&post=2710"}],"version-history":[{"count":2,"href":"https:\/\/yallafid.com\/index.php?rest_route=\/wp\/v2\/product\/2710\/revisions"}],"predecessor-version":[{"id":2720,"href":"https:\/\/yallafid.com\/index.php?rest_route=\/wp\/v2\/product\/2710\/revisions\/2720"}],"wp:featuredmedia":[{"embeddable":true,"href":"https:\/\/yallafid.com\/index.php?rest_route=\/wp\/v2\/media\/2718"}],"wp:attachment":[{"href":"https:\/\/yallafid.com\/index.php?rest_route=%2Fwp%2Fv2%2Fmedia&parent=2710"}],"wp:term":[{"taxonomy":"product_brand","embeddable":true,"href":"https:\/\/yallafid.com\/index.php?rest_route=%2Fwp%2Fv2%2Fproduct_brand&post=2710"},{"taxonomy":"product_cat","embeddable":true,"href":"https:\/\/yallafid.com\/index.php?rest_route=%2Fwp%2Fv2%2Fproduct_cat&post=2710"},{"taxonomy":"product_tag","embeddable":true,"href":"https:\/\/yallafid.com\/index.php?rest_route=%2Fwp%2Fv2%2Fproduct_tag&post=2710"}],"curies":[{"name":"wp","href":"https:\/\/api.w.org\/{rel}","templated":true}]}}