{"id":2721,"date":"2026-01-14T14:11:06","date_gmt":"2026-01-14T14:11:06","guid":{"rendered":"https:\/\/yallafid.com\/?post_type=product&#038;p=2721"},"modified":"2026-01-14T14:11:06","modified_gmt":"2026-01-14T14:11:06","slug":"coffre-fort-camoufle-en-forme-de-livre","status":"publish","type":"product","link":"https:\/\/yallafid.com\/?product=coffre-fort-camoufle-en-forme-de-livre","title":{"rendered":"Coffre-fort camoufl\u00e9 en forme de livre"},"content":{"rendered":"<div id=\"title_feature_div\" class=\"celwidget\" data-feature-name=\"title\" data-csa-c-type=\"widget\" data-csa-c-content-id=\"title\" data-csa-c-slot-id=\"title_feature_div\" data-csa-c-asin=\"B0DC3CJ5GV\" data-csa-c-is-in-initial-active-row=\"false\" data-csa-c-id=\"p5wqld-12nkse-6net9b-eme2tc\" data-cel-widget=\"title_feature_div\">\n<div id=\"titleSection\" class=\"a-section a-spacing-none\">\n<h1 id=\"title\" class=\"a-size-large a-spacing-none\" style=\"text-align: center;\"><strong><span id=\"productTitle\" class=\"a-size-large product-title-word-break\"><span dir=\"auto\">Coffre-fort secret Forme livres et dictionnaires, id\u00e9al pour ranger argent, bijoux, argent, bureau ou domicile. Comprend 2 cl\u00e9s. Mini casier.<\/span><\/span><\/strong><\/h1>\n<ul>\n<li>Livr\u00e9e avec une serrure s\u00e9curis\u00e9e et deux cl\u00e9s pour garantir la s\u00e9curit\u00e9 de vos objets de valeur.<\/li>\n<li>Le coffre-fort en forme de livre est astucieusement dissimul\u00e9 sous l&rsquo;apparence d&rsquo;un v\u00e9ritable livre, offrant une solution de rangement cach\u00e9e et s\u00fbre.<\/li>\n<li>La couverture ext\u00e9rieure est recouverte du m\u00eame mat\u00e9riau qu&rsquo;un livre ordinaire, ce qui lui donne un aspect authentique.<\/li>\n<\/ul>\n<\/div>\n<p><img loading=\"lazy\" decoding=\"async\" class=\"aligncenter wp-image-2725 size-full\" src=\"https:\/\/yallafid.com\/wp-content\/uploads\/2026\/01\/livre-securite-camoufle-promotion-yallafdi-yunisie-promotion-vente-tunisie-4.jpg\" alt=\"\" width=\"721\" height=\"721\" srcset=\"https:\/\/yallafid.com\/wp-content\/uploads\/2026\/01\/livre-securite-camoufle-promotion-yallafdi-yunisie-promotion-vente-tunisie-4.jpg 721w, https:\/\/yallafid.com\/wp-content\/uploads\/2026\/01\/livre-securite-camoufle-promotion-yallafdi-yunisie-promotion-vente-tunisie-4-300x300.jpg 300w, https:\/\/yallafid.com\/wp-content\/uploads\/2026\/01\/livre-securite-camoufle-promotion-yallafdi-yunisie-promotion-vente-tunisie-4-150x150.jpg 150w, https:\/\/yallafid.com\/wp-content\/uploads\/2026\/01\/livre-securite-camoufle-promotion-yallafdi-yunisie-promotion-vente-tunisie-4-600x600.jpg 600w\" sizes=\"auto, (max-width: 721px) 100vw, 721px\" \/><\/p>\n<div id=\"titleSection\" class=\"a-section a-spacing-none\">\n<ul>\n<li>Le coffre m\u00e9tallique robuste \u00e0 l&rsquo;int\u00e9rieur offre un rangement fiable pour vos objets de valeur, assurant ainsi la s\u00e9curit\u00e9 de votre domicile.<\/li>\n<li>\u00a0Con\u00e7u pour ressembler \u00e0 un dictionnaire, ce coffre-fort en forme de livre se range facilement sur une \u00e9tag\u00e8re ou dans un sac \u00e0 main, offrant une solution de rangement discr\u00e8te.<\/li>\n<\/ul>\n<\/div>\n<\/div>\n<div id=\"bylineInfo_feature_div\" class=\"celwidget\" data-feature-name=\"bylineInfo\" data-csa-c-type=\"widget\" data-csa-c-content-id=\"bylineInfo\" data-csa-c-slot-id=\"bylineInfo_feature_div\" data-csa-c-asin=\"B0DC3CJ5GV\" data-csa-c-is-in-initial-active-row=\"false\" data-csa-c-id=\"x2725m-9r8bep-8hht9m-p3yqc1\" data-cel-widget=\"bylineInfo_feature_div\"><\/div>\n<div data-feature-name=\"bylineInfo\" data-csa-c-type=\"widget\" data-csa-c-content-id=\"bylineInfo\" data-csa-c-slot-id=\"bylineInfo_feature_div\" data-csa-c-asin=\"B0DC3CJ5GV\" data-csa-c-is-in-initial-active-row=\"false\" data-csa-c-id=\"x2725m-9r8bep-8hht9m-p3yqc1\" data-cel-widget=\"bylineInfo_feature_div\"><\/div>\n<div data-feature-name=\"bylineInfo\" data-csa-c-type=\"widget\" data-csa-c-content-id=\"bylineInfo\" data-csa-c-slot-id=\"bylineInfo_feature_div\" data-csa-c-asin=\"B0DC3CJ5GV\" data-csa-c-is-in-initial-active-row=\"false\" data-csa-c-id=\"x2725m-9r8bep-8hht9m-p3yqc1\" data-cel-widget=\"bylineInfo_feature_div\"><img loading=\"lazy\" decoding=\"async\" class=\"aligncenter wp-image-2724 size-full\" src=\"https:\/\/yallafid.com\/wp-content\/uploads\/2026\/01\/livre-securite-camoufle-promotion-yallafdi-yunisie-promotion-vente-tunisie-5.jpg\" alt=\"\" width=\"852\" height=\"852\" srcset=\"https:\/\/yallafid.com\/wp-content\/uploads\/2026\/01\/livre-securite-camoufle-promotion-yallafdi-yunisie-promotion-vente-tunisie-5.jpg 852w, https:\/\/yallafid.com\/wp-content\/uploads\/2026\/01\/livre-securite-camoufle-promotion-yallafdi-yunisie-promotion-vente-tunisie-5-300x300.jpg 300w, https:\/\/yallafid.com\/wp-content\/uploads\/2026\/01\/livre-securite-camoufle-promotion-yallafdi-yunisie-promotion-vente-tunisie-5-150x150.jpg 150w, https:\/\/yallafid.com\/wp-content\/uploads\/2026\/01\/livre-securite-camoufle-promotion-yallafdi-yunisie-promotion-vente-tunisie-5-768x768.jpg 768w, https:\/\/yallafid.com\/wp-content\/uploads\/2026\/01\/livre-securite-camoufle-promotion-yallafdi-yunisie-promotion-vente-tunisie-5-600x600.jpg 600w\" sizes=\"auto, (max-width: 852px) 100vw, 852px\" \/><\/div>\n","protected":false},"excerpt":{"rendered":"<ul>\n<li>Design r\u00e9aliste pour se fondre dans une biblioth\u00e8que.<\/li>\n<li>Id\u00e9al pour cacher des objets de valeur, de l&rsquo;argent ou des documents importants \u00e0 la maison ou au bureau.<\/li>\n<li>Dimensions : Dimensions : 240x155x55mm<\/li>\n<li>Fabriqu\u00e9 en m\u00e9tal (acier inoxydable) avec une couverture rigide.<\/li>\n<li>Inclus 2 cl\u00e9s<\/li>\n<\/ul>\n","protected":false},"featured_media":2727,"comment_status":"open","ping_status":"closed","template":"","meta":[],"product_brand":[],"product_cat":[147,89],"product_tag":[],"class_list":{"0":"post-2721","1":"product","2":"type-product","3":"status-publish","4":"has-post-thumbnail","6":"product_cat-boite-securite","7":"product_cat-securite","8":"product_shipping_class-livraison-7-tnd-fix","10":"first","11":"instock","12":"sale","13":"taxable","14":"shipping-taxable","15":"purchasable","16":"product-type-simple"},"jetpack_sharing_enabled":true,"_links":{"self":[{"href":"https:\/\/yallafid.com\/index.php?rest_route=\/wp\/v2\/product\/2721","targetHints":{"allow":["GET"]}}],"collection":[{"href":"https:\/\/yallafid.com\/index.php?rest_route=\/wp\/v2\/product"}],"about":[{"href":"https:\/\/yallafid.com\/index.php?rest_route=\/wp\/v2\/types\/product"}],"replies":[{"embeddable":true,"href":"https:\/\/yallafid.com\/index.php?rest_route=%2Fwp%2Fv2%2Fcomments&post=2721"}],"version-history":[{"count":2,"href":"https:\/\/yallafid.com\/index.php?rest_route=\/wp\/v2\/product\/2721\/revisions"}],"predecessor-version":[{"id":2730,"href":"https:\/\/yallafid.com\/index.php?rest_route=\/wp\/v2\/product\/2721\/revisions\/2730"}],"wp:featuredmedia":[{"embeddable":true,"href":"https:\/\/yallafid.com\/index.php?rest_route=\/wp\/v2\/media\/2727"}],"wp:attachment":[{"href":"https:\/\/yallafid.com\/index.php?rest_route=%2Fwp%2Fv2%2Fmedia&parent=2721"}],"wp:term":[{"taxonomy":"product_brand","embeddable":true,"href":"https:\/\/yallafid.com\/index.php?rest_route=%2Fwp%2Fv2%2Fproduct_brand&post=2721"},{"taxonomy":"product_cat","embeddable":true,"href":"https:\/\/yallafid.com\/index.php?rest_route=%2Fwp%2Fv2%2Fproduct_cat&post=2721"},{"taxonomy":"product_tag","embeddable":true,"href":"https:\/\/yallafid.com\/index.php?rest_route=%2Fwp%2Fv2%2Fproduct_tag&post=2721"}],"curies":[{"name":"wp","href":"https:\/\/api.w.org\/{rel}","templated":true}]}}