{"id":2735,"date":"2026-01-14T14:39:04","date_gmt":"2026-01-14T14:39:04","guid":{"rendered":"https:\/\/yallafid.com\/?post_type=product&#038;p=2735"},"modified":"2026-01-14T14:39:04","modified_gmt":"2026-01-14T14:39:04","slug":"projecteur-led-solaire-avec-detecteur-de-mouvement","status":"publish","type":"product","link":"https:\/\/yallafid.com\/?product=projecteur-led-solaire-avec-detecteur-de-mouvement","title":{"rendered":"Projecteur LED solaire avec d\u00e9tecteur de mouvement"},"content":{"rendered":"<p style=\"text-align: center;\"><strong>Projecteur LED \u2013 Cam\u00e9ra factice \u00e0 lampe solaire JLP 2177 66 SMD<\/strong><\/p>\n<ul>\n<li>Utilise l&rsquo;\u00e9nergie solaire pour se recharger pendant la journ\u00e9e.<\/li>\n<li>S&rsquo;allume automatiquement la nuit.<\/li>\n<li>Dot\u00e9 d&rsquo;un d\u00e9tecteur de mouvement.<\/li>\n<li>Id\u00e9al pour l&rsquo;\u00e9clairage ext\u00e9rieur et la s\u00e9curit\u00e9.<\/li>\n<\/ul>\n<p><img loading=\"lazy\" decoding=\"async\" class=\"aligncenter wp-image-2737 size-full\" src=\"https:\/\/yallafid.com\/wp-content\/uploads\/2026\/01\/camera-factice-detecteur-mouvement-promotion-yallafid-tunisie-nabeul-1.jpg\" alt=\"\" width=\"814\" height=\"814\" srcset=\"https:\/\/yallafid.com\/wp-content\/uploads\/2026\/01\/camera-factice-detecteur-mouvement-promotion-yallafid-tunisie-nabeul-1.jpg 814w, https:\/\/yallafid.com\/wp-content\/uploads\/2026\/01\/camera-factice-detecteur-mouvement-promotion-yallafid-tunisie-nabeul-1-300x300.jpg 300w, https:\/\/yallafid.com\/wp-content\/uploads\/2026\/01\/camera-factice-detecteur-mouvement-promotion-yallafid-tunisie-nabeul-1-150x150.jpg 150w, https:\/\/yallafid.com\/wp-content\/uploads\/2026\/01\/camera-factice-detecteur-mouvement-promotion-yallafid-tunisie-nabeul-1-768x768.jpg 768w, https:\/\/yallafid.com\/wp-content\/uploads\/2026\/01\/camera-factice-detecteur-mouvement-promotion-yallafid-tunisie-nabeul-1-600x600.jpg 600w\" sizes=\"auto, (max-width: 814px) 100vw, 814px\" \/><\/p>\n","protected":false},"excerpt":{"rendered":"<ul>\n<li>Batterie rechargeable par la lumi\u00e8re du soleil<\/li>\n<li>T\u00e9l\u00e9command\u00e9<\/li>\n<li>3 modes d\u2019\u00e9clairage<\/li>\n<li>Lampes LED 10 fois plus \u00e9conomiques<\/li>\n<li>Rayon de d\u00e9tection 5 m<\/li>\n<li>Etanche<\/li>\n<li>Installation facile sans c\u00e2bles<\/li>\n<\/ul>\n","protected":false},"featured_media":2737,"comment_status":"open","ping_status":"closed","template":"","meta":[],"product_brand":[],"product_cat":[149,89],"product_tag":[],"class_list":{"0":"post-2735","1":"product","2":"type-product","3":"status-publish","4":"has-post-thumbnail","6":"product_cat-camera-surveillance","7":"product_cat-securite","8":"product_shipping_class-livraison-7-tnd-fix","10":"first","11":"instock","12":"sale","13":"taxable","14":"shipping-taxable","15":"purchasable","16":"product-type-simple"},"jetpack_sharing_enabled":true,"_links":{"self":[{"href":"https:\/\/yallafid.com\/index.php?rest_route=\/wp\/v2\/product\/2735","targetHints":{"allow":["GET"]}}],"collection":[{"href":"https:\/\/yallafid.com\/index.php?rest_route=\/wp\/v2\/product"}],"about":[{"href":"https:\/\/yallafid.com\/index.php?rest_route=\/wp\/v2\/types\/product"}],"replies":[{"embeddable":true,"href":"https:\/\/yallafid.com\/index.php?rest_route=%2Fwp%2Fv2%2Fcomments&post=2735"}],"version-history":[{"count":2,"href":"https:\/\/yallafid.com\/index.php?rest_route=\/wp\/v2\/product\/2735\/revisions"}],"predecessor-version":[{"id":2743,"href":"https:\/\/yallafid.com\/index.php?rest_route=\/wp\/v2\/product\/2735\/revisions\/2743"}],"wp:featuredmedia":[{"embeddable":true,"href":"https:\/\/yallafid.com\/index.php?rest_route=\/wp\/v2\/media\/2737"}],"wp:attachment":[{"href":"https:\/\/yallafid.com\/index.php?rest_route=%2Fwp%2Fv2%2Fmedia&parent=2735"}],"wp:term":[{"taxonomy":"product_brand","embeddable":true,"href":"https:\/\/yallafid.com\/index.php?rest_route=%2Fwp%2Fv2%2Fproduct_brand&post=2735"},{"taxonomy":"product_cat","embeddable":true,"href":"https:\/\/yallafid.com\/index.php?rest_route=%2Fwp%2Fv2%2Fproduct_cat&post=2735"},{"taxonomy":"product_tag","embeddable":true,"href":"https:\/\/yallafid.com\/index.php?rest_route=%2Fwp%2Fv2%2Fproduct_tag&post=2735"}],"curies":[{"name":"wp","href":"https:\/\/api.w.org\/{rel}","templated":true}]}}