{"id":2744,"date":"2026-01-14T14:45:54","date_gmt":"2026-01-14T14:45:54","guid":{"rendered":"https:\/\/yallafid.com\/?post_type=product&#038;p=2744"},"modified":"2026-01-14T14:45:55","modified_gmt":"2026-01-14T14:45:55","slug":"interphone-filaire-audio-encastrable-double-voix-rl-3208aa","status":"publish","type":"product","link":"https:\/\/yallafid.com\/?product=interphone-filaire-audio-encastrable-double-voix-rl-3208aa","title":{"rendered":"Interphone Filaire Audio Encastrable Double Voix RL-3208AA"},"content":{"rendered":"<p style=\"text-align: center;\"><strong>Interphone Filaire Audio Encastrable Double Voix RL-3208AA<\/strong><\/p>\n<ul>\n<li>Interphone Filaire Audio Encastrable Double Voix &#8211;<\/li>\n<li>R\u00e9f\u00e9rence: RL-3208AA DOUBLE Unit\u00e9 Ext\u00e9rieure<\/li>\n<li>Temp\u00e9rature ambiante: -10\u00b0C ~ +70\u00b0C<\/li>\n<li>Dimension: H19.9*W11.60*D5.7 cm<\/li>\n<li>Dimension pr\u00e9 int\u00e9gr\u00e9e: H16.5*W10*D4 cm<\/li>\n<li>Unit\u00e9 Int\u00e9rieure : Tension d&rsquo;entr\u00e9e: AC 110 ~ 120 V &#8211; 60HZ &amp; AC 220 ~ 240V 50Hz.<\/li>\n<\/ul>\n<p>&nbsp;<\/p>\n<p><img loading=\"lazy\" decoding=\"async\" class=\"aligncenter wp-image-2745 size-full\" src=\"https:\/\/yallafid.com\/wp-content\/uploads\/2026\/01\/interphone-encastrable-maison-bureau-securite-yallafid-tunisie-vente-double-voix.jpg\" alt=\"\" width=\"780\" height=\"780\" srcset=\"https:\/\/yallafid.com\/wp-content\/uploads\/2026\/01\/interphone-encastrable-maison-bureau-securite-yallafid-tunisie-vente-double-voix.jpg 780w, https:\/\/yallafid.com\/wp-content\/uploads\/2026\/01\/interphone-encastrable-maison-bureau-securite-yallafid-tunisie-vente-double-voix-300x300.jpg 300w, https:\/\/yallafid.com\/wp-content\/uploads\/2026\/01\/interphone-encastrable-maison-bureau-securite-yallafid-tunisie-vente-double-voix-150x150.jpg 150w, https:\/\/yallafid.com\/wp-content\/uploads\/2026\/01\/interphone-encastrable-maison-bureau-securite-yallafid-tunisie-vente-double-voix-768x768.jpg 768w, https:\/\/yallafid.com\/wp-content\/uploads\/2026\/01\/interphone-encastrable-maison-bureau-securite-yallafid-tunisie-vente-double-voix-600x600.jpg 600w\" sizes=\"auto, (max-width: 780px) 100vw, 780px\" \/><\/p>\n","protected":false},"excerpt":{"rendered":"<ul>\n<li><strong>Type de produit<\/strong> : Interphone Filaire Audio Encastrable Double Voix\n<div class=\"product-reference\"><\/div>\n<\/li>\n<li>\n<div class=\"product-reference\"><label class=\"label\">R\u00e9f\u00e9rence : <span style=\"font-size: 16px;\">\u00a0<strong>RL-3208AA<\/strong><\/span><\/label><\/div>\n<\/li>\n<\/ul>\n","protected":false},"featured_media":2745,"comment_status":"open","ping_status":"closed","template":"","meta":[],"product_brand":[],"product_cat":[151,89],"product_tag":[],"class_list":{"0":"post-2744","1":"product","2":"type-product","3":"status-publish","4":"has-post-thumbnail","6":"product_cat-interphone","7":"product_cat-securite","8":"product_shipping_class-livraison-7-tnd-fix","10":"first","11":"instock","12":"sale","13":"taxable","14":"shipping-taxable","15":"purchasable","16":"product-type-simple"},"jetpack_sharing_enabled":true,"_links":{"self":[{"href":"https:\/\/yallafid.com\/index.php?rest_route=\/wp\/v2\/product\/2744","targetHints":{"allow":["GET"]}}],"collection":[{"href":"https:\/\/yallafid.com\/index.php?rest_route=\/wp\/v2\/product"}],"about":[{"href":"https:\/\/yallafid.com\/index.php?rest_route=\/wp\/v2\/types\/product"}],"replies":[{"embeddable":true,"href":"https:\/\/yallafid.com\/index.php?rest_route=%2Fwp%2Fv2%2Fcomments&post=2744"}],"version-history":[{"count":2,"href":"https:\/\/yallafid.com\/index.php?rest_route=\/wp\/v2\/product\/2744\/revisions"}],"predecessor-version":[{"id":2747,"href":"https:\/\/yallafid.com\/index.php?rest_route=\/wp\/v2\/product\/2744\/revisions\/2747"}],"wp:featuredmedia":[{"embeddable":true,"href":"https:\/\/yallafid.com\/index.php?rest_route=\/wp\/v2\/media\/2745"}],"wp:attachment":[{"href":"https:\/\/yallafid.com\/index.php?rest_route=%2Fwp%2Fv2%2Fmedia&parent=2744"}],"wp:term":[{"taxonomy":"product_brand","embeddable":true,"href":"https:\/\/yallafid.com\/index.php?rest_route=%2Fwp%2Fv2%2Fproduct_brand&post=2744"},{"taxonomy":"product_cat","embeddable":true,"href":"https:\/\/yallafid.com\/index.php?rest_route=%2Fwp%2Fv2%2Fproduct_cat&post=2744"},{"taxonomy":"product_tag","embeddable":true,"href":"https:\/\/yallafid.com\/index.php?rest_route=%2Fwp%2Fv2%2Fproduct_tag&post=2744"}],"curies":[{"name":"wp","href":"https:\/\/api.w.org\/{rel}","templated":true}]}}