{"id":2760,"date":"2026-01-14T15:51:52","date_gmt":"2026-01-14T15:51:52","guid":{"rendered":"https:\/\/yallafid.com\/?post_type=product&#038;p=2760"},"modified":"2026-01-14T16:01:02","modified_gmt":"2026-01-14T16:01:02","slug":"2760","status":"publish","type":"product","link":"https:\/\/yallafid.com\/?product=2760","title":{"rendered":"Humidificateur portable volcanique"},"content":{"rendered":"<h1 style=\"text-align: center;\"><strong>Humidificateur lampe \u00e0 flamme fra\u00eeche &#8211; bureau et maison silencieuse aromath\u00e9rapie<\/strong><\/h1>\n<p><img loading=\"lazy\" decoding=\"async\" class=\"aligncenter wp-image-2763 size-full\" src=\"https:\/\/yallafid.com\/wp-content\/uploads\/2026\/01\/Diffuseur-dHuiles-Essentielles-Flame-promotion-decora-maison-bureau-yallafid-tunisie-petit-model-2.jpg\" alt=\"\" width=\"846\" height=\"847\" srcset=\"https:\/\/yallafid.com\/wp-content\/uploads\/2026\/01\/Diffuseur-dHuiles-Essentielles-Flame-promotion-decora-maison-bureau-yallafid-tunisie-petit-model-2.jpg 846w, https:\/\/yallafid.com\/wp-content\/uploads\/2026\/01\/Diffuseur-dHuiles-Essentielles-Flame-promotion-decora-maison-bureau-yallafid-tunisie-petit-model-2-300x300.jpg 300w, https:\/\/yallafid.com\/wp-content\/uploads\/2026\/01\/Diffuseur-dHuiles-Essentielles-Flame-promotion-decora-maison-bureau-yallafid-tunisie-petit-model-2-150x150.jpg 150w, https:\/\/yallafid.com\/wp-content\/uploads\/2026\/01\/Diffuseur-dHuiles-Essentielles-Flame-promotion-decora-maison-bureau-yallafid-tunisie-petit-model-2-768x769.jpg 768w, https:\/\/yallafid.com\/wp-content\/uploads\/2026\/01\/Diffuseur-dHuiles-Essentielles-Flame-promotion-decora-maison-bureau-yallafid-tunisie-petit-model-2-600x600.jpg 600w\" sizes=\"auto, (max-width: 846px) 100vw, 846px\" \/><\/p>\n","protected":false},"excerpt":{"rendered":"<ul>\n<li><strong>Type de produit<\/strong>\u00a0:Mini humidificateur portable<\/li>\n<li><strong>Couleur<\/strong>\u00a0: noir<\/li>\n<li><strong>Capacit\u00e9<\/strong> : 300 ml<\/li>\n<li>Rechargeable par USB<\/li>\n<li>Fonctionnement ultra-silencieux<\/li>\n<li>R\u00e9tro\u00e9clairage RGB agr\u00e9able<\/li>\n<li>8 heures de fonctionnement ininterrompu<\/li>\n<\/ul>\n","protected":false},"featured_media":2765,"comment_status":"open","ping_status":"closed","template":"","meta":[],"product_brand":[],"product_cat":[193,45],"product_tag":[],"class_list":{"0":"post-2760","1":"product","2":"type-product","3":"status-publish","4":"has-post-thumbnail","6":"product_cat-diffuseurs","7":"product_cat-maison-deco","8":"product_shipping_class-livraison-7-tnd-fix","10":"first","11":"instock","12":"sale","13":"taxable","14":"shipping-taxable","15":"purchasable","16":"product-type-simple"},"jetpack_sharing_enabled":true,"_links":{"self":[{"href":"https:\/\/yallafid.com\/index.php?rest_route=\/wp\/v2\/product\/2760","targetHints":{"allow":["GET"]}}],"collection":[{"href":"https:\/\/yallafid.com\/index.php?rest_route=\/wp\/v2\/product"}],"about":[{"href":"https:\/\/yallafid.com\/index.php?rest_route=\/wp\/v2\/types\/product"}],"replies":[{"embeddable":true,"href":"https:\/\/yallafid.com\/index.php?rest_route=%2Fwp%2Fv2%2Fcomments&post=2760"}],"version-history":[{"count":3,"href":"https:\/\/yallafid.com\/index.php?rest_route=\/wp\/v2\/product\/2760\/revisions"}],"predecessor-version":[{"id":2767,"href":"https:\/\/yallafid.com\/index.php?rest_route=\/wp\/v2\/product\/2760\/revisions\/2767"}],"wp:featuredmedia":[{"embeddable":true,"href":"https:\/\/yallafid.com\/index.php?rest_route=\/wp\/v2\/media\/2765"}],"wp:attachment":[{"href":"https:\/\/yallafid.com\/index.php?rest_route=%2Fwp%2Fv2%2Fmedia&parent=2760"}],"wp:term":[{"taxonomy":"product_brand","embeddable":true,"href":"https:\/\/yallafid.com\/index.php?rest_route=%2Fwp%2Fv2%2Fproduct_brand&post=2760"},{"taxonomy":"product_cat","embeddable":true,"href":"https:\/\/yallafid.com\/index.php?rest_route=%2Fwp%2Fv2%2Fproduct_cat&post=2760"},{"taxonomy":"product_tag","embeddable":true,"href":"https:\/\/yallafid.com\/index.php?rest_route=%2Fwp%2Fv2%2Fproduct_tag&post=2760"}],"curies":[{"name":"wp","href":"https:\/\/api.w.org\/{rel}","templated":true}]}}