{"id":2769,"date":"2026-01-14T16:22:47","date_gmt":"2026-01-14T16:22:47","guid":{"rendered":"https:\/\/yallafid.com\/?post_type=product&#038;p=2769"},"modified":"2026-01-14T16:22:47","modified_gmt":"2026-01-14T16:22:47","slug":"projecteur-de-ciel-etoile-led","status":"publish","type":"product","link":"https:\/\/yallafid.com\/?product=projecteur-de-ciel-etoile-led","title":{"rendered":"Projecteur de ciel \u00e9toil\u00e9 LED"},"content":{"rendered":"<h2 style=\"text-align: center;\"><strong>Projecteur LED Galaxy -cadeau- D\u00e9coration maison-T\u00e9l\u00e9command\u00e9\u00a0<\/strong><\/h2>\n<ul>\n<li>Fonctions : Projecteur LED galaxie ; Haut-parleur musical Bluetooth ; Ambiance lumineuse relaxante pour enfants et adultes.<\/li>\n<li>Il projette des effets de n\u00e9buleuses dynamiques et des \u00e9toiles pour cr\u00e9er une ambiance immersive.<\/li>\n<li>L&rsquo;appareil int\u00e8gre un haut-parleur Bluetooth pour diffuser de la musique depuis un smartphone ou une cl\u00e9 USB.<\/li>\n<li>Une t\u00e9l\u00e9commande permet de g\u00e9rer les fonctionnalit\u00e9s \u00e0 distance.<\/li>\n<li>Dispose d&rsquo;une fonction minuterie r\u00e9glable et de plusieurs modes d&rsquo;\u00e9clairage et couleurs.<\/li>\n<\/ul>\n<p><img loading=\"lazy\" decoding=\"async\" class=\"aligncenter wp-image-2771 size-full\" src=\"https:\/\/yallafid.com\/wp-content\/uploads\/2026\/01\/projecteur-promotion-decoration-yallafid-telecommande-tunisie-tunnipromo-vente-en-ligne-beja-nabeul-kef-hammamet.jpg\" alt=\"\" width=\"882\" height=\"882\" srcset=\"https:\/\/yallafid.com\/wp-content\/uploads\/2026\/01\/projecteur-promotion-decoration-yallafid-telecommande-tunisie-tunnipromo-vente-en-ligne-beja-nabeul-kef-hammamet.jpg 882w, https:\/\/yallafid.com\/wp-content\/uploads\/2026\/01\/projecteur-promotion-decoration-yallafid-telecommande-tunisie-tunnipromo-vente-en-ligne-beja-nabeul-kef-hammamet-300x300.jpg 300w, https:\/\/yallafid.com\/wp-content\/uploads\/2026\/01\/projecteur-promotion-decoration-yallafid-telecommande-tunisie-tunnipromo-vente-en-ligne-beja-nabeul-kef-hammamet-150x150.jpg 150w, https:\/\/yallafid.com\/wp-content\/uploads\/2026\/01\/projecteur-promotion-decoration-yallafid-telecommande-tunisie-tunnipromo-vente-en-ligne-beja-nabeul-kef-hammamet-768x768.jpg 768w, https:\/\/yallafid.com\/wp-content\/uploads\/2026\/01\/projecteur-promotion-decoration-yallafid-telecommande-tunisie-tunnipromo-vente-en-ligne-beja-nabeul-kef-hammamet-600x600.jpg 600w\" sizes=\"auto, (max-width: 882px) 100vw, 882px\" \/><\/p>\n","protected":false},"excerpt":{"rendered":"<ul>\n<li><strong>Mat\u00e9riau<\/strong>\u00a0 : Plastique<\/li>\n<li><strong>Forme<\/strong> : boule<\/li>\n<li><strong>Motif<\/strong> : Etoile et ciel \u2013 Galaxy<\/li>\n<li><strong>Effets lumineux<\/strong> : 21 modes de lumi\u00e8re<\/li>\n<li><strong>Luminosit\u00e9 r\u00e9glable<\/strong> : de 10% \u00e0 100%<\/li>\n<li>Haut-parleur Bluetooth int\u00e9gr\u00e9<\/li>\n<li>T\u00e9l\u00e9commande incluse (2 piles AAA non fournies)<\/li>\n<li>Interrupteur ON\/OFF<\/li>\n<li><strong>Minuterie :<\/strong> arr\u00eat automatique programmable<\/li>\n<li><strong>Contenu :<\/strong> 1 Projecteur LED ; 1 T\u00e9l\u00e9commande (piles non incluses) ; 1 C\u00e2ble USB\u00a0 ; 1 Manuel d\u2019utilisation<\/li>\n<\/ul>\n","protected":false},"featured_media":2773,"comment_status":"open","ping_status":"closed","template":"","meta":[],"product_brand":[],"product_cat":[134,45,197],"product_tag":[],"class_list":{"0":"post-2769","1":"product","2":"type-product","3":"status-publish","4":"has-post-thumbnail","6":"product_cat-lampes","7":"product_cat-maison-deco","8":"product_cat-veilleuses","9":"product_shipping_class-livraison-7-tnd-fix","11":"first","12":"instock","13":"sale","14":"taxable","15":"shipping-taxable","16":"purchasable","17":"product-type-simple"},"jetpack_sharing_enabled":true,"_links":{"self":[{"href":"https:\/\/yallafid.com\/index.php?rest_route=\/wp\/v2\/product\/2769","targetHints":{"allow":["GET"]}}],"collection":[{"href":"https:\/\/yallafid.com\/index.php?rest_route=\/wp\/v2\/product"}],"about":[{"href":"https:\/\/yallafid.com\/index.php?rest_route=\/wp\/v2\/types\/product"}],"replies":[{"embeddable":true,"href":"https:\/\/yallafid.com\/index.php?rest_route=%2Fwp%2Fv2%2Fcomments&post=2769"}],"version-history":[{"count":2,"href":"https:\/\/yallafid.com\/index.php?rest_route=\/wp\/v2\/product\/2769\/revisions"}],"predecessor-version":[{"id":2777,"href":"https:\/\/yallafid.com\/index.php?rest_route=\/wp\/v2\/product\/2769\/revisions\/2777"}],"wp:featuredmedia":[{"embeddable":true,"href":"https:\/\/yallafid.com\/index.php?rest_route=\/wp\/v2\/media\/2773"}],"wp:attachment":[{"href":"https:\/\/yallafid.com\/index.php?rest_route=%2Fwp%2Fv2%2Fmedia&parent=2769"}],"wp:term":[{"taxonomy":"product_brand","embeddable":true,"href":"https:\/\/yallafid.com\/index.php?rest_route=%2Fwp%2Fv2%2Fproduct_brand&post=2769"},{"taxonomy":"product_cat","embeddable":true,"href":"https:\/\/yallafid.com\/index.php?rest_route=%2Fwp%2Fv2%2Fproduct_cat&post=2769"},{"taxonomy":"product_tag","embeddable":true,"href":"https:\/\/yallafid.com\/index.php?rest_route=%2Fwp%2Fv2%2Fproduct_tag&post=2769"}],"curies":[{"name":"wp","href":"https:\/\/api.w.org\/{rel}","templated":true}]}}