{"id":2797,"date":"2026-01-15T08:58:25","date_gmt":"2026-01-15T08:58:25","guid":{"rendered":"https:\/\/yallafid.com\/?post_type=product&#038;p=2797"},"modified":"2026-01-15T08:58:25","modified_gmt":"2026-01-15T08:58:25","slug":"veilleuse-lapin-tactile-en-silicone-avec-eclairage-led","status":"publish","type":"product","link":"https:\/\/yallafid.com\/?product=veilleuse-lapin-tactile-en-silicone-avec-eclairage-led","title":{"rendered":"Veilleuse Lapin tactile en silicone avec \u00e9clairage LED"},"content":{"rendered":"<h2 style=\"text-align: center;\"><strong>Veilleuse mod\u00e8le Lapin pour B\u00e9B\u00e9 Rechargeable LED en Silicone \u2013 Multicolore- petit cadeau &#8211; gar\u00e7on et filles\u00a0<\/strong><\/h2>\n<ul>\n<li>Premium qualit\u00e9 silicone environnement mat\u00e9riaux, hurtless \u00e0 corps.<\/li>\n<li>Appuyez sur le bouton de base \u00e0 tourner sur\/off et changer la couleur de la lumi\u00e8re en appuyant sur la surface.<\/li>\n<li>\u00a0Cette lampe est le meilleur cadeau pour les enfants, il peut \u00eatre un bon choix comme un cadeau d&rsquo;anniversaire<\/li>\n<li>Belle lampe de table, lampe de chevet, lumi\u00e8re de nuit, et lumi\u00e8re d&rsquo;ambiance, fournir votre espace plus de joie.<\/li>\n<li>USB charg\u00e9e: Compatible avec n&rsquo;importe quel port USB port d&rsquo;alimentation, peut \u00eatre charg\u00e9 en se connectant avec coumputer, ordinateur portable et autre puissance avec USB port.<\/li>\n<\/ul>\n<p><img loading=\"lazy\" decoding=\"async\" class=\"aligncenter wp-image-2800 size-full\" src=\"https:\/\/yallafid.com\/wp-content\/uploads\/2026\/01\/veuilleuse-promotion-enfant-cadeau-tunisie-yallafid-vente-en-ligine-tactile-sousse-cosmos1.jpg\" alt=\"\" width=\"831\" height=\"831\" srcset=\"https:\/\/yallafid.com\/wp-content\/uploads\/2026\/01\/veuilleuse-promotion-enfant-cadeau-tunisie-yallafid-vente-en-ligine-tactile-sousse-cosmos1.jpg 831w, https:\/\/yallafid.com\/wp-content\/uploads\/2026\/01\/veuilleuse-promotion-enfant-cadeau-tunisie-yallafid-vente-en-ligine-tactile-sousse-cosmos1-300x300.jpg 300w, https:\/\/yallafid.com\/wp-content\/uploads\/2026\/01\/veuilleuse-promotion-enfant-cadeau-tunisie-yallafid-vente-en-ligine-tactile-sousse-cosmos1-150x150.jpg 150w, https:\/\/yallafid.com\/wp-content\/uploads\/2026\/01\/veuilleuse-promotion-enfant-cadeau-tunisie-yallafid-vente-en-ligine-tactile-sousse-cosmos1-768x768.jpg 768w, https:\/\/yallafid.com\/wp-content\/uploads\/2026\/01\/veuilleuse-promotion-enfant-cadeau-tunisie-yallafid-vente-en-ligine-tactile-sousse-cosmos1-600x600.jpg 600w\" sizes=\"auto, (max-width: 831px) 100vw, 831px\" \/><\/p>\n","protected":false},"excerpt":{"rendered":"<ul>\n<li><strong>Mat\u00e9riau de base<\/strong> : plastique<\/li>\n<li><strong>Fonctionnent<\/strong> : Tactile<\/li>\n<li><strong>Rechargeable<\/strong> : par USB<\/li>\n<li><strong>Motif<\/strong> : lapin<\/li>\n<li><strong>Temps de charge<\/strong>:2.5h<\/li>\n<li><strong>Dur\u00e9e d\u2019utilisation<\/strong>:5-10h<\/li>\n<li>Id\u00e9ale comme lampe de chevet pour enfants<\/li>\n<li>Peut servir de jouet anti-stress gr\u00e2ce \u00e0 sa texture compressible.<\/li>\n<\/ul>\n","protected":false},"featured_media":2804,"comment_status":"open","ping_status":"closed","template":"","meta":[],"product_brand":[],"product_cat":[93,45,197],"product_tag":[],"class_list":{"0":"post-2797","1":"product","2":"type-product","3":"status-publish","4":"has-post-thumbnail","6":"product_cat-idees-cadeaux-enfants","7":"product_cat-maison-deco","8":"product_cat-veilleuses","9":"product_shipping_class-livraison-7-tnd-fix","11":"first","12":"instock","13":"sale","14":"taxable","15":"shipping-taxable","16":"purchasable","17":"product-type-simple"},"jetpack_sharing_enabled":true,"_links":{"self":[{"href":"https:\/\/yallafid.com\/index.php?rest_route=\/wp\/v2\/product\/2797","targetHints":{"allow":["GET"]}}],"collection":[{"href":"https:\/\/yallafid.com\/index.php?rest_route=\/wp\/v2\/product"}],"about":[{"href":"https:\/\/yallafid.com\/index.php?rest_route=\/wp\/v2\/types\/product"}],"replies":[{"embeddable":true,"href":"https:\/\/yallafid.com\/index.php?rest_route=%2Fwp%2Fv2%2Fcomments&post=2797"}],"version-history":[{"count":2,"href":"https:\/\/yallafid.com\/index.php?rest_route=\/wp\/v2\/product\/2797\/revisions"}],"predecessor-version":[{"id":2807,"href":"https:\/\/yallafid.com\/index.php?rest_route=\/wp\/v2\/product\/2797\/revisions\/2807"}],"wp:featuredmedia":[{"embeddable":true,"href":"https:\/\/yallafid.com\/index.php?rest_route=\/wp\/v2\/media\/2804"}],"wp:attachment":[{"href":"https:\/\/yallafid.com\/index.php?rest_route=%2Fwp%2Fv2%2Fmedia&parent=2797"}],"wp:term":[{"taxonomy":"product_brand","embeddable":true,"href":"https:\/\/yallafid.com\/index.php?rest_route=%2Fwp%2Fv2%2Fproduct_brand&post=2797"},{"taxonomy":"product_cat","embeddable":true,"href":"https:\/\/yallafid.com\/index.php?rest_route=%2Fwp%2Fv2%2Fproduct_cat&post=2797"},{"taxonomy":"product_tag","embeddable":true,"href":"https:\/\/yallafid.com\/index.php?rest_route=%2Fwp%2Fv2%2Fproduct_tag&post=2797"}],"curies":[{"name":"wp","href":"https:\/\/api.w.org\/{rel}","templated":true}]}}