{"id":2818,"date":"2026-01-15T09:53:20","date_gmt":"2026-01-15T09:53:20","guid":{"rendered":"https:\/\/yallafid.com\/?post_type=product&#038;p=2818"},"modified":"2026-01-15T09:53:20","modified_gmt":"2026-01-15T09:53:20","slug":"guirlande-lumineuse-20-led-jaune","status":"publish","type":"product","link":"https:\/\/yallafid.com\/?product=guirlande-lumineuse-20-led-jaune","title":{"rendered":"Guirlande lumineuse 20 LED Jaune"},"content":{"rendered":"<h2 style=\"text-align: center;\"><strong>Guirlande lumineuse forme boule\u00a0 couleur jaune d\u00e9coration maison pour \u00e9v\u00e8nement\u00a0<\/strong><\/h2>\n<ul>\n<li>Fabriqu\u00e9s en mat\u00e9riau de glace, ces plafonniers LED sont durables et esth\u00e9tiques.<\/li>\n<li><strong>Conception adaptable<\/strong> : le tire-rideau LED s\u2019adapte \u00e0 n\u2019importe quel environnement, des mariages aux anniversaires.<\/li>\n<li><strong>\u00c9clairage chaleureux<\/strong> : les plafonniers LED fournissent une lumi\u00e8re chaleureuse qui cr\u00e9e une atmosph\u00e8re chaleureuse et festive.<\/li>\n<\/ul>\n<p><img loading=\"lazy\" decoding=\"async\" class=\"aligncenter wp-image-2826 size-full\" src=\"https:\/\/yallafid.com\/wp-content\/uploads\/2026\/01\/guirlande-jaunne-lumineux-decoration-promotion-yallafid-tunisie-cosmos-sousse-1-1.jpg\" alt=\"\" width=\"888\" height=\"888\" srcset=\"https:\/\/yallafid.com\/wp-content\/uploads\/2026\/01\/guirlande-jaunne-lumineux-decoration-promotion-yallafid-tunisie-cosmos-sousse-1-1.jpg 888w, https:\/\/yallafid.com\/wp-content\/uploads\/2026\/01\/guirlande-jaunne-lumineux-decoration-promotion-yallafid-tunisie-cosmos-sousse-1-1-300x300.jpg 300w, https:\/\/yallafid.com\/wp-content\/uploads\/2026\/01\/guirlande-jaunne-lumineux-decoration-promotion-yallafid-tunisie-cosmos-sousse-1-1-150x150.jpg 150w, https:\/\/yallafid.com\/wp-content\/uploads\/2026\/01\/guirlande-jaunne-lumineux-decoration-promotion-yallafid-tunisie-cosmos-sousse-1-1-768x768.jpg 768w, https:\/\/yallafid.com\/wp-content\/uploads\/2026\/01\/guirlande-jaunne-lumineux-decoration-promotion-yallafid-tunisie-cosmos-sousse-1-1-600x600.jpg 600w\" sizes=\"auto, (max-width: 888px) 100vw, 888px\" \/><\/p>\n<ul>\n<li>D\u00e9corez votre plafond avec des LED : Illuminez votre espace avec des plafonniers LED, id\u00e9aux pour les \u00e9v\u00e9nements et les d\u00e9corations festives.<\/li>\n<li>Adapt\u00e9 \u00e0 votre \u00e9v\u00e9nement.<\/li>\n<li><strong>Utilisations:<\/strong> tr\u00e8s appropri\u00e9 pour la fen\u00eatre d\u2019int\u00e9rieur, la chambre \u00e0 coucher, mur, jardin, patio, balcon, cl\u00f4ture, \u00e9tag\u00e8re, bistrot, pub, caf\u00e9, boutique de fleurs, centre commercial, nouvel an, anniversaire, paysage en pot, f\u00eate du soir<\/li>\n<\/ul>\n<p><img loading=\"lazy\" decoding=\"async\" class=\"aligncenter wp-image-2822 size-full\" src=\"https:\/\/yallafid.com\/wp-content\/uploads\/2026\/01\/guirlande-jaunne-lumineux-decoration-promotion-yallafid-tunisie-cosmos-sousse-3.jpg\" alt=\"\" width=\"740\" height=\"740\" srcset=\"https:\/\/yallafid.com\/wp-content\/uploads\/2026\/01\/guirlande-jaunne-lumineux-decoration-promotion-yallafid-tunisie-cosmos-sousse-3.jpg 740w, https:\/\/yallafid.com\/wp-content\/uploads\/2026\/01\/guirlande-jaunne-lumineux-decoration-promotion-yallafid-tunisie-cosmos-sousse-3-300x300.jpg 300w, https:\/\/yallafid.com\/wp-content\/uploads\/2026\/01\/guirlande-jaunne-lumineux-decoration-promotion-yallafid-tunisie-cosmos-sousse-3-150x150.jpg 150w, https:\/\/yallafid.com\/wp-content\/uploads\/2026\/01\/guirlande-jaunne-lumineux-decoration-promotion-yallafid-tunisie-cosmos-sousse-3-600x600.jpg 600w\" sizes=\"auto, (max-width: 740px) 100vw, 740px\" \/><\/p>\n","protected":false},"excerpt":{"rendered":"<ul>\n<li><strong>Type de produit<\/strong>: Guirlande lumineuse LED en forme de boule avec lumi\u00e8re chaude<\/li>\n<li><strong>Mat\u00e9riau<\/strong> :ABS<\/li>\n<li><strong>Source d\u2019alimentation<\/strong> :C\u00e2ble \u00e9lectrique ,piles<\/li>\n<li><strong>Caract\u00e9ristique sp\u00e9ciale<\/strong>: \u00c9tanche<\/li>\n<li><strong>Dimensions:<\/strong> 5,5 m de longueur avec 20 Led<\/li>\n<li>Utilisations : salles de mariage, tentes, salles de banquet, \u00e9v\u00e9nements d\u2019entreprise, restaurants<\/li>\n<\/ul>\n","protected":false},"featured_media":2821,"comment_status":"open","ping_status":"closed","template":"","meta":[],"product_brand":[],"product_cat":[46,45,195],"product_tag":[],"class_list":{"0":"post-2818","1":"product","2":"type-product","3":"status-publish","4":"has-post-thumbnail","6":"product_cat-decoration","7":"product_cat-maison-deco","8":"product_cat-ruban-led","9":"product_shipping_class-livraison-7-tnd-fix","11":"first","12":"instock","13":"sale","14":"taxable","15":"shipping-taxable","16":"purchasable","17":"product-type-simple"},"jetpack_sharing_enabled":true,"_links":{"self":[{"href":"https:\/\/yallafid.com\/index.php?rest_route=\/wp\/v2\/product\/2818","targetHints":{"allow":["GET"]}}],"collection":[{"href":"https:\/\/yallafid.com\/index.php?rest_route=\/wp\/v2\/product"}],"about":[{"href":"https:\/\/yallafid.com\/index.php?rest_route=\/wp\/v2\/types\/product"}],"replies":[{"embeddable":true,"href":"https:\/\/yallafid.com\/index.php?rest_route=%2Fwp%2Fv2%2Fcomments&post=2818"}],"version-history":[{"count":2,"href":"https:\/\/yallafid.com\/index.php?rest_route=\/wp\/v2\/product\/2818\/revisions"}],"predecessor-version":[{"id":2828,"href":"https:\/\/yallafid.com\/index.php?rest_route=\/wp\/v2\/product\/2818\/revisions\/2828"}],"wp:featuredmedia":[{"embeddable":true,"href":"https:\/\/yallafid.com\/index.php?rest_route=\/wp\/v2\/media\/2821"}],"wp:attachment":[{"href":"https:\/\/yallafid.com\/index.php?rest_route=%2Fwp%2Fv2%2Fmedia&parent=2818"}],"wp:term":[{"taxonomy":"product_brand","embeddable":true,"href":"https:\/\/yallafid.com\/index.php?rest_route=%2Fwp%2Fv2%2Fproduct_brand&post=2818"},{"taxonomy":"product_cat","embeddable":true,"href":"https:\/\/yallafid.com\/index.php?rest_route=%2Fwp%2Fv2%2Fproduct_cat&post=2818"},{"taxonomy":"product_tag","embeddable":true,"href":"https:\/\/yallafid.com\/index.php?rest_route=%2Fwp%2Fv2%2Fproduct_tag&post=2818"}],"curies":[{"name":"wp","href":"https:\/\/api.w.org\/{rel}","templated":true}]}}