{"id":2829,"date":"2026-01-15T10:27:52","date_gmt":"2026-01-15T10:27:52","guid":{"rendered":"https:\/\/yallafid.com\/?post_type=product&#038;p=2829"},"modified":"2026-01-15T10:27:52","modified_gmt":"2026-01-15T10:27:52","slug":"lampe-neon-led-en-forme-de-chat","status":"publish","type":"product","link":"https:\/\/yallafid.com\/?product=lampe-neon-led-en-forme-de-chat","title":{"rendered":"Lampe n\u00e9on LED en forme de chat"},"content":{"rendered":"<h2 style=\"text-align: center;\"><strong>Enseignes au n\u00e9on motif chat- d\u00e9coration maison bureau \u00e9v\u00e8nement\u00a0<\/strong><\/h2>\n<ul>\n<li>Cherchez-vous un cadeau r\u00e9utilisable et impressionnant pour vous et les autres? Neon\u00a0 forme chat\u00a0 sera un bon choix. Lumi\u00e8re n\u00e9on lettre unique \u00e9mettent une lumi\u00e8re vive, apporter une exp\u00e9rience plus visuelle ajoutant une atmosph\u00e8re de couleur romantique et magique \u00e0 votre chambre. Cr\u00e9ez une atmosph\u00e8re relaxante et confortable avec un panneau au n\u00e9on.<\/li>\n<\/ul>\n<p><img loading=\"lazy\" decoding=\"async\" class=\"aligncenter wp-image-2830 size-full\" src=\"https:\/\/yallafid.com\/wp-content\/uploads\/2026\/01\/guirlande-jaunne-lumineux-decoration-promotion-yallafid-tunisie-cosmos-sousse-8.jpg\" alt=\"\" width=\"773\" height=\"773\" srcset=\"https:\/\/yallafid.com\/wp-content\/uploads\/2026\/01\/guirlande-jaunne-lumineux-decoration-promotion-yallafid-tunisie-cosmos-sousse-8.jpg 773w, https:\/\/yallafid.com\/wp-content\/uploads\/2026\/01\/guirlande-jaunne-lumineux-decoration-promotion-yallafid-tunisie-cosmos-sousse-8-300x300.jpg 300w, https:\/\/yallafid.com\/wp-content\/uploads\/2026\/01\/guirlande-jaunne-lumineux-decoration-promotion-yallafid-tunisie-cosmos-sousse-8-150x150.jpg 150w, https:\/\/yallafid.com\/wp-content\/uploads\/2026\/01\/guirlande-jaunne-lumineux-decoration-promotion-yallafid-tunisie-cosmos-sousse-8-768x768.jpg 768w, https:\/\/yallafid.com\/wp-content\/uploads\/2026\/01\/guirlande-jaunne-lumineux-decoration-promotion-yallafid-tunisie-cosmos-sousse-8-600x600.jpg 600w\" sizes=\"auto, (max-width: 773px) 100vw, 773px\" \/><\/p>\n<ul>\n<li>N\u00e9on chat men\u00e9 signe \u00e9clairer votre maison, ajouter romantique avec des lumi\u00e8res chaudes\u00a0 chat men\u00e9 pour la d\u00e9coration murale. Offre une ambiance romantique dans votre chambre, parfaite pour votre petite princesse et votre prince. Le signe lumineux au n\u00e9on est un attrait id\u00e9al pour votre d\u00e9cor ou votre f\u00eate, rendant la vie simple plus color\u00e9e et int\u00e9ressante.<img loading=\"lazy\" decoding=\"async\" class=\"aligncenter wp-image-2833 size-full\" src=\"https:\/\/yallafid.com\/wp-content\/uploads\/2026\/01\/Neon-promotion-tunisie-yallafid-lumiere-decoration-evenment-cosmos-chat.jpg\" alt=\"\" width=\"791\" height=\"791\" srcset=\"https:\/\/yallafid.com\/wp-content\/uploads\/2026\/01\/Neon-promotion-tunisie-yallafid-lumiere-decoration-evenment-cosmos-chat.jpg 791w, https:\/\/yallafid.com\/wp-content\/uploads\/2026\/01\/Neon-promotion-tunisie-yallafid-lumiere-decoration-evenment-cosmos-chat-300x300.jpg 300w, https:\/\/yallafid.com\/wp-content\/uploads\/2026\/01\/Neon-promotion-tunisie-yallafid-lumiere-decoration-evenment-cosmos-chat-150x150.jpg 150w, https:\/\/yallafid.com\/wp-content\/uploads\/2026\/01\/Neon-promotion-tunisie-yallafid-lumiere-decoration-evenment-cosmos-chat-768x768.jpg 768w, https:\/\/yallafid.com\/wp-content\/uploads\/2026\/01\/Neon-promotion-tunisie-yallafid-lumiere-decoration-evenment-cosmos-chat-600x600.jpg 600w\" sizes=\"auto, (max-width: 791px) 100vw, 791px\" \/><\/li>\n<\/ul>\n","protected":false},"excerpt":{"rendered":"<ul>\n<li>Fabriqu\u00e9e \u00e0 partir de tubes n\u00e9on LED souples et de plastique robuste<\/li>\n<li>R\u00e9sistante aux chocs et ne g\u00e9n\u00e8re pas de chaleur apr\u00e8s une utilisation prolong\u00e9e.<\/li>\n<li>Aliment\u00e9e par USB ou par 3 piles AA (non fournies).<\/li>\n<li>D\u00e9coration parfaite pour les soir\u00e9es dans les chambres -les restaurent- et les zones de jeux des enfants<\/li>\n<\/ul>\n","protected":false},"featured_media":2830,"comment_status":"open","ping_status":"closed","template":"","meta":[],"product_brand":[],"product_cat":[134,45,195],"product_tag":[],"class_list":{"0":"post-2829","1":"product","2":"type-product","3":"status-publish","4":"has-post-thumbnail","6":"product_cat-lampes","7":"product_cat-maison-deco","8":"product_cat-ruban-led","9":"product_shipping_class-livraison-7-tnd-fix","11":"first","12":"instock","13":"sale","14":"taxable","15":"shipping-taxable","16":"purchasable","17":"product-type-simple"},"jetpack_sharing_enabled":true,"_links":{"self":[{"href":"https:\/\/yallafid.com\/index.php?rest_route=\/wp\/v2\/product\/2829","targetHints":{"allow":["GET"]}}],"collection":[{"href":"https:\/\/yallafid.com\/index.php?rest_route=\/wp\/v2\/product"}],"about":[{"href":"https:\/\/yallafid.com\/index.php?rest_route=\/wp\/v2\/types\/product"}],"replies":[{"embeddable":true,"href":"https:\/\/yallafid.com\/index.php?rest_route=%2Fwp%2Fv2%2Fcomments&post=2829"}],"version-history":[{"count":1,"href":"https:\/\/yallafid.com\/index.php?rest_route=\/wp\/v2\/product\/2829\/revisions"}],"predecessor-version":[{"id":2834,"href":"https:\/\/yallafid.com\/index.php?rest_route=\/wp\/v2\/product\/2829\/revisions\/2834"}],"wp:featuredmedia":[{"embeddable":true,"href":"https:\/\/yallafid.com\/index.php?rest_route=\/wp\/v2\/media\/2830"}],"wp:attachment":[{"href":"https:\/\/yallafid.com\/index.php?rest_route=%2Fwp%2Fv2%2Fmedia&parent=2829"}],"wp:term":[{"taxonomy":"product_brand","embeddable":true,"href":"https:\/\/yallafid.com\/index.php?rest_route=%2Fwp%2Fv2%2Fproduct_brand&post=2829"},{"taxonomy":"product_cat","embeddable":true,"href":"https:\/\/yallafid.com\/index.php?rest_route=%2Fwp%2Fv2%2Fproduct_cat&post=2829"},{"taxonomy":"product_tag","embeddable":true,"href":"https:\/\/yallafid.com\/index.php?rest_route=%2Fwp%2Fv2%2Fproduct_tag&post=2829"}],"curies":[{"name":"wp","href":"https:\/\/api.w.org\/{rel}","templated":true}]}}