{"id":2835,"date":"2026-01-15T10:52:00","date_gmt":"2026-01-15T10:52:00","guid":{"rendered":"https:\/\/yallafid.com\/?post_type=product&#038;p=2835"},"modified":"2026-01-15T10:52:00","modified_gmt":"2026-01-15T10:52:00","slug":"lampe-de-bureau-bras-long-pliable-avec-pince","status":"publish","type":"product","link":"https:\/\/yallafid.com\/?product=lampe-de-bureau-bras-long-pliable-avec-pince","title":{"rendered":"Lampe de bureau bras long pliable avec pince"},"content":{"rendered":"<h2 style=\"text-align: center;\"><strong>Lampe de bureau bras long pliable avec pince- rouge-rose-blanc-noir<\/strong><\/h2>\n<ul>\n<li><strong>R\u00e9glable<\/strong> : le bras \u00e0 ressort est facilement r\u00e9glable pour diriger la lumi\u00e8re l\u00e0 o\u00f9 vous en avez le plus besoin<\/li>\n<li><strong>Bras de lampe pliable<\/strong> : peu encombrant avec un design polyvalent \u00e0 trois axes, offrant une plus grande zone d&rsquo;\u00e9clairage. Vous permet de le fixer dans diff\u00e9rentes directions.<\/li>\n<\/ul>\n<p><img loading=\"lazy\" decoding=\"async\" class=\"aligncenter wp-image-2845 size-full\" src=\"https:\/\/yallafid.com\/wp-content\/uploads\/2026\/01\/Lampe-bureau-rose-bras-long-pliable-avec-pince-yallafid-tunnipromo-tunisie-rouge-6.jpg\" alt=\"\" width=\"791\" height=\"791\" srcset=\"https:\/\/yallafid.com\/wp-content\/uploads\/2026\/01\/Lampe-bureau-rose-bras-long-pliable-avec-pince-yallafid-tunnipromo-tunisie-rouge-6.jpg 791w, https:\/\/yallafid.com\/wp-content\/uploads\/2026\/01\/Lampe-bureau-rose-bras-long-pliable-avec-pince-yallafid-tunnipromo-tunisie-rouge-6-300x300.jpg 300w, https:\/\/yallafid.com\/wp-content\/uploads\/2026\/01\/Lampe-bureau-rose-bras-long-pliable-avec-pince-yallafid-tunnipromo-tunisie-rouge-6-150x150.jpg 150w, https:\/\/yallafid.com\/wp-content\/uploads\/2026\/01\/Lampe-bureau-rose-bras-long-pliable-avec-pince-yallafid-tunnipromo-tunisie-rouge-6-768x768.jpg 768w, https:\/\/yallafid.com\/wp-content\/uploads\/2026\/01\/Lampe-bureau-rose-bras-long-pliable-avec-pince-yallafid-tunnipromo-tunisie-rouge-6-600x600.jpg 600w\" sizes=\"auto, (max-width: 791px) 100vw, 791px\" \/><\/p>\n<p>&nbsp;<\/p>\n<ul>\n<li><strong>Interrupteur marche\/arr\u00eat<\/strong> : id\u00e9alement situ\u00e9 en haut de l&rsquo;abat-jour pour une utilisation rapide et facile<\/li>\n<li><strong>Montage variable<\/strong> : la pince en m\u00e9tal signifie que vous pouvez monter cette lampe partout o\u00f9 vous avez besoin de lumi\u00e8re (jusqu&rsquo;\u00e0 5,1 cm de large)<img loading=\"lazy\" decoding=\"async\" class=\"aligncenter wp-image-2844 size-full\" src=\"https:\/\/yallafid.com\/wp-content\/uploads\/2026\/01\/Lampe-bureau-rose-bras-long-pliable-avec-pince-yallafid-tunnipromo-tunisie-rouge-7.jpg\" alt=\"\" width=\"838\" height=\"838\" srcset=\"https:\/\/yallafid.com\/wp-content\/uploads\/2026\/01\/Lampe-bureau-rose-bras-long-pliable-avec-pince-yallafid-tunnipromo-tunisie-rouge-7.jpg 838w, https:\/\/yallafid.com\/wp-content\/uploads\/2026\/01\/Lampe-bureau-rose-bras-long-pliable-avec-pince-yallafid-tunnipromo-tunisie-rouge-7-300x300.jpg 300w, https:\/\/yallafid.com\/wp-content\/uploads\/2026\/01\/Lampe-bureau-rose-bras-long-pliable-avec-pince-yallafid-tunnipromo-tunisie-rouge-7-150x150.jpg 150w, https:\/\/yallafid.com\/wp-content\/uploads\/2026\/01\/Lampe-bureau-rose-bras-long-pliable-avec-pince-yallafid-tunnipromo-tunisie-rouge-7-768x768.jpg 768w, https:\/\/yallafid.com\/wp-content\/uploads\/2026\/01\/Lampe-bureau-rose-bras-long-pliable-avec-pince-yallafid-tunnipromo-tunisie-rouge-7-600x600.jpg 600w\" sizes=\"auto, (max-width: 838px) 100vw, 838px\" \/><\/li>\n<li><strong>Cordon extra long<\/strong> : le cordon de 85 Cm vous donne la longueur dont vous avez besoin pour atteindre n&rsquo;importe quel espace<\/li>\n<li>La t\u00eate et le corps du produit peuvent pivoter \u00e0 360 degr\u00e9s Caract\u00e9ristiques Mat\u00e9riau: capuchon en m\u00e9tal: E27 (L\u2019ampoule n\u2019est pas incluse dans le produit )<\/li>\n<\/ul>\n<p><img loading=\"lazy\" decoding=\"async\" class=\"aligncenter wp-image-2847 size-full\" src=\"https:\/\/yallafid.com\/wp-content\/uploads\/2026\/01\/Lampe-bureau-rose-bras-long-pliable-avec-pince-yallafid-tunnipromo-tunisie-rouge-1-1.jpg\" alt=\"\" width=\"830\" height=\"830\" srcset=\"https:\/\/yallafid.com\/wp-content\/uploads\/2026\/01\/Lampe-bureau-rose-bras-long-pliable-avec-pince-yallafid-tunnipromo-tunisie-rouge-1-1.jpg 830w, https:\/\/yallafid.com\/wp-content\/uploads\/2026\/01\/Lampe-bureau-rose-bras-long-pliable-avec-pince-yallafid-tunnipromo-tunisie-rouge-1-1-300x300.jpg 300w, https:\/\/yallafid.com\/wp-content\/uploads\/2026\/01\/Lampe-bureau-rose-bras-long-pliable-avec-pince-yallafid-tunnipromo-tunisie-rouge-1-1-150x150.jpg 150w, https:\/\/yallafid.com\/wp-content\/uploads\/2026\/01\/Lampe-bureau-rose-bras-long-pliable-avec-pince-yallafid-tunnipromo-tunisie-rouge-1-1-768x768.jpg 768w, https:\/\/yallafid.com\/wp-content\/uploads\/2026\/01\/Lampe-bureau-rose-bras-long-pliable-avec-pince-yallafid-tunnipromo-tunisie-rouge-1-1-600x600.jpg 600w\" sizes=\"auto, (max-width: 830px) 100vw, 830px\" \/><\/p>\n","protected":false},"excerpt":{"rendered":"<ul>\n<li>R\u00e9glable et flexible<\/li>\n<li><strong>Couleur<\/strong> :Noire- rose-blanc-rouge<\/li>\n<li>Fixation avec pince<\/li>\n<li>Rotative \u00e0 360 degr\u00e9s<\/li>\n<li>La taille: Max 54,5 cm Diam\u00e8tre de la t\u00eate: 12,5 cm Longueur du c\u00e2ble: 85 cm<\/li>\n<\/ul>\n","protected":false},"featured_media":2842,"comment_status":"open","ping_status":"closed","template":"","meta":[],"product_brand":[],"product_cat":[46,134,45],"product_tag":[],"class_list":{"0":"post-2835","1":"product","2":"type-product","3":"status-publish","4":"has-post-thumbnail","6":"product_cat-decoration","7":"product_cat-lampes","8":"product_cat-maison-deco","10":"first","11":"instock","12":"sale","13":"taxable","14":"shipping-taxable","15":"purchasable","16":"product-type-variable"},"jetpack_sharing_enabled":true,"_links":{"self":[{"href":"https:\/\/yallafid.com\/index.php?rest_route=\/wp\/v2\/product\/2835","targetHints":{"allow":["GET"]}}],"collection":[{"href":"https:\/\/yallafid.com\/index.php?rest_route=\/wp\/v2\/product"}],"about":[{"href":"https:\/\/yallafid.com\/index.php?rest_route=\/wp\/v2\/types\/product"}],"replies":[{"embeddable":true,"href":"https:\/\/yallafid.com\/index.php?rest_route=%2Fwp%2Fv2%2Fcomments&post=2835"}],"version-history":[{"count":1,"href":"https:\/\/yallafid.com\/index.php?rest_route=\/wp\/v2\/product\/2835\/revisions"}],"predecessor-version":[{"id":2850,"href":"https:\/\/yallafid.com\/index.php?rest_route=\/wp\/v2\/product\/2835\/revisions\/2850"}],"wp:featuredmedia":[{"embeddable":true,"href":"https:\/\/yallafid.com\/index.php?rest_route=\/wp\/v2\/media\/2842"}],"wp:attachment":[{"href":"https:\/\/yallafid.com\/index.php?rest_route=%2Fwp%2Fv2%2Fmedia&parent=2835"}],"wp:term":[{"taxonomy":"product_brand","embeddable":true,"href":"https:\/\/yallafid.com\/index.php?rest_route=%2Fwp%2Fv2%2Fproduct_brand&post=2835"},{"taxonomy":"product_cat","embeddable":true,"href":"https:\/\/yallafid.com\/index.php?rest_route=%2Fwp%2Fv2%2Fproduct_cat&post=2835"},{"taxonomy":"product_tag","embeddable":true,"href":"https:\/\/yallafid.com\/index.php?rest_route=%2Fwp%2Fv2%2Fproduct_tag&post=2835"}],"curies":[{"name":"wp","href":"https:\/\/api.w.org\/{rel}","templated":true}]}}