{"id":2852,"date":"2026-01-15T11:17:41","date_gmt":"2026-01-15T11:17:41","guid":{"rendered":"https:\/\/yallafid.com\/?post_type=product&#038;p=2852"},"modified":"2026-01-15T11:18:41","modified_gmt":"2026-01-15T11:18:41","slug":"brosse-seche-cheveux-5en1","status":"publish","type":"product","link":"https:\/\/yallafid.com\/?product=brosse-seche-cheveux-5en1","title":{"rendered":"Brosse s\u00e8che cheveux 5en1"},"content":{"rendered":"<h2 style=\"text-align: center;\"><strong>Brosse s\u00e9choir \u00e0 cheveux, appareil de coiffage \u00e0 air chaud 5 en 1, 1000 watts\u00a0<\/strong><\/h2>\n<h2 style=\"text-align: center;\"><strong>Le Top des Brosses Soufflantes Multifonctions 5 en 1<\/strong><\/h2>\n<ul>\n<li>Obtenez un coiffage rapide et impeccable avec la brosse s\u00e8che-cheveux 5 en 1, id\u00e9ale pour tous les types de cheveux.&nbsp;<\/li>\n<li>Gr\u00e2ce \u00e0 ses accessoires interchangeables et sa technologie avanc\u00e9e, r\u00e9alisez un s\u00e9chage, lissage, bouclage et coiffage volumineux en un seul geste.<\/li>\n<\/ul>\n<p><img loading=\"lazy\" decoding=\"async\" class=\"aligncenter wp-image-2853 size-full\" src=\"https:\/\/yallafid.com\/wp-content\/uploads\/2026\/01\/brosse-5en1-femme-cheveux-hair-style-soin-cadeau-tunnipromo-yallafid-tunisie-3.jpg\" alt=\"\" width=\"800\" height=\"800\" srcset=\"https:\/\/yallafid.com\/wp-content\/uploads\/2026\/01\/brosse-5en1-femme-cheveux-hair-style-soin-cadeau-tunnipromo-yallafid-tunisie-3.jpg 800w, https:\/\/yallafid.com\/wp-content\/uploads\/2026\/01\/brosse-5en1-femme-cheveux-hair-style-soin-cadeau-tunnipromo-yallafid-tunisie-3-300x300.jpg 300w, https:\/\/yallafid.com\/wp-content\/uploads\/2026\/01\/brosse-5en1-femme-cheveux-hair-style-soin-cadeau-tunnipromo-yallafid-tunisie-3-150x150.jpg 150w, https:\/\/yallafid.com\/wp-content\/uploads\/2026\/01\/brosse-5en1-femme-cheveux-hair-style-soin-cadeau-tunnipromo-yallafid-tunisie-3-768x768.jpg 768w, https:\/\/yallafid.com\/wp-content\/uploads\/2026\/01\/brosse-5en1-femme-cheveux-hair-style-soin-cadeau-tunnipromo-yallafid-tunisie-3-600x600.jpg 600w\" sizes=\"auto, (max-width: 800px) 100vw, 800px\" \/><\/p>\n<ul>\n<li>Cette brosse ovale \u00e9quip\u00e9e de poils en nylon est l\u2019outil id\u00e9al pour apporter du volume \u00e0 votre chevelure. Son manche ergonomique et son cordon qui pivote librement sur 360 degr\u00e9s rendent l\u2019appareil extr\u00eamement maniable et ais\u00e9 \u00e0 manipuler durant le brushing. Elle offre une multitude de fonctionnalit\u00e9s gr\u00e2ce \u00e0 ses accessoires vari\u00e9s : embout pr\u00e9d\u00e9fini, cylindre pour boucles de 30 mm, peigne lissant, peigne rond, fonction s\u00e9choir, fer \u00e0 boucler, peigne \u00e0 cheveux droit et brosse ronde.&nbsp;<\/li>\n<\/ul>\n<p><img loading=\"lazy\" decoding=\"async\" class=\"aligncenter wp-image-2857 size-full\" src=\"https:\/\/yallafid.com\/wp-content\/uploads\/2026\/01\/Brosse-seche-cheveux-lissante-promotionsoin-femme-yallafid-tunisie-1.jpg\" alt=\"\" width=\"876\" height=\"876\" srcset=\"https:\/\/yallafid.com\/wp-content\/uploads\/2026\/01\/Brosse-seche-cheveux-lissante-promotionsoin-femme-yallafid-tunisie-1.jpg 876w, https:\/\/yallafid.com\/wp-content\/uploads\/2026\/01\/Brosse-seche-cheveux-lissante-promotionsoin-femme-yallafid-tunisie-1-300x300.jpg 300w, https:\/\/yallafid.com\/wp-content\/uploads\/2026\/01\/Brosse-seche-cheveux-lissante-promotionsoin-femme-yallafid-tunisie-1-150x150.jpg 150w, https:\/\/yallafid.com\/wp-content\/uploads\/2026\/01\/Brosse-seche-cheveux-lissante-promotionsoin-femme-yallafid-tunisie-1-768x768.jpg 768w, https:\/\/yallafid.com\/wp-content\/uploads\/2026\/01\/Brosse-seche-cheveux-lissante-promotionsoin-femme-yallafid-tunisie-1-600x600.jpg 600w\" sizes=\"auto, (max-width: 876px) 100vw, 876px\" \/><\/p>\n","protected":false},"excerpt":{"rendered":"<ul>\n<li><strong>5 embouts interchangeables :<\/strong> S\u00e9chage, lissage, boucles, volume.&nbsp;<\/li>\n<li><strong>Technologie ionique &amp; rev\u00eatement c\u00e9ramique<\/strong> : Anti-frisottis et protection des cheveux.&nbsp;<\/li>\n<li><strong>3 niveaux de temp\u00e9rature :<\/strong> Adapt\u00e9 aux cheveux fins, normaux et \u00e9pais.&nbsp;<\/li>\n<li><strong>Cordon rotatif \u00e0 360\u00b0<\/strong> : Maniabilit\u00e9 optimale et confort d\u2019utilisation.<\/li>\n<\/ul>\n","protected":false},"featured_media":2856,"comment_status":"open","ping_status":"closed","template":"","meta":[],"product_brand":[],"product_cat":[34,182,183,43],"product_tag":[],"class_list":{"0":"post-2852","1":"product","2":"type-product","3":"status-publish","4":"has-post-thumbnail","6":"product_cat-beaute-soins","7":"product_cat-boucleur","8":"product_cat-brosses-lissantes","9":"product_cat-soins-beaute-femme","10":"product_shipping_class-livraison-7-tnd-fix","12":"first","13":"instock","14":"sale","15":"taxable","16":"shipping-taxable","17":"purchasable","18":"product-type-simple"},"jetpack_sharing_enabled":true,"_links":{"self":[{"href":"https:\/\/yallafid.com\/index.php?rest_route=\/wp\/v2\/product\/2852","targetHints":{"allow":["GET"]}}],"collection":[{"href":"https:\/\/yallafid.com\/index.php?rest_route=\/wp\/v2\/product"}],"about":[{"href":"https:\/\/yallafid.com\/index.php?rest_route=\/wp\/v2\/types\/product"}],"replies":[{"embeddable":true,"href":"https:\/\/yallafid.com\/index.php?rest_route=%2Fwp%2Fv2%2Fcomments&post=2852"}],"version-history":[{"count":2,"href":"https:\/\/yallafid.com\/index.php?rest_route=\/wp\/v2\/product\/2852\/revisions"}],"predecessor-version":[{"id":2859,"href":"https:\/\/yallafid.com\/index.php?rest_route=\/wp\/v2\/product\/2852\/revisions\/2859"}],"wp:featuredmedia":[{"embeddable":true,"href":"https:\/\/yallafid.com\/index.php?rest_route=\/wp\/v2\/media\/2856"}],"wp:attachment":[{"href":"https:\/\/yallafid.com\/index.php?rest_route=%2Fwp%2Fv2%2Fmedia&parent=2852"}],"wp:term":[{"taxonomy":"product_brand","embeddable":true,"href":"https:\/\/yallafid.com\/index.php?rest_route=%2Fwp%2Fv2%2Fproduct_brand&post=2852"},{"taxonomy":"product_cat","embeddable":true,"href":"https:\/\/yallafid.com\/index.php?rest_route=%2Fwp%2Fv2%2Fproduct_cat&post=2852"},{"taxonomy":"product_tag","embeddable":true,"href":"https:\/\/yallafid.com\/index.php?rest_route=%2Fwp%2Fv2%2Fproduct_tag&post=2852"}],"curies":[{"name":"wp","href":"https:\/\/api.w.org\/{rel}","templated":true}]}}