{"id":2867,"date":"2026-01-15T11:49:15","date_gmt":"2026-01-15T11:49:15","guid":{"rendered":"https:\/\/yallafid.com\/?post_type=product&#038;p=2867"},"modified":"2026-01-15T11:50:47","modified_gmt":"2026-01-15T11:50:47","slug":"brosse-de-massage-electrique-pour-le-cuir-chevelu","status":"publish","type":"product","link":"https:\/\/yallafid.com\/?product=brosse-de-massage-electrique-pour-le-cuir-chevelu","title":{"rendered":"Brosse de massage \u00e9lectrique pour le cuir chevelu"},"content":{"rendered":"<h1 style=\"text-align: center;\"><strong>Brosse de massage \u00e9lectrique pour le cuir chevelu<\/strong><\/h1>\n<ul>\n<li><strong>Fonctionnalit\u00e9 2-en-1<\/strong> : Con\u00e7ue pour le soin du cuir chevelu et des cheveux, elle combine les fonctions de massage et de brossage.<\/li>\n<li><strong>Vibrations<\/strong> : Elle utilise des vibrations pour masser le cuir chevelu, favorisant la circulation sanguine et la relaxation.<\/li>\n<li><strong>Luminoth\u00e9rapie<\/strong> : Int\u00e8gre souvent des lumi\u00e8res LED rouges et bleues pour un traitement efficace du cuir chevelu.<\/li>\n<li><strong>Application d&rsquo;huile<\/strong> : Peut comporter un r\u00e9servoir ou des orifices pour l&rsquo;application pr\u00e9cise d&rsquo;huiles essentielles ou de s\u00e9rums capillaires.<\/li>\n<li><strong>Conception portable<\/strong> : Compacte, l\u00e9g\u00e8re et souvent \u00e9tanche pour une utilisation facile \u00e0 la maison ou en d\u00e9placement.<\/li>\n<\/ul>\n<p><img loading=\"lazy\" decoding=\"async\" class=\"aligncenter wp-image-2873 size-full\" src=\"https:\/\/yallafid.com\/wp-content\/uploads\/2026\/01\/brosse-vapeur-massage-cheveux-promotionfemme-vente-en-ligne-yallafid-tunnipromo-cosmos-c.jpg\" alt=\"\" width=\"790\" height=\"790\" srcset=\"https:\/\/yallafid.com\/wp-content\/uploads\/2026\/01\/brosse-vapeur-massage-cheveux-promotionfemme-vente-en-ligne-yallafid-tunnipromo-cosmos-c.jpg 790w, https:\/\/yallafid.com\/wp-content\/uploads\/2026\/01\/brosse-vapeur-massage-cheveux-promotionfemme-vente-en-ligne-yallafid-tunnipromo-cosmos-c-300x300.jpg 300w, https:\/\/yallafid.com\/wp-content\/uploads\/2026\/01\/brosse-vapeur-massage-cheveux-promotionfemme-vente-en-ligne-yallafid-tunnipromo-cosmos-c-150x150.jpg 150w, https:\/\/yallafid.com\/wp-content\/uploads\/2026\/01\/brosse-vapeur-massage-cheveux-promotionfemme-vente-en-ligne-yallafid-tunnipromo-cosmos-c-768x768.jpg 768w, https:\/\/yallafid.com\/wp-content\/uploads\/2026\/01\/brosse-vapeur-massage-cheveux-promotionfemme-vente-en-ligne-yallafid-tunnipromo-cosmos-c-600x600.jpg 600w\" sizes=\"auto, (max-width: 790px) 100vw, 790px\" \/><\/p>\n","protected":false},"excerpt":{"rendered":"<ul>\n<li><strong>Mat\u00e9riau du produit<\/strong> : ABS.TPU.<\/li>\n<li><strong>Taille<\/strong> : 18,5*6.5*4,5 cm<\/li>\n<li><strong>Accessoires du produit<\/strong> : manuel + c\u00e2ble de donn\u00e9es TYPE-C<\/li>\n<li><strong>Mode de vibration<\/strong> : 3 vitesses Mode d\u2019\u00e9clairage : Rouge\/Bleu<\/li>\n<li><strong>Capacit\u00e9 de la batterie<\/strong> : 500 mAh<\/li>\n<li><strong>Fonctionnalit\u00e9 2-en-1 :<\/strong> Con\u00e7ue pour le soin du cuir chevelu et des cheveux, elle combine les fonctions de massage et de brossage.<\/li>\n<\/ul>\n","protected":false},"featured_media":2868,"comment_status":"open","ping_status":"closed","template":"","meta":[],"product_brand":[],"product_cat":[34,43,188],"product_tag":[],"class_list":{"0":"post-2867","1":"product","2":"type-product","3":"status-publish","4":"has-post-thumbnail","6":"product_cat-beaute-soins","7":"product_cat-soins-beaute-femme","8":"product_cat-soins-cheveux","9":"product_shipping_class-livraison-7-tnd-fix","11":"first","12":"instock","13":"sale","14":"taxable","15":"shipping-taxable","16":"purchasable","17":"product-type-simple"},"jetpack_sharing_enabled":true,"_links":{"self":[{"href":"https:\/\/yallafid.com\/index.php?rest_route=\/wp\/v2\/product\/2867","targetHints":{"allow":["GET"]}}],"collection":[{"href":"https:\/\/yallafid.com\/index.php?rest_route=\/wp\/v2\/product"}],"about":[{"href":"https:\/\/yallafid.com\/index.php?rest_route=\/wp\/v2\/types\/product"}],"replies":[{"embeddable":true,"href":"https:\/\/yallafid.com\/index.php?rest_route=%2Fwp%2Fv2%2Fcomments&post=2867"}],"version-history":[{"count":2,"href":"https:\/\/yallafid.com\/index.php?rest_route=\/wp\/v2\/product\/2867\/revisions"}],"predecessor-version":[{"id":2876,"href":"https:\/\/yallafid.com\/index.php?rest_route=\/wp\/v2\/product\/2867\/revisions\/2876"}],"wp:featuredmedia":[{"embeddable":true,"href":"https:\/\/yallafid.com\/index.php?rest_route=\/wp\/v2\/media\/2868"}],"wp:attachment":[{"href":"https:\/\/yallafid.com\/index.php?rest_route=%2Fwp%2Fv2%2Fmedia&parent=2867"}],"wp:term":[{"taxonomy":"product_brand","embeddable":true,"href":"https:\/\/yallafid.com\/index.php?rest_route=%2Fwp%2Fv2%2Fproduct_brand&post=2867"},{"taxonomy":"product_cat","embeddable":true,"href":"https:\/\/yallafid.com\/index.php?rest_route=%2Fwp%2Fv2%2Fproduct_cat&post=2867"},{"taxonomy":"product_tag","embeddable":true,"href":"https:\/\/yallafid.com\/index.php?rest_route=%2Fwp%2Fv2%2Fproduct_tag&post=2867"}],"curies":[{"name":"wp","href":"https:\/\/api.w.org\/{rel}","templated":true}]}}