{"id":2877,"date":"2026-01-15T12:13:26","date_gmt":"2026-01-15T12:13:26","guid":{"rendered":"https:\/\/yallafid.com\/?post_type=product&#038;p=2877"},"modified":"2026-01-15T12:16:23","modified_gmt":"2026-01-15T12:16:23","slug":"tapis-de-priere-avec-support-dorsal","status":"publish","type":"product","link":"https:\/\/yallafid.com\/?product=tapis-de-priere-avec-support-dorsal","title":{"rendered":"Tapis de pri\u00e8re avec support dorsal"},"content":{"rendered":"<h2 style=\"text-align: center;\"><strong>Tapis de pri\u00e8re avec dossier -confortable- tapis de luxe -cadeau pour Ramadan\u00a0<\/strong><\/h2>\n<ul>\n<li>Les tapis de pri\u00e8re sont con\u00e7us pour ceux qui ont besoin de se reposer et pour ceux qui prennent la pleine conscience au s\u00e9rieux.<\/li>\n<li>Utiliser un tapis de pri\u00e8re avec dossier permet de prier confortablement et de se reposer en s&rsquo;appuyant sur le dossier apr\u00e8s la pri\u00e8re. En cas de douleurs lombaires, \u00e9vitez de vous pencher et appuyez- vous compl\u00e8tement sur le dossier. Cela peut soulager la pression sur la colonne vert\u00e9brale.<\/li>\n<\/ul>\n<p><img loading=\"lazy\" decoding=\"async\" class=\"aligncenter wp-image-2881 size-full\" src=\"https:\/\/yallafid.com\/wp-content\/uploads\/2026\/01\/tapis-priere-ramadan-promotion-cadeau-tunnipromo-yallafid-tunisie-Facebook-instagrame-sousse-vente-flach-RAMADAN6.jpg\" alt=\"\" width=\"785\" height=\"785\" srcset=\"https:\/\/yallafid.com\/wp-content\/uploads\/2026\/01\/tapis-priere-ramadan-promotion-cadeau-tunnipromo-yallafid-tunisie-Facebook-instagrame-sousse-vente-flach-RAMADAN6.jpg 785w, https:\/\/yallafid.com\/wp-content\/uploads\/2026\/01\/tapis-priere-ramadan-promotion-cadeau-tunnipromo-yallafid-tunisie-Facebook-instagrame-sousse-vente-flach-RAMADAN6-300x300.jpg 300w, https:\/\/yallafid.com\/wp-content\/uploads\/2026\/01\/tapis-priere-ramadan-promotion-cadeau-tunnipromo-yallafid-tunisie-Facebook-instagrame-sousse-vente-flach-RAMADAN6-150x150.jpg 150w, https:\/\/yallafid.com\/wp-content\/uploads\/2026\/01\/tapis-priere-ramadan-promotion-cadeau-tunnipromo-yallafid-tunisie-Facebook-instagrame-sousse-vente-flach-RAMADAN6-768x768.jpg 768w, https:\/\/yallafid.com\/wp-content\/uploads\/2026\/01\/tapis-priere-ramadan-promotion-cadeau-tunnipromo-yallafid-tunisie-Facebook-instagrame-sousse-vente-flach-RAMADAN6-600x600.jpg 600w\" sizes=\"auto, (max-width: 785px) 100vw, 785px\" \/><\/p>\n<ul>\n<li><strong>\u00c9paisseur : 2 cm :<\/strong> Fabriqu\u00e9 en tissu Oxford doux, le coussin de pri\u00e8re offre un excellent confort gr\u00e2ce \u00e0 son assise rembourr\u00e9e en mousse en trois parties.<\/li>\n<li><strong>115 degr\u00e9s<\/strong> : Angle id\u00e9al pour pratiquer une activit\u00e9 en position allong\u00e9e. Il est utilis\u00e9 non seulement pour la pri\u00e8re, mais aussi pour la m\u00e9ditation, la lecture et les \u00e9tudes.<\/li>\n<\/ul>\n<p><img loading=\"lazy\" decoding=\"async\" class=\"aligncenter wp-image-2888 size-full\" src=\"https:\/\/yallafid.com\/wp-content\/uploads\/2026\/01\/tapis-priere-ramadan-promotion-cadeau-tunnipromo-yallafid-tunisie-Facebook-instagrame-sousse-o.jpg\" alt=\"\" width=\"785\" height=\"785\" srcset=\"https:\/\/yallafid.com\/wp-content\/uploads\/2026\/01\/tapis-priere-ramadan-promotion-cadeau-tunnipromo-yallafid-tunisie-Facebook-instagrame-sousse-o.jpg 785w, https:\/\/yallafid.com\/wp-content\/uploads\/2026\/01\/tapis-priere-ramadan-promotion-cadeau-tunnipromo-yallafid-tunisie-Facebook-instagrame-sousse-o-300x300.jpg 300w, https:\/\/yallafid.com\/wp-content\/uploads\/2026\/01\/tapis-priere-ramadan-promotion-cadeau-tunnipromo-yallafid-tunisie-Facebook-instagrame-sousse-o-150x150.jpg 150w, https:\/\/yallafid.com\/wp-content\/uploads\/2026\/01\/tapis-priere-ramadan-promotion-cadeau-tunnipromo-yallafid-tunisie-Facebook-instagrame-sousse-o-768x768.jpg 768w, https:\/\/yallafid.com\/wp-content\/uploads\/2026\/01\/tapis-priere-ramadan-promotion-cadeau-tunnipromo-yallafid-tunisie-Facebook-instagrame-sousse-o-600x600.jpg 600w\" sizes=\"auto, (max-width: 785px) 100vw, 785px\" \/><\/p>\n<ul>\n<li><strong>Poche<\/strong> : Il y a une petite poche \u00e0 l&rsquo;arri\u00e8re du tapis de pri\u00e8re. Vous pouvez y ranger vos livres et vos notes<\/li>\n<\/ul>\n<p>&nbsp;<\/p>\n<p><img loading=\"lazy\" decoding=\"async\" class=\"aligncenter wp-image-2886 size-full\" src=\"https:\/\/yallafid.com\/wp-content\/uploads\/2026\/01\/tapis-priere-ramadan-promotion-cadeau-tunnipromo-yallafid-tunisie-Facebook-instagrame-sousse-vente-.jpg\" alt=\"\" width=\"785\" height=\"785\" srcset=\"https:\/\/yallafid.com\/wp-content\/uploads\/2026\/01\/tapis-priere-ramadan-promotion-cadeau-tunnipromo-yallafid-tunisie-Facebook-instagrame-sousse-vente-.jpg 785w, https:\/\/yallafid.com\/wp-content\/uploads\/2026\/01\/tapis-priere-ramadan-promotion-cadeau-tunnipromo-yallafid-tunisie-Facebook-instagrame-sousse-vente--300x300.jpg 300w, https:\/\/yallafid.com\/wp-content\/uploads\/2026\/01\/tapis-priere-ramadan-promotion-cadeau-tunnipromo-yallafid-tunisie-Facebook-instagrame-sousse-vente--150x150.jpg 150w, https:\/\/yallafid.com\/wp-content\/uploads\/2026\/01\/tapis-priere-ramadan-promotion-cadeau-tunnipromo-yallafid-tunisie-Facebook-instagrame-sousse-vente--768x768.jpg 768w, https:\/\/yallafid.com\/wp-content\/uploads\/2026\/01\/tapis-priere-ramadan-promotion-cadeau-tunnipromo-yallafid-tunisie-Facebook-instagrame-sousse-vente--600x600.jpg 600w\" sizes=\"auto, (max-width: 785px) 100vw, 785px\" \/><\/p>\n<ul>\n<li><strong>Portable<\/strong> : Un sac de voyage noir est fourni. Vous pouvez le plier et l&#8217;emporter avec vous pour vos activit\u00e9s de plein air ou vos voyages.<\/li>\n<\/ul>\n<p><img loading=\"lazy\" decoding=\"async\" class=\"aligncenter wp-image-2879 size-full\" src=\"https:\/\/yallafid.com\/wp-content\/uploads\/2026\/01\/tapis-priere-ramadan-promotion-cadeau-tunnipromo-yallafid-tunisie-Facebook-instagrame-sousse-vente-flach-cadeau-.jpg\" alt=\"\" width=\"786\" height=\"786\" srcset=\"https:\/\/yallafid.com\/wp-content\/uploads\/2026\/01\/tapis-priere-ramadan-promotion-cadeau-tunnipromo-yallafid-tunisie-Facebook-instagrame-sousse-vente-flach-cadeau-.jpg 786w, https:\/\/yallafid.com\/wp-content\/uploads\/2026\/01\/tapis-priere-ramadan-promotion-cadeau-tunnipromo-yallafid-tunisie-Facebook-instagrame-sousse-vente-flach-cadeau--300x300.jpg 300w, https:\/\/yallafid.com\/wp-content\/uploads\/2026\/01\/tapis-priere-ramadan-promotion-cadeau-tunnipromo-yallafid-tunisie-Facebook-instagrame-sousse-vente-flach-cadeau--150x150.jpg 150w, https:\/\/yallafid.com\/wp-content\/uploads\/2026\/01\/tapis-priere-ramadan-promotion-cadeau-tunnipromo-yallafid-tunisie-Facebook-instagrame-sousse-vente-flach-cadeau--768x768.jpg 768w, https:\/\/yallafid.com\/wp-content\/uploads\/2026\/01\/tapis-priere-ramadan-promotion-cadeau-tunnipromo-yallafid-tunisie-Facebook-instagrame-sousse-vente-flach-cadeau--600x600.jpg 600w\" sizes=\"auto, (max-width: 786px) 100vw, 786px\" \/><\/p>\n<ul>\n<li><strong>Dimensions<\/strong> : 110 cm \u00d7 53 cm<\/li>\n<\/ul>\n<p><img loading=\"lazy\" decoding=\"async\" class=\"aligncenter wp-image-2884 size-full\" src=\"https:\/\/yallafid.com\/wp-content\/uploads\/2026\/01\/tapis-priere-ramadan-promotion-cadeau-tunnipromo-yallafid-tunisie-Facebook-instagrame-sousse-vente-flach-.jpg\" alt=\"\" width=\"785\" height=\"785\" srcset=\"https:\/\/yallafid.com\/wp-content\/uploads\/2026\/01\/tapis-priere-ramadan-promotion-cadeau-tunnipromo-yallafid-tunisie-Facebook-instagrame-sousse-vente-flach-.jpg 785w, https:\/\/yallafid.com\/wp-content\/uploads\/2026\/01\/tapis-priere-ramadan-promotion-cadeau-tunnipromo-yallafid-tunisie-Facebook-instagrame-sousse-vente-flach--300x300.jpg 300w, https:\/\/yallafid.com\/wp-content\/uploads\/2026\/01\/tapis-priere-ramadan-promotion-cadeau-tunnipromo-yallafid-tunisie-Facebook-instagrame-sousse-vente-flach--150x150.jpg 150w, https:\/\/yallafid.com\/wp-content\/uploads\/2026\/01\/tapis-priere-ramadan-promotion-cadeau-tunnipromo-yallafid-tunisie-Facebook-instagrame-sousse-vente-flach--768x768.jpg 768w, https:\/\/yallafid.com\/wp-content\/uploads\/2026\/01\/tapis-priere-ramadan-promotion-cadeau-tunnipromo-yallafid-tunisie-Facebook-instagrame-sousse-vente-flach--600x600.jpg 600w\" sizes=\"auto, (max-width: 785px) 100vw, 785px\" \/><\/p>\n","protected":false},"excerpt":{"rendered":"<ul>\n<li><strong>Couleur :<\/strong> bleu- gris- moutarde -vert<\/li>\n<li>Tapis de pri\u00e8re et le dossier \u00e0 la fois.<\/li>\n<li>Fonctionne pour soulager le dos et la douleur au genou.<\/li>\n<li>Portable avec un sac de transport<\/li>\n<li>Le dossier est inclinable pour la commodit\u00e9 de l\u2019arri\u00e8re, ou pendant la pri\u00e8re pour ceux qui ne peuvent pas rester debout pendant la pri\u00e8re.&nbsp;<\/li>\n<\/ul>\n","protected":false},"featured_media":2887,"comment_status":"open","ping_status":"closed","template":"","meta":[],"product_brand":[],"product_cat":[84,45],"product_tag":[],"class_list":{"0":"post-2877","1":"product","2":"type-product","3":"status-publish","4":"has-post-thumbnail","6":"product_cat-idees-cadeaux","7":"product_cat-maison-deco","9":"first","10":"instock","11":"sale","12":"taxable","13":"shipping-taxable","14":"purchasable","15":"product-type-simple"},"jetpack_sharing_enabled":true,"_links":{"self":[{"href":"https:\/\/yallafid.com\/index.php?rest_route=\/wp\/v2\/product\/2877","targetHints":{"allow":["GET"]}}],"collection":[{"href":"https:\/\/yallafid.com\/index.php?rest_route=\/wp\/v2\/product"}],"about":[{"href":"https:\/\/yallafid.com\/index.php?rest_route=\/wp\/v2\/types\/product"}],"replies":[{"embeddable":true,"href":"https:\/\/yallafid.com\/index.php?rest_route=%2Fwp%2Fv2%2Fcomments&post=2877"}],"version-history":[{"count":3,"href":"https:\/\/yallafid.com\/index.php?rest_route=\/wp\/v2\/product\/2877\/revisions"}],"predecessor-version":[{"id":2895,"href":"https:\/\/yallafid.com\/index.php?rest_route=\/wp\/v2\/product\/2877\/revisions\/2895"}],"wp:featuredmedia":[{"embeddable":true,"href":"https:\/\/yallafid.com\/index.php?rest_route=\/wp\/v2\/media\/2887"}],"wp:attachment":[{"href":"https:\/\/yallafid.com\/index.php?rest_route=%2Fwp%2Fv2%2Fmedia&parent=2877"}],"wp:term":[{"taxonomy":"product_brand","embeddable":true,"href":"https:\/\/yallafid.com\/index.php?rest_route=%2Fwp%2Fv2%2Fproduct_brand&post=2877"},{"taxonomy":"product_cat","embeddable":true,"href":"https:\/\/yallafid.com\/index.php?rest_route=%2Fwp%2Fv2%2Fproduct_cat&post=2877"},{"taxonomy":"product_tag","embeddable":true,"href":"https:\/\/yallafid.com\/index.php?rest_route=%2Fwp%2Fv2%2Fproduct_tag&post=2877"}],"curies":[{"name":"wp","href":"https:\/\/api.w.org\/{rel}","templated":true}]}}