{"id":2897,"date":"2026-01-15T13:23:38","date_gmt":"2026-01-15T13:23:38","guid":{"rendered":"https:\/\/yallafid.com\/?post_type=product&#038;p=2897"},"modified":"2026-01-15T13:40:53","modified_gmt":"2026-01-15T13:40:53","slug":"2897","status":"publish","type":"product","link":"https:\/\/yallafid.com\/?product=2897","title":{"rendered":"Lampe de table pliable avec socle -Noir"},"content":{"rendered":"<h2 style=\"text-align: center;\"><strong>Lampe de bureau pliable am\u00e9ricaine &#8211; lampe LED pour \u00e9tudiants -id\u00e9ale pour la lecture et les travaux au lit, base noire + pince\u00a0 9 W<\/strong><\/h2>\n<ul>\n<li><strong>Intensit\u00e9 variable<\/strong> : lumi\u00e8re \u00e0 intensit\u00e9 variable, peut vous permettre de r\u00e9gler la lumi\u00e8re comme vous le souhaitez, \u00e9viter que la lumi\u00e8re trop forte ne blesse vos yeux pendant la lecture.<\/li>\n<li>Design haut de gamme et solide. Beau look moderne et design simple.<\/li>\n<\/ul>\n<p><img loading=\"lazy\" decoding=\"async\" class=\"aligncenter wp-image-2903 size-full\" src=\"https:\/\/yallafid.com\/wp-content\/uploads\/2026\/01\/Lampe-socle-promotion-bureau-yalafid-tunisie-flexible-noir-beja-ramadan-solide-Decoration-Copie.jpg\" alt=\"\" width=\"700\" height=\"700\" srcset=\"https:\/\/yallafid.com\/wp-content\/uploads\/2026\/01\/Lampe-socle-promotion-bureau-yalafid-tunisie-flexible-noir-beja-ramadan-solide-Decoration-Copie.jpg 700w, https:\/\/yallafid.com\/wp-content\/uploads\/2026\/01\/Lampe-socle-promotion-bureau-yalafid-tunisie-flexible-noir-beja-ramadan-solide-Decoration-Copie-300x300.jpg 300w, https:\/\/yallafid.com\/wp-content\/uploads\/2026\/01\/Lampe-socle-promotion-bureau-yalafid-tunisie-flexible-noir-beja-ramadan-solide-Decoration-Copie-150x150.jpg 150w, https:\/\/yallafid.com\/wp-content\/uploads\/2026\/01\/Lampe-socle-promotion-bureau-yalafid-tunisie-flexible-noir-beja-ramadan-solide-Decoration-Copie-600x600.jpg 600w\" sizes=\"auto, (max-width: 700px) 100vw, 700px\" \/><\/p>\n<ul>\n<li>Fabriqu\u00e9 \u00e0 partir de mat\u00e9riau m\u00e9tallique de haute qualit\u00e9, durable, antirouille et longue dur\u00e9e de vie.<\/li>\n<li><strong>Design pliable<\/strong> : \u00e9conomisez plus d&rsquo;espace lorsque vous n&rsquo;en avez pas besoin<\/li>\n<\/ul>\n<p><img loading=\"lazy\" decoding=\"async\" class=\"aligncenter wp-image-2898 size-full\" src=\"https:\/\/yallafid.com\/wp-content\/uploads\/2026\/01\/Lampe-socle-promotion-bureau-yalafid-tunisie-flexible-noir-beja-ramadan-solide-.jpg\" alt=\"\" width=\"828\" height=\"828\" srcset=\"https:\/\/yallafid.com\/wp-content\/uploads\/2026\/01\/Lampe-socle-promotion-bureau-yalafid-tunisie-flexible-noir-beja-ramadan-solide-.jpg 828w, https:\/\/yallafid.com\/wp-content\/uploads\/2026\/01\/Lampe-socle-promotion-bureau-yalafid-tunisie-flexible-noir-beja-ramadan-solide--300x300.jpg 300w, https:\/\/yallafid.com\/wp-content\/uploads\/2026\/01\/Lampe-socle-promotion-bureau-yalafid-tunisie-flexible-noir-beja-ramadan-solide--150x150.jpg 150w, https:\/\/yallafid.com\/wp-content\/uploads\/2026\/01\/Lampe-socle-promotion-bureau-yalafid-tunisie-flexible-noir-beja-ramadan-solide--768x768.jpg 768w, https:\/\/yallafid.com\/wp-content\/uploads\/2026\/01\/Lampe-socle-promotion-bureau-yalafid-tunisie-flexible-noir-beja-ramadan-solide--600x600.jpg 600w\" sizes=\"auto, (max-width: 828px) 100vw, 828px\" \/><\/p>\n<ul>\n<li><strong>Utilisations<\/strong> : Une lampe de bureau id\u00e9ale pour un dortoir d&rsquo;\u00e9tudiant, une salle d&rsquo;\u00e9tude, un salon, un atelier, un caf\u00e9, une biblioth\u00e8que, un bureau, etc.<\/li>\n<li>\u00c9galement un cadeau cr\u00e9atif pour les enfants, les amis et les parents.<\/li>\n<\/ul>\n<p><img loading=\"lazy\" decoding=\"async\" class=\"aligncenter wp-image-2901 size-full\" src=\"https:\/\/yallafid.com\/wp-content\/uploads\/2026\/01\/Lampe-socle-promotion-bureau-yalafid-tunisie-flexible-noir-beja-ramadan.jpg\" alt=\"\" width=\"864\" height=\"864\" srcset=\"https:\/\/yallafid.com\/wp-content\/uploads\/2026\/01\/Lampe-socle-promotion-bureau-yalafid-tunisie-flexible-noir-beja-ramadan.jpg 864w, https:\/\/yallafid.com\/wp-content\/uploads\/2026\/01\/Lampe-socle-promotion-bureau-yalafid-tunisie-flexible-noir-beja-ramadan-300x300.jpg 300w, https:\/\/yallafid.com\/wp-content\/uploads\/2026\/01\/Lampe-socle-promotion-bureau-yalafid-tunisie-flexible-noir-beja-ramadan-150x150.jpg 150w, https:\/\/yallafid.com\/wp-content\/uploads\/2026\/01\/Lampe-socle-promotion-bureau-yalafid-tunisie-flexible-noir-beja-ramadan-768x768.jpg 768w, https:\/\/yallafid.com\/wp-content\/uploads\/2026\/01\/Lampe-socle-promotion-bureau-yalafid-tunisie-flexible-noir-beja-ramadan-600x600.jpg 600w\" sizes=\"auto, (max-width: 864px) 100vw, 864px\" \/><\/p>\n","protected":false},"excerpt":{"rendered":"<ul>\n<li><strong>Nom Du Produit<\/strong> : Lampe de Table<\/li>\n<li><strong>Couleur :<\/strong> noir<\/li>\n<li><strong>Style<\/strong> : Simple Et Moderne.<\/li>\n<li><strong>Type de Commutateur<\/strong> : Interrupteur \u00c0 Bouton-Poussoir<\/li>\n<li><strong>Tension<\/strong> : 110 V ~ 240 V (Inclus)<\/li>\n<li><strong>Type de Source Lumineuse<\/strong> : LED<\/li>\n<\/ul>\n<p>&nbsp;<\/p>\n<p>&nbsp;<\/p>\n","protected":false},"featured_media":2902,"comment_status":"open","ping_status":"closed","template":"","meta":[],"product_brand":[],"product_cat":[46,134,45,197],"product_tag":[],"class_list":{"0":"post-2897","1":"product","2":"type-product","3":"status-publish","4":"has-post-thumbnail","6":"product_cat-decoration","7":"product_cat-lampes","8":"product_cat-maison-deco","9":"product_cat-veilleuses","10":"product_shipping_class-livraison-7-tnd-fix","12":"first","13":"instock","14":"sale","15":"taxable","16":"shipping-taxable","17":"purchasable","18":"product-type-simple"},"jetpack_sharing_enabled":true,"_links":{"self":[{"href":"https:\/\/yallafid.com\/index.php?rest_route=\/wp\/v2\/product\/2897","targetHints":{"allow":["GET"]}}],"collection":[{"href":"https:\/\/yallafid.com\/index.php?rest_route=\/wp\/v2\/product"}],"about":[{"href":"https:\/\/yallafid.com\/index.php?rest_route=\/wp\/v2\/types\/product"}],"replies":[{"embeddable":true,"href":"https:\/\/yallafid.com\/index.php?rest_route=%2Fwp%2Fv2%2Fcomments&post=2897"}],"version-history":[{"count":3,"href":"https:\/\/yallafid.com\/index.php?rest_route=\/wp\/v2\/product\/2897\/revisions"}],"predecessor-version":[{"id":2905,"href":"https:\/\/yallafid.com\/index.php?rest_route=\/wp\/v2\/product\/2897\/revisions\/2905"}],"wp:featuredmedia":[{"embeddable":true,"href":"https:\/\/yallafid.com\/index.php?rest_route=\/wp\/v2\/media\/2902"}],"wp:attachment":[{"href":"https:\/\/yallafid.com\/index.php?rest_route=%2Fwp%2Fv2%2Fmedia&parent=2897"}],"wp:term":[{"taxonomy":"product_brand","embeddable":true,"href":"https:\/\/yallafid.com\/index.php?rest_route=%2Fwp%2Fv2%2Fproduct_brand&post=2897"},{"taxonomy":"product_cat","embeddable":true,"href":"https:\/\/yallafid.com\/index.php?rest_route=%2Fwp%2Fv2%2Fproduct_cat&post=2897"},{"taxonomy":"product_tag","embeddable":true,"href":"https:\/\/yallafid.com\/index.php?rest_route=%2Fwp%2Fv2%2Fproduct_tag&post=2897"}],"curies":[{"name":"wp","href":"https:\/\/api.w.org\/{rel}","templated":true}]}}