{"id":2907,"date":"2026-01-15T13:48:07","date_gmt":"2026-01-15T13:48:07","guid":{"rendered":"https:\/\/yallafid.com\/?post_type=product&#038;p=2907"},"modified":"2026-01-15T14:09:35","modified_gmt":"2026-01-15T14:09:35","slug":"2907","status":"publish","type":"product","link":"https:\/\/yallafid.com\/?product=2907","title":{"rendered":"Horloge num\u00e9rique LED 4622"},"content":{"rendered":"<p style=\"text-align: center;\"><strong>Horloge LED rouge\u00a0 avec affichage de la temp\u00e9rature int\u00e9rieure, calendrier (date et jour de la semaine), horloge murale<\/strong><\/p>\n<ul>\n<li>Son grand \u00e9cran LED de 45 x 22 x 3 cm affiche l\u2019heure, la date, le jour de la semaine, l\u2019indication AM\/PM et la temp\u00e9rature int\u00e9rieure. Facile \u00e0 lire pour les personnes \u00e2g\u00e9es, il constitue une fonctionnalit\u00e9 essentielle pour les seniors et les personnes malvoyantes.<\/li>\n<li><strong>Ampoules LED longue dur\u00e9e<\/strong> : les LED sont extr\u00eamement \u00e9conomes en \u00e9nergie et consomment moins d\u2019\u00e9lectricit\u00e9 que les ampoules \u00e0 incandescence, ce qui vous permet de r\u00e9aliser des \u00e9conomies sur les co\u00fbts de remplacement gr\u00e2ce \u00e0 leur longue dur\u00e9e de vie. Le cadran de l\u2019horloge est en verre de haute qualit\u00e9 (et non en acrylique), ce qui lui conf\u00e8re un aspect plus \u00e9l\u00e9gant et une plus grande durabilit\u00e9.<\/li>\n<li><strong>Fixation murale et support pliable<\/strong> : 2 trous de fixation faciles \u00e0 l\u2019arri\u00e8re de l\u2019horloge permettent une installation murale (fixations incluses), et le support pliable permet de poser l\u2019horloge sur une table.<\/li>\n<li><strong>Multifonctionnel<\/strong> : Grande horloge murale d\u00e9corative pour salon, bureau, salle de conf\u00e9rence, chambre, cuisine, garage, salle de sport et salle de classe.<\/li>\n<\/ul>\n<p><img loading=\"lazy\" decoding=\"async\" class=\"aligncenter wp-image-2910 size-full\" src=\"https:\/\/yallafid.com\/wp-content\/uploads\/2026\/01\/horloge-numerique-grand-model-yallafid-tunisie-bureau-societe-promotion-cosmos-1.png\" alt=\"\" width=\"784\" height=\"784\" srcset=\"https:\/\/yallafid.com\/wp-content\/uploads\/2026\/01\/horloge-numerique-grand-model-yallafid-tunisie-bureau-societe-promotion-cosmos-1.png 784w, https:\/\/yallafid.com\/wp-content\/uploads\/2026\/01\/horloge-numerique-grand-model-yallafid-tunisie-bureau-societe-promotion-cosmos-1-300x300.png 300w, https:\/\/yallafid.com\/wp-content\/uploads\/2026\/01\/horloge-numerique-grand-model-yallafid-tunisie-bureau-societe-promotion-cosmos-1-150x150.png 150w, https:\/\/yallafid.com\/wp-content\/uploads\/2026\/01\/horloge-numerique-grand-model-yallafid-tunisie-bureau-societe-promotion-cosmos-1-768x768.png 768w, https:\/\/yallafid.com\/wp-content\/uploads\/2026\/01\/horloge-numerique-grand-model-yallafid-tunisie-bureau-societe-promotion-cosmos-1-600x600.png 600w\" sizes=\"auto, (max-width: 784px) 100vw, 784px\" \/><\/p>\n","protected":false},"excerpt":{"rendered":"<ul>\n<li>Grande et large horloge poss\u00e8de un bel affichage lumineux.<\/li>\n<li>Le calendrier en bas indique le jour de la semaine et la date<\/li>\n<li>Dimensions : 45 X22X3 cm<\/li>\n<\/ul>\n","protected":false},"featured_media":2912,"comment_status":"open","ping_status":"closed","template":"","meta":[],"product_brand":[],"product_cat":[194,45],"product_tag":[],"class_list":{"0":"post-2907","1":"product","2":"type-product","3":"status-publish","4":"has-post-thumbnail","6":"product_cat-horloges","7":"product_cat-maison-deco","8":"product_shipping_class-livraison-7-tnd-fix","10":"first","11":"instock","12":"sale","13":"taxable","14":"shipping-taxable","15":"purchasable","16":"product-type-simple"},"jetpack_sharing_enabled":true,"_links":{"self":[{"href":"https:\/\/yallafid.com\/index.php?rest_route=\/wp\/v2\/product\/2907","targetHints":{"allow":["GET"]}}],"collection":[{"href":"https:\/\/yallafid.com\/index.php?rest_route=\/wp\/v2\/product"}],"about":[{"href":"https:\/\/yallafid.com\/index.php?rest_route=\/wp\/v2\/types\/product"}],"replies":[{"embeddable":true,"href":"https:\/\/yallafid.com\/index.php?rest_route=%2Fwp%2Fv2%2Fcomments&post=2907"}],"version-history":[{"count":3,"href":"https:\/\/yallafid.com\/index.php?rest_route=\/wp\/v2\/product\/2907\/revisions"}],"predecessor-version":[{"id":2914,"href":"https:\/\/yallafid.com\/index.php?rest_route=\/wp\/v2\/product\/2907\/revisions\/2914"}],"wp:featuredmedia":[{"embeddable":true,"href":"https:\/\/yallafid.com\/index.php?rest_route=\/wp\/v2\/media\/2912"}],"wp:attachment":[{"href":"https:\/\/yallafid.com\/index.php?rest_route=%2Fwp%2Fv2%2Fmedia&parent=2907"}],"wp:term":[{"taxonomy":"product_brand","embeddable":true,"href":"https:\/\/yallafid.com\/index.php?rest_route=%2Fwp%2Fv2%2Fproduct_brand&post=2907"},{"taxonomy":"product_cat","embeddable":true,"href":"https:\/\/yallafid.com\/index.php?rest_route=%2Fwp%2Fv2%2Fproduct_cat&post=2907"},{"taxonomy":"product_tag","embeddable":true,"href":"https:\/\/yallafid.com\/index.php?rest_route=%2Fwp%2Fv2%2Fproduct_tag&post=2907"}],"curies":[{"name":"wp","href":"https:\/\/api.w.org\/{rel}","templated":true}]}}