{"id":2915,"date":"2026-01-15T13:50:02","date_gmt":"2026-01-15T13:50:02","guid":{"rendered":"https:\/\/yallafid.com\/?post_type=product&#038;p=2915"},"modified":"2026-01-15T13:58:55","modified_gmt":"2026-01-15T13:58:55","slug":"lampe-de-table-pliable-avec-socle-rouge","status":"publish","type":"product","link":"https:\/\/yallafid.com\/?product=lampe-de-table-pliable-avec-socle-rouge","title":{"rendered":"Lampe de table pliable avec socle -Rouge"},"content":{"rendered":"<h2 style=\"text-align: center;\"><strong>Lampe de bureau pliable am\u00e9ricaine &#8211; lampe LED pour \u00e9tudiants -id\u00e9ale pour la lecture et les travaux au lit, base\u00a0 + pince\u00a0 9 W<\/strong><\/h2>\n<ul>\n<li><strong>Intensit\u00e9 variable<\/strong> : lumi\u00e8re \u00e0 intensit\u00e9 variable, peut vous permettre de r\u00e9gler la lumi\u00e8re comme vous le souhaitez, \u00e9viter que la lumi\u00e8re trop forte ne blesse vos yeux pendant la lecture.<\/li>\n<li>Design haut de gamme et solide. Beau look moderne et design simple.<\/li>\n<\/ul>\n<p><img loading=\"lazy\" decoding=\"async\" class=\"aligncenter wp-image-2918 size-full\" src=\"https:\/\/yallafid.com\/wp-content\/uploads\/2026\/01\/Lampe-socle-promotion-bureau-yalafid-tunisie-flexible-noir-beja-ramadan-solide-Decoration-rouge-beja-vente-.jpg\" alt=\"\" width=\"822\" height=\"822\" srcset=\"https:\/\/yallafid.com\/wp-content\/uploads\/2026\/01\/Lampe-socle-promotion-bureau-yalafid-tunisie-flexible-noir-beja-ramadan-solide-Decoration-rouge-beja-vente-.jpg 822w, https:\/\/yallafid.com\/wp-content\/uploads\/2026\/01\/Lampe-socle-promotion-bureau-yalafid-tunisie-flexible-noir-beja-ramadan-solide-Decoration-rouge-beja-vente--300x300.jpg 300w, https:\/\/yallafid.com\/wp-content\/uploads\/2026\/01\/Lampe-socle-promotion-bureau-yalafid-tunisie-flexible-noir-beja-ramadan-solide-Decoration-rouge-beja-vente--150x150.jpg 150w, https:\/\/yallafid.com\/wp-content\/uploads\/2026\/01\/Lampe-socle-promotion-bureau-yalafid-tunisie-flexible-noir-beja-ramadan-solide-Decoration-rouge-beja-vente--768x768.jpg 768w, https:\/\/yallafid.com\/wp-content\/uploads\/2026\/01\/Lampe-socle-promotion-bureau-yalafid-tunisie-flexible-noir-beja-ramadan-solide-Decoration-rouge-beja-vente--600x600.jpg 600w\" sizes=\"auto, (max-width: 822px) 100vw, 822px\" \/><\/p>\n<ul>\n<li>Fabriqu\u00e9 \u00e0 partir de mat\u00e9riau m\u00e9tallique de haute qualit\u00e9, durable, antirouille et longue dur\u00e9e de vie.<\/li>\n<li><strong>Design pliable<\/strong> : \u00e9conomisez plus d&rsquo;espace lorsque vous n&rsquo;en avez pas besoin<\/li>\n<\/ul>\n<p><img loading=\"lazy\" decoding=\"async\" class=\"aligncenter wp-image-2919 size-full\" src=\"https:\/\/yallafid.com\/wp-content\/uploads\/2026\/01\/Lampe-socle-promotion-bureau-yalafid-tunisie-flexible-noir-beja-ramadan-solide-Decoration-rouge-beja.jpg\" alt=\"\" width=\"802\" height=\"802\" srcset=\"https:\/\/yallafid.com\/wp-content\/uploads\/2026\/01\/Lampe-socle-promotion-bureau-yalafid-tunisie-flexible-noir-beja-ramadan-solide-Decoration-rouge-beja.jpg 802w, https:\/\/yallafid.com\/wp-content\/uploads\/2026\/01\/Lampe-socle-promotion-bureau-yalafid-tunisie-flexible-noir-beja-ramadan-solide-Decoration-rouge-beja-300x300.jpg 300w, https:\/\/yallafid.com\/wp-content\/uploads\/2026\/01\/Lampe-socle-promotion-bureau-yalafid-tunisie-flexible-noir-beja-ramadan-solide-Decoration-rouge-beja-150x150.jpg 150w, https:\/\/yallafid.com\/wp-content\/uploads\/2026\/01\/Lampe-socle-promotion-bureau-yalafid-tunisie-flexible-noir-beja-ramadan-solide-Decoration-rouge-beja-768x768.jpg 768w, https:\/\/yallafid.com\/wp-content\/uploads\/2026\/01\/Lampe-socle-promotion-bureau-yalafid-tunisie-flexible-noir-beja-ramadan-solide-Decoration-rouge-beja-600x600.jpg 600w\" sizes=\"auto, (max-width: 802px) 100vw, 802px\" \/><\/p>\n<ul>\n<li><strong>Utilisations<\/strong> : Une lampe de bureau id\u00e9ale pour un dortoir d&rsquo;\u00e9tudiant, une salle d&rsquo;\u00e9tude, un salon, un atelier, un caf\u00e9, une biblioth\u00e8que, un bureau, etc.<\/li>\n<li>\u00c9galement un cadeau cr\u00e9atif pour les enfants, les amis et les parents.<\/li>\n<\/ul>\n<p><img loading=\"lazy\" decoding=\"async\" class=\"aligncenter wp-image-2917 size-full\" src=\"https:\/\/yallafid.com\/wp-content\/uploads\/2026\/01\/Lampe-socle-promotion-bureau-yalafid-tunisie-flexible-noir-beja-ramadan-solide-Decoration-rouge-beja-vente-en-ligne.jpg\" alt=\"\" width=\"808\" height=\"808\" srcset=\"https:\/\/yallafid.com\/wp-content\/uploads\/2026\/01\/Lampe-socle-promotion-bureau-yalafid-tunisie-flexible-noir-beja-ramadan-solide-Decoration-rouge-beja-vente-en-ligne.jpg 808w, https:\/\/yallafid.com\/wp-content\/uploads\/2026\/01\/Lampe-socle-promotion-bureau-yalafid-tunisie-flexible-noir-beja-ramadan-solide-Decoration-rouge-beja-vente-en-ligne-300x300.jpg 300w, https:\/\/yallafid.com\/wp-content\/uploads\/2026\/01\/Lampe-socle-promotion-bureau-yalafid-tunisie-flexible-noir-beja-ramadan-solide-Decoration-rouge-beja-vente-en-ligne-150x150.jpg 150w, https:\/\/yallafid.com\/wp-content\/uploads\/2026\/01\/Lampe-socle-promotion-bureau-yalafid-tunisie-flexible-noir-beja-ramadan-solide-Decoration-rouge-beja-vente-en-ligne-768x768.jpg 768w, https:\/\/yallafid.com\/wp-content\/uploads\/2026\/01\/Lampe-socle-promotion-bureau-yalafid-tunisie-flexible-noir-beja-ramadan-solide-Decoration-rouge-beja-vente-en-ligne-600x600.jpg 600w\" sizes=\"auto, (max-width: 808px) 100vw, 808px\" \/><\/p>\n","protected":false},"excerpt":{"rendered":"<ul>\n<li><strong>Nom Du Produit<\/strong> : Lampe de Table<\/li>\n<li><strong>Couleur :<\/strong> rouge<\/li>\n<li><strong>Style<\/strong> : Simple Et Moderne.<\/li>\n<li><strong>Type de Commutateur<\/strong> : Interrupteur \u00c0 Bouton-Poussoir<\/li>\n<li><strong>Tension<\/strong> : 110 V ~ 240 V (Inclus)<\/li>\n<li><strong>Type de Source Lumineuse<\/strong> : LED<\/li>\n<\/ul>\n<p>&nbsp;<\/p>\n<p>&nbsp;<\/p>\n","protected":false},"featured_media":2920,"comment_status":"open","ping_status":"closed","template":"","meta":[],"product_brand":[],"product_cat":[46,134,45,197],"product_tag":[],"class_list":{"0":"post-2915","1":"product","2":"type-product","3":"status-publish","4":"has-post-thumbnail","6":"product_cat-decoration","7":"product_cat-lampes","8":"product_cat-maison-deco","9":"product_cat-veilleuses","10":"product_shipping_class-livraison-7-tnd-fix","12":"first","13":"instock","14":"sale","15":"taxable","16":"shipping-taxable","17":"purchasable","18":"product-type-simple"},"jetpack_sharing_enabled":true,"_links":{"self":[{"href":"https:\/\/yallafid.com\/index.php?rest_route=\/wp\/v2\/product\/2915","targetHints":{"allow":["GET"]}}],"collection":[{"href":"https:\/\/yallafid.com\/index.php?rest_route=\/wp\/v2\/product"}],"about":[{"href":"https:\/\/yallafid.com\/index.php?rest_route=\/wp\/v2\/types\/product"}],"replies":[{"embeddable":true,"href":"https:\/\/yallafid.com\/index.php?rest_route=%2Fwp%2Fv2%2Fcomments&post=2915"}],"version-history":[{"count":2,"href":"https:\/\/yallafid.com\/index.php?rest_route=\/wp\/v2\/product\/2915\/revisions"}],"predecessor-version":[{"id":2922,"href":"https:\/\/yallafid.com\/index.php?rest_route=\/wp\/v2\/product\/2915\/revisions\/2922"}],"wp:featuredmedia":[{"embeddable":true,"href":"https:\/\/yallafid.com\/index.php?rest_route=\/wp\/v2\/media\/2920"}],"wp:attachment":[{"href":"https:\/\/yallafid.com\/index.php?rest_route=%2Fwp%2Fv2%2Fmedia&parent=2915"}],"wp:term":[{"taxonomy":"product_brand","embeddable":true,"href":"https:\/\/yallafid.com\/index.php?rest_route=%2Fwp%2Fv2%2Fproduct_brand&post=2915"},{"taxonomy":"product_cat","embeddable":true,"href":"https:\/\/yallafid.com\/index.php?rest_route=%2Fwp%2Fv2%2Fproduct_cat&post=2915"},{"taxonomy":"product_tag","embeddable":true,"href":"https:\/\/yallafid.com\/index.php?rest_route=%2Fwp%2Fv2%2Fproduct_tag&post=2915"}],"curies":[{"name":"wp","href":"https:\/\/api.w.org\/{rel}","templated":true}]}}