{"id":2938,"date":"2026-01-15T14:32:00","date_gmt":"2026-01-15T14:32:00","guid":{"rendered":"https:\/\/yallafid.com\/?post_type=product&#038;p=2938"},"modified":"2026-01-15T14:38:28","modified_gmt":"2026-01-15T14:38:28","slug":"lot-de-3-boites-de-rangement-forme-armoire","status":"publish","type":"product","link":"https:\/\/yallafid.com\/?product=lot-de-3-boites-de-rangement-forme-armoire","title":{"rendered":"Boite de rangement pliable"},"content":{"rendered":"<h1 style=\"text-align: center;\"><strong>Boite de rangement &#8211; blanche- avec deux portes &#8211; organisation maison-boutique-bureau-cuisine<\/strong><\/h1>\n<ul>\n<li><strong>Type de produit<\/strong> :\u00a0 \u00a0boite de rangement avec deux portes transparente<\/li>\n<li><strong>Montable<\/strong><\/li>\n<li><strong>Mat\u00e9riau<\/strong>: polypropyl\u00e8ne, PS<\/li>\n<li><strong>Couleur<\/strong>: blanc \/ marron<\/li>\n<li><strong>Hauteur pli\u00e9<\/strong>: 5.5 cm<\/li>\n<li><strong>Portes transparentes :<\/strong> Permet de visualiser rapidement le contenu des bo\u00eetes sans avoir \u00e0 les ouvrir.<\/li>\n<li>Permettent de ranger les jouets, les v\u00eatements, les livres et les chaussures<\/li>\n<li>Id\u00e9ale pour ranger divers objets comme des jouets, des livres, des v\u00eatements ou des chaussures, et peut \u00e9galement servir de table de chevet ou d\u2019\u00e9tag\u00e8re de cuisine.<\/li>\n<li>Facile \u00e0 plier et \u00e0 d\u00e9placer<\/li>\n<\/ul>\n<p><img loading=\"lazy\" decoding=\"async\" class=\"aligncenter wp-image-2933 size-large\" src=\"https:\/\/yallafid.com\/wp-content\/uploads\/2026\/01\/3-boite-rangement-organisation-blanc-maison-bureau-yallafid-tunisie-vente-en-ligne-unisie-1024x1024.jpg\" alt=\"\" width=\"1024\" height=\"1024\" srcset=\"https:\/\/yallafid.com\/wp-content\/uploads\/2026\/01\/3-boite-rangement-organisation-blanc-maison-bureau-yallafid-tunisie-vente-en-ligne-unisie-1024x1024.jpg 1024w, https:\/\/yallafid.com\/wp-content\/uploads\/2026\/01\/3-boite-rangement-organisation-blanc-maison-bureau-yallafid-tunisie-vente-en-ligne-unisie-300x300.jpg 300w, https:\/\/yallafid.com\/wp-content\/uploads\/2026\/01\/3-boite-rangement-organisation-blanc-maison-bureau-yallafid-tunisie-vente-en-ligne-unisie-150x150.jpg 150w, https:\/\/yallafid.com\/wp-content\/uploads\/2026\/01\/3-boite-rangement-organisation-blanc-maison-bureau-yallafid-tunisie-vente-en-ligne-unisie-768x768.jpg 768w, https:\/\/yallafid.com\/wp-content\/uploads\/2026\/01\/3-boite-rangement-organisation-blanc-maison-bureau-yallafid-tunisie-vente-en-ligne-unisie-600x600.jpg 600w, https:\/\/yallafid.com\/wp-content\/uploads\/2026\/01\/3-boite-rangement-organisation-blanc-maison-bureau-yallafid-tunisie-vente-en-ligne-unisie.jpg 1200w\" sizes=\"auto, (max-width: 1024px) 100vw, 1024px\" \/><\/p>\n","protected":false},"excerpt":{"rendered":"<ul>\n<li><strong>Mat\u00e9riau<\/strong> : Plastique<\/li>\n<li><strong>Dimensions par bo\u00eete: 22 X38X24,5 cm (L x L x H)<br \/>\n<\/strong><\/li>\n<li><strong>Conception<\/strong> : Pliable et empilable<\/li>\n<li><strong>Caract\u00e9ristiques<\/strong> : Portes transparentes \u00e0 double ouverture avec poign\u00e9es magn\u00e9tiques<\/li>\n<li><strong>Utilisation<\/strong> : Id\u00e9ale pour ranger des jouets, des livres, des v\u00eatements ou des chaussures<\/li>\n<li>Mobilit\u00e9 : Peut inclure des roulettes pour un d\u00e9placement facile<\/li>\n<\/ul>\n","protected":false},"featured_media":2928,"comment_status":"open","ping_status":"closed","template":"","meta":[],"product_brand":[],"product_cat":[45,135],"product_tag":[],"class_list":{"0":"post-2938","1":"product","2":"type-product","3":"status-publish","4":"has-post-thumbnail","6":"product_cat-maison-deco","7":"product_cat-rangement-accessoires-salle-bain","8":"product_shipping_class-livraison-7-tnd-fix","10":"first","11":"instock","12":"sale","13":"taxable","14":"shipping-taxable","15":"purchasable","16":"product-type-simple"},"jetpack_sharing_enabled":true,"_links":{"self":[{"href":"https:\/\/yallafid.com\/index.php?rest_route=\/wp\/v2\/product\/2938","targetHints":{"allow":["GET"]}}],"collection":[{"href":"https:\/\/yallafid.com\/index.php?rest_route=\/wp\/v2\/product"}],"about":[{"href":"https:\/\/yallafid.com\/index.php?rest_route=\/wp\/v2\/types\/product"}],"replies":[{"embeddable":true,"href":"https:\/\/yallafid.com\/index.php?rest_route=%2Fwp%2Fv2%2Fcomments&post=2938"}],"version-history":[{"count":4,"href":"https:\/\/yallafid.com\/index.php?rest_route=\/wp\/v2\/product\/2938\/revisions"}],"predecessor-version":[{"id":2941,"href":"https:\/\/yallafid.com\/index.php?rest_route=\/wp\/v2\/product\/2938\/revisions\/2941"}],"wp:featuredmedia":[{"embeddable":true,"href":"https:\/\/yallafid.com\/index.php?rest_route=\/wp\/v2\/media\/2928"}],"wp:attachment":[{"href":"https:\/\/yallafid.com\/index.php?rest_route=%2Fwp%2Fv2%2Fmedia&parent=2938"}],"wp:term":[{"taxonomy":"product_brand","embeddable":true,"href":"https:\/\/yallafid.com\/index.php?rest_route=%2Fwp%2Fv2%2Fproduct_brand&post=2938"},{"taxonomy":"product_cat","embeddable":true,"href":"https:\/\/yallafid.com\/index.php?rest_route=%2Fwp%2Fv2%2Fproduct_cat&post=2938"},{"taxonomy":"product_tag","embeddable":true,"href":"https:\/\/yallafid.com\/index.php?rest_route=%2Fwp%2Fv2%2Fproduct_tag&post=2938"}],"curies":[{"name":"wp","href":"https:\/\/api.w.org\/{rel}","templated":true}]}}