{"id":2945,"date":"2026-01-15T14:54:18","date_gmt":"2026-01-15T14:54:18","guid":{"rendered":"https:\/\/yallafid.com\/?post_type=product&#038;p=2945"},"modified":"2026-01-15T14:56:24","modified_gmt":"2026-01-15T14:56:24","slug":"filtre-en-maille-pour-douche","status":"publish","type":"product","link":"https:\/\/yallafid.com\/?product=filtre-en-maille-pour-douche","title":{"rendered":"Filtre en maille pour douche"},"content":{"rendered":"<h1 style=\"text-align: center;\"><strong>Filtre de douche autocollant<\/strong><\/h1>\n<ul>\n<li>Les autocollants de vidange de sol sont un moyen facile et efficace de garder les canalisations de sol propres et sans d\u00e9bris.<\/li>\n<li>Ces autocollants sont fabriqu\u00e9s en mat\u00e9riau durable et imperm\u00e9able et disposent d&rsquo;un support adh\u00e9sif qui adh\u00e8re facilement au drain du sol.<\/li>\n<\/ul>\n<p><img loading=\"lazy\" decoding=\"async\" class=\"aligncenter wp-image-2951 size-full\" src=\"https:\/\/yallafid.com\/wp-content\/uploads\/2026\/01\/Filtre-douche-autocollant-vidange-devier-cuisine-filtre-rouleau-yallafid-tunisie-vente-top.jpg\" alt=\"\" width=\"1000\" height=\"1000\" srcset=\"https:\/\/yallafid.com\/wp-content\/uploads\/2026\/01\/Filtre-douche-autocollant-vidange-devier-cuisine-filtre-rouleau-yallafid-tunisie-vente-top.jpg 1000w, https:\/\/yallafid.com\/wp-content\/uploads\/2026\/01\/Filtre-douche-autocollant-vidange-devier-cuisine-filtre-rouleau-yallafid-tunisie-vente-top-300x300.jpg 300w, https:\/\/yallafid.com\/wp-content\/uploads\/2026\/01\/Filtre-douche-autocollant-vidange-devier-cuisine-filtre-rouleau-yallafid-tunisie-vente-top-150x150.jpg 150w, https:\/\/yallafid.com\/wp-content\/uploads\/2026\/01\/Filtre-douche-autocollant-vidange-devier-cuisine-filtre-rouleau-yallafid-tunisie-vente-top-768x768.jpg 768w, https:\/\/yallafid.com\/wp-content\/uploads\/2026\/01\/Filtre-douche-autocollant-vidange-devier-cuisine-filtre-rouleau-yallafid-tunisie-vente-top-600x600.jpg 600w\" sizes=\"auto, (max-width: 1000px) 100vw, 1000px\" \/><\/p>\n<ul>\n<li>Les autocollants sont con\u00e7us \u00e0 taille libre qui peuvent \u00eatre coup\u00e9s et peuvent \u00eatre facilement retir\u00e9s si n\u00e9cessaire. Ils fournissent une barri\u00e8re protectrice contre la salet\u00e9, les d\u00e9bris et autres contaminants qui peuvent obstruer les canalisations et causer des r\u00e9parations co\u00fbteuses.<\/li>\n<li>Les autocollants de vidange de sol sont une solution id\u00e9ale pour garder les canalisations de sol propres et fonctionnent correctement.<\/li>\n<\/ul>\n<p><img loading=\"lazy\" decoding=\"async\" class=\"aligncenter wp-image-2946 size-full\" src=\"https:\/\/yallafid.com\/wp-content\/uploads\/2026\/01\/filtre-drain-douche-promotion-filtre-tunisie-yallafdi-vente-en-ligne.jpg\" alt=\"\" width=\"855\" height=\"855\" srcset=\"https:\/\/yallafid.com\/wp-content\/uploads\/2026\/01\/filtre-drain-douche-promotion-filtre-tunisie-yallafdi-vente-en-ligne.jpg 855w, https:\/\/yallafid.com\/wp-content\/uploads\/2026\/01\/filtre-drain-douche-promotion-filtre-tunisie-yallafdi-vente-en-ligne-300x300.jpg 300w, https:\/\/yallafid.com\/wp-content\/uploads\/2026\/01\/filtre-drain-douche-promotion-filtre-tunisie-yallafdi-vente-en-ligne-150x150.jpg 150w, https:\/\/yallafid.com\/wp-content\/uploads\/2026\/01\/filtre-drain-douche-promotion-filtre-tunisie-yallafdi-vente-en-ligne-768x768.jpg 768w, https:\/\/yallafid.com\/wp-content\/uploads\/2026\/01\/filtre-drain-douche-promotion-filtre-tunisie-yallafdi-vente-en-ligne-600x600.jpg 600w\" sizes=\"auto, (max-width: 855px) 100vw, 855px\" \/><\/p>\n","protected":false},"excerpt":{"rendered":"<ul>\n<li><strong>Type de produit<\/strong> : Autocollant de drainage<\/li>\n<li><strong>Largeur de rouleau<\/strong> : 110 mm * 3m<\/li>\n<li><strong>Caract\u00e9ristique:<\/strong> peut \u00eatre coup\u00e9, auto \u2013 adh\u00e9sif, imperm\u00e9able \u00e0 l\u2019eau<\/li>\n<li><strong>Le paquet comprend:<\/strong> 1 * PCS drainage autocollant rouleau<\/li>\n<li>Convient : l\u2019\u00e9vier de cuisine \u2013 le fer \u00e0 friser sur le sol peut \u00eatre utilis\u00e9 dans la salle de bain, la baignoire, la cuisine,<\/li>\n<\/ul>\n","protected":false},"featured_media":2947,"comment_status":"open","ping_status":"closed","template":"","meta":[],"product_brand":[],"product_cat":[45,135],"product_tag":[],"class_list":{"0":"post-2945","1":"product","2":"type-product","3":"status-publish","4":"has-post-thumbnail","6":"product_cat-maison-deco","7":"product_cat-rangement-accessoires-salle-bain","8":"product_shipping_class-livraison-7-tnd-fix","10":"first","11":"instock","12":"sale","13":"taxable","14":"shipping-taxable","15":"purchasable","16":"product-type-simple"},"jetpack_sharing_enabled":true,"_links":{"self":[{"href":"https:\/\/yallafid.com\/index.php?rest_route=\/wp\/v2\/product\/2945","targetHints":{"allow":["GET"]}}],"collection":[{"href":"https:\/\/yallafid.com\/index.php?rest_route=\/wp\/v2\/product"}],"about":[{"href":"https:\/\/yallafid.com\/index.php?rest_route=\/wp\/v2\/types\/product"}],"replies":[{"embeddable":true,"href":"https:\/\/yallafid.com\/index.php?rest_route=%2Fwp%2Fv2%2Fcomments&post=2945"}],"version-history":[{"count":2,"href":"https:\/\/yallafid.com\/index.php?rest_route=\/wp\/v2\/product\/2945\/revisions"}],"predecessor-version":[{"id":2953,"href":"https:\/\/yallafid.com\/index.php?rest_route=\/wp\/v2\/product\/2945\/revisions\/2953"}],"wp:featuredmedia":[{"embeddable":true,"href":"https:\/\/yallafid.com\/index.php?rest_route=\/wp\/v2\/media\/2947"}],"wp:attachment":[{"href":"https:\/\/yallafid.com\/index.php?rest_route=%2Fwp%2Fv2%2Fmedia&parent=2945"}],"wp:term":[{"taxonomy":"product_brand","embeddable":true,"href":"https:\/\/yallafid.com\/index.php?rest_route=%2Fwp%2Fv2%2Fproduct_brand&post=2945"},{"taxonomy":"product_cat","embeddable":true,"href":"https:\/\/yallafid.com\/index.php?rest_route=%2Fwp%2Fv2%2Fproduct_cat&post=2945"},{"taxonomy":"product_tag","embeddable":true,"href":"https:\/\/yallafid.com\/index.php?rest_route=%2Fwp%2Fv2%2Fproduct_tag&post=2945"}],"curies":[{"name":"wp","href":"https:\/\/api.w.org\/{rel}","templated":true}]}}