{"id":2954,"date":"2026-01-15T15:12:17","date_gmt":"2026-01-15T15:12:17","guid":{"rendered":"https:\/\/yallafid.com\/?post_type=product&#038;p=2954"},"modified":"2026-01-15T15:12:17","modified_gmt":"2026-01-15T15:12:17","slug":"chaise-de-priere-pliante","status":"publish","type":"product","link":"https:\/\/yallafid.com\/?product=chaise-de-priere-pliante","title":{"rendered":"Chaise de pri\u00e8re pliante"},"content":{"rendered":"<h1 style=\"text-align: center;\"><strong>Chaise de pri\u00e8re confortable &#8211; Noir- Rouge- Bleu- id\u00e9ale pour Ramadan\u00a0<\/strong><\/h1>\n<ul>\n<li>Tabouret pliable avec dossier et pieds antid\u00e9rapants pour \u00e9conomiser de l&rsquo;espace et facile \u00e0 nettoyer<\/li>\n<li>Couleur :Noir -bleu et rouge<\/li>\n<li>\u00a0Am\u00e9liore le confort et la sant\u00e9<\/li>\n<\/ul>\n<p><img loading=\"lazy\" decoding=\"async\" class=\"aligncenter wp-image-2962 size-full\" src=\"https:\/\/yallafid.com\/wp-content\/uploads\/2026\/01\/chaise-priere-confortable-promotion-tunisie-yallafid-vente-en-ligne-noir-solde-noir-pliable-tarawhir.jpg\" alt=\"\" width=\"804\" height=\"804\" srcset=\"https:\/\/yallafid.com\/wp-content\/uploads\/2026\/01\/chaise-priere-confortable-promotion-tunisie-yallafid-vente-en-ligne-noir-solde-noir-pliable-tarawhir.jpg 804w, https:\/\/yallafid.com\/wp-content\/uploads\/2026\/01\/chaise-priere-confortable-promotion-tunisie-yallafid-vente-en-ligne-noir-solde-noir-pliable-tarawhir-300x300.jpg 300w, https:\/\/yallafid.com\/wp-content\/uploads\/2026\/01\/chaise-priere-confortable-promotion-tunisie-yallafid-vente-en-ligne-noir-solde-noir-pliable-tarawhir-150x150.jpg 150w, https:\/\/yallafid.com\/wp-content\/uploads\/2026\/01\/chaise-priere-confortable-promotion-tunisie-yallafid-vente-en-ligne-noir-solde-noir-pliable-tarawhir-768x768.jpg 768w, https:\/\/yallafid.com\/wp-content\/uploads\/2026\/01\/chaise-priere-confortable-promotion-tunisie-yallafid-vente-en-ligne-noir-solde-noir-pliable-tarawhir-600x600.jpg 600w\" sizes=\"auto, (max-width: 804px) 100vw, 804px\" \/><\/p>\n","protected":false},"excerpt":{"rendered":"<ul>\n<li><strong>Mat\u00e9riau<\/strong> : m\u00e9tallique<\/li>\n<li><strong>Dimensions de l\u2019assise<\/strong> : 30 cm<\/li>\n<li><strong>Hauteur jusqu\u2019\u00e0 l\u2019assise<\/strong> : 45 cm<\/li>\n<li><strong>Hauteur totale (jusqu\u2019au dossier)<\/strong> : 73 cm<\/li>\n<li>\u00a0L\u00e9ger et facile \u00e0 transporter<\/li>\n<li><strong>Couleurs :<\/strong> Rouge, Bleu , Noir<\/li>\n<li><strong>Usage : I<\/strong>nt\u00e9rieur et ext\u00e9rieur<\/li>\n<li>Meilleur prix avec bonne qualit\u00e9<\/li>\n<li>Solide, structure stable<br \/>\n&nbsp;<\/p>\n<p>&nbsp;<\/li>\n<\/ul>\n","protected":false},"featured_media":2958,"comment_status":"open","ping_status":"closed","template":"","meta":[],"product_brand":[],"product_cat":[15],"product_tag":[],"class_list":{"0":"post-2954","1":"product","2":"type-product","3":"status-publish","4":"has-post-thumbnail","6":"product_cat-uncategorized","8":"first","9":"instock","10":"sale","11":"taxable","12":"shipping-taxable","13":"purchasable","14":"product-type-variable"},"jetpack_sharing_enabled":true,"_links":{"self":[{"href":"https:\/\/yallafid.com\/index.php?rest_route=\/wp\/v2\/product\/2954","targetHints":{"allow":["GET"]}}],"collection":[{"href":"https:\/\/yallafid.com\/index.php?rest_route=\/wp\/v2\/product"}],"about":[{"href":"https:\/\/yallafid.com\/index.php?rest_route=\/wp\/v2\/types\/product"}],"replies":[{"embeddable":true,"href":"https:\/\/yallafid.com\/index.php?rest_route=%2Fwp%2Fv2%2Fcomments&post=2954"}],"version-history":[{"count":2,"href":"https:\/\/yallafid.com\/index.php?rest_route=\/wp\/v2\/product\/2954\/revisions"}],"predecessor-version":[{"id":2964,"href":"https:\/\/yallafid.com\/index.php?rest_route=\/wp\/v2\/product\/2954\/revisions\/2964"}],"wp:featuredmedia":[{"embeddable":true,"href":"https:\/\/yallafid.com\/index.php?rest_route=\/wp\/v2\/media\/2958"}],"wp:attachment":[{"href":"https:\/\/yallafid.com\/index.php?rest_route=%2Fwp%2Fv2%2Fmedia&parent=2954"}],"wp:term":[{"taxonomy":"product_brand","embeddable":true,"href":"https:\/\/yallafid.com\/index.php?rest_route=%2Fwp%2Fv2%2Fproduct_brand&post=2954"},{"taxonomy":"product_cat","embeddable":true,"href":"https:\/\/yallafid.com\/index.php?rest_route=%2Fwp%2Fv2%2Fproduct_cat&post=2954"},{"taxonomy":"product_tag","embeddable":true,"href":"https:\/\/yallafid.com\/index.php?rest_route=%2Fwp%2Fv2%2Fproduct_tag&post=2954"}],"curies":[{"name":"wp","href":"https:\/\/api.w.org\/{rel}","templated":true}]}}