{"id":2965,"date":"2026-01-15T15:41:13","date_gmt":"2026-01-15T15:41:13","guid":{"rendered":"https:\/\/yallafid.com\/?post_type=product&#038;p=2965"},"modified":"2026-01-15T15:41:14","modified_gmt":"2026-01-15T15:41:14","slug":"fontaine-solaire-exterieure-flottante","status":"publish","type":"product","link":"https:\/\/yallafid.com\/?product=fontaine-solaire-exterieure-flottante","title":{"rendered":"Fontaine Solaire Ext\u00e9rieure Flottante"},"content":{"rendered":"<h1 style=\"text-align: center;\"><strong>Fontaine Solaire Ext\u00e9rieur Flottante<\/strong><\/h1>\n<ul>\n<li>Fonctionne enti\u00e8rement \u00e0 l&rsquo;\u00e9nergie solaire, sans avoir besoin de piles ou d&rsquo;\u00e9lectricit\u00e9 externe.<\/li>\n<li>Le produit flotte sur l&rsquo;eau, ce qui rend l&rsquo;installation facile sans outils suppl\u00e9mentaires.<\/li>\n<li>Elle est livr\u00e9e avec plusieurs buses pour cr\u00e9er diff\u00e9rents effets de jet d&rsquo;eau.<\/li>\n<li>La pompe d\u00e9marre automatiquement en quelques secondes lorsqu&rsquo;elle est expos\u00e9e \u00e0 la lumi\u00e8re directe du soleil<\/li>\n<\/ul>\n<p><img loading=\"lazy\" decoding=\"async\" class=\"aligncenter wp-image-2971 size-full\" src=\"https:\/\/yallafid.com\/wp-content\/uploads\/2026\/01\/pompe-fontaine-solaire-flotante-jardon-piscine-promotion-yallafi-tunisie-vente-cosmos-6.jpg\" alt=\"\" width=\"890\" height=\"891\" srcset=\"https:\/\/yallafid.com\/wp-content\/uploads\/2026\/01\/pompe-fontaine-solaire-flotante-jardon-piscine-promotion-yallafi-tunisie-vente-cosmos-6.jpg 890w, https:\/\/yallafid.com\/wp-content\/uploads\/2026\/01\/pompe-fontaine-solaire-flotante-jardon-piscine-promotion-yallafi-tunisie-vente-cosmos-6-300x300.jpg 300w, https:\/\/yallafid.com\/wp-content\/uploads\/2026\/01\/pompe-fontaine-solaire-flotante-jardon-piscine-promotion-yallafi-tunisie-vente-cosmos-6-150x150.jpg 150w, https:\/\/yallafid.com\/wp-content\/uploads\/2026\/01\/pompe-fontaine-solaire-flotante-jardon-piscine-promotion-yallafi-tunisie-vente-cosmos-6-768x769.jpg 768w, https:\/\/yallafid.com\/wp-content\/uploads\/2026\/01\/pompe-fontaine-solaire-flotante-jardon-piscine-promotion-yallafi-tunisie-vente-cosmos-6-600x600.jpg 600w\" sizes=\"auto, (max-width: 890px) 100vw, 890px\" \/><\/p>\n","protected":false},"excerpt":{"rendered":"<ul>\n<li><strong>Dimensions:<\/strong>\u00a018 cm<\/li>\n<li><strong>Dur\u00e9e de vie<\/strong>\u00a0: 10 000 heures<\/li>\n<li><strong>Hauteur de refoulement maximale<\/strong> : 55 cm \/ normale :30 cm -45 cm<\/li>\n<li><strong>Indice d\u2019\u00e9tanch\u00e9it\u00e9<\/strong>: IP68<\/li>\n<li><strong>Source d\u2019\u00e9nergie:<\/strong> \u00e9nergie solaire<\/li>\n<li>\u00c9cologique &amp; Facile \u00e0 Installer<\/li>\n<li><strong>Convient:<\/strong> bain d\u2019oiseaux, d\u00e9coration de jardin ou piscine<\/li>\n<li><strong>Contenu de la livraison :<\/strong><br \/>\n1 pompe solaire<br \/>\n4 buses,<br \/>\n1 anneau de buse,<br \/>\n1 rallonge<br \/>\net 1 manuel en anglais.<\/li>\n<\/ul>\n","protected":false},"featured_media":2969,"comment_status":"open","ping_status":"closed","template":"","meta":[],"product_brand":[],"product_cat":[88],"product_tag":[],"class_list":{"0":"post-2965","1":"product","2":"type-product","3":"status-publish","4":"has-post-thumbnail","6":"product_cat-jardin","7":"product_shipping_class-livraison-7-tnd-fix","9":"first","10":"instock","11":"sale","12":"taxable","13":"shipping-taxable","14":"purchasable","15":"product-type-simple"},"jetpack_sharing_enabled":true,"_links":{"self":[{"href":"https:\/\/yallafid.com\/index.php?rest_route=\/wp\/v2\/product\/2965","targetHints":{"allow":["GET"]}}],"collection":[{"href":"https:\/\/yallafid.com\/index.php?rest_route=\/wp\/v2\/product"}],"about":[{"href":"https:\/\/yallafid.com\/index.php?rest_route=\/wp\/v2\/types\/product"}],"replies":[{"embeddable":true,"href":"https:\/\/yallafid.com\/index.php?rest_route=%2Fwp%2Fv2%2Fcomments&post=2965"}],"version-history":[{"count":2,"href":"https:\/\/yallafid.com\/index.php?rest_route=\/wp\/v2\/product\/2965\/revisions"}],"predecessor-version":[{"id":2973,"href":"https:\/\/yallafid.com\/index.php?rest_route=\/wp\/v2\/product\/2965\/revisions\/2973"}],"wp:featuredmedia":[{"embeddable":true,"href":"https:\/\/yallafid.com\/index.php?rest_route=\/wp\/v2\/media\/2969"}],"wp:attachment":[{"href":"https:\/\/yallafid.com\/index.php?rest_route=%2Fwp%2Fv2%2Fmedia&parent=2965"}],"wp:term":[{"taxonomy":"product_brand","embeddable":true,"href":"https:\/\/yallafid.com\/index.php?rest_route=%2Fwp%2Fv2%2Fproduct_brand&post=2965"},{"taxonomy":"product_cat","embeddable":true,"href":"https:\/\/yallafid.com\/index.php?rest_route=%2Fwp%2Fv2%2Fproduct_cat&post=2965"},{"taxonomy":"product_tag","embeddable":true,"href":"https:\/\/yallafid.com\/index.php?rest_route=%2Fwp%2Fv2%2Fproduct_tag&post=2965"}],"curies":[{"name":"wp","href":"https:\/\/api.w.org\/{rel}","templated":true}]}}