{"id":2991,"date":"2026-01-15T16:19:53","date_gmt":"2026-01-15T16:19:53","guid":{"rendered":"https:\/\/yallafid.com\/?post_type=product&#038;p=2991"},"modified":"2026-01-15T16:19:53","modified_gmt":"2026-01-15T16:19:53","slug":"secateur-electrique-sans-fil-lamboss-21v","status":"publish","type":"product","link":"https:\/\/yallafid.com\/?product=secateur-electrique-sans-fil-lamboss-21v","title":{"rendered":"S\u00e9cateur \u00e9lectrique sans fil Lamboss 21V"},"content":{"rendered":"<h1 style=\"text-align: center;\"><strong>s\u00e9cateur \u00e9lectrique sans fil Lamboss 21V<\/strong><\/h1>\n<p style=\"text-align: center;\"><strong>S\u00e9cateur \u00e9lectrique sans fil, s\u00e9cateur \u00e9lectrique \u00e0 main aliment\u00e9 par batterie, coupe-arbre, lames SK5 de 25 mm, s\u00e9cateur \u00e9lectrique, coupe-branches pour le jardinage, cisaille \u00e0 haie \u00e9lectrique robuste<\/strong><\/p>\n<ul>\n<li><strong>Coupe efficace<\/strong> : coupe \u00e0 travers le bois humide et sec. Le moteur sans balais MAX 2 0000 tr\/min offre des performances fiables pour le taille-arbre. La puissance \u00e9lev\u00e9e garantit au s\u00e9cateur \u00e9lectrique manuel une coupe pr\u00e9cise et nette, vous permettant de travailler \u00e0 n\u2019importe quel rythme que vous d\u00e9sirez. Son efficacit\u00e9 est 8 \u00e0 10 fois sup\u00e9rieure \u00e0 celle d\u2019un s\u00e9cateur manuel, il suffit d\u2019un clic de doigt pour couper des branches \u00e9paisses.<\/li>\n<li><strong>Lames SK5 jusqu\u2019\u00e0 25 mm :<\/strong> les lames du s\u00e9cateur sont fabriqu\u00e9es en acier \u00e0 haute teneur en carbone SK5, ultra-tranchant, r\u00e9sistant \u00e0 la rouille et tr\u00e8s durable, permettant une coupe sans effort de branches jusqu\u2019\u00e0 25 mm de diam\u00e8tre.<\/li>\n<li><strong>Capacit\u00e9 de coupe et vitesse r\u00e9glables<\/strong> : les s\u00e9cateurs pour le jardinage ont deux modes de coupe \u00e0 r\u00e9gler en appuyant sur la g\u00e2chette et en la maintenant enfonc\u00e9e pendant 2 secondes avec un \u00ab bip \u00bb. La grande ouverture de lame de 48 mm \u00e0 vitesse normale convient aux branches jusqu\u2019\u00e0 25 mm ; la petite ouverture de lame de 23 mm \u00e0 vitesse rapide est efficace pour les buissons de 0,8 \u00e0 1 pouce<\/li>\n<li><strong>Moteur puissant sans balais<\/strong> : \u00e9quip\u00e9 d\u2019un moteur sans balais MAX 2 6000 tr\/min, le s\u00e9cateur portatif offre d\u2019excellentes performances, plus puissant que les s\u00e9cateurs \u00e0 moteur \u00e0 balais. Antirouille et aliment\u00e9 par un moteur sans balais, le coupe-branches d\u2019arbres a une puissance plus forte, il peut facilement couper des branches de plus de 25 mm rapidement et en douceur.<\/li>\n<li><strong>Conception de fonction de s\u00e9curit\u00e9 :<\/strong> un ensemble de conception de s\u00e9curit\u00e9 d\u00e9taill\u00e9e peut minimiser le risque d\u2019accident lors de l\u2019utilisation de ce s\u00e9cateur \u00e9lectrique. Appuyez sur le bouton d\u2019alimentation et appuyez deux fois sur la g\u00e2chette apr\u00e8s avoir entendu un \u00ab BIP \u00bb pour d\u00e9marrer le coupe-branches. Il se fermera automatiquement dans 2 minutes sans aucune op\u00e9ration. Vous pouvez \u00e9galement appuyer sur le bouton d\u2019alimentation et le maintenir enfonc\u00e9 pendant 10 secondes pour \u00e9teindre le s\u00e9cateur.<\/li>\n<\/ul>\n<p><img loading=\"lazy\" decoding=\"async\" class=\"aligncenter wp-image-2992 size-full\" src=\"https:\/\/yallafid.com\/wp-content\/uploads\/2026\/01\/Secateur-lambouss-bricolage-outil-jardin-promotion-tunisie-yallafid-tunisie.jpg\" alt=\"\" width=\"796\" height=\"796\" srcset=\"https:\/\/yallafid.com\/wp-content\/uploads\/2026\/01\/Secateur-lambouss-bricolage-outil-jardin-promotion-tunisie-yallafid-tunisie.jpg 796w, https:\/\/yallafid.com\/wp-content\/uploads\/2026\/01\/Secateur-lambouss-bricolage-outil-jardin-promotion-tunisie-yallafid-tunisie-300x300.jpg 300w, https:\/\/yallafid.com\/wp-content\/uploads\/2026\/01\/Secateur-lambouss-bricolage-outil-jardin-promotion-tunisie-yallafid-tunisie-150x150.jpg 150w, https:\/\/yallafid.com\/wp-content\/uploads\/2026\/01\/Secateur-lambouss-bricolage-outil-jardin-promotion-tunisie-yallafid-tunisie-768x768.jpg 768w, https:\/\/yallafid.com\/wp-content\/uploads\/2026\/01\/Secateur-lambouss-bricolage-outil-jardin-promotion-tunisie-yallafid-tunisie-600x600.jpg 600w\" sizes=\"auto, (max-width: 796px) 100vw, 796px\" \/><\/p>\n<p>&nbsp;<\/p>\n","protected":false},"excerpt":{"rendered":"<ul>\n<li><strong>Batterie<\/strong> : 21V<\/li>\n<li><strong>Temps de travail<\/strong> : 15-20 min<\/li>\n<li><strong>Temps de charge<\/strong> : 1,5-2 H<\/li>\n<li>Protection contre la temp\u00e9rature : 120 \u00baC<\/li>\n<li>Valise contenant: 2 Batteries 1 Chargeur<\/li>\n<li>Fonctionne avec une batterie Li-ion de 1500 mAh.<\/li>\n<li>Con\u00e7u pour couper facilement les branches dures jusqu&rsquo;\u00e0 35 mm.<\/li>\n<li>Lames professionnelles en acier \u00e0 haute teneur en carbone.<\/li>\n<li>Livr\u00e9 en kit avec une valise de transport, une ou plusieurs batteries et un chargeur.<\/li>\n<\/ul>\n","protected":false},"featured_media":2992,"comment_status":"open","ping_status":"closed","template":"","meta":[],"product_brand":[],"product_cat":[15],"product_tag":[],"class_list":{"0":"post-2991","1":"product","2":"type-product","3":"status-publish","4":"has-post-thumbnail","6":"product_cat-uncategorized","7":"product_shipping_class-livraison-7-tnd-fix","9":"first","10":"instock","11":"sale","12":"taxable","13":"shipping-taxable","14":"purchasable","15":"product-type-simple"},"jetpack_sharing_enabled":true,"_links":{"self":[{"href":"https:\/\/yallafid.com\/index.php?rest_route=\/wp\/v2\/product\/2991","targetHints":{"allow":["GET"]}}],"collection":[{"href":"https:\/\/yallafid.com\/index.php?rest_route=\/wp\/v2\/product"}],"about":[{"href":"https:\/\/yallafid.com\/index.php?rest_route=\/wp\/v2\/types\/product"}],"replies":[{"embeddable":true,"href":"https:\/\/yallafid.com\/index.php?rest_route=%2Fwp%2Fv2%2Fcomments&post=2991"}],"version-history":[{"count":2,"href":"https:\/\/yallafid.com\/index.php?rest_route=\/wp\/v2\/product\/2991\/revisions"}],"predecessor-version":[{"id":2994,"href":"https:\/\/yallafid.com\/index.php?rest_route=\/wp\/v2\/product\/2991\/revisions\/2994"}],"wp:featuredmedia":[{"embeddable":true,"href":"https:\/\/yallafid.com\/index.php?rest_route=\/wp\/v2\/media\/2992"}],"wp:attachment":[{"href":"https:\/\/yallafid.com\/index.php?rest_route=%2Fwp%2Fv2%2Fmedia&parent=2991"}],"wp:term":[{"taxonomy":"product_brand","embeddable":true,"href":"https:\/\/yallafid.com\/index.php?rest_route=%2Fwp%2Fv2%2Fproduct_brand&post=2991"},{"taxonomy":"product_cat","embeddable":true,"href":"https:\/\/yallafid.com\/index.php?rest_route=%2Fwp%2Fv2%2Fproduct_cat&post=2991"},{"taxonomy":"product_tag","embeddable":true,"href":"https:\/\/yallafid.com\/index.php?rest_route=%2Fwp%2Fv2%2Fproduct_tag&post=2991"}],"curies":[{"name":"wp","href":"https:\/\/api.w.org\/{rel}","templated":true}]}}