{"id":3039,"date":"2026-01-16T11:17:13","date_gmt":"2026-01-16T11:17:13","guid":{"rendered":"https:\/\/yallafid.com\/?post_type=product&#038;p=3039"},"modified":"2026-01-16T11:18:04","modified_gmt":"2026-01-16T11:18:04","slug":"tuyau-magique-extensible-7-m","status":"publish","type":"product","link":"https:\/\/yallafid.com\/?product=tuyau-magique-extensible-7-m","title":{"rendered":"Tuyau magique extensible 7 m"},"content":{"rendered":"<h2 style=\"text-align: center;\"><strong>\u00a0Tuyau extensible pour jardin, jusqu&rsquo;\u00e0 3 fois sa longueur initiale\u00a0<\/strong><\/h2>\n<ul>\n<li><strong>Technologie unique<\/strong> : Le tuyau s&rsquo;\u00e9tend automatiquement lorsque l&rsquo;eau passe \u00e0 travers.<\/li>\n<li><strong>L\u00e9ger et compact<\/strong> : Il est con\u00e7u pour un rangement facile et un gain de place.<\/li>\n<li><strong>Buse multifonction<\/strong> : Le pistolet inclus permet diff\u00e9rents types de jets, comme le jet \u00ab\u00a0c\u00f4ne\u00a0\u00bb.<\/li>\n<li><strong>Durabilit\u00e9<\/strong> : Une gaine ext\u00e9rieure sp\u00e9cifique limite l&rsquo;extension pour r\u00e9duire le risque d&rsquo;\u00e9clatement du tuyau int\u00e9rieur en latex.<\/li>\n<\/ul>\n<p><img loading=\"lazy\" decoding=\"async\" class=\"aligncenter wp-image-3035 size-full\" src=\"https:\/\/yallafid.com\/wp-content\/uploads\/2026\/01\/Tuyau-agique-extensible-arrossage-yallafid-tuisie-vente-en-ligne-cosmos-1-1.jpg\" alt=\"\" width=\"784\" height=\"784\" srcset=\"https:\/\/yallafid.com\/wp-content\/uploads\/2026\/01\/Tuyau-agique-extensible-arrossage-yallafid-tuisie-vente-en-ligne-cosmos-1-1.jpg 784w, https:\/\/yallafid.com\/wp-content\/uploads\/2026\/01\/Tuyau-agique-extensible-arrossage-yallafid-tuisie-vente-en-ligne-cosmos-1-1-300x300.jpg 300w, https:\/\/yallafid.com\/wp-content\/uploads\/2026\/01\/Tuyau-agique-extensible-arrossage-yallafid-tuisie-vente-en-ligne-cosmos-1-1-150x150.jpg 150w, https:\/\/yallafid.com\/wp-content\/uploads\/2026\/01\/Tuyau-agique-extensible-arrossage-yallafid-tuisie-vente-en-ligne-cosmos-1-1-768x768.jpg 768w, https:\/\/yallafid.com\/wp-content\/uploads\/2026\/01\/Tuyau-agique-extensible-arrossage-yallafid-tuisie-vente-en-ligne-cosmos-1-1-600x600.jpg 600w\" sizes=\"auto, (max-width: 784px) 100vw, 784px\" \/><\/p>\n<p>Il suffit de le raccorder et d\u2019ouvrir le robinet pour que le tuyau flexible s\u2019agrandit jusqu\u2019\u00e0 3 fois sa taille d\u2019origine en longueur et en diam\u00e8tre. En effet, gr\u00e2ce \u00e0 ses mat\u00e9riaux innovants en latex, le tuyau s\u2019\u00e9tend sous la pression de l\u2019eau, puis se r\u00e9tracte apr\u00e8s son utilisation. Ainsi, il est plus compact \u00e0 ranger et se vide automatiquement. De plus, avec le Pistolet multi-jets 7 fonctions, ce tuyau r\u00e9tractable, r\u00e9pond \u00e0 tous vos besoins d\u2019arrosage et de nettoyage :<\/p>\n<p>Brumisateur<br \/>\nPluie fine<br \/>\nEffet douche<br \/>\nConique<br \/>\nPlat<br \/>\nCentr\u00e9<br \/>\nPrincipal<\/p>\n","protected":false},"excerpt":{"rendered":"<ul>\n<li><strong>Longueur<\/strong> : 7\u00a0 m\u00e8tres.<\/li>\n<li><span class=\"a-size-large\"><strong><span class=\"a-size-large\">P<span id=\"productTitle\" class=\"a-size-large\">istolet multi-jets 7 fonctions<\/span><\/span>\u00a0<\/strong>: douche, brouillard, centre, c\u00f4ne, plat, plein, jet.\u00a0<\/span><\/li>\n<li><span id=\"productTitle\" class=\"a-size-large\">Embout universel de raccord avec robinet d\u2019ext\u00e9rieur.\u00a0<\/span><\/li>\n<li><strong>Multifonctions<\/strong>: laver la voiture, arroser les plantes, la pelouse, nettoyer le porche, nettoyer le trottoir ou l&rsquo;entr\u00e9e, nettoyer les vitres, nettoyer les animaux domestiques, etc.<\/li>\n<\/ul>\n","protected":false},"featured_media":3033,"comment_status":"open","ping_status":"closed","template":"","meta":[],"product_brand":[],"product_cat":[88,208,138],"product_tag":[],"class_list":{"0":"post-3039","1":"product","2":"type-product","3":"status-publish","4":"has-post-thumbnail","6":"product_cat-jardin","7":"product_cat-outils-arrosage","8":"product_cat-outils-jardinage","9":"product_shipping_class-livraison-7-tnd-fix","11":"first","12":"instock","13":"sale","14":"taxable","15":"shipping-taxable","16":"purchasable","17":"product-type-simple"},"jetpack_sharing_enabled":true,"_links":{"self":[{"href":"https:\/\/yallafid.com\/index.php?rest_route=\/wp\/v2\/product\/3039","targetHints":{"allow":["GET"]}}],"collection":[{"href":"https:\/\/yallafid.com\/index.php?rest_route=\/wp\/v2\/product"}],"about":[{"href":"https:\/\/yallafid.com\/index.php?rest_route=\/wp\/v2\/types\/product"}],"replies":[{"embeddable":true,"href":"https:\/\/yallafid.com\/index.php?rest_route=%2Fwp%2Fv2%2Fcomments&post=3039"}],"version-history":[{"count":2,"href":"https:\/\/yallafid.com\/index.php?rest_route=\/wp\/v2\/product\/3039\/revisions"}],"predecessor-version":[{"id":3049,"href":"https:\/\/yallafid.com\/index.php?rest_route=\/wp\/v2\/product\/3039\/revisions\/3049"}],"wp:featuredmedia":[{"embeddable":true,"href":"https:\/\/yallafid.com\/index.php?rest_route=\/wp\/v2\/media\/3033"}],"wp:attachment":[{"href":"https:\/\/yallafid.com\/index.php?rest_route=%2Fwp%2Fv2%2Fmedia&parent=3039"}],"wp:term":[{"taxonomy":"product_brand","embeddable":true,"href":"https:\/\/yallafid.com\/index.php?rest_route=%2Fwp%2Fv2%2Fproduct_brand&post=3039"},{"taxonomy":"product_cat","embeddable":true,"href":"https:\/\/yallafid.com\/index.php?rest_route=%2Fwp%2Fv2%2Fproduct_cat&post=3039"},{"taxonomy":"product_tag","embeddable":true,"href":"https:\/\/yallafid.com\/index.php?rest_route=%2Fwp%2Fv2%2Fproduct_tag&post=3039"}],"curies":[{"name":"wp","href":"https:\/\/api.w.org\/{rel}","templated":true}]}}