{"id":3041,"date":"2026-01-16T11:32:28","date_gmt":"2026-01-16T11:32:28","guid":{"rendered":"https:\/\/yallafid.com\/?post_type=product&#038;p=3041"},"modified":"2026-01-16T11:34:04","modified_gmt":"2026-01-16T11:34:04","slug":"tuyau-extensible-avec-un-pistolet-pulverisateur-7-5m","status":"publish","type":"product","link":"https:\/\/yallafid.com\/?product=tuyau-extensible-avec-un-pistolet-pulverisateur-7-5m","title":{"rendered":"Tuyau extensible avec un pistolet pulv\u00e9risateur 7.5m"},"content":{"rendered":"<p style=\"text-align: center;\"><strong>Tuyau d&rsquo;arrosage extensible en spirale vert avec un pistolet pulv\u00e9risateur multifonction.<\/strong><\/p>\n<ul>\n<li style=\"text-align: left;\">Con\u00e7u pour s&rsquo;\u00e9tendre avec la pression de l&rsquo;eau, triplant g\u00e9n\u00e9ralement sa longueur d&rsquo;origine, puis se r\u00e9tracte automatiquement pour un rangement compact.<\/li>\n<li style=\"text-align: left;\">Le tuyau est l\u00e9ger et flexible, r\u00e9sistant aux n\u0153uds et aux torsions qui peuvent bloquer le d\u00e9bit d&rsquo;eau dans les tuyaux traditionnels.<\/li>\n<li style=\"text-align: left;\">Le pistolet d&rsquo;arrosage inclus offre plusieurs modes de pulv\u00e9risation adapt\u00e9s \u00e0 diverses t\u00e2ches, telles que l&rsquo;arrosage des plantes, le lavage de voitures ou le nettoyage.<\/li>\n<li style=\"text-align: left;\">Fabriqu\u00e9 avec des mat\u00e9riaux durables, il est con\u00e7u pour r\u00e9sister aux intemp\u00e9ries et \u00e0 une utilisation intensive.<\/li>\n<\/ul>\n<p><img loading=\"lazy\" decoding=\"async\" class=\"aligncenter wp-image-3043 size-full\" src=\"https:\/\/yallafid.com\/wp-content\/uploads\/2026\/01\/Tuyau-agique-extensible-arrossage-yallafid-tuisie-vente-en-ligne-cosmos-cosmos-sousse-8.jpg\" alt=\"\" width=\"763\" height=\"763\" srcset=\"https:\/\/yallafid.com\/wp-content\/uploads\/2026\/01\/Tuyau-agique-extensible-arrossage-yallafid-tuisie-vente-en-ligne-cosmos-cosmos-sousse-8.jpg 763w, https:\/\/yallafid.com\/wp-content\/uploads\/2026\/01\/Tuyau-agique-extensible-arrossage-yallafid-tuisie-vente-en-ligne-cosmos-cosmos-sousse-8-300x300.jpg 300w, https:\/\/yallafid.com\/wp-content\/uploads\/2026\/01\/Tuyau-agique-extensible-arrossage-yallafid-tuisie-vente-en-ligne-cosmos-cosmos-sousse-8-150x150.jpg 150w, https:\/\/yallafid.com\/wp-content\/uploads\/2026\/01\/Tuyau-agique-extensible-arrossage-yallafid-tuisie-vente-en-ligne-cosmos-cosmos-sousse-8-600x600.jpg 600w\" sizes=\"auto, (max-width: 763px) 100vw, 763px\" \/><\/p>\n","protected":false},"excerpt":{"rendered":"<ul>\n<li><strong>Mat\u00e9riau\u00a0 :<\/strong>T\u00eate en plastique d&rsquo;usine de pistolet pulv\u00e9risateur en plastique<\/li>\n<li>R\u00e9glable<\/li>\n<li><strong>Longueur<\/strong> : 7.5 m<\/li>\n<li>Tournez la t\u00eate pour r\u00e9gler 7 types de pulv\u00e9risation : Jet, douche, plat, c\u00f4ne, trempette, brume, centre.<\/li>\n<\/ul>\n","protected":false},"featured_media":3045,"comment_status":"open","ping_status":"closed","template":"","meta":[],"product_brand":[],"product_cat":[88,208,138],"product_tag":[],"class_list":{"0":"post-3041","1":"product","2":"type-product","3":"status-publish","4":"has-post-thumbnail","6":"product_cat-jardin","7":"product_cat-outils-arrosage","8":"product_cat-outils-jardinage","9":"product_shipping_class-livraison-7-tnd-fix","11":"first","12":"instock","13":"sale","14":"taxable","15":"shipping-taxable","16":"purchasable","17":"product-type-simple"},"jetpack_sharing_enabled":true,"_links":{"self":[{"href":"https:\/\/yallafid.com\/index.php?rest_route=\/wp\/v2\/product\/3041","targetHints":{"allow":["GET"]}}],"collection":[{"href":"https:\/\/yallafid.com\/index.php?rest_route=\/wp\/v2\/product"}],"about":[{"href":"https:\/\/yallafid.com\/index.php?rest_route=\/wp\/v2\/types\/product"}],"replies":[{"embeddable":true,"href":"https:\/\/yallafid.com\/index.php?rest_route=%2Fwp%2Fv2%2Fcomments&post=3041"}],"version-history":[{"count":3,"href":"https:\/\/yallafid.com\/index.php?rest_route=\/wp\/v2\/product\/3041\/revisions"}],"predecessor-version":[{"id":3051,"href":"https:\/\/yallafid.com\/index.php?rest_route=\/wp\/v2\/product\/3041\/revisions\/3051"}],"wp:featuredmedia":[{"embeddable":true,"href":"https:\/\/yallafid.com\/index.php?rest_route=\/wp\/v2\/media\/3045"}],"wp:attachment":[{"href":"https:\/\/yallafid.com\/index.php?rest_route=%2Fwp%2Fv2%2Fmedia&parent=3041"}],"wp:term":[{"taxonomy":"product_brand","embeddable":true,"href":"https:\/\/yallafid.com\/index.php?rest_route=%2Fwp%2Fv2%2Fproduct_brand&post=3041"},{"taxonomy":"product_cat","embeddable":true,"href":"https:\/\/yallafid.com\/index.php?rest_route=%2Fwp%2Fv2%2Fproduct_cat&post=3041"},{"taxonomy":"product_tag","embeddable":true,"href":"https:\/\/yallafid.com\/index.php?rest_route=%2Fwp%2Fv2%2Fproduct_tag&post=3041"}],"curies":[{"name":"wp","href":"https:\/\/api.w.org\/{rel}","templated":true}]}}