{"id":3052,"date":"2026-01-16T11:50:00","date_gmt":"2026-01-16T11:50:00","guid":{"rendered":"https:\/\/yallafid.com\/?post_type=product&#038;p=3052"},"modified":"2026-01-16T11:50:00","modified_gmt":"2026-01-16T11:50:00","slug":"armoire-de-rangement-en-tissu-grand-modele","status":"publish","type":"product","link":"https:\/\/yallafid.com\/?product=armoire-de-rangement-en-tissu-grand-modele","title":{"rendered":"Armoire de Rangement en Tissu grand mod\u00e8le"},"content":{"rendered":"<h1 style=\"text-align: center;\"><strong>Armoire de rangement en tissu Gris grand mod\u00e8le<\/strong><\/h1>\n<ul>\n<li class=\"a-size-large a-spacing-none\">Cette armoire mesure 45 x 150 x 175 cm et offre beaucoup d&rsquo;espace pour ranger vos v\u00eatements et ceux de votre famille. L&rsquo;espace suspendu (hauteur 132 cm) vous permet d&rsquo;accrocher m\u00eame des v\u00eatements longs tels que des manteaux<\/li>\n<\/ul>\n<p><img loading=\"lazy\" decoding=\"async\" class=\"aligncenter wp-image-3059 size-full\" src=\"https:\/\/yallafid.com\/wp-content\/uploads\/2026\/01\/armoire-grand-modele-tissu-stockage-gris-promotion-rangement-decoration-yallafid-1-1.jpg\" alt=\"\" width=\"771\" height=\"771\" srcset=\"https:\/\/yallafid.com\/wp-content\/uploads\/2026\/01\/armoire-grand-modele-tissu-stockage-gris-promotion-rangement-decoration-yallafid-1-1.jpg 771w, https:\/\/yallafid.com\/wp-content\/uploads\/2026\/01\/armoire-grand-modele-tissu-stockage-gris-promotion-rangement-decoration-yallafid-1-1-300x300.jpg 300w, https:\/\/yallafid.com\/wp-content\/uploads\/2026\/01\/armoire-grand-modele-tissu-stockage-gris-promotion-rangement-decoration-yallafid-1-1-150x150.jpg 150w, https:\/\/yallafid.com\/wp-content\/uploads\/2026\/01\/armoire-grand-modele-tissu-stockage-gris-promotion-rangement-decoration-yallafid-1-1-768x768.jpg 768w, https:\/\/yallafid.com\/wp-content\/uploads\/2026\/01\/armoire-grand-modele-tissu-stockage-gris-promotion-rangement-decoration-yallafid-1-1-600x600.jpg 600w\" sizes=\"auto, (max-width: 771px) 100vw, 771px\" \/><\/p>\n<ul>\n<li class=\"a-size-large a-spacing-none\">12 \u00e9tag\u00e8res, 1 tringle \u00e0 v\u00eatements \u2013 l&rsquo;int\u00e9rieur de l&rsquo;armoire en tissu est divis\u00e9 de mani\u00e8re optimale. Chemises et vestes sur la barre, pantalons, chaussettes et chapeaux dans les compartiments lat\u00e9raux, chaussures sur les niveaux inf\u00e9rieurs des \u00e9tag\u00e8res<\/li>\n<\/ul>\n<p><img loading=\"lazy\" decoding=\"async\" class=\"aligncenter wp-image-3056 size-full\" src=\"https:\/\/yallafid.com\/wp-content\/uploads\/2026\/01\/armoire-grand-modele-tissu-stockage-gris-promotion-rangement-decoration-yallafid-2.jpg\" alt=\"\" width=\"974\" height=\"974\" srcset=\"https:\/\/yallafid.com\/wp-content\/uploads\/2026\/01\/armoire-grand-modele-tissu-stockage-gris-promotion-rangement-decoration-yallafid-2.jpg 974w, https:\/\/yallafid.com\/wp-content\/uploads\/2026\/01\/armoire-grand-modele-tissu-stockage-gris-promotion-rangement-decoration-yallafid-2-300x300.jpg 300w, https:\/\/yallafid.com\/wp-content\/uploads\/2026\/01\/armoire-grand-modele-tissu-stockage-gris-promotion-rangement-decoration-yallafid-2-150x150.jpg 150w, https:\/\/yallafid.com\/wp-content\/uploads\/2026\/01\/armoire-grand-modele-tissu-stockage-gris-promotion-rangement-decoration-yallafid-2-768x768.jpg 768w, https:\/\/yallafid.com\/wp-content\/uploads\/2026\/01\/armoire-grand-modele-tissu-stockage-gris-promotion-rangement-decoration-yallafid-2-600x600.jpg 600w\" sizes=\"auto, (max-width: 974px) 100vw, 974px\" \/><\/p>\n<ul>\n<li class=\"a-size-large a-spacing-none\">L&rsquo;armoire en tissu est compos\u00e9e de tubes m\u00e9talliques robustes d&rsquo;un diam\u00e8tre de 16 mm, de raccords en plastique de haute qualit\u00e9 et de tissu non tiss\u00e9 de 120 g\/m\u00b2. La barre de suspension peut supporter jusqu&rsquo;\u00e0 15 kg et chaque \u00e9tag\u00e8re jusqu&rsquo;\u00e0 5 kg<\/li>\n<li class=\"a-size-large a-spacing-none\"><strong>Montage facile<\/strong>:\u00a0 Instructions claires , pi\u00e8ces \u00e9tiquet\u00e9es \u2013 l&rsquo;armoire est facile \u00e0 assembler, aucun outil n\u00e9cessaire. Suivez les instructions et ins\u00e9rez les tubes dans les raccords. Raccords de rechange inclus<\/li>\n<\/ul>\n<p><img loading=\"lazy\" decoding=\"async\" class=\"aligncenter wp-image-3054 size-full\" src=\"https:\/\/yallafid.com\/wp-content\/uploads\/2026\/01\/armoire-grand-modele-tissu-stockage-gris-promotion-rangement-decoration-yallafid-5.jpg\" alt=\"\" width=\"769\" height=\"769\" srcset=\"https:\/\/yallafid.com\/wp-content\/uploads\/2026\/01\/armoire-grand-modele-tissu-stockage-gris-promotion-rangement-decoration-yallafid-5.jpg 769w, https:\/\/yallafid.com\/wp-content\/uploads\/2026\/01\/armoire-grand-modele-tissu-stockage-gris-promotion-rangement-decoration-yallafid-5-300x300.jpg 300w, https:\/\/yallafid.com\/wp-content\/uploads\/2026\/01\/armoire-grand-modele-tissu-stockage-gris-promotion-rangement-decoration-yallafid-5-150x150.jpg 150w, https:\/\/yallafid.com\/wp-content\/uploads\/2026\/01\/armoire-grand-modele-tissu-stockage-gris-promotion-rangement-decoration-yallafid-5-600x600.jpg 600w\" sizes=\"auto, (max-width: 769px) 100vw, 769px\" \/><\/p>\n","protected":false},"excerpt":{"rendered":"<ul>\n<li>Armoire en Tissu 12 avec Tringle \u00e0 v\u00eatements et \u00e9tag\u00e8res<\/li>\n<li>Solide pour Chambre \u00e0 Coucher &#8211; Dressing<\/li>\n<li><strong>Dimensions<\/strong> :150 x 45 x 175 cm<\/li>\n<li><strong>Couleur<\/strong> : Gris<\/li>\n<li>Structure Robuste<\/li>\n<\/ul>\n","protected":false},"featured_media":3057,"comment_status":"open","ping_status":"closed","template":"","meta":[],"product_brand":[],"product_cat":[45],"product_tag":[],"class_list":{"0":"post-3052","1":"product","2":"type-product","3":"status-publish","4":"has-post-thumbnail","6":"product_cat-maison-deco","7":"product_shipping_class-livraison-7-tnd-fix","9":"first","10":"instock","11":"sale","12":"taxable","13":"shipping-taxable","14":"purchasable","15":"product-type-simple"},"jetpack_sharing_enabled":true,"_links":{"self":[{"href":"https:\/\/yallafid.com\/index.php?rest_route=\/wp\/v2\/product\/3052","targetHints":{"allow":["GET"]}}],"collection":[{"href":"https:\/\/yallafid.com\/index.php?rest_route=\/wp\/v2\/product"}],"about":[{"href":"https:\/\/yallafid.com\/index.php?rest_route=\/wp\/v2\/types\/product"}],"replies":[{"embeddable":true,"href":"https:\/\/yallafid.com\/index.php?rest_route=%2Fwp%2Fv2%2Fcomments&post=3052"}],"version-history":[{"count":2,"href":"https:\/\/yallafid.com\/index.php?rest_route=\/wp\/v2\/product\/3052\/revisions"}],"predecessor-version":[{"id":3061,"href":"https:\/\/yallafid.com\/index.php?rest_route=\/wp\/v2\/product\/3052\/revisions\/3061"}],"wp:featuredmedia":[{"embeddable":true,"href":"https:\/\/yallafid.com\/index.php?rest_route=\/wp\/v2\/media\/3057"}],"wp:attachment":[{"href":"https:\/\/yallafid.com\/index.php?rest_route=%2Fwp%2Fv2%2Fmedia&parent=3052"}],"wp:term":[{"taxonomy":"product_brand","embeddable":true,"href":"https:\/\/yallafid.com\/index.php?rest_route=%2Fwp%2Fv2%2Fproduct_brand&post=3052"},{"taxonomy":"product_cat","embeddable":true,"href":"https:\/\/yallafid.com\/index.php?rest_route=%2Fwp%2Fv2%2Fproduct_cat&post=3052"},{"taxonomy":"product_tag","embeddable":true,"href":"https:\/\/yallafid.com\/index.php?rest_route=%2Fwp%2Fv2%2Fproduct_tag&post=3052"}],"curies":[{"name":"wp","href":"https:\/\/api.w.org\/{rel}","templated":true}]}}