{"id":3071,"date":"2026-01-16T12:20:17","date_gmt":"2026-01-16T12:20:17","guid":{"rendered":"https:\/\/yallafid.com\/?post_type=product&#038;p=3071"},"modified":"2026-01-16T12:20:55","modified_gmt":"2026-01-16T12:20:55","slug":"tente-parasol-3m-x-3m-rouge-habillage-integral","status":"publish","type":"product","link":"https:\/\/yallafid.com\/?product=tente-parasol-3m-x-3m-rouge-habillage-integral","title":{"rendered":"Tente Parasol 3m x 3m Rouge habillage int\u00e9gral"},"content":{"rendered":"<h1 style=\"text-align: center;\"><strong>Grande Tente Parasol 3m x 3m Rouge habillage int\u00e9gral<\/strong><\/h1>\n<ul>\n<li>Cette tente Parasol pliable et imperm\u00e9able, Blind\u00e9e , est id\u00e9ale pour toute utilisation en plein air : spectacles, mariages, f\u00eates, caf\u00e9s, restaurants, etc. Elle convient \u00e9galement comme grand parasol pour les r\u00e9unions familiales. Ainsi, elle trouve sa place lors des barbecues et toute autre occasion pour r\u00e9unir votre famille et vos amis dans votre jardin ou lors de campings.<\/li>\n<\/ul>\n<p><img loading=\"lazy\" decoding=\"async\" class=\"aligncenter wp-image-3077 size-full\" src=\"https:\/\/yallafid.com\/wp-content\/uploads\/2026\/01\/TENTE-parasol-habillage-integrale-rouge-blinde-voiture-yallafid-tunisie.png\" alt=\"\" width=\"918\" height=\"918\" srcset=\"https:\/\/yallafid.com\/wp-content\/uploads\/2026\/01\/TENTE-parasol-habillage-integrale-rouge-blinde-voiture-yallafid-tunisie.png 918w, https:\/\/yallafid.com\/wp-content\/uploads\/2026\/01\/TENTE-parasol-habillage-integrale-rouge-blinde-voiture-yallafid-tunisie-300x300.png 300w, https:\/\/yallafid.com\/wp-content\/uploads\/2026\/01\/TENTE-parasol-habillage-integrale-rouge-blinde-voiture-yallafid-tunisie-150x150.png 150w, https:\/\/yallafid.com\/wp-content\/uploads\/2026\/01\/TENTE-parasol-habillage-integrale-rouge-blinde-voiture-yallafid-tunisie-768x768.png 768w, https:\/\/yallafid.com\/wp-content\/uploads\/2026\/01\/TENTE-parasol-habillage-integrale-rouge-blinde-voiture-yallafid-tunisie-600x600.png 600w\" sizes=\"auto, (max-width: 918px) 100vw, 918px\" \/><\/p>\n<ul>\n<li>Disponible sur\u00a0 <strong>YALLAFID<\/strong>, il vous suffit de la commander en ligne votre tente Parasol au meilleur prix pour la recevoir directement chez vous. D\u2019ailleurs, ce mod\u00e8le Rouge existe aussi en version tente parasol Bleue&nbsp;<\/li>\n<\/ul>\n<p><img loading=\"lazy\" decoding=\"async\" class=\"aligncenter wp-image-3075 size-full\" src=\"https:\/\/yallafid.com\/wp-content\/uploads\/2026\/01\/TENTE-parasol-habillage-integrale-rouge-blinde-voiture-yallafid-tunisie-cosmos-1-1.png\" alt=\"\" width=\"873\" height=\"874\" srcset=\"https:\/\/yallafid.com\/wp-content\/uploads\/2026\/01\/TENTE-parasol-habillage-integrale-rouge-blinde-voiture-yallafid-tunisie-cosmos-1-1.png 873w, https:\/\/yallafid.com\/wp-content\/uploads\/2026\/01\/TENTE-parasol-habillage-integrale-rouge-blinde-voiture-yallafid-tunisie-cosmos-1-1-300x300.png 300w, https:\/\/yallafid.com\/wp-content\/uploads\/2026\/01\/TENTE-parasol-habillage-integrale-rouge-blinde-voiture-yallafid-tunisie-cosmos-1-1-150x150.png 150w, https:\/\/yallafid.com\/wp-content\/uploads\/2026\/01\/TENTE-parasol-habillage-integrale-rouge-blinde-voiture-yallafid-tunisie-cosmos-1-1-768x769.png 768w, https:\/\/yallafid.com\/wp-content\/uploads\/2026\/01\/TENTE-parasol-habillage-integrale-rouge-blinde-voiture-yallafid-tunisie-cosmos-1-1-600x600.png 600w\" sizes=\"auto, (max-width: 873px) 100vw, 873px\" \/><\/p>\n","protected":false},"excerpt":{"rendered":"<ul>\n<li><strong>Dimensions:<\/strong> 300*300* H 250 cm<\/li>\n<li>Ouverture et fermeture rapide et facile<\/li>\n<li>Convient: Ev\u00e9nement &#8211; jardin &#8211; terrasse &#8211; plage -camping<\/li>\n<li>Tissu imperm\u00e9able en polyester<\/li>\n<li>Structure blind\u00e9e noire model Sp\u00e9cial<\/li>\n<li>Tube carr\u00e9e galvanise 30 x 30 eps 2 mm<\/li>\n<\/ul>\n","protected":false},"featured_media":3074,"comment_status":"open","ping_status":"closed","template":"","meta":[],"product_brand":[],"product_cat":[88,45,141],"product_tag":[],"class_list":{"0":"post-3071","1":"product","2":"type-product","3":"status-publish","4":"has-post-thumbnail","6":"product_cat-jardin","7":"product_cat-maison-deco","8":"product_cat-parasols-parapluie","9":"product_shipping_class-livraison-7-tnd-fix","11":"first","12":"instock","13":"sale","14":"taxable","15":"shipping-taxable","16":"purchasable","17":"product-type-simple"},"jetpack_sharing_enabled":true,"_links":{"self":[{"href":"https:\/\/yallafid.com\/index.php?rest_route=\/wp\/v2\/product\/3071","targetHints":{"allow":["GET"]}}],"collection":[{"href":"https:\/\/yallafid.com\/index.php?rest_route=\/wp\/v2\/product"}],"about":[{"href":"https:\/\/yallafid.com\/index.php?rest_route=\/wp\/v2\/types\/product"}],"replies":[{"embeddable":true,"href":"https:\/\/yallafid.com\/index.php?rest_route=%2Fwp%2Fv2%2Fcomments&post=3071"}],"version-history":[{"count":3,"href":"https:\/\/yallafid.com\/index.php?rest_route=\/wp\/v2\/product\/3071\/revisions"}],"predecessor-version":[{"id":3081,"href":"https:\/\/yallafid.com\/index.php?rest_route=\/wp\/v2\/product\/3071\/revisions\/3081"}],"wp:featuredmedia":[{"embeddable":true,"href":"https:\/\/yallafid.com\/index.php?rest_route=\/wp\/v2\/media\/3074"}],"wp:attachment":[{"href":"https:\/\/yallafid.com\/index.php?rest_route=%2Fwp%2Fv2%2Fmedia&parent=3071"}],"wp:term":[{"taxonomy":"product_brand","embeddable":true,"href":"https:\/\/yallafid.com\/index.php?rest_route=%2Fwp%2Fv2%2Fproduct_brand&post=3071"},{"taxonomy":"product_cat","embeddable":true,"href":"https:\/\/yallafid.com\/index.php?rest_route=%2Fwp%2Fv2%2Fproduct_cat&post=3071"},{"taxonomy":"product_tag","embeddable":true,"href":"https:\/\/yallafid.com\/index.php?rest_route=%2Fwp%2Fv2%2Fproduct_tag&post=3071"}],"curies":[{"name":"wp","href":"https:\/\/api.w.org\/{rel}","templated":true}]}}