{"id":3082,"date":"2026-01-16T12:43:53","date_gmt":"2026-01-16T12:43:53","guid":{"rendered":"https:\/\/yallafid.com\/?post_type=product&#038;p=3082"},"modified":"2026-01-16T12:46:48","modified_gmt":"2026-01-16T12:46:48","slug":"3082","status":"publish","type":"product","link":"https:\/\/yallafid.com\/?product=3082","title":{"rendered":"Cintre acier double avec 2 \u00e9tag\u00e8re et roulettes"},"content":{"rendered":"<ul>\n<li>\u00a0Ses dimensions sont de 110 x 55 x 150 cm. Gr\u00e2ce \u00e0 sa grande taille, il peut accueillir de nombreux v\u00eatements et permet un gain de place consid\u00e9rable.<\/li>\n<li>Fabriqu\u00e9 en tubes de fer \u00e9pais de haute qualit\u00e9, il supporte un poids de 68 kg.<\/li>\n<li>Sa surface est recouverte d&rsquo;une peinture \u00e9cologique antirouille. Il dispose de deux \u00e9tag\u00e8res inf\u00e9rieures et de quatre crochets lat\u00e9raux pour ranger facilement de petits accessoires tels que sacs, chaussures et chapeaux<\/li>\n<\/ul>\n<p><img loading=\"lazy\" decoding=\"async\" class=\"aligncenter wp-image-3087 size-full\" src=\"https:\/\/yallafid.com\/wp-content\/uploads\/2026\/01\/cintre-double-noir-vetments-maison-boutique-ormaginsation-rangment-yallafid-tunisie.jpg\" alt=\"\" width=\"896\" height=\"896\" srcset=\"https:\/\/yallafid.com\/wp-content\/uploads\/2026\/01\/cintre-double-noir-vetments-maison-boutique-ormaginsation-rangment-yallafid-tunisie.jpg 896w, https:\/\/yallafid.com\/wp-content\/uploads\/2026\/01\/cintre-double-noir-vetments-maison-boutique-ormaginsation-rangment-yallafid-tunisie-300x300.jpg 300w, https:\/\/yallafid.com\/wp-content\/uploads\/2026\/01\/cintre-double-noir-vetments-maison-boutique-ormaginsation-rangment-yallafid-tunisie-150x150.jpg 150w, https:\/\/yallafid.com\/wp-content\/uploads\/2026\/01\/cintre-double-noir-vetments-maison-boutique-ormaginsation-rangment-yallafid-tunisie-768x768.jpg 768w, https:\/\/yallafid.com\/wp-content\/uploads\/2026\/01\/cintre-double-noir-vetments-maison-boutique-ormaginsation-rangment-yallafid-tunisie-600x600.jpg 600w\" sizes=\"auto, (max-width: 896px) 100vw, 896px\" \/><\/p>\n<ul>\n<li><strong>Mat\u00e9riaux de haute qualit\u00e9 :<\/strong>Ce portant est fabriqu\u00e9 en acier de haute qualit\u00e9 avec une peinture en a\u00e9rosol le prot\u00e9geant de la rouille, de la corrosion et des rayures. Sa large base, enti\u00e8rement fix\u00e9e par des vis, lui permet de supporter plus de 68 kg\u00a0 sans risque de vacillement ni de d\u00e9formation.<\/li>\n<li><strong>Conception multifonctionnelle<\/strong> : Les 2 \u00e9tag\u00e8res de rangement sous le porte-manteau ind\u00e9pendant peuvent \u00eatre utilis\u00e9es pour ranger des v\u00eatements pli\u00e9s, des chaussures, etc. 4 crochets sur le c\u00f4t\u00e9 permettent d&rsquo;accrocher des sacs, des chapeaux, des cl\u00e9s et autres objets pour garder la pi\u00e8ce propre et rang\u00e9e.<\/li>\n<\/ul>\n<p><img loading=\"lazy\" decoding=\"async\" class=\"aligncenter wp-image-3085 size-full\" src=\"https:\/\/yallafid.com\/wp-content\/uploads\/2026\/01\/cintre-double-noir-vetments-maison-boutique-ormaginsation-rangment-yallafid-tunisie-sousse.jpg\" alt=\"\" width=\"921\" height=\"921\" srcset=\"https:\/\/yallafid.com\/wp-content\/uploads\/2026\/01\/cintre-double-noir-vetments-maison-boutique-ormaginsation-rangment-yallafid-tunisie-sousse.jpg 921w, https:\/\/yallafid.com\/wp-content\/uploads\/2026\/01\/cintre-double-noir-vetments-maison-boutique-ormaginsation-rangment-yallafid-tunisie-sousse-300x300.jpg 300w, https:\/\/yallafid.com\/wp-content\/uploads\/2026\/01\/cintre-double-noir-vetments-maison-boutique-ormaginsation-rangment-yallafid-tunisie-sousse-150x150.jpg 150w, https:\/\/yallafid.com\/wp-content\/uploads\/2026\/01\/cintre-double-noir-vetments-maison-boutique-ormaginsation-rangment-yallafid-tunisie-sousse-768x768.jpg 768w, https:\/\/yallafid.com\/wp-content\/uploads\/2026\/01\/cintre-double-noir-vetments-maison-boutique-ormaginsation-rangment-yallafid-tunisie-sousse-600x600.jpg 600w\" sizes=\"auto, (max-width: 921px) 100vw, 921px\" \/><\/p>\n<ul>\n<li><strong>Construction \u00e0 double barre et grand espace de rangement<\/strong> :Ce cintre portable est con\u00e7u avec une barre haute et une barre basse, permettant de suspendre robes, pantalons, costumes, etc. Ses dimensions sont de 110 cm x 55 cm x 150 cm. Gr\u00e2ce \u00e0 sa grande capacit\u00e9, il peut accueillir une quantit\u00e9 importante de v\u00eatements et optimise l&rsquo;espace de rangement. Des picots antid\u00e9rapants sont fix\u00e9s aux extr\u00e9mit\u00e9s des barres pour emp\u00eacher les v\u00eatements de glisser.<\/li>\n<li><strong>Mobile et verrouillable<\/strong>: Ce portant \u00e0 v\u00eatements est \u00e9quip\u00e9 de 4 roulettes pivotantes \u00e0 360\u00b0, dont 2 avec freins pour une stabilit\u00e9 optimale. De plus, les roulettes sont silencieuses et n&rsquo;ab\u00eement pas le sol lors des d\u00e9placements.<\/li>\n<\/ul>\n<p><img loading=\"lazy\" decoding=\"async\" class=\"aligncenter wp-image-3083 size-full\" src=\"https:\/\/yallafid.com\/wp-content\/uploads\/2026\/01\/cintre-double-noir-vetments-maison-boutique-ormaginsation-rangment-yallafid-tunisie-sousse-a.jpg\" alt=\"\" width=\"804\" height=\"804\" srcset=\"https:\/\/yallafid.com\/wp-content\/uploads\/2026\/01\/cintre-double-noir-vetments-maison-boutique-ormaginsation-rangment-yallafid-tunisie-sousse-a.jpg 804w, https:\/\/yallafid.com\/wp-content\/uploads\/2026\/01\/cintre-double-noir-vetments-maison-boutique-ormaginsation-rangment-yallafid-tunisie-sousse-a-300x300.jpg 300w, https:\/\/yallafid.com\/wp-content\/uploads\/2026\/01\/cintre-double-noir-vetments-maison-boutique-ormaginsation-rangment-yallafid-tunisie-sousse-a-150x150.jpg 150w, https:\/\/yallafid.com\/wp-content\/uploads\/2026\/01\/cintre-double-noir-vetments-maison-boutique-ormaginsation-rangment-yallafid-tunisie-sousse-a-768x768.jpg 768w, https:\/\/yallafid.com\/wp-content\/uploads\/2026\/01\/cintre-double-noir-vetments-maison-boutique-ormaginsation-rangment-yallafid-tunisie-sousse-a-600x600.jpg 600w\" sizes=\"auto, (max-width: 804px) 100vw, 804px\" \/><\/p>\n","protected":false},"excerpt":{"rendered":"<ul>\n<li><strong>Couleur<\/strong> : Noir<\/li>\n<li><strong>Mat\u00e9riau du cadre<\/strong> : acier inoxydable<\/li>\n<li><strong>Capacit\u00e9 de charge<\/strong> : 150 livres<\/li>\n<li><strong>\u00a0Dimensions du produit<\/strong> : 160cm \/Largeur : 110cm \/Profondeur : 57cm<\/li>\n<li><strong>\u00a0Poids de l&rsquo;article<\/strong> : 10,69 livres<\/li>\n<\/ul>\n","protected":false},"featured_media":3088,"comment_status":"open","ping_status":"closed","template":"","meta":[],"product_brand":[],"product_cat":[15],"product_tag":[],"class_list":{"0":"post-3082","1":"product","2":"type-product","3":"status-publish","4":"has-post-thumbnail","6":"product_cat-uncategorized","7":"product_shipping_class-livraison-7-tnd-fix","9":"first","10":"instock","11":"sale","12":"taxable","13":"shipping-taxable","14":"purchasable","15":"product-type-simple"},"jetpack_sharing_enabled":true,"_links":{"self":[{"href":"https:\/\/yallafid.com\/index.php?rest_route=\/wp\/v2\/product\/3082","targetHints":{"allow":["GET"]}}],"collection":[{"href":"https:\/\/yallafid.com\/index.php?rest_route=\/wp\/v2\/product"}],"about":[{"href":"https:\/\/yallafid.com\/index.php?rest_route=\/wp\/v2\/types\/product"}],"replies":[{"embeddable":true,"href":"https:\/\/yallafid.com\/index.php?rest_route=%2Fwp%2Fv2%2Fcomments&post=3082"}],"version-history":[{"count":3,"href":"https:\/\/yallafid.com\/index.php?rest_route=\/wp\/v2\/product\/3082\/revisions"}],"predecessor-version":[{"id":3090,"href":"https:\/\/yallafid.com\/index.php?rest_route=\/wp\/v2\/product\/3082\/revisions\/3090"}],"wp:featuredmedia":[{"embeddable":true,"href":"https:\/\/yallafid.com\/index.php?rest_route=\/wp\/v2\/media\/3088"}],"wp:attachment":[{"href":"https:\/\/yallafid.com\/index.php?rest_route=%2Fwp%2Fv2%2Fmedia&parent=3082"}],"wp:term":[{"taxonomy":"product_brand","embeddable":true,"href":"https:\/\/yallafid.com\/index.php?rest_route=%2Fwp%2Fv2%2Fproduct_brand&post=3082"},{"taxonomy":"product_cat","embeddable":true,"href":"https:\/\/yallafid.com\/index.php?rest_route=%2Fwp%2Fv2%2Fproduct_cat&post=3082"},{"taxonomy":"product_tag","embeddable":true,"href":"https:\/\/yallafid.com\/index.php?rest_route=%2Fwp%2Fv2%2Fproduct_tag&post=3082"}],"curies":[{"name":"wp","href":"https:\/\/api.w.org\/{rel}","templated":true}]}}