{"id":3098,"date":"2026-01-16T13:06:19","date_gmt":"2026-01-16T13:06:19","guid":{"rendered":"https:\/\/yallafid.com\/?post_type=product&#038;p=3098"},"modified":"2026-01-16T13:06:19","modified_gmt":"2026-01-16T13:06:19","slug":"deboucheur-de-canalisation-flexible-160cm","status":"publish","type":"product","link":"https:\/\/yallafid.com\/?product=deboucheur-de-canalisation-flexible-160cm","title":{"rendered":"D\u00e9boucheur de canalisation flexible 160cm"},"content":{"rendered":"<p><img loading=\"lazy\" decoding=\"async\" class=\"aligncenter wp-image-3101 size-full\" src=\"https:\/\/yallafid.com\/wp-content\/uploads\/2026\/01\/Deboucheur-canalisation-manuel-160-cm-manuel-promotion-yallafid-tunisie-1.png\" alt=\"\" width=\"800\" height=\"800\" srcset=\"https:\/\/yallafid.com\/wp-content\/uploads\/2026\/01\/Deboucheur-canalisation-manuel-160-cm-manuel-promotion-yallafid-tunisie-1.png 800w, https:\/\/yallafid.com\/wp-content\/uploads\/2026\/01\/Deboucheur-canalisation-manuel-160-cm-manuel-promotion-yallafid-tunisie-1-300x300.png 300w, https:\/\/yallafid.com\/wp-content\/uploads\/2026\/01\/Deboucheur-canalisation-manuel-160-cm-manuel-promotion-yallafid-tunisie-1-150x150.png 150w, https:\/\/yallafid.com\/wp-content\/uploads\/2026\/01\/Deboucheur-canalisation-manuel-160-cm-manuel-promotion-yallafid-tunisie-1-768x768.png 768w, https:\/\/yallafid.com\/wp-content\/uploads\/2026\/01\/Deboucheur-canalisation-manuel-160-cm-manuel-promotion-yallafid-tunisie-1-600x600.png 600w\" sizes=\"auto, (max-width: 800px) 100vw, 800px\" \/><\/p>\n","protected":false},"excerpt":{"rendered":"<ul>\n<li><strong>Longueur<\/strong> : 160 cm<\/li>\n<li>D\u00e9boucheur de canalisation flexible avec une pince \u00e0 griffes r\u00e9tractable.<\/li>\n<li>Con\u00e7u pour saisir les cheveux, les d\u00e9chets et les objets tomb\u00e9s dans les drains, \u00e9viers et baignoires.<\/li>\n<li>Compos\u00e9 d&rsquo;une poign\u00e9e en plastique robuste et d&rsquo;un c\u00e2ble flexible en acier inoxydable ou alli\u00e9.<\/li>\n<li>Fonctionne en ins\u00e9rant le c\u00e2ble dans la canalisation et en actionnant la poign\u00e9e pour ouvrir ou fermer les griffes.<\/li>\n<li>Solution m\u00e9canique pour \u00e9viter l&rsquo;utilisation de produits chimiques agressifs.<\/li>\n<\/ul>\n","protected":false},"featured_media":3104,"comment_status":"open","ping_status":"closed","template":"","meta":[],"product_brand":[],"product_cat":[20],"product_tag":[],"class_list":{"0":"post-3098","1":"product","2":"type-product","3":"status-publish","4":"has-post-thumbnail","6":"product_cat-cuisine","7":"product_shipping_class-livraison-7-tnd-fix","9":"first","10":"instock","11":"sale","12":"taxable","13":"shipping-taxable","14":"purchasable","15":"product-type-simple"},"jetpack_sharing_enabled":true,"_links":{"self":[{"href":"https:\/\/yallafid.com\/index.php?rest_route=\/wp\/v2\/product\/3098","targetHints":{"allow":["GET"]}}],"collection":[{"href":"https:\/\/yallafid.com\/index.php?rest_route=\/wp\/v2\/product"}],"about":[{"href":"https:\/\/yallafid.com\/index.php?rest_route=\/wp\/v2\/types\/product"}],"replies":[{"embeddable":true,"href":"https:\/\/yallafid.com\/index.php?rest_route=%2Fwp%2Fv2%2Fcomments&post=3098"}],"version-history":[{"count":2,"href":"https:\/\/yallafid.com\/index.php?rest_route=\/wp\/v2\/product\/3098\/revisions"}],"predecessor-version":[{"id":3106,"href":"https:\/\/yallafid.com\/index.php?rest_route=\/wp\/v2\/product\/3098\/revisions\/3106"}],"wp:featuredmedia":[{"embeddable":true,"href":"https:\/\/yallafid.com\/index.php?rest_route=\/wp\/v2\/media\/3104"}],"wp:attachment":[{"href":"https:\/\/yallafid.com\/index.php?rest_route=%2Fwp%2Fv2%2Fmedia&parent=3098"}],"wp:term":[{"taxonomy":"product_brand","embeddable":true,"href":"https:\/\/yallafid.com\/index.php?rest_route=%2Fwp%2Fv2%2Fproduct_brand&post=3098"},{"taxonomy":"product_cat","embeddable":true,"href":"https:\/\/yallafid.com\/index.php?rest_route=%2Fwp%2Fv2%2Fproduct_cat&post=3098"},{"taxonomy":"product_tag","embeddable":true,"href":"https:\/\/yallafid.com\/index.php?rest_route=%2Fwp%2Fv2%2Fproduct_tag&post=3098"}],"curies":[{"name":"wp","href":"https:\/\/api.w.org\/{rel}","templated":true}]}}