{"id":3112,"date":"2026-01-16T13:23:18","date_gmt":"2026-01-16T13:23:18","guid":{"rendered":"https:\/\/yallafid.com\/?post_type=product&#038;p=3112"},"modified":"2026-01-16T13:23:18","modified_gmt":"2026-01-16T13:23:18","slug":"pack-4-tampons-anti-vibration-pour-machine-a-laver","status":"publish","type":"product","link":"https:\/\/yallafid.com\/?product=pack-4-tampons-anti-vibration-pour-machine-a-laver","title":{"rendered":"Pack 4 Tampons anti vibration pour machine \u00e0 laver"},"content":{"rendered":"<h1 style=\"text-align: center;\"><strong>Patins anti-vibrations en caoutchouc pour machine \u00e0 laver. Ces patins sont con\u00e7us pour r\u00e9duire les vibrations et le bruit produits par les machines \u00e0 laver et les s\u00e8che-linge.<\/strong><\/h1>\n<p><strong>Caract\u00e9ristiques<\/strong> :<\/p>\n<ul>\n<li>Anti Vibration<\/li>\n<li>Anti-d\u00e9rapants<\/li>\n<li>Stables<\/li>\n<li>Installation facile<\/li>\n<li>stabilisez vos appareils<\/li>\n<li>Forte t\u00e9nacit\u00e9<\/li>\n<li>R\u00e9sistance \u00e0 l\u2019usure et durabilit\u00e9<\/li>\n<li>R\u00e9sistance \u00e0 l\u2019humidit\u00e9<\/li>\n<li>Protection efficace pour tous les sols<\/li>\n<li>L&rsquo;amortissement des vibrations r\u00e9duit le bruit<\/li>\n<li>Couleur: Gris<\/li>\n<\/ul>\n<p><img loading=\"lazy\" decoding=\"async\" class=\"aligncenter wp-image-3115 size-full\" src=\"https:\/\/yallafid.com\/wp-content\/uploads\/2026\/01\/Tompon-antiderapant-4-machine-laver-cuisine-yallafid-tunisie-vente-en-ligne-1-1.jpg\" alt=\"\" width=\"703\" height=\"703\" srcset=\"https:\/\/yallafid.com\/wp-content\/uploads\/2026\/01\/Tompon-antiderapant-4-machine-laver-cuisine-yallafid-tunisie-vente-en-ligne-1-1.jpg 703w, https:\/\/yallafid.com\/wp-content\/uploads\/2026\/01\/Tompon-antiderapant-4-machine-laver-cuisine-yallafid-tunisie-vente-en-ligne-1-1-300x300.jpg 300w, https:\/\/yallafid.com\/wp-content\/uploads\/2026\/01\/Tompon-antiderapant-4-machine-laver-cuisine-yallafid-tunisie-vente-en-ligne-1-1-150x150.jpg 150w, https:\/\/yallafid.com\/wp-content\/uploads\/2026\/01\/Tompon-antiderapant-4-machine-laver-cuisine-yallafid-tunisie-vente-en-ligne-1-1-600x600.jpg 600w\" sizes=\"auto, (max-width: 703px) 100vw, 703px\" \/><\/p>\n","protected":false},"excerpt":{"rendered":"<ul>\n<li><strong>Mat\u00e9riau<\/strong> : Fabriqu\u00e9s en caoutchouc souple et robuste.<\/li>\n<li><strong>Fonctionnalit\u00e9<\/strong> : Ils agissent comme des amortisseurs sonores et emp\u00eachent l&rsquo;appareil de \u00ab\u00a0marcher\u00a0\u00bb ou de bouger sur le sol.<\/li>\n<li><strong>Installation<\/strong> : L&rsquo;installation est simple et rapide, sans comp\u00e9tences techniques requises.<\/li>\n<li><strong>Protection<\/strong> : Ils prot\u00e8gent le sol et am\u00e9liorent la dur\u00e9e de vie de l&rsquo;appareil.<\/li>\n<\/ul>\n","protected":false},"featured_media":3114,"comment_status":"open","ping_status":"closed","template":"","meta":[],"product_brand":[],"product_cat":[45],"product_tag":[],"class_list":{"0":"post-3112","1":"product","2":"type-product","3":"status-publish","4":"has-post-thumbnail","6":"product_cat-maison-deco","7":"product_shipping_class-livraison-7-tnd-fix","9":"first","10":"instock","11":"sale","12":"taxable","13":"shipping-taxable","14":"purchasable","15":"product-type-simple"},"jetpack_sharing_enabled":true,"_links":{"self":[{"href":"https:\/\/yallafid.com\/index.php?rest_route=\/wp\/v2\/product\/3112","targetHints":{"allow":["GET"]}}],"collection":[{"href":"https:\/\/yallafid.com\/index.php?rest_route=\/wp\/v2\/product"}],"about":[{"href":"https:\/\/yallafid.com\/index.php?rest_route=\/wp\/v2\/types\/product"}],"replies":[{"embeddable":true,"href":"https:\/\/yallafid.com\/index.php?rest_route=%2Fwp%2Fv2%2Fcomments&post=3112"}],"version-history":[{"count":2,"href":"https:\/\/yallafid.com\/index.php?rest_route=\/wp\/v2\/product\/3112\/revisions"}],"predecessor-version":[{"id":3117,"href":"https:\/\/yallafid.com\/index.php?rest_route=\/wp\/v2\/product\/3112\/revisions\/3117"}],"wp:featuredmedia":[{"embeddable":true,"href":"https:\/\/yallafid.com\/index.php?rest_route=\/wp\/v2\/media\/3114"}],"wp:attachment":[{"href":"https:\/\/yallafid.com\/index.php?rest_route=%2Fwp%2Fv2%2Fmedia&parent=3112"}],"wp:term":[{"taxonomy":"product_brand","embeddable":true,"href":"https:\/\/yallafid.com\/index.php?rest_route=%2Fwp%2Fv2%2Fproduct_brand&post=3112"},{"taxonomy":"product_cat","embeddable":true,"href":"https:\/\/yallafid.com\/index.php?rest_route=%2Fwp%2Fv2%2Fproduct_cat&post=3112"},{"taxonomy":"product_tag","embeddable":true,"href":"https:\/\/yallafid.com\/index.php?rest_route=%2Fwp%2Fv2%2Fproduct_tag&post=3112"}],"curies":[{"name":"wp","href":"https:\/\/api.w.org\/{rel}","templated":true}]}}