{"id":3118,"date":"2026-01-16T13:37:28","date_gmt":"2026-01-16T13:37:28","guid":{"rendered":"https:\/\/yallafid.com\/?post_type=product&#038;p=3118"},"modified":"2026-01-16T13:37:28","modified_gmt":"2026-01-16T13:37:28","slug":"sonnette-sans-fil-avec-32-melodies-jk02-ac","status":"publish","type":"product","link":"https:\/\/yallafid.com\/?product=sonnette-sans-fil-avec-32-melodies-jk02-ac","title":{"rendered":"Sonnette sans fil avec 32 M\u00e9lodies JK02-AC"},"content":{"rendered":"<h2 style=\"text-align: center;\"><strong>Sonnette intelligente sans fil &#8211; 100 M\u00e8tres &#8211; 32 M\u00e9lodies<\/strong><\/h2>\n<ul>\n<li><strong>Installation facile<\/strong> : La sonnette sans fil vous \u00e9vite les installations et les c\u00e2bles superflus.<\/li>\n<li><strong>\u00c9tanche<\/strong> : Sa technologie \u00e9tanche la rend plus r\u00e9sistante et durable, m\u00eame en cas d&rsquo;intemp\u00e9ries.<\/li>\n<li><strong>Excellente port\u00e9e<\/strong> : Avec une port\u00e9e de 100 m, vous pouvez installer la sonnette o\u00f9 bon vous semble.<\/li>\n<li>Le r\u00e9cepteur et le bouton-poussoir fonctionnent parfaitement.<\/li>\n<li><strong>Plusieurs m\u00e9lodies au choix<\/strong> : La sonnette Obee propose 32 m\u00e9lodies diff\u00e9rentes.<\/li>\n<li>Choisissez celle qui vous convient le mieux.<\/li>\n<\/ul>\n<p><img loading=\"lazy\" decoding=\"async\" class=\"aligncenter wp-image-3121 size-full\" src=\"https:\/\/yallafid.com\/wp-content\/uploads\/2026\/01\/SONETTE-san-fil-promotion-maison-bureau-yallafid-tunisie-cosmos-vente-en-ligne-solde.jpg\" alt=\"\" width=\"905\" height=\"905\" srcset=\"https:\/\/yallafid.com\/wp-content\/uploads\/2026\/01\/SONETTE-san-fil-promotion-maison-bureau-yallafid-tunisie-cosmos-vente-en-ligne-solde.jpg 905w, https:\/\/yallafid.com\/wp-content\/uploads\/2026\/01\/SONETTE-san-fil-promotion-maison-bureau-yallafid-tunisie-cosmos-vente-en-ligne-solde-300x300.jpg 300w, https:\/\/yallafid.com\/wp-content\/uploads\/2026\/01\/SONETTE-san-fil-promotion-maison-bureau-yallafid-tunisie-cosmos-vente-en-ligne-solde-150x150.jpg 150w, https:\/\/yallafid.com\/wp-content\/uploads\/2026\/01\/SONETTE-san-fil-promotion-maison-bureau-yallafid-tunisie-cosmos-vente-en-ligne-solde-768x768.jpg 768w, https:\/\/yallafid.com\/wp-content\/uploads\/2026\/01\/SONETTE-san-fil-promotion-maison-bureau-yallafid-tunisie-cosmos-vente-en-ligne-solde-600x600.jpg 600w\" sizes=\"auto, (max-width: 905px) 100vw, 905px\" \/><\/p>\n","protected":false},"excerpt":{"rendered":"<ul>\n<li>\u00c9tanche.<\/li>\n<li>Distance de couverture : 100 m.<\/li>\n<li>Elle comporte 32 m\u00e9lodies.<\/li>\n<li>Convient pour les maisons, bureaux, appartements et autres lieux d&rsquo;installation.<\/li>\n<li>Voyant Led<\/li>\n<li>Facile \u00e0 installer<\/li>\n<\/ul>\n","protected":false},"featured_media":3122,"comment_status":"open","ping_status":"closed","template":"","meta":[],"product_brand":[],"product_cat":[15],"product_tag":[],"class_list":{"0":"post-3118","1":"product","2":"type-product","3":"status-publish","4":"has-post-thumbnail","6":"product_cat-uncategorized","7":"product_shipping_class-livraison-7-tnd-fix","9":"first","10":"instock","11":"sale","12":"taxable","13":"shipping-taxable","14":"purchasable","15":"product-type-simple"},"jetpack_sharing_enabled":true,"_links":{"self":[{"href":"https:\/\/yallafid.com\/index.php?rest_route=\/wp\/v2\/product\/3118","targetHints":{"allow":["GET"]}}],"collection":[{"href":"https:\/\/yallafid.com\/index.php?rest_route=\/wp\/v2\/product"}],"about":[{"href":"https:\/\/yallafid.com\/index.php?rest_route=\/wp\/v2\/types\/product"}],"replies":[{"embeddable":true,"href":"https:\/\/yallafid.com\/index.php?rest_route=%2Fwp%2Fv2%2Fcomments&post=3118"}],"version-history":[{"count":2,"href":"https:\/\/yallafid.com\/index.php?rest_route=\/wp\/v2\/product\/3118\/revisions"}],"predecessor-version":[{"id":3130,"href":"https:\/\/yallafid.com\/index.php?rest_route=\/wp\/v2\/product\/3118\/revisions\/3130"}],"wp:featuredmedia":[{"embeddable":true,"href":"https:\/\/yallafid.com\/index.php?rest_route=\/wp\/v2\/media\/3122"}],"wp:attachment":[{"href":"https:\/\/yallafid.com\/index.php?rest_route=%2Fwp%2Fv2%2Fmedia&parent=3118"}],"wp:term":[{"taxonomy":"product_brand","embeddable":true,"href":"https:\/\/yallafid.com\/index.php?rest_route=%2Fwp%2Fv2%2Fproduct_brand&post=3118"},{"taxonomy":"product_cat","embeddable":true,"href":"https:\/\/yallafid.com\/index.php?rest_route=%2Fwp%2Fv2%2Fproduct_cat&post=3118"},{"taxonomy":"product_tag","embeddable":true,"href":"https:\/\/yallafid.com\/index.php?rest_route=%2Fwp%2Fv2%2Fproduct_tag&post=3118"}],"curies":[{"name":"wp","href":"https:\/\/api.w.org\/{rel}","templated":true}]}}