{"id":3125,"date":"2026-01-16T13:45:49","date_gmt":"2026-01-16T13:45:49","guid":{"rendered":"https:\/\/yallafid.com\/?post_type=product&#038;p=3125"},"modified":"2026-01-16T13:46:40","modified_gmt":"2026-01-16T13:46:40","slug":"support-electromenager-a-8-roues","status":"publish","type":"product","link":"https:\/\/yallafid.com\/?product=support-electromenager-a-8-roues","title":{"rendered":"Support \u00e9lectrom\u00e9nager \u00e0 8 roues"},"content":{"rendered":"<ul>\n<li>R\u00e9sistant gr\u00e2ce \u00e0 ses 8 roues et ses mat\u00e9riaux de qualit\u00e9 qui supportent les lourds appareils \u00e9lectrom\u00e9nagers<\/li>\n<li>R\u00e9glable pour s\u2019adapter aux \u00e9quipements les plus volumineux.<\/li>\n<li>Support mobile universel pour r\u00e9frig\u00e9rateurs, gazini\u00e8res, machine \u00e0 laver, etc.<\/li>\n<\/ul>\n","protected":false},"excerpt":{"rendered":"<ul>\n<li>Support roulant pour \u00e9lectrom\u00e9nager<\/li>\n<li>Con\u00e7u pour les r\u00e9frig\u00e9rateurs, machines \u00e0 laver et cuisini\u00e8res.<\/li>\n<li>Equip\u00e9 de 8 roues pivotantes \u00e0 360 degr\u00e9s.<\/li>\n<li>La longueur est r\u00e9glable jusqu&rsquo;\u00e0 66 cm et la largeur jusqu&rsquo;\u00e0 43 cm.<\/li>\n<li>Il peut supporter un poids maximum de 250 kg.<\/li>\n<\/ul>\n","protected":false},"featured_media":3128,"comment_status":"open","ping_status":"closed","template":"","meta":[],"product_brand":[],"product_cat":[20],"product_tag":[],"class_list":{"0":"post-3125","1":"product","2":"type-product","3":"status-publish","4":"has-post-thumbnail","6":"product_cat-cuisine","7":"product_shipping_class-livraison-7-tnd-fix","9":"first","10":"instock","11":"sale","12":"taxable","13":"shipping-taxable","14":"purchasable","15":"product-type-simple"},"jetpack_sharing_enabled":true,"_links":{"self":[{"href":"https:\/\/yallafid.com\/index.php?rest_route=\/wp\/v2\/product\/3125","targetHints":{"allow":["GET"]}}],"collection":[{"href":"https:\/\/yallafid.com\/index.php?rest_route=\/wp\/v2\/product"}],"about":[{"href":"https:\/\/yallafid.com\/index.php?rest_route=\/wp\/v2\/types\/product"}],"replies":[{"embeddable":true,"href":"https:\/\/yallafid.com\/index.php?rest_route=%2Fwp%2Fv2%2Fcomments&post=3125"}],"version-history":[{"count":3,"href":"https:\/\/yallafid.com\/index.php?rest_route=\/wp\/v2\/product\/3125\/revisions"}],"predecessor-version":[{"id":3131,"href":"https:\/\/yallafid.com\/index.php?rest_route=\/wp\/v2\/product\/3125\/revisions\/3131"}],"wp:featuredmedia":[{"embeddable":true,"href":"https:\/\/yallafid.com\/index.php?rest_route=\/wp\/v2\/media\/3128"}],"wp:attachment":[{"href":"https:\/\/yallafid.com\/index.php?rest_route=%2Fwp%2Fv2%2Fmedia&parent=3125"}],"wp:term":[{"taxonomy":"product_brand","embeddable":true,"href":"https:\/\/yallafid.com\/index.php?rest_route=%2Fwp%2Fv2%2Fproduct_brand&post=3125"},{"taxonomy":"product_cat","embeddable":true,"href":"https:\/\/yallafid.com\/index.php?rest_route=%2Fwp%2Fv2%2Fproduct_cat&post=3125"},{"taxonomy":"product_tag","embeddable":true,"href":"https:\/\/yallafid.com\/index.php?rest_route=%2Fwp%2Fv2%2Fproduct_tag&post=3125"}],"curies":[{"name":"wp","href":"https:\/\/api.w.org\/{rel}","templated":true}]}}