{"id":3173,"date":"2026-01-16T14:57:08","date_gmt":"2026-01-16T14:57:08","guid":{"rendered":"https:\/\/yallafid.com\/?post_type=product&#038;p=3173"},"modified":"2026-01-16T14:57:08","modified_gmt":"2026-01-16T14:57:08","slug":"organiseur-de-tiroir-extensible-multi-niveaux","status":"publish","type":"product","link":"https:\/\/yallafid.com\/?product=organiseur-de-tiroir-extensible-multi-niveaux","title":{"rendered":"Organiseur de tiroir extensible multi-niveaux"},"content":{"rendered":"<p><img loading=\"lazy\" decoding=\"async\" class=\"aligncenter wp-image-3176 size-full\" src=\"https:\/\/yallafid.com\/wp-content\/uploads\/2026\/01\/support-triple-pliable-cuisne-make-up-rangement-tunisie-tiroit-promotion-cuisine.jpg\" alt=\"\" width=\"800\" height=\"800\" srcset=\"https:\/\/yallafid.com\/wp-content\/uploads\/2026\/01\/support-triple-pliable-cuisne-make-up-rangement-tunisie-tiroit-promotion-cuisine.jpg 800w, https:\/\/yallafid.com\/wp-content\/uploads\/2026\/01\/support-triple-pliable-cuisne-make-up-rangement-tunisie-tiroit-promotion-cuisine-300x300.jpg 300w, https:\/\/yallafid.com\/wp-content\/uploads\/2026\/01\/support-triple-pliable-cuisne-make-up-rangement-tunisie-tiroit-promotion-cuisine-150x150.jpg 150w, https:\/\/yallafid.com\/wp-content\/uploads\/2026\/01\/support-triple-pliable-cuisne-make-up-rangement-tunisie-tiroit-promotion-cuisine-768x768.jpg 768w, https:\/\/yallafid.com\/wp-content\/uploads\/2026\/01\/support-triple-pliable-cuisne-make-up-rangement-tunisie-tiroit-promotion-cuisine-600x600.jpg 600w\" sizes=\"auto, (max-width: 800px) 100vw, 800px\" \/><\/p>\n","protected":false},"excerpt":{"rendered":"<ul>\n<li>Conception \u00e0 3 niveaux pour tripler l\u2019espace de rangement.<\/li>\n<li>12 s\u00e9parateurs personnalisables pour organiser divers articles.<\/li>\n<li>Id\u00e9al pour: les tiroirs \u2013 cuill\u00e8res \u2013 rangement de cuisine<\/li>\n<li>Con\u00e7u pour s&rsquo;adapter \u00e0 presque tous les tiroirs et peut \u00eatre d\u00e9pli\u00e9 pour r\u00e9v\u00e9ler trois niveaux de rangement.<\/li>\n<li>Offre sept compartiments par niveau pour maximiser l&rsquo;espace de rangement.<\/li>\n<li>Fabriqu\u00e9 en plastique ABS robuste<\/li>\n<li>Polyvalent pour une utilisation avec des ustensiles, des bijoux, du maquillage ou des fournitures de bureau.<\/li>\n<li>Le design compact et moderne est facile \u00e0 nettoyer.<\/li>\n<\/ul>\n","protected":false},"featured_media":3178,"comment_status":"open","ping_status":"closed","template":"","meta":[],"product_brand":[],"product_cat":[20,25],"product_tag":[],"class_list":{"0":"post-3173","1":"product","2":"type-product","3":"status-publish","4":"has-post-thumbnail","6":"product_cat-cuisine","7":"product_cat-rangement-cuisine","8":"product_shipping_class-livraison-7-tnd-fix","10":"first","11":"instock","12":"sale","13":"taxable","14":"shipping-taxable","15":"purchasable","16":"product-type-simple"},"jetpack_sharing_enabled":true,"_links":{"self":[{"href":"https:\/\/yallafid.com\/index.php?rest_route=\/wp\/v2\/product\/3173","targetHints":{"allow":["GET"]}}],"collection":[{"href":"https:\/\/yallafid.com\/index.php?rest_route=\/wp\/v2\/product"}],"about":[{"href":"https:\/\/yallafid.com\/index.php?rest_route=\/wp\/v2\/types\/product"}],"replies":[{"embeddable":true,"href":"https:\/\/yallafid.com\/index.php?rest_route=%2Fwp%2Fv2%2Fcomments&post=3173"}],"version-history":[{"count":2,"href":"https:\/\/yallafid.com\/index.php?rest_route=\/wp\/v2\/product\/3173\/revisions"}],"predecessor-version":[{"id":3181,"href":"https:\/\/yallafid.com\/index.php?rest_route=\/wp\/v2\/product\/3173\/revisions\/3181"}],"wp:featuredmedia":[{"embeddable":true,"href":"https:\/\/yallafid.com\/index.php?rest_route=\/wp\/v2\/media\/3178"}],"wp:attachment":[{"href":"https:\/\/yallafid.com\/index.php?rest_route=%2Fwp%2Fv2%2Fmedia&parent=3173"}],"wp:term":[{"taxonomy":"product_brand","embeddable":true,"href":"https:\/\/yallafid.com\/index.php?rest_route=%2Fwp%2Fv2%2Fproduct_brand&post=3173"},{"taxonomy":"product_cat","embeddable":true,"href":"https:\/\/yallafid.com\/index.php?rest_route=%2Fwp%2Fv2%2Fproduct_cat&post=3173"},{"taxonomy":"product_tag","embeddable":true,"href":"https:\/\/yallafid.com\/index.php?rest_route=%2Fwp%2Fv2%2Fproduct_tag&post=3173"}],"curies":[{"name":"wp","href":"https:\/\/api.w.org\/{rel}","templated":true}]}}