{"id":3184,"date":"2026-01-16T15:06:10","date_gmt":"2026-01-16T15:06:10","guid":{"rendered":"https:\/\/yallafid.com\/?post_type=product&#038;p=3184"},"modified":"2026-01-16T15:07:48","modified_gmt":"2026-01-16T15:07:48","slug":"boite-a-lunch-electrique-a-vapeur-avec-4-bols","status":"publish","type":"product","link":"https:\/\/yallafid.com\/?product=boite-a-lunch-electrique-a-vapeur-avec-4-bols","title":{"rendered":"Bo\u00eete \u00e0 lunch \u00e9lectrique \u00e0 vapeur avec 4 bols"},"content":{"rendered":"<h1 style=\"text-align: center;\"><strong>Bo\u00eete \u00e0 lunch \u00e9lectrique\u00a0 220 V 200 W en acier inoxydable, chauffe-plats \u00e9lectrique de 2 L avec fourchette et cuill\u00e8re amovibles, id\u00e9ale pour le bureau, la maison et le camping .<\/strong><\/h1>\n<p>&nbsp;<\/p>\n<p><img loading=\"lazy\" decoding=\"async\" class=\"aligncenter wp-image-3194 size-full\" src=\"https:\/\/yallafid.com\/wp-content\/uploads\/2026\/01\/Boite-lunch-electrique-en-acier-inoxydable-vente-en-ligne-yallafdi-promotion-.jpg\" alt=\"\" width=\"831\" height=\"832\" srcset=\"https:\/\/yallafid.com\/wp-content\/uploads\/2026\/01\/Boite-lunch-electrique-en-acier-inoxydable-vente-en-ligne-yallafdi-promotion-.jpg 831w, https:\/\/yallafid.com\/wp-content\/uploads\/2026\/01\/Boite-lunch-electrique-en-acier-inoxydable-vente-en-ligne-yallafdi-promotion--300x300.jpg 300w, https:\/\/yallafid.com\/wp-content\/uploads\/2026\/01\/Boite-lunch-electrique-en-acier-inoxydable-vente-en-ligne-yallafdi-promotion--150x150.jpg 150w, https:\/\/yallafid.com\/wp-content\/uploads\/2026\/01\/Boite-lunch-electrique-en-acier-inoxydable-vente-en-ligne-yallafdi-promotion--768x769.jpg 768w, https:\/\/yallafid.com\/wp-content\/uploads\/2026\/01\/Boite-lunch-electrique-en-acier-inoxydable-vente-en-ligne-yallafdi-promotion--600x600.jpg 600w\" sizes=\"auto, (max-width: 831px) 100vw, 831px\" \/><\/p>\n<p>&nbsp;<\/p>\n","protected":false},"excerpt":{"rendered":"<ul>\n<li><strong>Fonctionnalit\u00e9 4-en-1<\/strong> : offre des capacit\u00e9s de cuisson \u00e0 la vapeur, de cuisson et de r\u00e9chauffement.<\/li>\n<li><strong>Puissance<\/strong> :\u00a0 200W pour un chauffage rapide.<\/li>\n<li><strong>Capacit\u00e9<\/strong> : grande capacit\u00e9 de 2L avec 4 r\u00e9cipients individuels en acier inoxydable inclus.<\/li>\n<li>Con\u00e7ue pour une utilisation au bureau, \u00e0 la maison ou en d\u00e9placement gr\u00e2ce aux c\u00e2bles d&rsquo;alimentation inclus.<\/li>\n<\/ul>\n","protected":false},"featured_media":3191,"comment_status":"open","ping_status":"closed","template":"","meta":[],"product_brand":[],"product_cat":[22,20],"product_tag":[],"class_list":{"0":"post-3184","1":"product","2":"type-product","3":"status-publish","4":"has-post-thumbnail","6":"product_cat-boites-alimentaires","7":"product_cat-cuisine","8":"product_shipping_class-livraison-7-tnd-fix","10":"first","11":"instock","12":"sale","13":"taxable","14":"shipping-taxable","15":"purchasable","16":"product-type-simple"},"jetpack_sharing_enabled":true,"_links":{"self":[{"href":"https:\/\/yallafid.com\/index.php?rest_route=\/wp\/v2\/product\/3184","targetHints":{"allow":["GET"]}}],"collection":[{"href":"https:\/\/yallafid.com\/index.php?rest_route=\/wp\/v2\/product"}],"about":[{"href":"https:\/\/yallafid.com\/index.php?rest_route=\/wp\/v2\/types\/product"}],"replies":[{"embeddable":true,"href":"https:\/\/yallafid.com\/index.php?rest_route=%2Fwp%2Fv2%2Fcomments&post=3184"}],"version-history":[{"count":4,"href":"https:\/\/yallafid.com\/index.php?rest_route=\/wp\/v2\/product\/3184\/revisions"}],"predecessor-version":[{"id":3198,"href":"https:\/\/yallafid.com\/index.php?rest_route=\/wp\/v2\/product\/3184\/revisions\/3198"}],"wp:featuredmedia":[{"embeddable":true,"href":"https:\/\/yallafid.com\/index.php?rest_route=\/wp\/v2\/media\/3191"}],"wp:attachment":[{"href":"https:\/\/yallafid.com\/index.php?rest_route=%2Fwp%2Fv2%2Fmedia&parent=3184"}],"wp:term":[{"taxonomy":"product_brand","embeddable":true,"href":"https:\/\/yallafid.com\/index.php?rest_route=%2Fwp%2Fv2%2Fproduct_brand&post=3184"},{"taxonomy":"product_cat","embeddable":true,"href":"https:\/\/yallafid.com\/index.php?rest_route=%2Fwp%2Fv2%2Fproduct_cat&post=3184"},{"taxonomy":"product_tag","embeddable":true,"href":"https:\/\/yallafid.com\/index.php?rest_route=%2Fwp%2Fv2%2Fproduct_tag&post=3184"}],"curies":[{"name":"wp","href":"https:\/\/api.w.org\/{rel}","templated":true}]}}