{"id":3202,"date":"2026-01-16T15:14:26","date_gmt":"2026-01-16T15:14:26","guid":{"rendered":"https:\/\/yallafid.com\/?post_type=product&#038;p=3202"},"modified":"2026-01-16T15:15:46","modified_gmt":"2026-01-16T15:15:46","slug":"mini-rouleaux-a-pate-en-bois","status":"publish","type":"product","link":"https:\/\/yallafid.com\/?product=mini-rouleaux-a-pate-en-bois","title":{"rendered":"Mini Rouleaux \u00e0 p\u00e2te en bois"},"content":{"rendered":"<p style=\"text-align: center;\"><strong>Rouleau \u00e0 pizza\u00a0 avec poign\u00e9e- Outil pour pr\u00e9parer la p\u00e2te \u00e0 pizza \u00e0 la maison &#8211; Id\u00e9al pour les cadeaux\u00a0 &#8211; Id\u00e9al pour les biscuits, tartes et pains<\/strong><\/p>\n<p><img loading=\"lazy\" decoding=\"async\" class=\"aligncenter wp-image-3209 size-full\" src=\"https:\/\/yallafid.com\/wp-content\/uploads\/2026\/01\/mini-rouleau-pate-pizza-cuisine-bois-plastique-yallafid.jpg\" alt=\"\" width=\"941\" height=\"941\" srcset=\"https:\/\/yallafid.com\/wp-content\/uploads\/2026\/01\/mini-rouleau-pate-pizza-cuisine-bois-plastique-yallafid.jpg 941w, https:\/\/yallafid.com\/wp-content\/uploads\/2026\/01\/mini-rouleau-pate-pizza-cuisine-bois-plastique-yallafid-300x300.jpg 300w, https:\/\/yallafid.com\/wp-content\/uploads\/2026\/01\/mini-rouleau-pate-pizza-cuisine-bois-plastique-yallafid-150x150.jpg 150w, https:\/\/yallafid.com\/wp-content\/uploads\/2026\/01\/mini-rouleau-pate-pizza-cuisine-bois-plastique-yallafid-768x768.jpg 768w, https:\/\/yallafid.com\/wp-content\/uploads\/2026\/01\/mini-rouleau-pate-pizza-cuisine-bois-plastique-yallafid-600x600.jpg 600w\" sizes=\"auto, (max-width: 941px) 100vw, 941px\" \/><\/p>\n","protected":false},"excerpt":{"rendered":"<ul>\n<li><strong>Type de produit :<\/strong> Rouleau \u00e0 p\u00e2tisserie<\/li>\n<li><strong>Mat\u00e9riau<\/strong> : Bois avec poign\u00e9e en plastique<\/li>\n<li>Poign\u00e9e : en plastique antid\u00e9rapante de conception ergonomique<\/li>\n<li><strong>Nettoyage<\/strong> : Essuyer avec un chiffon humide et ranger dans un endroit sec<\/li>\n<li><strong>\u00c9cologique<\/strong> : Fabriqu\u00e9 \u00e0 partir d\u2019une ressource renouvelable, le bois est durable et biod\u00e9gradable.<\/li>\n<li><strong>Couleur<\/strong> : Couleur bois<\/li>\n<li><strong>Longueur :<\/strong> environ 21 cm \u2013 longueur de bois 18 cm<\/li>\n<\/ul>\n","protected":false},"featured_media":3204,"comment_status":"open","ping_status":"closed","template":"","meta":[],"product_brand":[],"product_cat":[20,24],"product_tag":[],"class_list":{"0":"post-3202","1":"product","2":"type-product","3":"status-publish","4":"has-post-thumbnail","6":"product_cat-cuisine","7":"product_cat-ustensiles-cuisine","8":"product_shipping_class-livraison-7-tnd-fix","10":"first","11":"instock","12":"sale","13":"taxable","14":"shipping-taxable","15":"purchasable","16":"product-type-simple"},"jetpack_sharing_enabled":true,"_links":{"self":[{"href":"https:\/\/yallafid.com\/index.php?rest_route=\/wp\/v2\/product\/3202","targetHints":{"allow":["GET"]}}],"collection":[{"href":"https:\/\/yallafid.com\/index.php?rest_route=\/wp\/v2\/product"}],"about":[{"href":"https:\/\/yallafid.com\/index.php?rest_route=\/wp\/v2\/types\/product"}],"replies":[{"embeddable":true,"href":"https:\/\/yallafid.com\/index.php?rest_route=%2Fwp%2Fv2%2Fcomments&post=3202"}],"version-history":[{"count":3,"href":"https:\/\/yallafid.com\/index.php?rest_route=\/wp\/v2\/product\/3202\/revisions"}],"predecessor-version":[{"id":3213,"href":"https:\/\/yallafid.com\/index.php?rest_route=\/wp\/v2\/product\/3202\/revisions\/3213"}],"wp:featuredmedia":[{"embeddable":true,"href":"https:\/\/yallafid.com\/index.php?rest_route=\/wp\/v2\/media\/3204"}],"wp:attachment":[{"href":"https:\/\/yallafid.com\/index.php?rest_route=%2Fwp%2Fv2%2Fmedia&parent=3202"}],"wp:term":[{"taxonomy":"product_brand","embeddable":true,"href":"https:\/\/yallafid.com\/index.php?rest_route=%2Fwp%2Fv2%2Fproduct_brand&post=3202"},{"taxonomy":"product_cat","embeddable":true,"href":"https:\/\/yallafid.com\/index.php?rest_route=%2Fwp%2Fv2%2Fproduct_cat&post=3202"},{"taxonomy":"product_tag","embeddable":true,"href":"https:\/\/yallafid.com\/index.php?rest_route=%2Fwp%2Fv2%2Fproduct_tag&post=3202"}],"curies":[{"name":"wp","href":"https:\/\/api.w.org\/{rel}","templated":true}]}}